{"id":2312,"date":"2025-07-18T02:47:58","date_gmt":"2025-07-18T02:47:58","guid":{"rendered":"https:\/\/ecavix.com\/?post_type=product&#038;p=2312"},"modified":"2025-07-18T02:47:58","modified_gmt":"2025-07-18T02:47:58","slug":"venta-al-por-mayor-li-ion-12v-20ah-bateria-de-iones-de-litio-para-bicicleta-electrica","status":"publish","type":"product","link":"https:\/\/ecavix.com\/es\/product\/wholesale-li-ion-12v-20ah-lithium-ion-battery-pack-for-electric-bike\/","title":{"rendered":"Venta al por mayor Li-ion 12V 20ah Lithium Ion Battery Pack for Electric Bike"},"content":{"rendered":"<br \/>\n<h1>Bater\u00eda de Ion Litio 12V 20Ah para Bicicleta El\u00e9ctrica<\/h1>\n<h2>Productos<\/h2>\n<table>\n<tr>\n<th>Tensi\u00f3n nominal<\/th>\n<td>12V<\/td>\n<\/tr>\n<tr>\n<th>Capacidad nominal<\/th>\n<td>20Ah (M\u00ednimo 20Ah, T\u00edpico 20Ah)<\/td>\n<\/tr>\n<tr>\n<th>M\u00e1x. Tensi\u00f3n de carga<\/th>\n<td>12.6V<\/td>\n<\/tr>\n<tr>\n<th>M\u00edn. Tensi\u00f3n de descarga<\/th>\n<td>12.6V<\/td>\n<\/tr>\n<tr>\n<th>M\u00e1x. Corriente de carga<\/th>\n<td>13.2A<\/td>\n<\/tr>\n<tr>\n<th>M\u00e1x. Corriente de descarga<\/th>\n<td>13.2A<\/td>\n<\/tr>\n<tr>\n<th>Temperatura de trabajo<\/th>\n<td>\n      Carga: 0\u00baC ~ 45\u00baC<br \/>\n      Descarga: -20\u00baC ~ 60\u00baC\n    <\/td>\n<\/tr>\n<tr>\n<th>Temperatura de almacenamiento<\/th>\n<td>-20\u00baC ~ 45\u00baC (en 1 mes)<br \/>-20\u00baC ~ 35\u00baC (en 6 meses)<\/td>\n<\/tr>\n<tr>\n<th>Peso<\/th>\n<td>6,5 kg<\/td>\n<\/tr>\n<tr>\n<th>Tensi\u00f3n de almacenamiento<\/th>\n<td>12,0V - 12,6V<\/td>\n<\/tr>\n<tr>\n<th>Dimensiones<\/th>\n<td>25 x 60 x 285 mm (personalizable)<\/td>\n<\/tr>\n<tr>\n<th>Tipo<\/th>\n<td>Bater\u00eda de pol\u00edmero de iones de litio<\/td>\n<\/tr>\n<tr>\n<th>Modo de conexi\u00f3n<\/th>\n<td>Conexi\u00f3n en serie<\/td>\n<\/tr>\n<tr>\n<th>Tasa de descarga<\/th>\n<td>Tasa de descarga media<\/td>\n<\/tr>\n<\/table>\n<h2>Caracter\u00edsticas principales<\/h2>\n<div class=\"features-grid\">\n<div class=\"feature-box\">\n      <strong>Larga vida \u00fatil<\/strong><br \/>\n      Esta bater\u00eda proporciona m\u00e1s de 500 ciclos de carga\/descarga, lo que la convierte en una soluci\u00f3n ideal para su uso a largo plazo en veh\u00edculos el\u00e9ctricos.\n    <\/div>\n<div class=\"feature-box\">\n      <strong>Sistema BMS estable<\/strong><br \/>\n      Equipado con un sistema de gesti\u00f3n de la bater\u00eda (BMS) que proporciona protecci\u00f3n contra cortocircuitos, sobrecarga, sobredescarga y sobrecorriente.\n    <\/div>\n<div class=\"feature-box\">\n      <strong>Alta densidad energ\u00e9tica<\/strong><br \/>\n      La bater\u00eda tiene una alta densidad energ\u00e9tica por volumen, lo que garantiza un uso eficiente del espacio y la energ\u00eda en diversas aplicaciones.\n    <\/div>\n<div class=\"feature-box\">\n      <strong>Amplia gama de temperaturas<\/strong><br \/>\n      La bater\u00eda funciona eficazmente en diversas condiciones de temperatura, con una amplia gama de temperaturas de carga y descarga.\n    <\/div>\n<div class=\"feature-box\">\n      <strong>Ligero<\/strong><br \/>\n      Con tecnolog\u00eda de pol\u00edmeros de litio, esta bater\u00eda es ligera, lo que facilita su incorporaci\u00f3n a dise\u00f1os de veh\u00edculos el\u00e9ctricos compactos.\n    <\/div>\n<div class=\"feature-box\">\n      <strong>Respetuoso con el medio ambiente<\/strong><br \/>\n      Sin efecto memoria, sin mantenimiento y sin \u00e1cido ni agua para su mantenimiento durante el uso.\n    <\/div>\n<\/p><\/div>\n<h2>Principales aplicaciones<\/h2>\n<ul>\n<li>Bicicletas el\u00e9ctricas<\/li>\n<li>Veh\u00edculos el\u00e9ctricos<\/li>\n<li>Sistemas de iluminaci\u00f3n solar<\/li>\n<li>Luces LED, luces para miner\u00eda y faros delanteros<\/li>\n<li>Herramientas el\u00e9ctricas<\/li>\n<li>Sistemas de energ\u00eda solar<\/li>\n<\/ul>\n<h2>\u00bfPor qu\u00e9 elegir nuestra bater\u00eda de iones de litio de 12 V y 20 Ah?<\/h2>\n<ul>\n<li>Larga vida \u00fatil con m\u00e1s de 500 ciclos de carga\/descarga.<\/li>\n<li>Alta densidad energ\u00e9tica, que garantiza un almacenamiento eficiente de la energ\u00eda.<\/li>\n<li>Sistema BMS estable para un funcionamiento fiable y seguro.<\/li>\n<li>Amplio rango de temperaturas de funcionamiento, de -20\u00baC a 60\u00baC.<\/li>\n<li>Ligero y compacto, perfecto para veh\u00edculos el\u00e9ctricos y otras aplicaciones.<\/li>\n<li>Respetuoso con el medio ambiente, no requiere mantenimiento y no necesita \u00e1cidos ni agua.<\/li>\n<\/ul>\n<h2>Embalaje y env\u00edo<\/h2>\n<p>El paquete de bater\u00edas se embala de forma segura en embalajes est\u00e1ndar o personalizados, lo que garantiza la seguridad durante el transporte.<\/p>\n<h3>M\u00e9todos de env\u00edo<\/h3>\n<ul>\n<li>Pedidos de muestras: Env\u00edo a trav\u00e9s de UPS, DHL o FedEx (servicio puerta a puerta)<\/li>\n<li>Pedidos al por mayor: Env\u00edo por mar (plazo de entrega: 30-45 d\u00edas)<\/li>\n<\/ul>","protected":false},"excerpt":{"rendered":"<p>Venta al por mayor 12V 20Ah bater\u00eda de iones de litio para veh\u00edculos el\u00e9ctricos, bicicletas el\u00e9ctricas, y m\u00e1s. Con ciclo de vida largo, energ\u00eda potente y sistema BMS estable.<\/p>","protected":false},"featured_media":2314,"comment_status":"open","ping_status":"closed","template":"","meta":{"_uag_custom_page_level_css":"","neve_meta_sidebar":"","neve_meta_container":"","neve_meta_enable_content_width":"off","neve_meta_content_width":100,"neve_meta_title_alignment":"","neve_meta_author_avatar":"","neve_post_elements_order":"","neve_meta_disable_header":"","neve_meta_disable_footer":"","neve_meta_disable_title":""},"product_brand":[],"product_cat":[53,43,55],"product_tag":[],"class_list":{"0":"post-2312","1":"product","2":"type-product","3":"status-publish","4":"has-post-thumbnail","6":"product_cat-low-speed-electric-vehicle-battery","7":"product_cat-power-battery","8":"product_cat-scooter-battery","10":"first","11":"instock","12":"shipping-taxable","13":"product-type-simple"},"uagb_featured_image_src":{"full":["https:\/\/ecavix.com\/wp-content\/uploads\/2025\/07\/Wholesale-Li-ion-12V-20ah-Lithium-Ion-Battery-Pack-for-Electric-Bike5-800-800.webp",550,550,false],"thumbnail":["https:\/\/ecavix.com\/wp-content\/uploads\/2025\/07\/Wholesale-Li-ion-12V-20ah-Lithium-Ion-Battery-Pack-for-Electric-Bike5-800-800-150x150.webp",150,150,true],"medium":["https:\/\/ecavix.com\/wp-content\/uploads\/2025\/07\/Wholesale-Li-ion-12V-20ah-Lithium-Ion-Battery-Pack-for-Electric-Bike5-800-800-300x300.webp",300,300,true],"medium_large":["https:\/\/ecavix.com\/wp-content\/uploads\/2025\/07\/Wholesale-Li-ion-12V-20ah-Lithium-Ion-Battery-Pack-for-Electric-Bike5-800-800.webp",550,550,false],"large":["https:\/\/ecavix.com\/wp-content\/uploads\/2025\/07\/Wholesale-Li-ion-12V-20ah-Lithium-Ion-Battery-Pack-for-Electric-Bike5-800-800.webp",550,550,false],"1536x1536":["https:\/\/ecavix.com\/wp-content\/uploads\/2025\/07\/Wholesale-Li-ion-12V-20ah-Lithium-Ion-Battery-Pack-for-Electric-Bike5-800-800.webp",550,550,false],"2048x2048":["https:\/\/ecavix.com\/wp-content\/uploads\/2025\/07\/Wholesale-Li-ion-12V-20ah-Lithium-Ion-Battery-Pack-for-Electric-Bike5-800-800.webp",550,550,false],"trp-custom-language-flag":["https:\/\/ecavix.com\/wp-content\/uploads\/2025\/07\/Wholesale-Li-ion-12V-20ah-Lithium-Ion-Battery-Pack-for-Electric-Bike5-800-800.webp",12,12,false],"neve-blog":["https:\/\/ecavix.com\/wp-content\/uploads\/2025\/07\/Wholesale-Li-ion-12V-20ah-Lithium-Ion-Battery-Pack-for-Electric-Bike5-800-800.webp",550,550,false],"woocommerce_thumbnail":["https:\/\/ecavix.com\/wp-content\/uploads\/2025\/07\/Wholesale-Li-ion-12V-20ah-Lithium-Ion-Battery-Pack-for-Electric-Bike5-800-800-300x300.webp",300,300,true],"woocommerce_single":["https:\/\/ecavix.com\/wp-content\/uploads\/2025\/07\/Wholesale-Li-ion-12V-20ah-Lithium-Ion-Battery-Pack-for-Electric-Bike5-800-800.webp",550,550,false],"woocommerce_gallery_thumbnail":["https:\/\/ecavix.com\/wp-content\/uploads\/2025\/07\/Wholesale-Li-ion-12V-20ah-Lithium-Ion-Battery-Pack-for-Electric-Bike5-800-800-100x100.webp",100,100,true]},"uagb_author_info":{"display_name":"solvitaenergylimited@gmail.com","author_link":"https:\/\/ecavix.com\/es\/author\/"},"uagb_comment_info":0,"uagb_excerpt":"Wholesale 12V 20Ah lithium ion battery pack for electric vehicles, electric bikes, and more. With long cycle life, powerful energy, and stable BMS system.","_links":{"self":[{"href":"https:\/\/ecavix.com\/es\/wp-json\/wp\/v2\/product\/2312","targetHints":{"allow":["GET"]}}],"collection":[{"href":"https:\/\/ecavix.com\/es\/wp-json\/wp\/v2\/product"}],"about":[{"href":"https:\/\/ecavix.com\/es\/wp-json\/wp\/v2\/types\/product"}],"replies":[{"embeddable":true,"href":"https:\/\/ecavix.com\/es\/wp-json\/wp\/v2\/comments?post=2312"}],"wp:featuredmedia":[{"embeddable":true,"href":"https:\/\/ecavix.com\/es\/wp-json\/wp\/v2\/media\/2314"}],"wp:attachment":[{"href":"https:\/\/ecavix.com\/es\/wp-json\/wp\/v2\/media?parent=2312"}],"wp:term":[{"taxonomy":"product_brand","embeddable":true,"href":"https:\/\/ecavix.com\/es\/wp-json\/wp\/v2\/product_brand?post=2312"},{"taxonomy":"product_cat","embeddable":true,"href":"https:\/\/ecavix.com\/es\/wp-json\/wp\/v2\/product_cat?post=2312"},{"taxonomy":"product_tag","embeddable":true,"href":"https:\/\/ecavix.com\/es\/wp-json\/wp\/v2\/product_tag?post=2312"}],"curies":[{"name":"wp","href":"https:\/\/api.w.org\/{rel}","templated":true}]}}