{"id":2291,"date":"2025-07-18T02:21:05","date_gmt":"2025-07-18T02:21:05","guid":{"rendered":"https:\/\/ecavix.com\/?post_type=product&#038;p=2291"},"modified":"2025-07-18T02:23:15","modified_gmt":"2025-07-18T02:23:15","slug":"bateria-de-litio-recargable-60v-20ah-para-scooter-electrico-1000w","status":"publish","type":"product","link":"https:\/\/ecavix.com\/es\/product\/rechargeable-powerful-60v-20ah-lithium-battery-for-1000w-electric-scooter\/","title":{"rendered":"Bater\u00eda recargable potente de litio de 60 V y 20 Ah para patinete el\u00e9ctrico de 1000 W"},"content":{"rendered":"<br \/>\n<h1>Bater\u00eda de Litio 60V 20Ah para Scooters El\u00e9ctricos<\/h1>\n<h2>Productos<\/h2>\n<table>\n<tr>\n<th>Tensi\u00f3n nominal<\/th>\n<td>60 V<\/td>\n<\/tr>\n<tr>\n<th>Tensi\u00f3n de trabajo<\/th>\n<td>67,2V - 44V<\/td>\n<\/tr>\n<tr>\n<th>Capacidad nominal<\/th>\n<td>20Ah (Disponible: 40Ah, 60Ah, 100Ah, etc.)<\/td>\n<\/tr>\n<tr>\n<th>Tensi\u00f3n de corte de carga<\/th>\n<td>67.2V<\/td>\n<\/tr>\n<tr>\n<th>Corriente de carga<\/th>\n<td>0,2C m\u00e1x.<\/td>\n<\/tr>\n<tr>\n<th>M\u00e9todo de cobro<\/th>\n<td>CC\/CV (Corriente constante \/ Tensi\u00f3n constante)<\/td>\n<\/tr>\n<tr>\n<th>Temperatura de carga<\/th>\n<td>0\u00baC - 40\u00baC<\/td>\n<\/tr>\n<tr>\n<th>Temperatura de descarga<\/th>\n<td>-20\u00baC ~ +60\u00baC<\/td>\n<\/tr>\n<tr>\n<th>Carga Duraci\u00f3n<\/th>\n<td>4-5 horas (est\u00e1ndar)<\/td>\n<\/tr>\n<tr>\n<th>Ciclo de vida<\/th>\n<td>M\u00e1s de 500 ciclos<\/td>\n<\/tr>\n<tr>\n<th>Peso<\/th>\n<td>7,3 kg<\/td>\n<\/tr>\n<tr>\n<th>Talla<\/th>\n<td>147 * 111 * 66 mm<\/td>\n<\/tr>\n<tr>\n<th>Tipo de enchufe<\/th>\n<td>EE. UU., Reino Unido, UE, etc.<\/td>\n<\/tr>\n<tr>\n<th>Caja de la bater\u00eda<\/th>\n<td>Pl\u00e1stico<\/td>\n<\/tr>\n<tr>\n<th>Reciclable<\/th>\n<td>S\u00ed<\/td>\n<\/tr>\n<tr>\n<th>Certificaciones<\/th>\n<td>CE, RoHS, FCC<\/td>\n<\/tr>\n<\/table>\n<h2>Caracter\u00edsticas principales<\/h2>\n<div class=\"features-grid\">\n<div class=\"feature-box\">\n      <strong>Alta eficacia<\/strong><br \/>\n      Con una eficiencia operativa de \u226599%, esta bater\u00eda garantiza una p\u00e9rdida m\u00ednima de energ\u00eda durante el funcionamiento, proporcionando m\u00e1s potencia para su scooter el\u00e9ctrico.\n    <\/div>\n<div class=\"feature-box\">\n      <strong>Larga vida \u00fatil<\/strong><br \/>\n      Con m\u00e1s de 500 ciclos de carga y descarga, esta bater\u00eda garantiza una larga vida \u00fatil, lo que la convierte en una opci\u00f3n fiable para un uso prolongado.\n    <\/div>\n<div class=\"feature-box\">\n      <strong>Amplia gama de temperaturas<\/strong><br \/>\n      Esta bater\u00eda funciona en un amplio rango de temperaturas, de -20\u00baC a +60\u00baC, lo que la hace adecuada para diversos entornos.\n    <\/div>\n<div class=\"feature-box\">\n      <strong>Reciclable y respetuoso con el medio ambiente<\/strong><br \/>\n      Fabricada con materiales reciclables y con certificaci\u00f3n medioambiental, esta bater\u00eda es segura tanto para los usuarios como para el planeta.\n    <\/div>\n<div class=\"feature-box\">\n      <strong>Compatibilidad vers\u00e1til<\/strong><br \/>\n      Compatible con varios scooters y veh\u00edculos el\u00e9ctricos, esta bater\u00eda proporciona una fuente de energ\u00eda eficiente para diversas aplicaciones.\n    <\/div>\n<div class=\"feature-box\">\n      <strong>Rendimiento fiable<\/strong><br \/>\n      Construida con una robusta carcasa de pl\u00e1stico, esta bater\u00eda est\u00e1 dise\u00f1ada para ofrecer durabilidad y un rendimiento constante durante toda su vida \u00fatil.\n    <\/div>\n<\/p><\/div>\n<h2>Principales aplicaciones<\/h2>\n<ul>\n<li>Scooters el\u00e9ctricos<\/li>\n<li>Motos el\u00e9ctricas<\/li>\n<li>Veh\u00edculos el\u00e9ctricos<\/li>\n<li>Carros de golf<\/li>\n<li>Barcos el\u00e9ctricos<\/li>\n<\/ul>\n<h2>\u00bfPor qu\u00e9 elegir nuestra bater\u00eda de litio de 60 V y 20 Ah?<\/h2>\n<ul>\n<li>Alta densidad energ\u00e9tica y eficiencia para un rendimiento m\u00e1ximo<\/li>\n<li>Larga vida \u00fatil, con m\u00e1s de 500 ciclos de uso<\/li>\n<li>Construcci\u00f3n ecol\u00f3gica y reciclable<\/li>\n<li>Amplia gama de temperaturas de funcionamiento para diversos entornos<\/li>\n<li>Capacidad de carga r\u00e1pida (4-5 horas hasta la carga completa)<\/li>\n<li>Totalmente certificado con CE, RoHS y FCC para seguridad y calidad<\/li>\n<\/ul>\n<h2>Embalaje y env\u00edo<\/h2>\n<p>La bater\u00eda se embala en una caja de cart\u00f3n est\u00e1ndar de exportaci\u00f3n para garantizar la seguridad durante el transporte. Si lo desea, podemos personalizar el embalaje.<\/p>\n<h3>M\u00e9todos de env\u00edo<\/h3>\n<ul>\n<li>Pedidos de muestras: Env\u00edo a trav\u00e9s de UPS, DHL o FedEx (servicio puerta a puerta)<\/li>\n<li>Pedidos al por mayor: Env\u00edo por mar (plazo de entrega: 30-45 d\u00edas)<\/li>\n<\/ul>","protected":false},"excerpt":{"rendered":"<p>Bater\u00eda recargable de litio 60V 20Ah para scooters el\u00e9ctricos de 1000W. Alta eficiencia, largo ciclo de vida, compatible con varios veh\u00edculos el\u00e9ctricos. Certificado CE, RoHS y FCC.<\/p>","protected":false},"featured_media":2293,"comment_status":"open","ping_status":"closed","template":"","meta":{"_uag_custom_page_level_css":"","neve_meta_sidebar":"","neve_meta_container":"","neve_meta_enable_content_width":"off","neve_meta_content_width":100,"neve_meta_title_alignment":"","neve_meta_author_avatar":"","neve_post_elements_order":"","neve_meta_disable_header":"","neve_meta_disable_footer":"","neve_meta_disable_title":""},"product_brand":[],"product_cat":[54,53,43],"product_tag":[],"class_list":{"0":"post-2291","1":"product","2":"type-product","3":"status-publish","4":"has-post-thumbnail","6":"product_cat-golf-cart-battery","7":"product_cat-low-speed-electric-vehicle-battery","8":"product_cat-power-battery","10":"first","11":"instock","12":"shipping-taxable","13":"product-type-simple"},"uagb_featured_image_src":{"full":["https:\/\/ecavix.com\/wp-content\/uploads\/2025\/07\/Rechargeable-Powerful-60V-20ah-Lithium-Battery-for-1000W-Electric-Scooter3-800-800.webp",550,550,false],"thumbnail":["https:\/\/ecavix.com\/wp-content\/uploads\/2025\/07\/Rechargeable-Powerful-60V-20ah-Lithium-Battery-for-1000W-Electric-Scooter3-800-800-150x150.webp",150,150,true],"medium":["https:\/\/ecavix.com\/wp-content\/uploads\/2025\/07\/Rechargeable-Powerful-60V-20ah-Lithium-Battery-for-1000W-Electric-Scooter3-800-800-300x300.webp",300,300,true],"medium_large":["https:\/\/ecavix.com\/wp-content\/uploads\/2025\/07\/Rechargeable-Powerful-60V-20ah-Lithium-Battery-for-1000W-Electric-Scooter3-800-800.webp",550,550,false],"large":["https:\/\/ecavix.com\/wp-content\/uploads\/2025\/07\/Rechargeable-Powerful-60V-20ah-Lithium-Battery-for-1000W-Electric-Scooter3-800-800.webp",550,550,false],"1536x1536":["https:\/\/ecavix.com\/wp-content\/uploads\/2025\/07\/Rechargeable-Powerful-60V-20ah-Lithium-Battery-for-1000W-Electric-Scooter3-800-800.webp",550,550,false],"2048x2048":["https:\/\/ecavix.com\/wp-content\/uploads\/2025\/07\/Rechargeable-Powerful-60V-20ah-Lithium-Battery-for-1000W-Electric-Scooter3-800-800.webp",550,550,false],"trp-custom-language-flag":["https:\/\/ecavix.com\/wp-content\/uploads\/2025\/07\/Rechargeable-Powerful-60V-20ah-Lithium-Battery-for-1000W-Electric-Scooter3-800-800.webp",12,12,false],"neve-blog":["https:\/\/ecavix.com\/wp-content\/uploads\/2025\/07\/Rechargeable-Powerful-60V-20ah-Lithium-Battery-for-1000W-Electric-Scooter3-800-800.webp",550,550,false],"woocommerce_thumbnail":["https:\/\/ecavix.com\/wp-content\/uploads\/2025\/07\/Rechargeable-Powerful-60V-20ah-Lithium-Battery-for-1000W-Electric-Scooter3-800-800-300x300.webp",300,300,true],"woocommerce_single":["https:\/\/ecavix.com\/wp-content\/uploads\/2025\/07\/Rechargeable-Powerful-60V-20ah-Lithium-Battery-for-1000W-Electric-Scooter3-800-800.webp",550,550,false],"woocommerce_gallery_thumbnail":["https:\/\/ecavix.com\/wp-content\/uploads\/2025\/07\/Rechargeable-Powerful-60V-20ah-Lithium-Battery-for-1000W-Electric-Scooter3-800-800-100x100.webp",100,100,true]},"uagb_author_info":{"display_name":"solvitaenergylimited@gmail.com","author_link":"https:\/\/ecavix.com\/es\/author\/"},"uagb_comment_info":0,"uagb_excerpt":"Rechargeable 60V 20Ah lithium battery for 1000W electric scooters. High efficiency, long cycle life, compatible with various electric vehicles. CE, RoHS, and FCC certified.","_links":{"self":[{"href":"https:\/\/ecavix.com\/es\/wp-json\/wp\/v2\/product\/2291","targetHints":{"allow":["GET"]}}],"collection":[{"href":"https:\/\/ecavix.com\/es\/wp-json\/wp\/v2\/product"}],"about":[{"href":"https:\/\/ecavix.com\/es\/wp-json\/wp\/v2\/types\/product"}],"replies":[{"embeddable":true,"href":"https:\/\/ecavix.com\/es\/wp-json\/wp\/v2\/comments?post=2291"}],"wp:featuredmedia":[{"embeddable":true,"href":"https:\/\/ecavix.com\/es\/wp-json\/wp\/v2\/media\/2293"}],"wp:attachment":[{"href":"https:\/\/ecavix.com\/es\/wp-json\/wp\/v2\/media?parent=2291"}],"wp:term":[{"taxonomy":"product_brand","embeddable":true,"href":"https:\/\/ecavix.com\/es\/wp-json\/wp\/v2\/product_brand?post=2291"},{"taxonomy":"product_cat","embeddable":true,"href":"https:\/\/ecavix.com\/es\/wp-json\/wp\/v2\/product_cat?post=2291"},{"taxonomy":"product_tag","embeddable":true,"href":"https:\/\/ecavix.com\/es\/wp-json\/wp\/v2\/product_tag?post=2291"}],"curies":[{"name":"wp","href":"https:\/\/api.w.org\/{rel}","templated":true}]}}