{"id":2286,"date":"2025-07-18T02:17:32","date_gmt":"2025-07-18T02:17:32","guid":{"rendered":"https:\/\/ecavix.com\/?post_type=product&#038;p=2286"},"modified":"2025-07-18T02:17:32","modified_gmt":"2025-07-18T02:17:32","slug":"bateria-de-iones-de-litio-72v-20ah-sustitucion-de-la-bateria-de-plomo-acido","status":"publish","type":"product","link":"https:\/\/ecavix.com\/es\/product\/72v-20ah-lithium-ion-battery-pack-replacement-for-lead-acid-battery\/","title":{"rendered":"Bater\u00eda de iones de litio 72V 20ah de repuesto para la bater\u00eda de plomo-\u00e1cido"},"content":{"rendered":"<h1>Bater\u00eda de iones de litio 72V 20Ah<\/h1>\n<h2>Productos<\/h2>\n<table>\n<tr>\n<th>Tensi\u00f3n nominal<\/th>\n<td>72V<\/td>\n<\/tr>\n<tr>\n<th>Capacidad nominal<\/th>\n<td>20Ah (personalizable)<\/td>\n<\/tr>\n<tr>\n<th>Corriente de carga continua<\/th>\n<td>20A<\/td>\n<\/tr>\n<tr>\n<th>Protecci\u00f3n contra sobrecorriente<\/th>\n<td>30-40A (ajustable)<\/td>\n<\/tr>\n<tr>\n<th>Potencia de motor adecuada<\/th>\n<td>\u22641000W<\/td>\n<\/tr>\n<tr>\n<th>Tensi\u00f3n m\u00e1xima de carga<\/th>\n<td>84V<\/td>\n<\/tr>\n<tr>\n<th>Corriente de carga<\/th>\n<td>2.0-4.0A<\/td>\n<\/tr>\n<tr>\n<th>M\u00e9todo de cobro<\/th>\n<td>CC\/CV (corriente constante y tensi\u00f3n constante)<\/td>\n<\/tr>\n<tr>\n<th>Temperatura de carga<\/th>\n<td>0~45\u00baC, 45~85% RH<\/td>\n<\/tr>\n<tr>\n<th>Temperatura de descarga<\/th>\n<td>-20~55\u00baC, 45~85% RH<\/td>\n<\/tr>\n<tr>\n<th>Temperatura de almacenamiento<\/th>\n<td>-20~+55\u00baC (1 mes), -20~+45\u00baC (3 meses)<\/td>\n<\/tr>\n<tr>\n<th>Talla<\/th>\n<td>235*196*170mm<\/td>\n<\/tr>\n<tr>\n<th>Peso<\/th>\n<td>10 kg<\/td>\n<\/tr>\n<tr>\n<th>Garant\u00eda<\/th>\n<td>12 meses<\/td>\n<\/tr>\n<\/table>\n<h2>Caracter\u00edsticas principales<\/h2>\n<div class=\"features-grid\">\n<div class=\"feature-box\">\n      <strong>Alta densidad energ\u00e9tica<\/strong><br \/>\n      La bater\u00eda presenta una alta densidad energ\u00e9tica, lo que la hace ideal para veh\u00edculos el\u00e9ctricos, scooters y otras aplicaciones de alta potencia.\n    <\/div>\n<div class=\"feature-box\">\n      <strong>Larga vida \u00fatil<\/strong><br \/>\n      Con una vida \u00fatil de m\u00e1s de 500-1000 ciclos de carga\/descarga, esta bater\u00eda proporciona un rendimiento duradero y fiable.\n    <\/div>\n<div class=\"feature-box\">\n      <strong>Carga r\u00e1pida<\/strong><br \/>\n      La bater\u00eda puede cargarse hasta 90% en s\u00f3lo 10 minutos, proporcionando una r\u00e1pida disponibilidad para su veh\u00edculo el\u00e9ctrico.\n    <\/div>\n<div class=\"feature-box\">\n      <strong>Excelente seguridad<\/strong><br \/>\n      Equipada con dos chips IC, la bater\u00eda incorpora protecciones contra cortocircuitos, sobrecarga, sobrecorriente y sobrecarga.\n    <\/div>\n<div class=\"feature-box\">\n      <strong>Ligero y compacto<\/strong><br \/>\n      Una alternativa m\u00e1s ligera a las bater\u00edas tradicionales de plomo-\u00e1cido, que ofrece una gran capacidad sin el peso a\u00f1adido.\n    <\/div>\n<div class=\"feature-box\">\n      <strong>Respetuoso con el medio ambiente<\/strong><br \/>\n      La pila no contiene mercurio ni otras sustancias qu\u00edmicas nocivas, por lo que es ecol\u00f3gica y segura para el medio ambiente.\n    <\/div>\n<\/p><\/div>\n<h2>Principales aplicaciones<\/h2>\n<ul>\n<li>Scooters el\u00e9ctricos<\/li>\n<li>Motos el\u00e9ctricas<\/li>\n<li>Carros de golf<\/li>\n<li>Barcos el\u00e9ctricos<\/li>\n<li>Veh\u00edculos el\u00e9ctricos<\/li>\n<li>Herramientas el\u00e9ctricas y juguetes electr\u00f3nicos<\/li>\n<\/ul>\n<h2>\u00bfPor qu\u00e9 elegir nuestra bater\u00eda de 72 V y 20 Ah?<\/h2>\n<ul>\n<li>Alta tensi\u00f3n de salida y densidad energ\u00e9tica para un mejor rendimiento<\/li>\n<li>Bater\u00eda de larga duraci\u00f3n con m\u00e1s de 500-1000 ciclos<\/li>\n<li>Respetuoso con el medio ambiente, sin materiales peligrosos como el plomo o el cadmio<\/li>\n<li>Protecci\u00f3n integrada contra sobrecarga, sobrecorriente y cortocircuitos para un funcionamiento m\u00e1s seguro.<\/li>\n<li>Capacidad de carga r\u00e1pida, carga completa en s\u00f3lo 2-3 horas<\/li>\n<li>Precios competitivos y rendimiento fiable<\/li>\n<\/ul>\n<h2>Embalaje y env\u00edo<\/h2>\n<p>La bater\u00eda se embala de forma segura en una caja de cart\u00f3n de exportaci\u00f3n para garantizar una entrega segura. Si lo desea, podemos personalizar el embalaje.<\/p>\n<h3>M\u00e9todos de env\u00edo<\/h3>\n<ul>\n<li>Muestras: Env\u00edo a trav\u00e9s de UPS, DHL o FedEx (servicio puerta a puerta)<\/li>\n<li>Pedidos al por mayor: Env\u00edo por mar (plazo de entrega: 30-45 d\u00edas)<\/li>\n<\/ul>","protected":false},"excerpt":{"rendered":"<p>Bater\u00eda de Ion Litio 72V 20Ah para Bicicletas El\u00e9ctricas, Scooters y Carritos de Golf. Alta densidad de energ\u00eda, carga r\u00e1pida, ciclo de vida largo y excelentes caracter\u00edsticas de seguridad. Sustituye a las bater\u00edas de plomo-\u00e1cido.<\/p>","protected":false},"featured_media":2287,"comment_status":"open","ping_status":"closed","template":"","meta":{"_uag_custom_page_level_css":"","neve_meta_sidebar":"","neve_meta_container":"","neve_meta_enable_content_width":"off","neve_meta_content_width":100,"neve_meta_title_alignment":"","neve_meta_author_avatar":"","neve_post_elements_order":"","neve_meta_disable_header":"","neve_meta_disable_footer":"","neve_meta_disable_title":""},"product_brand":[],"product_cat":[50,45,43],"product_tag":[60,62],"class_list":{"0":"post-2286","1":"product","2":"type-product","3":"status-publish","4":"has-post-thumbnail","6":"product_cat-72v-e-bike-battery","7":"product_cat-e-bike-battery","8":"product_cat-power-battery","9":"product_tag-72v","10":"product_tag-ebike","12":"first","13":"instock","14":"shipping-taxable","15":"product-type-simple"},"uagb_featured_image_src":{"full":["https:\/\/ecavix.com\/wp-content\/uploads\/2025\/07\/72V-20ah-Lithium-Ion-Battery-Pack-Replacement-for-Lead-Acid-Battery-1.webp",1000,1000,false],"thumbnail":["https:\/\/ecavix.com\/wp-content\/uploads\/2025\/07\/72V-20ah-Lithium-Ion-Battery-Pack-Replacement-for-Lead-Acid-Battery-1-150x150.webp",150,150,true],"medium":["https:\/\/ecavix.com\/wp-content\/uploads\/2025\/07\/72V-20ah-Lithium-Ion-Battery-Pack-Replacement-for-Lead-Acid-Battery-1-300x300.webp",300,300,true],"medium_large":["https:\/\/ecavix.com\/wp-content\/uploads\/2025\/07\/72V-20ah-Lithium-Ion-Battery-Pack-Replacement-for-Lead-Acid-Battery-1-768x768.webp",768,768,true],"large":["https:\/\/ecavix.com\/wp-content\/uploads\/2025\/07\/72V-20ah-Lithium-Ion-Battery-Pack-Replacement-for-Lead-Acid-Battery-1.webp",1000,1000,false],"1536x1536":["https:\/\/ecavix.com\/wp-content\/uploads\/2025\/07\/72V-20ah-Lithium-Ion-Battery-Pack-Replacement-for-Lead-Acid-Battery-1.webp",1000,1000,false],"2048x2048":["https:\/\/ecavix.com\/wp-content\/uploads\/2025\/07\/72V-20ah-Lithium-Ion-Battery-Pack-Replacement-for-Lead-Acid-Battery-1.webp",1000,1000,false],"trp-custom-language-flag":["https:\/\/ecavix.com\/wp-content\/uploads\/2025\/07\/72V-20ah-Lithium-Ion-Battery-Pack-Replacement-for-Lead-Acid-Battery-1.webp",12,12,false],"neve-blog":["https:\/\/ecavix.com\/wp-content\/uploads\/2025\/07\/72V-20ah-Lithium-Ion-Battery-Pack-Replacement-for-Lead-Acid-Battery-1-930x620.webp",930,620,true],"woocommerce_thumbnail":["https:\/\/ecavix.com\/wp-content\/uploads\/2025\/07\/72V-20ah-Lithium-Ion-Battery-Pack-Replacement-for-Lead-Acid-Battery-1-300x300.webp",300,300,true],"woocommerce_single":["https:\/\/ecavix.com\/wp-content\/uploads\/2025\/07\/72V-20ah-Lithium-Ion-Battery-Pack-Replacement-for-Lead-Acid-Battery-1-600x600.webp",600,600,true],"woocommerce_gallery_thumbnail":["https:\/\/ecavix.com\/wp-content\/uploads\/2025\/07\/72V-20ah-Lithium-Ion-Battery-Pack-Replacement-for-Lead-Acid-Battery-1-100x100.webp",100,100,true]},"uagb_author_info":{"display_name":"solvitaenergylimited@gmail.com","author_link":"https:\/\/ecavix.com\/es\/author\/"},"uagb_comment_info":0,"uagb_excerpt":"72V 20Ah Lithium Ion Battery Pack for Electric Bikes, Scooters, and Golf Carts. High energy density, fast charging, long cycle life, and excellent security features. Replacement for lead-acid batteries.","_links":{"self":[{"href":"https:\/\/ecavix.com\/es\/wp-json\/wp\/v2\/product\/2286","targetHints":{"allow":["GET"]}}],"collection":[{"href":"https:\/\/ecavix.com\/es\/wp-json\/wp\/v2\/product"}],"about":[{"href":"https:\/\/ecavix.com\/es\/wp-json\/wp\/v2\/types\/product"}],"replies":[{"embeddable":true,"href":"https:\/\/ecavix.com\/es\/wp-json\/wp\/v2\/comments?post=2286"}],"wp:featuredmedia":[{"embeddable":true,"href":"https:\/\/ecavix.com\/es\/wp-json\/wp\/v2\/media\/2287"}],"wp:attachment":[{"href":"https:\/\/ecavix.com\/es\/wp-json\/wp\/v2\/media?parent=2286"}],"wp:term":[{"taxonomy":"product_brand","embeddable":true,"href":"https:\/\/ecavix.com\/es\/wp-json\/wp\/v2\/product_brand?post=2286"},{"taxonomy":"product_cat","embeddable":true,"href":"https:\/\/ecavix.com\/es\/wp-json\/wp\/v2\/product_cat?post=2286"},{"taxonomy":"product_tag","embeddable":true,"href":"https:\/\/ecavix.com\/es\/wp-json\/wp\/v2\/product_tag?post=2286"}],"curies":[{"name":"wp","href":"https:\/\/api.w.org\/{rel}","templated":true}]}}