{"id":2285,"date":"2025-07-18T02:14:14","date_gmt":"2025-07-18T02:14:14","guid":{"rendered":"https:\/\/ecavix.com\/?post_type=product&#038;p=2285"},"modified":"2025-07-18T02:14:14","modified_gmt":"2025-07-18T02:14:14","slug":"16s8p-1500w-recargable-li-ion-ciclo-profundo-59-2v-25-6ah-bateria-de-litio-18650","status":"publish","type":"product","link":"https:\/\/ecavix.com\/es\/product\/16s8p-1500w-rechargeable-li-ion-deep-cycle-59-2v-25-6ah-lithium-18650-battery-pack\/","title":{"rendered":"16s8p 1500W Recargable Li-ion Deep Cycle 59.2V 25.6ah Litio 18650 Bater\u00eda"},"content":{"rendered":"<br \/>\n<h1>Bater\u00eda recargable de iones de litio de 59,2 V y 25,6 Ah y 1500 W (16S8P)<\/h1>\n<h2>Productos<\/h2>\n<table>\n<tr>\n<th>Tensi\u00f3n nominal<\/th>\n<td>59.2V<\/td>\n<\/tr>\n<tr>\n<th>Capacidad nominal<\/th>\n<td>25,6 Ah<\/td>\n<\/tr>\n<tr>\n<th>Talla<\/th>\n<td>435*140*60mm<\/td>\n<\/tr>\n<tr>\n<th>Peso<\/th>\n<td>6,5 kg<\/td>\n<\/tr>\n<tr>\n<th>Configuraci\u00f3n de la bater\u00eda<\/th>\n<td>16S8P<\/td>\n<\/tr>\n<tr>\n<th>Tensi\u00f3n m\u00e1xima de protecci\u00f3n de carga<\/th>\n<td>59.2V<\/td>\n<\/tr>\n<tr>\n<th>Corriente de carga<\/th>\n<td>1C<\/td>\n<\/tr>\n<tr>\n<th>Tiempo de carga<\/th>\n<td>1-2 horas<\/td>\n<\/tr>\n<tr>\n<th>M\u00e9todo de cobro<\/th>\n<td>CC-CV (Corriente constante y tensi\u00f3n constante)<\/td>\n<\/tr>\n<tr>\n<th>Corriente m\u00e1xima de descarga<\/th>\n<td>2A<\/td>\n<\/tr>\n<tr>\n<th>Duraci\u00f3n del ciclo de recarga<\/th>\n<td>M\u00e1s de 500 ciclos<\/td>\n<\/tr>\n<tr>\n<th>Temperatura de trabajo<\/th>\n<td>Carga: 0~45\u00b0C, Descarga: -20~60\u00b0C<\/td>\n<\/tr>\n<tr>\n<th>Temperatura de almacenamiento<\/th>\n<td>-20~60\u00b0C (1 mes), -20~45\u00b0C (3 meses)<\/td>\n<\/tr>\n<tr>\n<th>Funciones de protecci\u00f3n<\/th>\n<td>Sobrecarga, Sobredescarga, Sobrecarga, Cortocircuito<\/td>\n<\/tr>\n<tr>\n<th>Garant\u00eda<\/th>\n<td>12 meses<\/td>\n<\/tr>\n<\/table>\n<h2>Caracter\u00edsticas principales<\/h2>\n<div class=\"features-grid\">\n<div class=\"feature-box\">\n      <strong>Alta densidad energ\u00e9tica<\/strong><br \/>\n      La bater\u00eda proporciona una excelente densidad energ\u00e9tica, lo que la hace ideal para aplicaciones que requieren gran potencia, como los veh\u00edculos el\u00e9ctricos.\n    <\/div>\n<div class=\"feature-box\">\n      <strong>Larga vida \u00fatil<\/strong><br \/>\n      M\u00e1s de 500 ciclos de carga\/descarga, manteniendo m\u00e1s de 80% de su capacidad original.\n    <\/div>\n<div class=\"feature-box\">\n      <strong>Autodescarga m\u00ednima<\/strong><br \/>\n      Tasa de autodescarga extremadamente baja (&lt;10% al mes), garantizando que la bater\u00eda permanezca lista para su uso.\n    <\/div>\n<div class=\"feature-box\">\n      <strong>Amplia gama de temperaturas de funcionamiento<\/strong><br \/>\n      Funciona entre -20 \u00b0C y +60 \u00b0C, por lo que es apta para diversos climas y entornos dif\u00edciles.\n    <\/div>\n<div class=\"feature-box\">\n      <strong>Sin efecto memoria<\/strong><br \/>\n      La bater\u00eda puede cargarse o descargarse en cualquier momento sin que ello afecte a su vida \u00fatil ni a sus prestaciones.\n    <\/div>\n<div class=\"feature-box\">\n      <strong>Alta seguridad<\/strong><br \/>\n      El BMS integrado garantiza la seguridad de la bater\u00eda en todas las condiciones, sin riesgo de incendio o explosi\u00f3n.\n    <\/div>\n<\/p><\/div>\n<h2>Aplicaciones<\/h2>\n<ul>\n<li>Veh\u00edculos el\u00e9ctricos<\/li>\n<li>Sistemas de almacenamiento de energ\u00eda<\/li>\n<li>Herramientas el\u00e9ctricas port\u00e1tiles<\/li>\n<li>Sistemas SAI<\/li>\n<li>Sistemas de iluminaci\u00f3n LED<\/li>\n<li>Aplicaciones de alta potencia<\/li>\n<\/ul>\n<h2>\u00bfPor qu\u00e9 elegir nuestra bater\u00eda?<\/h2>\n<ul>\n<li>Alta tensi\u00f3n de funcionamiento para una mayor potencia<\/li>\n<li>Larga vida \u00fatil de m\u00e1s de 500 ciclos de carga y descarga<\/li>\n<li>Baja autodescarga, excelente para almacenamiento a largo plazo<\/li>\n<li>Amplia gama de temperaturas, que garantiza la fiabilidad en todas las condiciones<\/li>\n<li>Respetuoso con el medio ambiente y seguro, sin riesgo de incendio o explosi\u00f3n<\/li>\n<li>Precios competitivos y entrega r\u00e1pida<\/li>\n<\/ul>\n<h2>Embalaje y env\u00edo<\/h2>\n<p>La bater\u00eda se embala de forma segura para garantizar un env\u00edo seguro. Se pueden solicitar opciones de embalaje personalizadas.<\/p>\n<h3>M\u00e9todos de env\u00edo<\/h3>\n<ul>\n<li>Muestras: Env\u00edo a trav\u00e9s de UPS, DHL o FedEx (servicio puerta a puerta)<\/li>\n<li>Pedidos al por mayor: Env\u00edo por mar (plazo de entrega: 30-45 d\u00edas)<\/li>\n<\/ul>","protected":false},"excerpt":{"rendered":"<p>Bater\u00eda recargable de ion-litio de 59,2 V y 25,6 Ah de alto rendimiento para veh\u00edculos el\u00e9ctricos, sistemas de almacenamiento de energ\u00eda y aplicaciones de alta potencia. Ofrece ciclos de larga duraci\u00f3n, protecci\u00f3n contra sobrecarga y un amplio rango de temperaturas.<\/p>","protected":false},"featured_media":2284,"comment_status":"open","ping_status":"closed","template":"","meta":{"_uag_custom_page_level_css":"","neve_meta_sidebar":"","neve_meta_container":"","neve_meta_enable_content_width":"off","neve_meta_content_width":100,"neve_meta_title_alignment":"","neve_meta_author_avatar":"","neve_post_elements_order":"","neve_meta_disable_header":"","neve_meta_disable_footer":"","neve_meta_disable_title":""},"product_brand":[],"product_cat":[49,45,43],"product_tag":[],"class_list":{"0":"post-2285","1":"product","2":"type-product","3":"status-publish","4":"has-post-thumbnail","6":"product_cat-60v-e-bike-battery","7":"product_cat-e-bike-battery","8":"product_cat-power-battery","10":"first","11":"instock","12":"shipping-taxable","13":"product-type-simple"},"uagb_featured_image_src":{"full":["https:\/\/ecavix.com\/wp-content\/uploads\/2025\/07\/59-2V-25-6ah-Rechargeable-Lithium-Ion-Battery-Pack-for-18650-Battery-Pack5-800-800.png",550,550,false],"thumbnail":["https:\/\/ecavix.com\/wp-content\/uploads\/2025\/07\/59-2V-25-6ah-Rechargeable-Lithium-Ion-Battery-Pack-for-18650-Battery-Pack5-800-800-150x150.png",150,150,true],"medium":["https:\/\/ecavix.com\/wp-content\/uploads\/2025\/07\/59-2V-25-6ah-Rechargeable-Lithium-Ion-Battery-Pack-for-18650-Battery-Pack5-800-800-300x300.png",300,300,true],"medium_large":["https:\/\/ecavix.com\/wp-content\/uploads\/2025\/07\/59-2V-25-6ah-Rechargeable-Lithium-Ion-Battery-Pack-for-18650-Battery-Pack5-800-800.png",550,550,false],"large":["https:\/\/ecavix.com\/wp-content\/uploads\/2025\/07\/59-2V-25-6ah-Rechargeable-Lithium-Ion-Battery-Pack-for-18650-Battery-Pack5-800-800.png",550,550,false],"1536x1536":["https:\/\/ecavix.com\/wp-content\/uploads\/2025\/07\/59-2V-25-6ah-Rechargeable-Lithium-Ion-Battery-Pack-for-18650-Battery-Pack5-800-800.png",550,550,false],"2048x2048":["https:\/\/ecavix.com\/wp-content\/uploads\/2025\/07\/59-2V-25-6ah-Rechargeable-Lithium-Ion-Battery-Pack-for-18650-Battery-Pack5-800-800.png",550,550,false],"trp-custom-language-flag":["https:\/\/ecavix.com\/wp-content\/uploads\/2025\/07\/59-2V-25-6ah-Rechargeable-Lithium-Ion-Battery-Pack-for-18650-Battery-Pack5-800-800.png",12,12,false],"neve-blog":["https:\/\/ecavix.com\/wp-content\/uploads\/2025\/07\/59-2V-25-6ah-Rechargeable-Lithium-Ion-Battery-Pack-for-18650-Battery-Pack5-800-800.png",550,550,false],"woocommerce_thumbnail":["https:\/\/ecavix.com\/wp-content\/uploads\/2025\/07\/59-2V-25-6ah-Rechargeable-Lithium-Ion-Battery-Pack-for-18650-Battery-Pack5-800-800-300x300.png",300,300,true],"woocommerce_single":["https:\/\/ecavix.com\/wp-content\/uploads\/2025\/07\/59-2V-25-6ah-Rechargeable-Lithium-Ion-Battery-Pack-for-18650-Battery-Pack5-800-800.png",550,550,false],"woocommerce_gallery_thumbnail":["https:\/\/ecavix.com\/wp-content\/uploads\/2025\/07\/59-2V-25-6ah-Rechargeable-Lithium-Ion-Battery-Pack-for-18650-Battery-Pack5-800-800-100x100.png",100,100,true]},"uagb_author_info":{"display_name":"solvitaenergylimited@gmail.com","author_link":"https:\/\/ecavix.com\/es\/author\/"},"uagb_comment_info":0,"uagb_excerpt":"High-performance 59.2V 25.6Ah rechargeable Li-ion deep cycle battery pack for electric vehicles, energy storage systems, and high-power applications. Features long cycle life, overcharge protection, and wide temperature range.","_links":{"self":[{"href":"https:\/\/ecavix.com\/es\/wp-json\/wp\/v2\/product\/2285","targetHints":{"allow":["GET"]}}],"collection":[{"href":"https:\/\/ecavix.com\/es\/wp-json\/wp\/v2\/product"}],"about":[{"href":"https:\/\/ecavix.com\/es\/wp-json\/wp\/v2\/types\/product"}],"replies":[{"embeddable":true,"href":"https:\/\/ecavix.com\/es\/wp-json\/wp\/v2\/comments?post=2285"}],"wp:featuredmedia":[{"embeddable":true,"href":"https:\/\/ecavix.com\/es\/wp-json\/wp\/v2\/media\/2284"}],"wp:attachment":[{"href":"https:\/\/ecavix.com\/es\/wp-json\/wp\/v2\/media?parent=2285"}],"wp:term":[{"taxonomy":"product_brand","embeddable":true,"href":"https:\/\/ecavix.com\/es\/wp-json\/wp\/v2\/product_brand?post=2285"},{"taxonomy":"product_cat","embeddable":true,"href":"https:\/\/ecavix.com\/es\/wp-json\/wp\/v2\/product_cat?post=2285"},{"taxonomy":"product_tag","embeddable":true,"href":"https:\/\/ecavix.com\/es\/wp-json\/wp\/v2\/product_tag?post=2285"}],"curies":[{"name":"wp","href":"https:\/\/api.w.org\/{rel}","templated":true}]}}