{"id":2274,"date":"2025-07-18T01:52:54","date_gmt":"2025-07-18T01:52:54","guid":{"rendered":"https:\/\/ecavix.com\/?post_type=product&#038;p=2274"},"modified":"2025-07-18T02:00:23","modified_gmt":"2025-07-18T02:00:23","slug":"58-8v-23ah-18650-li-ion-bateria-para-moto-electrica","status":"publish","type":"product","link":"https:\/\/ecavix.com\/es\/product\/58-8v-23ah-18650-li-ion-battery-pack-for-electric-motorcycle\/","title":{"rendered":"58.8V 23ah 18650 Li-ion Bater\u00eda para Moto El\u00e9ctrica"},"content":{"rendered":"<br \/>\n<h1>58.8V 23Ah 18650 Li-ion Bater\u00eda para Moto El\u00e9ctrica<\/h1>\n<h2>Productos<\/h2>\n<table>\n<tr>\n<th>Modelo<\/th>\n<td>DEL-58.8V23AH<\/td>\n<\/tr>\n<tr>\n<th>Tensi\u00f3n nominal<\/th>\n<td>58.8V<\/td>\n<\/tr>\n<tr>\n<th>Capacidad nominal<\/th>\n<td>23Ah (personalizable)<\/td>\n<\/tr>\n<tr>\n<th>Configuraci\u00f3n de la bater\u00eda<\/th>\n<td>15S9P (personalizable)<\/td>\n<\/tr>\n<tr>\n<th>Pilas de bater\u00eda<\/th>\n<td>18650 Pilas de i\u00f3n-litio de grado A<\/td>\n<\/tr>\n<tr>\n<th>Corriente m\u00e1xima de carga\/descarga continua<\/th>\n<td>3A (ajustable)<\/td>\n<\/tr>\n<tr>\n<th>Dimensiones<\/th>\n<td>Personalizado<\/td>\n<\/tr>\n<tr>\n<th>Color<\/th>\n<td>Azul \/ Personalizable<\/td>\n<\/tr>\n<tr>\n<th>Garant\u00eda<\/th>\n<td>1 a\u00f1o<\/td>\n<\/tr>\n<tr>\n<th>Ciclo de vida<\/th>\n<td>M\u00e1s de 500 ciclos<\/td>\n<\/tr>\n<tr>\n<th>Protecci\u00f3n<\/th>\n<td>Protecci\u00f3n contra sobrecarga, sobredescarga y sobrecalentamiento<\/td>\n<\/tr>\n<tr>\n<th>Aplicaciones<\/th>\n<td>Motos el\u00e9ctricas, herramientas el\u00e9ctricas, SAI, etc.<\/td>\n<\/tr>\n<\/table>\n<h2>Caracter\u00edsticas principales<\/h2>\n<div class=\"features-grid\">\n<div class=\"feature-box\">\n      <strong>Alta capacidad y personalizaci\u00f3n<\/strong><br \/>\n      Disponibles en varias capacidades (23Ah o personalizadas) y configuraciones (15S9P o personalizadas) para satisfacer necesidades espec\u00edficas.\n    <\/div>\n<div class=\"feature-box\">\n      <strong>Protecci\u00f3n contra sobrecarga y sobredescarga<\/strong><br \/>\n      El PCM integrado con protecci\u00f3n contra sobrecarga, sobredescarga y sobrecalentamiento garantiza un funcionamiento seguro.\n    <\/div>\n<div class=\"feature-box\">\n      <strong>Largo ciclo de vida<\/strong><br \/>\n      Ofrece m\u00e1s de 500 ciclos de carga profunda, mucho m\u00e1s que las bater\u00edas de plomo-\u00e1cido tradicionales.\n    <\/div>\n<div class=\"feature-box\">\n      <strong>Corriente ajustable<\/strong><br \/>\n      Corriente de carga\/descarga continua m\u00e1xima de 3 A, con ajustes regulables en funci\u00f3n de los requisitos de la aplicaci\u00f3n.\n    <\/div>\n<div class=\"feature-box\">\n      <strong>Alta eficacia<\/strong><br \/>\n      Excelente rendimiento en temperaturas extremas con baja tasa de autodescarga (&lt;3% al mes).\n    <\/div>\n<div class=\"feature-box\">\n      <strong>Ligero y compacto<\/strong><br \/>\n      Dise\u00f1o ligero y compacto, ideal para su uso en motocicletas el\u00e9ctricas y sistemas de alimentaci\u00f3n port\u00e1tiles.\n    <\/div>\n<\/p><\/div>\n<h2>Aplicaciones<\/h2>\n<ul>\n<li>Motos el\u00e9ctricas<\/li>\n<li>Herramientas el\u00e9ctricas, cortac\u00e9spedes y aspiradoras<\/li>\n<li>Sistemas port\u00e1tiles de iluminaci\u00f3n LED<\/li>\n<li>C\u00e1maras y equipos fotogr\u00e1ficos<\/li>\n<li>Equipos de medici\u00f3n port\u00e1tiles<\/li>\n<li>Sistema de alimentaci\u00f3n ininterrumpida (SAI)<\/li>\n<li>Equipos de iluminaci\u00f3n de emergencia<\/li>\n<li>Comunicaciones y dispositivos el\u00e9ctricos<\/li>\n<\/ul>\n<h2>Embalaje y env\u00edo<\/h2>\n<p>La bater\u00eda se embala cuidadosamente en un embalaje resistente para garantizar la seguridad durante el transporte. Opciones de embalaje personalizadas disponibles bajo petici\u00f3n.<\/p>\n<h3>M\u00e9todos de env\u00edo<\/h3>\n<ul>\n<li>Muestras: Env\u00edo por UPS o l\u00ednea especial (servicio puerta a puerta)<\/li>\n<li>Pedidos al por mayor: Env\u00edo por mar (plazo de entrega: 30-45 d\u00edas)<\/li>\n<\/ul>\n<h2>Por qu\u00e9 elegirnos<\/h2>\n<ul>\n<li>Servicios OEM y ODM disponibles<\/li>\n<li>100% pruebas de calidad antes del env\u00edo<\/li>\n<li>Precios competitivos y entrega r\u00e1pida<\/li>\n<li>Productos seguros y fiables con una larga vida \u00fatil<\/li>\n<\/ul>","protected":false},"excerpt":{"rendered":"<p>Bater\u00eda de iones de litio 18650 de 58,8 V y 23 Ah de alto rendimiento para motocicletas el\u00e9ctricas, herramientas el\u00e9ctricas y mucho m\u00e1s, con protecci\u00f3n contra sobrecarga, sobredescarga y sobrecalentamiento.<\/p>","protected":false},"featured_media":2278,"comment_status":"open","ping_status":"closed","template":"","meta":{"_uag_custom_page_level_css":"","neve_meta_sidebar":"","neve_meta_container":"","neve_meta_enable_content_width":"off","neve_meta_content_width":100,"neve_meta_title_alignment":"","neve_meta_author_avatar":"","neve_post_elements_order":"","neve_meta_disable_header":"","neve_meta_disable_footer":"","neve_meta_disable_title":""},"product_brand":[],"product_cat":[49,45,43],"product_tag":[],"class_list":{"0":"post-2274","1":"product","2":"type-product","3":"status-publish","4":"has-post-thumbnail","6":"product_cat-60v-e-bike-battery","7":"product_cat-e-bike-battery","8":"product_cat-power-battery","10":"first","11":"instock","12":"shipping-taxable","13":"product-type-simple"},"uagb_featured_image_src":{"full":["https:\/\/ecavix.com\/wp-content\/uploads\/2025\/07\/58-8V-23ah-18650-Li-ion-Battery-Pack-for-Electric-Motorcycle5-800-800.webp",550,550,false],"thumbnail":["https:\/\/ecavix.com\/wp-content\/uploads\/2025\/07\/58-8V-23ah-18650-Li-ion-Battery-Pack-for-Electric-Motorcycle5-800-800-150x150.webp",150,150,true],"medium":["https:\/\/ecavix.com\/wp-content\/uploads\/2025\/07\/58-8V-23ah-18650-Li-ion-Battery-Pack-for-Electric-Motorcycle5-800-800-300x300.webp",300,300,true],"medium_large":["https:\/\/ecavix.com\/wp-content\/uploads\/2025\/07\/58-8V-23ah-18650-Li-ion-Battery-Pack-for-Electric-Motorcycle5-800-800.webp",550,550,false],"large":["https:\/\/ecavix.com\/wp-content\/uploads\/2025\/07\/58-8V-23ah-18650-Li-ion-Battery-Pack-for-Electric-Motorcycle5-800-800.webp",550,550,false],"1536x1536":["https:\/\/ecavix.com\/wp-content\/uploads\/2025\/07\/58-8V-23ah-18650-Li-ion-Battery-Pack-for-Electric-Motorcycle5-800-800.webp",550,550,false],"2048x2048":["https:\/\/ecavix.com\/wp-content\/uploads\/2025\/07\/58-8V-23ah-18650-Li-ion-Battery-Pack-for-Electric-Motorcycle5-800-800.webp",550,550,false],"trp-custom-language-flag":["https:\/\/ecavix.com\/wp-content\/uploads\/2025\/07\/58-8V-23ah-18650-Li-ion-Battery-Pack-for-Electric-Motorcycle5-800-800.webp",12,12,false],"neve-blog":["https:\/\/ecavix.com\/wp-content\/uploads\/2025\/07\/58-8V-23ah-18650-Li-ion-Battery-Pack-for-Electric-Motorcycle5-800-800.webp",550,550,false],"woocommerce_thumbnail":["https:\/\/ecavix.com\/wp-content\/uploads\/2025\/07\/58-8V-23ah-18650-Li-ion-Battery-Pack-for-Electric-Motorcycle5-800-800-300x300.webp",300,300,true],"woocommerce_single":["https:\/\/ecavix.com\/wp-content\/uploads\/2025\/07\/58-8V-23ah-18650-Li-ion-Battery-Pack-for-Electric-Motorcycle5-800-800.webp",550,550,false],"woocommerce_gallery_thumbnail":["https:\/\/ecavix.com\/wp-content\/uploads\/2025\/07\/58-8V-23ah-18650-Li-ion-Battery-Pack-for-Electric-Motorcycle5-800-800-100x100.webp",100,100,true]},"uagb_author_info":{"display_name":"solvitaenergylimited@gmail.com","author_link":"https:\/\/ecavix.com\/es\/author\/"},"uagb_comment_info":0,"uagb_excerpt":"High-performance 58.8V 23Ah 18650 lithium-ion battery pack for electric motorcycles, power tools, and more, featuring overcharge, over-discharge, and overheat protection.","_links":{"self":[{"href":"https:\/\/ecavix.com\/es\/wp-json\/wp\/v2\/product\/2274","targetHints":{"allow":["GET"]}}],"collection":[{"href":"https:\/\/ecavix.com\/es\/wp-json\/wp\/v2\/product"}],"about":[{"href":"https:\/\/ecavix.com\/es\/wp-json\/wp\/v2\/types\/product"}],"replies":[{"embeddable":true,"href":"https:\/\/ecavix.com\/es\/wp-json\/wp\/v2\/comments?post=2274"}],"wp:featuredmedia":[{"embeddable":true,"href":"https:\/\/ecavix.com\/es\/wp-json\/wp\/v2\/media\/2278"}],"wp:attachment":[{"href":"https:\/\/ecavix.com\/es\/wp-json\/wp\/v2\/media?parent=2274"}],"wp:term":[{"taxonomy":"product_brand","embeddable":true,"href":"https:\/\/ecavix.com\/es\/wp-json\/wp\/v2\/product_brand?post=2274"},{"taxonomy":"product_cat","embeddable":true,"href":"https:\/\/ecavix.com\/es\/wp-json\/wp\/v2\/product_cat?post=2274"},{"taxonomy":"product_tag","embeddable":true,"href":"https:\/\/ecavix.com\/es\/wp-json\/wp\/v2\/product_tag?post=2274"}],"curies":[{"name":"wp","href":"https:\/\/api.w.org\/{rel}","templated":true}]}}