{"id":2221,"date":"2025-07-17T08:10:19","date_gmt":"2025-07-17T08:10:19","guid":{"rendered":"https:\/\/ecavix.com\/?post_type=product&#038;p=2221"},"modified":"2025-07-17T08:29:02","modified_gmt":"2025-07-17T08:29:02","slug":"24v-bicicleta-electrica-bateria-de-iones-de-litio-pequeno-tipo-rana","status":"publish","type":"product","link":"https:\/\/ecavix.com\/es\/product\/24v-electric-bike-lithium-ion-battery-small-frog-type\/","title":{"rendered":"Bater\u00eda de Ion Litio 24V para Bicicleta El\u00e9ctrica Tipo Rana Peque\u00f1a"},"content":{"rendered":"<br \/>\n<h1>Bater\u00eda de Ion Litio 24V para Bicicleta El\u00e9ctrica Tipo Rana Peque\u00f1a <\/h1>\n<h2>Productos<\/h2>\n<table>\n<tr>\n<th>Modelo<\/th>\n<td>DEL-24V10AH<\/td>\n<\/tr>\n<tr>\n<th>Tensi\u00f3n est\u00e1ndar<\/th>\n<td>24V<\/td>\n<\/tr>\n<tr>\n<th>Capacidad nominal<\/th>\n<td>10Ah<\/td>\n<\/tr>\n<tr>\n<th>Tipo de bater\u00eda<\/th>\n<td>18650 Litio-ion<\/td>\n<\/tr>\n<tr>\n<th>Marca<\/th>\n<td>DELONGTOP<\/td>\n<\/tr>\n<tr>\n<th>Peso<\/th>\n<td>3kg<\/td>\n<\/tr>\n<tr>\n<th>Capacidad de producci\u00f3n<\/th>\n<td>20.000 unidades\/mes<\/td>\n<\/tr>\n<tr>\n<th>Origen<\/th>\n<td>China<\/td>\n<\/tr>\n<tr>\n<th>Paquete de transporte<\/th>\n<td>Paquete est\u00e1ndar de exportaci\u00f3n<\/td>\n<\/tr>\n<tr>\n<th>Talla<\/th>\n<td>Personalizado<\/td>\n<\/tr>\n<\/table>\n<h2>Especificaciones el\u00e9ctricas<\/h2>\n<table>\n<tr>\n<th>Tensi\u00f3n nominal<\/th>\n<td>24V<\/td>\n<\/tr>\n<tr>\n<th>Capacidad nominal<\/th>\n<td>10Ah<\/td>\n<\/tr>\n<tr>\n<th>Resistencia interna<\/th>\n<td>&lt; 40 m\u03a9<\/td>\n<\/tr>\n<tr>\n<th>Configuraci\u00f3n de la c\u00e9lula<\/th>\n<td>6S4P (24 c\u00e9lulas)<\/td>\n<\/tr>\n<tr>\n<th>Tipo de c\u00e9lula<\/th>\n<td>18650 (3,7 V 2500 mAh)<\/td>\n<\/tr>\n<tr>\n<th>Modo de carga<\/th>\n<td>CC\/CV<\/td>\n<\/tr>\n<tr>\n<th>Corriente de carga est\u00e1ndar<\/th>\n<td>2A<\/td>\n<\/tr>\n<tr>\n<th>Corriente de carga r\u00e1pida<\/th>\n<td>5A<\/td>\n<\/tr>\n<tr>\n<th>Tiempo de carga (est\u00e1ndar)<\/th>\n<td>8 horas<\/td>\n<\/tr>\n<tr>\n<th>Tiempo de carga (r\u00e1pida)<\/th>\n<td>3 horas<\/td>\n<\/tr>\n<tr>\n<th>Tensi\u00f3n de carga<\/th>\n<td>42V<\/td>\n<\/tr>\n<tr>\n<th>Tensi\u00f3n de entrada de carga<\/th>\n<td>110V ~ 240V<\/td>\n<\/tr>\n<tr>\n<th>Descarga continua m\u00e1xima<\/th>\n<td>15A<\/td>\n<\/tr>\n<tr>\n<th>Corriente de trabajo<\/th>\n<td>30A<\/td>\n<\/tr>\n<tr>\n<th>Rango de temperatura de carga<\/th>\n<td>-20\u00b0C ~ 60\u00b0C<\/td>\n<\/tr>\n<tr>\n<th>Rango de temperatura de descarga<\/th>\n<td>-20\u00b0C ~ 60\u00b0C<\/td>\n<\/tr>\n<tr>\n<th>Ciclo de vida<\/th>\n<td>500 ciclos<\/td>\n<\/tr>\n<\/table>\n<h2>Caracter\u00edsticas de la bater\u00eda<\/h2>\n<div class=\"features-grid\">\n<div class=\"feature-box\">\n      <strong>Dise\u00f1o de rana compacto<\/strong><br \/>\n      F\u00e1cil de instalar en bastidores traseros mediante placa fija y mecanismo de cierre con llave.\n    <\/div>\n<div class=\"feature-box\">\n      <strong>Protecci\u00f3n BMS integrada<\/strong><br \/>\n      Protege contra sobrecarga, sobredescarga, cortocircuito y desequilibrio celular.\n    <\/div>\n<div class=\"feature-box\">\n      <strong>Ecol\u00f3gico<\/strong><br \/>\n      Sin materiales t\u00f3xicos, conforme a las certificaciones CE, ROHS, UN38.3, MSDS.\n    <\/div>\n<div class=\"feature-box\">\n      <strong>Amplia gama de temperaturas<\/strong><br \/>\n      Funciona de forma fiable entre -20 \u00b0C y 60 \u00b0C.\n    <\/div>\n<div class=\"feature-box\">\n      <strong>Carga r\u00e1pida<\/strong><br \/>\n      Capacidad de carga r\u00e1pida de hasta 5 A con recarga completa r\u00e1pida en 3 horas.\n    <\/div>\n<div class=\"feature-box\">\n      <strong>Tama\u00f1o personalizable<\/strong><br \/>\n      Las dimensiones pueden adaptarse a cuadros o carcasas espec\u00edficos de bicicletas el\u00e9ctricas.\n    <\/div>\n<\/p><\/div>\n<h2>Aplicaciones<\/h2>\n<ul>\n<li>Bicicletas y patinetes el\u00e9ctricos<\/li>\n<li>Triciclos el\u00e9ctricos y veh\u00edculos de movilidad<\/li>\n<li>Sillas de ruedas el\u00e9ctricas y carros de golf<\/li>\n<li>Veh\u00edculos el\u00e9ctricos ligeros de dos ruedas<\/li>\n<\/ul>\n<h2>Garant\u00eda<\/h2>\n<ul>\n<li>1 a\u00f1o de garant\u00eda del fabricante.<\/li>\n<li>La garant\u00eda excluye los da\u00f1os causados por uso indebido, entrada de agua, cortocircuitos o manipulaci\u00f3n log\u00edstica incorrecta.<\/li>\n<li>Los productos deben devolverse en su estado original para su reparaci\u00f3n o sustituci\u00f3n.<\/li>\n<\/ul>\n<h2>Por qu\u00e9 elegirnos<\/h2>\n<ul>\n<li>Servicios OEM y ODM con dise\u00f1os personalizados<\/li>\n<li>100% probado e inspeccionado antes del env\u00edo<\/li>\n<li>Embalaje estable y entrega r\u00e1pida<\/li>\n<li>Calidad fiable a precios competitivos<\/li>\n<\/ul>","protected":false},"excerpt":{"rendered":"<p>La bater\u00eda de iones de litio DEL-24V10AH presenta un dise\u00f1o compacto tipo rana, perfecto para bicicletas y scooters el\u00e9ctricos. Con una capacidad de 24V 10Ah, protecci\u00f3n BMS integrada y soporte de carga r\u00e1pida, proporciona una potencia fiable, un ciclo de vida largo y un rendimiento de alta seguridad, ideal para desplazamientos diarios y veh\u00edculos el\u00e9ctricos ligeros.<\/p>","protected":false},"featured_media":2218,"comment_status":"open","ping_status":"closed","template":"","meta":{"_uag_custom_page_level_css":"","neve_meta_sidebar":"","neve_meta_container":"","neve_meta_enable_content_width":"off","neve_meta_content_width":100,"neve_meta_title_alignment":"","neve_meta_author_avatar":"","neve_post_elements_order":"","neve_meta_disable_header":"","neve_meta_disable_footer":"","neve_meta_disable_title":""},"product_brand":[],"product_cat":[46,45,43],"product_tag":[],"class_list":{"0":"post-2221","1":"product","2":"type-product","3":"status-publish","4":"has-post-thumbnail","6":"product_cat-24v-e-bike-battery","7":"product_cat-e-bike-battery","8":"product_cat-power-battery","10":"first","11":"instock","12":"shipping-taxable","13":"product-type-simple"},"uagb_featured_image_src":{"full":["https:\/\/ecavix.com\/wp-content\/uploads\/2025\/07\/24V-10ah-15ah-Electric-Bicycle-Battery-Little-Frosch-Type-for-300W-Ebike2-800-800.webp",550,550,false],"thumbnail":["https:\/\/ecavix.com\/wp-content\/uploads\/2025\/07\/24V-10ah-15ah-Electric-Bicycle-Battery-Little-Frosch-Type-for-300W-Ebike2-800-800-150x150.webp",150,150,true],"medium":["https:\/\/ecavix.com\/wp-content\/uploads\/2025\/07\/24V-10ah-15ah-Electric-Bicycle-Battery-Little-Frosch-Type-for-300W-Ebike2-800-800-300x300.webp",300,300,true],"medium_large":["https:\/\/ecavix.com\/wp-content\/uploads\/2025\/07\/24V-10ah-15ah-Electric-Bicycle-Battery-Little-Frosch-Type-for-300W-Ebike2-800-800.webp",550,550,false],"large":["https:\/\/ecavix.com\/wp-content\/uploads\/2025\/07\/24V-10ah-15ah-Electric-Bicycle-Battery-Little-Frosch-Type-for-300W-Ebike2-800-800.webp",550,550,false],"1536x1536":["https:\/\/ecavix.com\/wp-content\/uploads\/2025\/07\/24V-10ah-15ah-Electric-Bicycle-Battery-Little-Frosch-Type-for-300W-Ebike2-800-800.webp",550,550,false],"2048x2048":["https:\/\/ecavix.com\/wp-content\/uploads\/2025\/07\/24V-10ah-15ah-Electric-Bicycle-Battery-Little-Frosch-Type-for-300W-Ebike2-800-800.webp",550,550,false],"trp-custom-language-flag":["https:\/\/ecavix.com\/wp-content\/uploads\/2025\/07\/24V-10ah-15ah-Electric-Bicycle-Battery-Little-Frosch-Type-for-300W-Ebike2-800-800.webp",12,12,false],"neve-blog":["https:\/\/ecavix.com\/wp-content\/uploads\/2025\/07\/24V-10ah-15ah-Electric-Bicycle-Battery-Little-Frosch-Type-for-300W-Ebike2-800-800.webp",550,550,false],"woocommerce_thumbnail":["https:\/\/ecavix.com\/wp-content\/uploads\/2025\/07\/24V-10ah-15ah-Electric-Bicycle-Battery-Little-Frosch-Type-for-300W-Ebike2-800-800-300x300.webp",300,300,true],"woocommerce_single":["https:\/\/ecavix.com\/wp-content\/uploads\/2025\/07\/24V-10ah-15ah-Electric-Bicycle-Battery-Little-Frosch-Type-for-300W-Ebike2-800-800.webp",550,550,false],"woocommerce_gallery_thumbnail":["https:\/\/ecavix.com\/wp-content\/uploads\/2025\/07\/24V-10ah-15ah-Electric-Bicycle-Battery-Little-Frosch-Type-for-300W-Ebike2-800-800-100x100.webp",100,100,true]},"uagb_author_info":{"display_name":"solvitaenergylimited@gmail.com","author_link":"https:\/\/ecavix.com\/es\/author\/"},"uagb_comment_info":0,"uagb_excerpt":"The DEL-24V10AH lithium-ion battery pack features a compact frog-style design, perfect for electric bikes and scooters. With a 24V 10Ah capacity, built-in BMS protection, and fast charging support, it delivers reliable power, long cycle life, and high safety performance\u2014ideal for daily commuting and light electric vehicles","_links":{"self":[{"href":"https:\/\/ecavix.com\/es\/wp-json\/wp\/v2\/product\/2221","targetHints":{"allow":["GET"]}}],"collection":[{"href":"https:\/\/ecavix.com\/es\/wp-json\/wp\/v2\/product"}],"about":[{"href":"https:\/\/ecavix.com\/es\/wp-json\/wp\/v2\/types\/product"}],"replies":[{"embeddable":true,"href":"https:\/\/ecavix.com\/es\/wp-json\/wp\/v2\/comments?post=2221"}],"wp:featuredmedia":[{"embeddable":true,"href":"https:\/\/ecavix.com\/es\/wp-json\/wp\/v2\/media\/2218"}],"wp:attachment":[{"href":"https:\/\/ecavix.com\/es\/wp-json\/wp\/v2\/media?parent=2221"}],"wp:term":[{"taxonomy":"product_brand","embeddable":true,"href":"https:\/\/ecavix.com\/es\/wp-json\/wp\/v2\/product_brand?post=2221"},{"taxonomy":"product_cat","embeddable":true,"href":"https:\/\/ecavix.com\/es\/wp-json\/wp\/v2\/product_cat?post=2221"},{"taxonomy":"product_tag","embeddable":true,"href":"https:\/\/ecavix.com\/es\/wp-json\/wp\/v2\/product_tag?post=2221"}],"curies":[{"name":"wp","href":"https:\/\/api.w.org\/{rel}","templated":true}]}}