{"id":2214,"date":"2025-07-17T07:48:03","date_gmt":"2025-07-17T07:48:03","guid":{"rendered":"https:\/\/ecavix.com\/?post_type=product&#038;p=2214"},"modified":"2025-07-18T03:51:07","modified_gmt":"2025-07-18T03:51:07","slug":"bateria-de-iones-de-litio-24v-15ah-para-ebike","status":"publish","type":"product","link":"https:\/\/ecavix.com\/es\/product\/lithium-ion-battery-pack-24v-15ah-for-ebike\/","title":{"rendered":"Bater\u00eda de Ion Litio 24V 15ah para Ebike"},"content":{"rendered":"<br \/>\n<style>\n<p>    h1, h2 {\n      color: #2c3e50;\n    }\n    h1 {\n      border-bottom: 2px solid #3ca860;\n      padding-bottom: 10px;\n    }\n    h2 {\n      background-color: #f8f9fa;\n      padding: 8px 12px;\n      border-left: 4px solid #3ca860;\n      margin-top: 30px;\n    }\n    table {\n      width: 100%;\n      border-collapse: collapse;\n      margin: 15px 0;\n      box-shadow: 0 1px 3px rgba(0,0,0,0.1);\n    }\n    th, td {\n      padding: 12px 15px;\n      text-align: left;\n      border: 1px solid #ddd;\n    }\n    th {\n      background-color: #3ca860;\n      color: white;\n      width: 30%;\n    }\n    tr:nth-child(even) {\n      background-color: #f2f2f2;\n    }\n    tr:hover {\n      background-color: #e8f5ee;\n    }\n    .features-grid {\n      display: grid;\n      grid-template-columns: repeat(2, 1fr);\n      gap: 15px;\n      margin: 20px 0;\n    }\n    .feature-card {\n      background-color: #e8f5ee;\n      padding: 15px;\n      border-radius: 5px;\n      border-left: 4px solid #3ca860;\n    }\n    .protection-grid {\n      display: grid;\n      grid-template-columns: repeat(3, 1fr);\n      gap: 10px;\n      margin: 20px 0;\n    }\n    .protection-item {\n      background-color: #f0f9f3;\n      padding: 12px;\n      border-radius: 5px;\n      text-align: center;\n      border: 1px solid #3ca860;\n    }\n    .app-grid {\n      display: grid;\n      grid-template-columns: repeat(2, 1fr);\n      gap: 15px;\n    }\n    .app-category {\n      font-weight: bold;\n      color: #3ca860;\n    }\n    @media (max-width: 768px) {\n      .features-grid, .protection-grid, .app-grid {\n        grid-template-columns: 1fr;\n      }\n    }\n  <\/style>\n<h1>Bater\u00eda de Ion Litio 24V 15ah para Ebike<\/h1>\n<h2>Productos<\/h2>\n<table>\n<tr>\n<th>N\u00famero de modelo<\/th>\n<td>DL-2415\/7S6P<\/td>\n<\/tr>\n<tr>\n<th>Tensi\u00f3n nominal<\/th>\n<td>24V<\/td>\n<\/tr>\n<tr>\n<th>Capacidad nominal<\/th>\n<td>15Ah<\/td>\n<\/tr>\n<tr>\n<th>Tipo de bater\u00eda<\/th>\n<td>18650 Litio-Ion (7S6P)<\/td>\n<\/tr>\n<tr>\n<th>Color<\/th>\n<td>Azul<\/td>\n<\/tr>\n<tr>\n<th>Capacidad de producci\u00f3n<\/th>\n<td>3000 paquetes\/d\u00eda<\/td>\n<\/tr>\n<\/table>\n<h2>Especificaciones t\u00e9cnicas<\/h2>\n<table>\n<tr>\n<th>Dimensiones<\/th>\n<td>230\u00d775\u00d770 mm<\/td>\n<\/tr>\n<tr>\n<th>Peso neto<\/th>\n<td>2,2 KG<\/td>\n<\/tr>\n<tr>\n<th>Tensi\u00f3n de carga<\/th>\n<td>29.4V<\/td>\n<\/tr>\n<tr>\n<th>Corriente de carga est\u00e1ndar<\/th>\n<td>3A<\/td>\n<\/tr>\n<tr>\n<th>Corriente de descarga continua<\/th>\n<td>25A<\/td>\n<\/tr>\n<tr>\n<th>Tensi\u00f3n de corte de descarga<\/th>\n<td>19.6V<\/td>\n<\/tr>\n<tr>\n<th>Ciclo de vida<\/th>\n<td>500 veces<\/td>\n<\/tr>\n<tr>\n<th>Temperatura<\/th>\n<td>Carga: 0~45\u00b0C, Descarga: -20~60\u00b0C<\/td>\n<\/tr>\n<tr>\n<th>M\u00e9todo de cobro<\/th>\n<td>CC\/CV<\/td>\n<\/tr>\n<tr>\n<th>Garant\u00eda<\/th>\n<td>12 meses<\/td>\n<\/tr>\n<\/table>\n<h2>Funciones de protecci\u00f3n de seguridad<\/h2>\n<div class=\"protection-grid\">\n<div class=\"protection-item\">Protecci\u00f3n contra sobrecarga<\/div>\n<div class=\"protection-item\">Protecci\u00f3n contra sobrecarga<\/div>\n<div class=\"protection-item\">Protecci\u00f3n contra sobreintensidad<\/div>\n<div class=\"protection-item\">Protecci\u00f3n contra cortocircuitos<\/div>\n<div class=\"protection-item\">Protecci\u00f3n t\u00e9rmica<\/div>\n<div class=\"protection-item\">BMS Integrado<\/div>\n<\/p><\/div>\n<h2>Caracter\u00edsticas principales<\/h2>\n<div class=\"features-grid\">\n<div class=\"feature-card\">\n      <strong>Seguro y fiable<\/strong><\/p>\n<p>No inflamable, no explosivo con protecci\u00f3n BMS incorporada.<\/p>\n<\/p><\/div>\n<div class=\"feature-card\">\n      <strong>Energ\u00eda verde<\/strong><\/p>\n<p>No contiene materiales t\u00f3xicos, respetuoso con el medio ambiente.<\/p>\n<\/p><\/div>\n<div class=\"feature-card\">\n      <strong>Alta potencia<\/strong><\/p>\n<p>Las c\u00e9lulas con clasificaci\u00f3n 3C de China garantizan un alto rendimiento.<\/p>\n<\/p><\/div>\n<div class=\"feature-card\">\n      <strong>Larga vida \u00fatil<\/strong><\/p>\n<p>500+ ciclos con retenci\u00f3n de capacidad 80%.<\/p>\n<\/p><\/div>\n<div class=\"feature-card\">\n      <strong>Sin efecto memoria<\/strong><\/p>\n<p>Recarga en cualquier momento sin reducir la capacidad de la bater\u00eda.<\/p>\n<\/p><\/div>\n<div class=\"feature-card\">\n      <strong>Baja autodescarga<\/strong><\/p>\n<p>Tasa de descarga mensual inferior a 3%.<\/p>\n<\/p><\/div>\n<\/p><\/div>\n<h2>Aplicaciones<\/h2>\n<div class=\"app-grid\">\n<div>\n<div class=\"app-category\">Veh\u00edculos el\u00e9ctricos<\/div>\n<ul>\n<li>E-bicicletas, E-scooters, E-motos<\/li>\n<li>Carritos de golf el\u00e9ctricos<\/li>\n<li>Sillas de ruedas el\u00e9ctricas<\/li>\n<\/ul><\/div>\n<div>\n<div class=\"app-category\">Herramientas el\u00e9ctricas<\/div>\n<ul>\n<li>Taladros y sierras el\u00e9ctricos<\/li>\n<li>Cortac\u00e9spedes<\/li>\n<\/ul><\/div>\n<div>\n<div class=\"app-category\">Energ\u00eda solar y almacenamiento<\/div>\n<ul>\n<li>Sistemas de energ\u00eda solar<\/li>\n<li>Almacenamiento de energ\u00eda e\u00f3lica<\/li>\n<li>Estaciones base de telecomunicaciones<\/li>\n<\/ul><\/div>\n<div>\n<div class=\"app-category\">Otros dispositivos<\/div>\n<ul>\n<li>Iluminaci\u00f3n LED<\/li>\n<li>Barcos, aviones y juguetes a control remoto<\/li>\n<li>Peque\u00f1os productos sanitarios<\/li>\n<\/ul><\/div>\n<\/p><\/div>","protected":false},"excerpt":{"rendered":"<p>El DLithium Ion Battery Pack 24V 15ah para Ebike, dise\u00f1ado para e-bikes, scooters el\u00e9ctricos, y otros veh\u00edculos el\u00e9ctricos ligeros. Con un rendimiento estable, ciclo de vida largo y alta densidad de energ\u00eda, es ideal para aplicaciones de movilidad el\u00e9ctrica tanto comerciales como personales.<br \/>\n<a href=\"\/es\/pongase-en-contacto-con\/\" class=\"get-inquiry\">Solicitar informaci\u00f3n<\/a><\/p>","protected":false},"featured_media":2213,"comment_status":"open","ping_status":"closed","template":"","meta":{"_uag_custom_page_level_css":"","neve_meta_sidebar":"","neve_meta_container":"","neve_meta_enable_content_width":"off","neve_meta_content_width":100,"neve_meta_title_alignment":"","neve_meta_author_avatar":"","neve_post_elements_order":"","neve_meta_disable_header":"","neve_meta_disable_footer":"","neve_meta_disable_title":""},"product_brand":[],"product_cat":[46,45,53,43,55],"product_tag":[],"class_list":{"0":"post-2214","1":"product","2":"type-product","3":"status-publish","4":"has-post-thumbnail","6":"product_cat-24v-e-bike-battery","7":"product_cat-e-bike-battery","8":"product_cat-low-speed-electric-vehicle-battery","9":"product_cat-power-battery","10":"product_cat-scooter-battery","12":"first","13":"instock","14":"shipping-taxable","15":"product-type-simple"},"uagb_featured_image_src":{"full":["https:\/\/ecavix.com\/wp-content\/uploads\/2025\/07\/High-Quality-24V-15ah-Li-Ion-Battery-Pack-18650-Cells-for-Ebike-Electric-Scooter5-800-800.webp",550,550,false],"thumbnail":["https:\/\/ecavix.com\/wp-content\/uploads\/2025\/07\/High-Quality-24V-15ah-Li-Ion-Battery-Pack-18650-Cells-for-Ebike-Electric-Scooter5-800-800-150x150.webp",150,150,true],"medium":["https:\/\/ecavix.com\/wp-content\/uploads\/2025\/07\/High-Quality-24V-15ah-Li-Ion-Battery-Pack-18650-Cells-for-Ebike-Electric-Scooter5-800-800-300x300.webp",300,300,true],"medium_large":["https:\/\/ecavix.com\/wp-content\/uploads\/2025\/07\/High-Quality-24V-15ah-Li-Ion-Battery-Pack-18650-Cells-for-Ebike-Electric-Scooter5-800-800.webp",550,550,false],"large":["https:\/\/ecavix.com\/wp-content\/uploads\/2025\/07\/High-Quality-24V-15ah-Li-Ion-Battery-Pack-18650-Cells-for-Ebike-Electric-Scooter5-800-800.webp",550,550,false],"1536x1536":["https:\/\/ecavix.com\/wp-content\/uploads\/2025\/07\/High-Quality-24V-15ah-Li-Ion-Battery-Pack-18650-Cells-for-Ebike-Electric-Scooter5-800-800.webp",550,550,false],"2048x2048":["https:\/\/ecavix.com\/wp-content\/uploads\/2025\/07\/High-Quality-24V-15ah-Li-Ion-Battery-Pack-18650-Cells-for-Ebike-Electric-Scooter5-800-800.webp",550,550,false],"trp-custom-language-flag":["https:\/\/ecavix.com\/wp-content\/uploads\/2025\/07\/High-Quality-24V-15ah-Li-Ion-Battery-Pack-18650-Cells-for-Ebike-Electric-Scooter5-800-800.webp",12,12,false],"neve-blog":["https:\/\/ecavix.com\/wp-content\/uploads\/2025\/07\/High-Quality-24V-15ah-Li-Ion-Battery-Pack-18650-Cells-for-Ebike-Electric-Scooter5-800-800.webp",550,550,false],"woocommerce_thumbnail":["https:\/\/ecavix.com\/wp-content\/uploads\/2025\/07\/High-Quality-24V-15ah-Li-Ion-Battery-Pack-18650-Cells-for-Ebike-Electric-Scooter5-800-800-300x300.webp",300,300,true],"woocommerce_single":["https:\/\/ecavix.com\/wp-content\/uploads\/2025\/07\/High-Quality-24V-15ah-Li-Ion-Battery-Pack-18650-Cells-for-Ebike-Electric-Scooter5-800-800.webp",550,550,false],"woocommerce_gallery_thumbnail":["https:\/\/ecavix.com\/wp-content\/uploads\/2025\/07\/High-Quality-24V-15ah-Li-Ion-Battery-Pack-18650-Cells-for-Ebike-Electric-Scooter5-800-800-100x100.webp",100,100,true]},"uagb_author_info":{"display_name":"solvitaenergylimited@gmail.com","author_link":"https:\/\/ecavix.com\/es\/author\/"},"uagb_comment_info":0,"uagb_excerpt":"The DLithium Ion Battery Pack 24V 15ah for Ebike, designed for e-bikes, electric scooters, and other light electric vehicles. With stable performance, long cycle life, and high energy density, it is ideal for both commercial and personal electric mobility applications Get Inquiry","_links":{"self":[{"href":"https:\/\/ecavix.com\/es\/wp-json\/wp\/v2\/product\/2214","targetHints":{"allow":["GET"]}}],"collection":[{"href":"https:\/\/ecavix.com\/es\/wp-json\/wp\/v2\/product"}],"about":[{"href":"https:\/\/ecavix.com\/es\/wp-json\/wp\/v2\/types\/product"}],"replies":[{"embeddable":true,"href":"https:\/\/ecavix.com\/es\/wp-json\/wp\/v2\/comments?post=2214"}],"wp:featuredmedia":[{"embeddable":true,"href":"https:\/\/ecavix.com\/es\/wp-json\/wp\/v2\/media\/2213"}],"wp:attachment":[{"href":"https:\/\/ecavix.com\/es\/wp-json\/wp\/v2\/media?parent=2214"}],"wp:term":[{"taxonomy":"product_brand","embeddable":true,"href":"https:\/\/ecavix.com\/es\/wp-json\/wp\/v2\/product_brand?post=2214"},{"taxonomy":"product_cat","embeddable":true,"href":"https:\/\/ecavix.com\/es\/wp-json\/wp\/v2\/product_cat?post=2214"},{"taxonomy":"product_tag","embeddable":true,"href":"https:\/\/ecavix.com\/es\/wp-json\/wp\/v2\/product_tag?post=2214"}],"curies":[{"name":"wp","href":"https:\/\/api.w.org\/{rel}","templated":true}]}}