{"id":3773,"date":"2025-09-25T08:49:45","date_gmt":"2025-09-25T08:49:45","guid":{"rendered":"https:\/\/ecavix.com\/?page_id=3773"},"modified":"2025-11-04T10:12:18","modified_gmt":"2025-11-04T10:12:18","slug":"preguntas-frecuentes-faq","status":"publish","type":"page","link":"https:\/\/ecavix.com\/es\/frequently-asked-questions-faq\/","title":{"rendered":"Preguntas m\u00e1s frecuentes (FAQ)"},"content":{"rendered":"<div class=\"wp-block-uagb-container uagb-block-7c77acf5 alignfull uagb-is-root-container\">\n    <style>\n        \/* Scoped Root Element and Reset (Assuming this is an embedded section) *\/\n        #ecavix-faq-embed *, \n        #ecavix-faq-embed *::before, \n        #ecavix-faq-embed *::after {\n            margin: 0;\n            padding: 0;\n            box-sizing: border-box;\n        }\n\n        #ecavix-faq-embed {\n            font-family: 'Inter', -apple-system, BlinkMacSystemFont, sans-serif;\n            background: #000;\n            color: #fff;\n            padding: 120px 60px; \/* Section Padding *\/\n            min-height: 80vh;\n        }\n\n        \/* General Section Header *\/\n        #ecavix-faq-embed .ecavix-section-header {\n            text-align: center;\n            margin-bottom: 80px;\n            padding: 0 20px;\n        }\n\n        #ecavix-faq-embed .ecavix-section-label {\n            font-size: 0.875rem;\n            font-weight: 600;\n            text-transform: uppercase;\n            letter-spacing: 2px;\n            color: #0066FF; \/* Accent color *\/\n            margin-bottom: 16px;\n        }\n\n        #ecavix-faq-embed .ecavix-section-title {\n            font-size: 3.5rem;\n            font-weight: 800;\n            letter-spacing: -2px;\n            margin-bottom: 20px;\n            line-height: 1.1;\n            \/* Gradient for high-end look *\/\n            background: linear-gradient(135deg, #fff 0%, #a0a0a0 100%);\n            -webkit-background-clip: text;\n            -webkit-text-fill-color: transparent;\n            background-clip: text;\n        }\n\n        #ecavix-faq-embed .ecavix-section-description {\n            font-size: 1.25rem;\n            color: #808080;\n            max-width: 900px;\n            margin: 0 auto;\n        }\n\n        \/* FAQ Container and Grid *\/\n        #ecavix-faq-embed .ecavix-faq-container {\n            max-width: 1100px;\n            margin: 0 auto;\n        }\n        \n        #ecavix-faq-embed .ecavix-faq-grid {\n            grid-template-columns: 280px 1fr; \/* Title column and FAQ list column *\/\n            gap: 40px;\n            display: grid;\n        }\n        \n        \/* Sidebar Navigation\/Category List *\/\n        #ecavix-faq-embed .ecavix-faq-sidebar h3 {\n            font-size: 1.5rem;\n            font-weight: 700;\n            margin-bottom: 25px;\n            color: #00d4ff; \/* Secondary accent color *\/\n            border-bottom: 2px solid #00d4ff;\n            padding-bottom: 8px;\n            display: inline-block;\n        }\n        \n        #ecavix-faq-embed .ecavix-faq-sidebar ul {\n            list-style: none;\n            display: flex;\n            flex-direction: column;\n            gap: 15px;\n        }\n\n        #ecavix-faq-embed .ecavix-faq-sidebar ul li a {\n            font-size: 1.05rem;\n            font-weight: 500;\n            color: #b0b0b0;\n            text-decoration: none;\n            display: block;\n            padding: 10px 15px;\n            border-radius: 8px;\n            transition: all 0.3s ease;\n            border-left: 3px solid transparent;\n        }\n        \n        #ecavix-faq-embed .ecavix-faq-sidebar ul li a.active,\n        #ecavix-faq-embed .ecavix-faq-sidebar ul li a:hover {\n            color: #fff;\n            background: #1a1a1a;\n            border-left: 3px solid #0066FF;\n            transform: translateX(5px);\n        }\n\n        \/* FAQ List (Accordion Style) *\/\n        #ecavix-faq-embed .ecavix-faq-list {\n            display: flex;\n            flex-direction: column;\n            gap: 15px;\n        }\n\n        #ecavix-faq-embed .ecavix-faq-group {\n            border-top: 2px solid #1a1a1a;\n            padding-top: 30px;\n        }\n        \n        #ecavix-faq-embed .ecavix-faq-group:first-child {\n            border-top: none;\n            padding-top: 0;\n        }\n\n        #ecavix-faq-embed .ecavix-faq-group h4 {\n            font-size: 1.75rem;\n            font-weight: 700;\n            margin-bottom: 25px;\n            color: #fff;\n            letter-spacing: -0.5px;\n            padding-bottom: 5px;\n            border-bottom: 1px solid #1a1a1a;\n        }\n\n        \/* Individual FAQ Item *\/\n        #ecavix-faq-embed .ecavix-faq-item {\n            background: #0a0a0a;\n            border-radius: 12px;\n            border: 1px solid #1a1a1a;\n            margin-bottom: 15px;\n            overflow: hidden;\n            transition: border-color 0.3s ease;\n        }\n        \n        #ecavix-faq-embed .ecavix-faq-item:hover {\n            border-color: #2a2a2a;\n        }\n\n        #ecavix-faq-embed .ecavix-faq-question {\n            display: flex;\n            justify-content: space-between;\n            align-items: center;\n            padding: 20px 30px;\n            cursor: pointer;\n            font-size: 1.15rem;\n            font-weight: 600;\n            color: #fff;\n            transition: background 0.3s ease;\n        }\n\n        #ecavix-faq-embed .ecavix-faq-question:hover {\n            background: #151515;\n        }\n\n        #ecavix-faq-embed .ecavix-faq-question.active {\n            color: #0066FF;\n            background: #1a1a1a;\n        }\n\n        #ecavix-faq-embed .ecavix-faq-question .ecavix-toggle-icon {\n            font-size: 1.5rem;\n            transition: transform 0.3s ease;\n        }\n\n        #ecavix-faq-embed .ecavix-faq-question.active .ecavix-toggle-icon {\n            transform: rotate(45deg); \/* Plus sign becomes an X *\/\n        }\n        \n        #ecavix-faq-embed .ecavix-faq-answer {\n            max-height: 0;\n            padding: 0 30px;\n            overflow: hidden;\n            transition: max-height 0.4s ease-out, padding 0.4s ease-out;\n            background: #1a1a1a;\n        }\n\n        #ecavix-faq-embed .ecavix-faq-answer.open {\n            max-height: 500px; \/* Increased max-height for longer answers *\/\n            padding: 20px 30px 30px;\n            border-top: 1px solid #2a2a2a;\n        }\n\n        #ecavix-faq-embed .ecavix-faq-answer p {\n            font-size: 1rem;\n            line-height: 1.8;\n            color: #b0b0b0;\n        }\n\n        \/* Responsive Adjustments *\/\n        @media (max-width: 1024px) {\n            #ecavix-faq-embed {\n                padding: 80px 20px;\n            }\n            #ecavix-faq-embed .ecavix-faq-grid {\n                grid-template-columns: 1fr; \/* Stack columns *\/\n                gap: 40px;\n            }\n            #ecavix-faq-embed .ecavix-faq-sidebar {\n                display: none; \/* Hide sidebar on smaller screens, rely on section titles *\/\n            }\n            #ecavix-faq-embed .ecavix-section-title {\n                font-size: 3rem;\n            }\n        }\n        \n        @media (max-width: 768px) {\n             #ecavix-faq-embed .ecavix-section-title {\n                font-size: 2.25rem;\n            }\n             #ecavix-faq-embed .ecavix-faq-question {\n                font-size: 1rem;\n                padding: 15px 20px;\n            }\n             #ecavix-faq-embed .ecavix-faq-answer p {\n                font-size: 0.95rem;\n            }\n            #ecavix-faq-embed .ecavix-faq-group h4 {\n                font-size: 1.5rem;\n            }\n        }\n    <\/style>\n\n\n\n <div id=\"ecavix-faq-embed\">\n\n        <div class=\"ecavix-section-header\">\n            <div class=\"ecavix-section-label\">Respuestas a sus preguntas b\u00e1sicas<\/div>\n            <h2 class=\"ecavix-section-title\">Preguntas frecuentes sobre Ecavix<\/h2>\n            <p class=\"ecavix-section-description\">\n                Proporcionamos a nuestros socios y clientes de todo el mundo respuestas muy claras sobre las especificaciones t\u00e9cnicas, los modelos de precios, las certificaciones y los servicios de personalizaci\u00f3n de las bater\u00edas Ecavix LiFePO\u2084. Esta secci\u00f3n est\u00e1 dise\u00f1ada para un acceso eficiente a la informaci\u00f3n cr\u00edtica del proyecto.\n            <\/p>\n        <\/div>\n\n        <div class=\"ecavix-faq-container\">\n            <div class=\"ecavix-faq-grid\">\n                \n                <div class=\"ecavix-faq-sidebar\">\n                    <h3>Navegaci\u00f3n r\u00e1pida<\/h3>\n                    <ul>\n                        <li><a href=\"#tech\" class=\"active\">Tecnolog\u00eda y seguridad<\/a><\/li>\n                        <li><a href=\"#deploy\">Compatibilidad e implantaci\u00f3n<\/a><\/li>\n                        <li><a href=\"#procurement\">Adquisiciones y personalizaci\u00f3n<\/a><\/li>\n                        <li><a href=\"#warranty\">Garant\u00eda y servicio<\/a><\/li>\n                    <\/ul>\n                <\/div>\n\n                <div class=\"ecavix-faq-list\">\n                    \n                    <div class=\"ecavix-faq-group\" id=\"tech\">\n                        <h4>Tecnolog\u00eda y seguridad: Principales ventajas de Ecavix<\/h4>\n                        \n                        <div class=\"ecavix-faq-item\">\n                            <div class=\"ecavix-faq-question\" onclick=\"toggleFaq(this)\">\n                                \u00bfQu\u00e9 es el BMS y c\u00f3mo garantiza la seguridad del sistema?\n                                <span class=\"ecavix-toggle-icon\">+<\/span>\n                            <\/div>\n                            <div class=\"ecavix-faq-answer\">\n                                <p>El BMS (Sistema de Gesti\u00f3n de Bater\u00edas) es el n\u00facleo inteligente de la bater\u00eda Ecavix. Supervisa en tiempo real par\u00e1metros cr\u00edticos como el voltaje, la corriente y la temperatura de las celdas. Proporciona una protecci\u00f3n rigurosa contra sobrecargas, sobredescargas, cortocircuitos y eventos t\u00e9rmicos, garantizando que la bater\u00eda funcione de forma segura y fiable en todas las condiciones mediante un equilibrado inteligente de las celdas.<\/p>\n                            <\/div>\n                        <\/div>\n                        \n                        <div class=\"ecavix-faq-item\">\n                            <div class=\"ecavix-faq-question\" onclick=\"toggleFaq(this)\">\n                                \u00bfQu\u00e9 tecnolog\u00eda celular utiliza Ecavix y cu\u00e1l es su ciclo de vida?\n                                <span class=\"ecavix-toggle-icon\">+<\/span>\n                            <\/div>\n                            <div class=\"ecavix-faq-answer\">\n                                <p>Utilizamos exclusivamente **c\u00e9lulas LiFePO\u2084 (fosfato de hierro y litio)** de grado A para automoci\u00f3n. Esta qu\u00edmica proporciona una estabilidad t\u00e9rmica superior, seguridad inherente y una vida \u00fatil ultralarga de **m\u00e1s de 6000 ciclos** a una profundidad de descarga (DOD) de 80%, lo que garantiza un rendimiento y una fiabilidad a largo plazo para su inversi\u00f3n en ESS.<\/p>\n                            <\/div>\n                        <\/div>\n                        \n                        <div class=\"ecavix-faq-item\">\n                            <div class=\"ecavix-faq-question\" onclick=\"toggleFaq(this)\">\n                                \u00bfCu\u00e1l es el intervalo de temperatura de funcionamiento seguro para la serie de montaje en bastidor?\n                                <span class=\"ecavix-toggle-icon\">+<\/span>\n                            <\/div>\n                            <div class=\"ecavix-faq-answer\">\n                                <p>Nuestras bater\u00edas de montaje en bastidor est\u00e1n dise\u00f1adas para ofrecer un rendimiento s\u00f3lido. El rango de temperatura de funcionamiento recomendado para la descarga suele ser de **-20\u00b0C a 60\u00b0C**, y para la carga, de **0\u00b0C a 45\u00b0C**. El BMS inteligente limitar\u00e1 autom\u00e1ticamente la corriente o apagar\u00e1 el sistema si las temperaturas superan los l\u00edmites de seguridad, garantizando la integridad de la c\u00e9lula.<\/p>\n                            <\/div>\n                        <\/div>\n\n                        <div class=\"ecavix-faq-item\">\n                            <div class=\"ecavix-faq-question\" onclick=\"toggleFaq(this)\">\n                                \u00bfCu\u00e1l es el material de la carcasa y el grado de protecci\u00f3n IP de los m\u00f3dulos?\n                                <span class=\"ecavix-toggle-icon\">+<\/span>\n                            <\/div>\n                            <div class=\"ecavix-faq-answer\">\n                                <p>Los m\u00f3dulos utilizan una carcasa met\u00e1lica duradera dise\u00f1ada para montaje en bastidor de 19 pulgadas, optimizada para la disipaci\u00f3n del calor y una protecci\u00f3n robusta. La serie est\u00e1ndar de montaje en bastidor tiene una clasificaci\u00f3n **IP20**, adecuada para la instalaci\u00f3n en interiores dentro de un entorno de armario controlado. Para aplicaciones espec\u00edficas en exteriores, p\u00f3ngase en contacto con nosotros para obtener soluciones de armarios especializados.<\/p>\n                            <\/div>\n                        <\/div>\n\n                    <\/div>\n                    \n                    <div class=\"ecavix-faq-group\" id=\"deploy\">\n                        <h4>Compatibilidad e implantaci\u00f3n: Integraci\u00f3n perfecta y flexibilidad<\/h4>\n                        \n                        <div class=\"ecavix-faq-item\">\n                            <div class=\"ecavix-faq-question\" onclick=\"toggleFaq(this)\">\n                                \u00bfCon qu\u00e9 principales marcas de inversores es compatible la serie Rack Mount?\n                                <span class=\"ecavix-toggle-icon\">+<\/span>\n                            <\/div>\n                            <div class=\"ecavix-faq-answer\">\n                                <p>Nuestro BMS inteligente incorpora **protocolos de comunicaci\u00f3n CAN\/RS485** compatibles con la gran mayor\u00eda de marcas de inversores l\u00edderes del sector, entre las que se incluyen Victron, Deye, Growatt, Solis, SMA, etc. Esto garantiza una verdadera funcionalidad plug-and-play, gesti\u00f3n centralizada e integraci\u00f3n del sistema. Las listas de compatibilidad espec\u00edficas est\u00e1n disponibles bajo petici\u00f3n.<\/p>\n                            <\/div>\n                        <\/div>\n\n                        <div class=\"ecavix-faq-item\">\n                            <div class=\"ecavix-faq-question\" onclick=\"toggleFaq(this)\">\n                                \u00bfEs la capacidad del sistema flexible y escalable para grandes proyectos?\n                                <span class=\"ecavix-toggle-icon\">+<\/span>\n                            <\/div>\n                            <div class=\"ecavix-faq-answer\">\n                                <p>Absolutamente. La serie Ecavix de montaje en bastidor est\u00e1 dise\u00f1ada para la escalabilidad modular. Puede conectar f\u00e1cilmente en paralelo hasta **16 o m\u00e1s m\u00f3dulos** (por ejemplo, m\u00f3dulos de 5,12 kWh) para ampliar la capacidad de su sistema desde kilovatios-hora de un solo d\u00edgito hasta cientos de kilovatios-hora, satisfaciendo perfectamente las demandas de grandes proyectos ESS comerciales o industriales.<\/p>\n                            <\/div>\n                        <\/div>\n                        \n                        <div class=\"ecavix-faq-item\">\n                            <div class=\"ecavix-faq-question\" onclick=\"toggleFaq(this)\">\n                                \u00bfPuedo mezclar m\u00f3dulos de distintas capacidades (100Ah, 200Ah) en un mismo sistema?\n                                <span class=\"ecavix-toggle-icon\">+<\/span>\n                            <\/div>\n                            <div class=\"ecavix-faq-answer\">\n                                <p>Para un rendimiento \u00f3ptimo, longevidad y estabilidad de la comunicaci\u00f3n, recomendamos encarecidamente **no mezclar** m\u00f3dulos con diferentes capacidades en Amperios-hora (Ah) (por ejemplo, 100Ah y 200Ah) dentro del mismo grupo en paralelo. Todos los m\u00f3dulos de un mismo sistema deben tener la misma capacidad y el mismo n\u00famero de modelo.<\/p>\n                            <\/div>\n                        <\/div>\n\n                    <\/div>\n\n                    <div class=\"ecavix-faq-group\" id=\"procurement\">\n                        <h4>Adquisiciones y personalizaci\u00f3n: Asociaci\u00f3n y proceso de pedido<\/h4>\n                        \n                        <div class=\"ecavix-faq-item\">\n                            <div class=\"ecavix-faq-question\" onclick=\"toggleFaq(this)\">\n                                \u00bfTienen las bater\u00edas Ecavix certificaciones internacionales?\n                                <span class=\"ecavix-toggle-icon\">+<\/span>\n                            <\/div>\n                            <div class=\"ecavix-faq-answer\">\n                                <p>S\u00ed. Todos nuestros productos se someten a estrictos controles de calidad y cuentan con las principales certificaciones mundiales, como **UL, CE, IEC 62619, FCC, UN38.3** (para transporte), etc. Estas credenciales afirman que nuestros productos cumplen las normas internacionales de seguridad y calidad m\u00e1s exigentes para su implantaci\u00f3n y venta en todo el mundo.<\/p>\n                            <\/div>\n                        <\/div>\n\n                        <div class=\"ecavix-faq-item\">\n                            <div class=\"ecavix-faq-question\" onclick=\"toggleFaq(this)\">\n                                \u00bfOfrecen soluciones de bater\u00edas personalizadas (OEM\/ODM)?\n                                <span class=\"ecavix-toggle-icon\">+<\/span>\n                            <\/div>\n                            <div class=\"ecavix-faq-answer\">\n                                <p>Aceptamos colaboraciones OEM\/ODM. Nuestros servicios de personalizaci\u00f3n abarcan modificaciones integrales, desde la optimizaci\u00f3n de la configuraci\u00f3n de la c\u00e9lula, el desarrollo de firmware BMS propio y adaptaciones espec\u00edficas del protocolo del inversor, hasta dimensiones de carcasa y dise\u00f1os de conectores a medida, garantizando una adaptaci\u00f3n perfecta a las especificaciones y la marca exclusivas de su proyecto.<\/p>\n                            <\/div>\n                        <\/div>\n                        \n                         <div class=\"ecavix-faq-item\">\n                            <div class=\"ecavix-faq-question\" onclick=\"toggleFaq(this)\">\n                                \u00bfCu\u00e1l es la cantidad m\u00ednima de pedido (MOQ) y el plazo de entrega?\n                                <span class=\"ecavix-toggle-icon\">+<\/span>\n                            <\/div>\n                            <div class=\"ecavix-faq-answer\">\n                                <p>Para los modelos est\u00e1ndar, el MOQ suele ser de **10 unidades** por modelo de capacidad. Los plazos de entrega var\u00edan en funci\u00f3n del tama\u00f1o del pedido y de la capacidad de producci\u00f3n actual, y suelen oscilar entre **4 y 6 semanas** una vez confirmados el dep\u00f3sito y las especificaciones finales. Para pedidos de grandes proyectos o soluciones personalizadas, consulte directamente a nuestro equipo de ventas para obtener un presupuesto y un plazo de entrega precisos.<\/p>\n                            <\/div>\n                        <\/div>\n\n                    <\/div>\n                    \n                    <div class=\"ecavix-faq-group\" id=\"warranty\">\n                        <h4>Garant\u00eda y servicio: Nuestro compromiso de fiabilidad<\/h4>\n                        \n                        <div class=\"ecavix-faq-item\">\n                            <div class=\"ecavix-faq-question\" onclick=\"toggleFaq(this)\">\n                                \u00bfCu\u00e1l es el periodo de garant\u00eda de los productos Ecavix?\n                                <span class=\"ecavix-toggle-icon\">+<\/span>\n                            <\/div>\n                            <div class=\"ecavix-faq-answer\">\n                                <p>Ofrecemos una **garant\u00eda limitada de 10 a\u00f1os** l\u00edder en el sector. Esta confianza se debe a que utilizamos c\u00e9lulas de grado A de alta calidad y tecnolog\u00eda BMS avanzada, lo que garantiza un rendimiento fiable a largo plazo y la m\u00e1xima rentabilidad de su inversi\u00f3n durante la vida \u00fatil del sistema.<\/p>\n                            <\/div>\n                        <\/div>\n\n                        <div class=\"ecavix-faq-item\">\n                            <div class=\"ecavix-faq-question\" onclick=\"toggleFaq(this)\">\n                                \u00bfQu\u00e9 tipo de asistencia t\u00e9cnica hay despu\u00e9s de la venta?\n                                <span class=\"ecavix-toggle-icon\">+<\/span>\n                            <\/div>\n                            <div class=\"ecavix-faq-answer\">\n                                <p>Ofrecemos asistencia t\u00e9cnica de varios niveles a nuestros socios, como consultas profesionales de dise\u00f1o de sistemas preventa, gu\u00edas y manuales de instalaci\u00f3n detallados, diagn\u00f3sticos remotos de BMS y servicios de actualizaci\u00f3n de firmware por aire. Nuestro equipo t\u00e9cnico multiling\u00fce garantiza una asistencia eficaz y puntual a nuestros clientes en todo el mundo.<\/p>\n                            <\/div>\n                        <\/div>\n                    <\/div>\n\n                <\/div>\n            <\/div>\n        <\/div>\n\n    <\/div> \n    \n    <script>\n        \/\/ JavaScript for Accordion Toggle functionality\n        function toggleFaq(element) {\n            const item = element.closest('.ecavix-faq-item');\n            const answer = item.querySelector('.ecavix-faq-answer');\n            \n            \/\/ Check if it's already open\n            const isOpen = answer.classList.contains('open');\n\n            \/\/ Close all other open answers\n            document.querySelectorAll('.ecavix-faq-answer.open').forEach(openAnswer => {\n                if (openAnswer !== answer) {\n                    openAnswer.classList.remove('open');\n                    openAnswer.closest('.ecavix-faq-item').querySelector('.ecavix-faq-question').classList.remove('active');\n                }\n            });\n\n            \/\/ Toggle the current one\n            element.classList.toggle('active', !isOpen);\n            answer.classList.toggle('open', !isOpen);\n        }\n        \n        \/\/ Optional: Sidebar smooth scroll & active state logic (simplified for FAQ context)\n        document.querySelectorAll('.ecavix-faq-sidebar ul li a').forEach(anchor => {\n            anchor.addEventListener('click', function (e) {\n                e.preventDefault();\n                const targetId = this.getAttribute('href');\n                const targetElement = document.querySelector(targetId);\n                \n                \/\/ Scroll the main content wrapper (or window) to the target group\n                if (targetElement) {\n                    window.scrollTo({\n                        top: targetElement.offsetTop,\n                        behavior: 'smooth'\n                    });\n                }\n                \n                \/\/ Update active state (optional, visual only)\n                document.querySelectorAll('.ecavix-faq-sidebar ul li a').forEach(item => item.classList.remove('active'));\n                this.classList.add('active');\n            });\n        });\n    <\/script>\n<\/div>","protected":false},"excerpt":{"rendered":"<p>Your Core Questions Answered Ecavix Frequently Asked Questions (FAQ) Providing our global partners and clients with crystal-clear answers regarding the technical specifications, pricing models, certifications, and customization services for Ecavix LiFePO\u2084 batteries. This section is designed for efficient, project-critical information access. Quick Navigation Technology &#038; Safety Compatibility &#038; Deployment Procurement &#038; Customization Warranty &#038; Service&hellip;&nbsp;<a href=\"https:\/\/ecavix.com\/es\/frequently-asked-questions-faq\/\" rel=\"bookmark\"><span class=\"screen-reader-text\">Preguntas m\u00e1s frecuentes (FAQ)<\/span><\/a><\/p>","protected":false},"author":1,"featured_media":0,"parent":0,"menu_order":0,"comment_status":"closed","ping_status":"closed","template":"","meta":{"_uag_custom_page_level_css":"","neve_meta_sidebar":"","neve_meta_container":"","neve_meta_enable_content_width":"","neve_meta_content_width":0,"neve_meta_title_alignment":"","neve_meta_author_avatar":"","neve_post_elements_order":"","neve_meta_disable_header":"","neve_meta_disable_footer":"","neve_meta_disable_title":"","footnotes":""},"class_list":["post-3773","page","type-page","status-publish","hentry"],"uagb_featured_image_src":{"full":false,"thumbnail":false,"medium":false,"medium_large":false,"large":false,"1536x1536":false,"2048x2048":false,"trp-custom-language-flag":false,"neve-blog":false,"woocommerce_thumbnail":false,"woocommerce_single":false,"woocommerce_gallery_thumbnail":false},"uagb_author_info":{"display_name":"solvitaenergylimited@gmail.com","author_link":"https:\/\/ecavix.com\/es\/author\/solvitaenergylimitedgmail-com\/"},"uagb_comment_info":0,"uagb_excerpt":"Your Core Questions Answered Ecavix Frequently Asked Questions (FAQ) Providing our global partners and clients with crystal-clear answers regarding the technical specifications, pricing models, certifications, and customization services for Ecavix LiFePO\u2084 batteries. This section is designed for efficient, project-critical information access. Quick Navigation Technology &#038; Safety Compatibility &#038; Deployment Procurement &#038; Customization Warranty &#038; Service&hellip;&nbsp;Frequently&hellip;","_links":{"self":[{"href":"https:\/\/ecavix.com\/es\/wp-json\/wp\/v2\/pages\/3773","targetHints":{"allow":["GET"]}}],"collection":[{"href":"https:\/\/ecavix.com\/es\/wp-json\/wp\/v2\/pages"}],"about":[{"href":"https:\/\/ecavix.com\/es\/wp-json\/wp\/v2\/types\/page"}],"author":[{"embeddable":true,"href":"https:\/\/ecavix.com\/es\/wp-json\/wp\/v2\/users\/1"}],"replies":[{"embeddable":true,"href":"https:\/\/ecavix.com\/es\/wp-json\/wp\/v2\/comments?post=3773"}],"version-history":[{"count":1,"href":"https:\/\/ecavix.com\/es\/wp-json\/wp\/v2\/pages\/3773\/revisions"}],"predecessor-version":[{"id":4642,"href":"https:\/\/ecavix.com\/es\/wp-json\/wp\/v2\/pages\/3773\/revisions\/4642"}],"wp:attachment":[{"href":"https:\/\/ecavix.com\/es\/wp-json\/wp\/v2\/media?parent=3773"}],"curies":[{"name":"wp","href":"https:\/\/api.w.org\/{rel}","templated":true}]}}