{"id":3350,"date":"2025-08-27T06:07:11","date_gmt":"2025-08-27T06:07:11","guid":{"rendered":"https:\/\/ecavix.com\/?post_type=product&#038;p=3350"},"modified":"2025-08-27T06:09:51","modified_gmt":"2025-08-27T06:09:51","slug":"48v-51-2v-300ah-rack-mount-lifepo4-batterie","status":"publish","type":"product","link":"https:\/\/ecavix.com\/de\/product\/48v-51-2v-300ah-rack-mount-lifepo4-battery\/","title":{"rendered":"48V\/51,2V 300Ah LiFePO4-Akku f\u00fcr Rackmontage"},"content":{"rendered":"<br \/>\n<article>\n<header>\n<h1>48V\/51,2V 300Ah LiFePO4-Batterie f\u00fcr Rackmontage: Hochleistungs-Energiespeichersystem mit 15kWh-46kWh<\/h1>\n<\/header>\n<section class=\"intro\">\n<p>Die <strong> 48V\/51,2V 300Ah Lithium-Batterie zur Rackmontage<\/strong> bietet eine beeindruckende Energiespeicherkapazit\u00e4t von 15kWh in einem einzigen Modul und ist damit die ideale L\u00f6sung f\u00fcr gewerbliche und industrielle Anwendungen mit hohem Bedarf. Dieses hochwertige ESS (Energiespeichersystem) kombiniert fortschrittliche LiFePO4-Technologie mit intelligentem Batteriemanagement und bietet durch modulare Parallelkonfiguration eine skalierbare Kapazit\u00e4t von 15kWh bis 46kWh.<\/p>\n<\/section>\n<section>\n<h2>Modulare Konfigurationsoptionen mit hoher Kapazit\u00e4t<\/h2>\n<p>Die <strong>300Ah Rack-Mount-System<\/strong> bietet au\u00dfergew\u00f6hnliche Flexibilit\u00e4t f\u00fcr den Einsatz von Energiespeichern in gro\u00dfem Ma\u00dfstab. Jedes Modul bietet eine betr\u00e4chtliche Kapazit\u00e4t und ist gleichzeitig in der Lage, entsprechend den sich entwickelnden Energieanforderungen zu skalieren:<\/p>\n<div class=\"config-table\">\n<table style=\"width: 100%; border-collapse: collapse; margin: 25px 0; box-shadow: 0 4px 12px rgba(0,0,0,0.1); border-radius: 10px; overflow: hidden;\">\n<thead>\n<tr style=\"background: linear-gradient(135deg, #667eea 0%, #764ba2 100%); color: white;\">\n<th style=\"padding: 18px; text-align: left; font-weight: 600;\">Konfiguration<\/th>\n<th style=\"padding: 18px; text-align: center; font-weight: 600;\">Spannung<\/th>\n<th style=\"padding: 18px; text-align: center; font-weight: 600;\">Gesamtkapazit\u00e4t<\/th>\n<th style=\"padding: 18px; text-align: center; font-weight: 600;\">Energiespeicherung<\/th>\n<\/tr>\n<\/thead>\n<tbody>\n<tr style=\"background-color: white;\">\n<td style=\"padding: 15px; border-bottom: 1px solid #eee;\"><strong>Einzelmodul (1P)<\/strong><\/td>\n<td style=\"padding: 15px; text-align: center; border-bottom: 1px solid #eee;\">51.2V<\/td>\n<td style=\"padding: 15px; text-align: center; border-bottom: 1px solid #eee;\">300Ah<\/td>\n<td style=\"padding: 15px; text-align: center; border-bottom: 1px solid #eee; color: #e74c3c; font-weight: 600;\">15.36kWh<\/td>\n<\/tr>\n<tr style=\"background-color: #f8f9fa;\">\n<td style=\"padding: 15px; border-bottom: 1px solid #eee;\"><strong>Doppelmodul (2P)<\/strong><\/td>\n<td style=\"padding: 15px; text-align: center; border-bottom: 1px solid #eee;\">51.2V<\/td>\n<td style=\"padding: 15px; text-align: center; border-bottom: 1px solid #eee;\">600Ah<\/td>\n<td style=\"padding: 15px; text-align: center; border-bottom: 1px solid #eee; color: #e74c3c; font-weight: 600;\">30.72kWh<\/td>\n<\/tr>\n<tr style=\"background-color: white;\">\n<td style=\"padding: 15px;\"><strong>Dreifach-Modul (3P)<\/strong><\/td>\n<td style=\"padding: 15px; text-align: center;\">51.2V<\/td>\n<td style=\"padding: 15px; text-align: center;\">900Ah<\/td>\n<td style=\"padding: 15px; text-align: center; color: #e74c3c; font-weight: 600;\">46.08kWh<\/td>\n<\/tr>\n<\/tbody>\n<\/table><\/div>\n<\/section>\n<section>\n<h2>Erstklassige Eigenschaften der 15kWh Rack Mounted Lithium Battery<\/h2>\n<div class=\"features-grid\" style=\"display: grid; grid-template-columns: repeat(auto-fit, minmax(300px, 1fr)); gap: 25px; margin: 30px 0;\">\n<div class=\"feature-card\" style=\"background: linear-gradient(145deg, #f0f2f5, #ffffff); padding: 25px; border-radius: 12px; box-shadow: 0 6px 15px rgba(0,0,0,0.1);\">\n<h3 style=\"color: #2c5aa0; margin-top: 0;\">\ud83c\udfe2 Professionelle Gestaltung von Schr\u00e4nken<\/h3>\n<p>Die <strong>Rackmontierte Schrankbatterie<\/strong> Konfiguration gew\u00e4hrleistet maximale Stabilit\u00e4t und eine professionelle Installation. Das robuste Geh\u00e4use bietet hervorragenden Schutz und optimale W\u00e4rmeableitung f\u00fcr den Dauerbetrieb.<\/p>\n<\/p><\/div>\n<div class=\"feature-card\" style=\"background: linear-gradient(145deg, #f0f2f5, #ffffff); padding: 25px; border-radius: 12px; box-shadow: 0 6px 15px rgba(0,0,0,0.1);\">\n<h3 style=\"color: #27ae60; margin-top: 0;\">\ud83e\udde0 Intelligente BMS-Technologie<\/h3>\n<p><strong>Intelligentes BMS mit RS485\/CAN<\/strong> Kommunikation erm\u00f6glicht eine nahtlose Wechselrichterintegration und System\u00fcberwachung in Echtzeit. Fortschrittliche Schutzschaltungen sorgen f\u00fcr optimale Leistung und Sicherheit.<\/p>\n<\/p><\/div>\n<div class=\"feature-card\" style=\"background: linear-gradient(145deg, #f0f2f5, #ffffff); padding: 25px; border-radius: 12px; box-shadow: 0 6px 15px rgba(0,0,0,0.1);\">\n<h3 style=\"color: #e74c3c; margin-top: 0;\">\ud83d\udd0b Premium CATL-Zellen<\/h3>\n<p><strong>LiFePO4-Zellen der G\u00fcteklasse A von CATL<\/strong> liefern \u00fcber 6.500 tiefe Zyklen und eine Lebensdauer von \u00fcber 12 Jahren. Dank der wartungsfreien Konstruktion sind keine laufenden Wartungsarbeiten erforderlich.<\/p>\n<\/p><\/div>\n<div class=\"feature-card\" style=\"background: linear-gradient(145deg, #f0f2f5, #ffffff); padding: 25px; border-radius: 12px; box-shadow: 0 6px 15px rgba(0,0,0,0.1);\">\n<h3 style=\"color: #9b59b6; margin-top: 0;\">\ud83d\udcca \u00dcberwachung in Echtzeit<\/h3>\n<p><strong>LCD-Digitalanzeige<\/strong> bietet sofortigen Zugriff auf kritische Parameter wie SOC, Spannung, Strom und Systemstatus. \u00dcberwachen Sie die Leistung Ihrer Energiespeicher auf einen Blick.<\/p>\n<\/p><\/div>\n<div class=\"feature-card\" style=\"background: linear-gradient(145deg, #f0f2f5, #ffffff); padding: 25px; border-radius: 12px; box-shadow: 0 6px 15px rgba(0,0,0,0.1);\">\n<h3 style=\"color: #f39c12; margin-top: 0;\">\ud83d\udd17 Unterst\u00fctzung paralleler Verbindungen<\/h3>\n<p><strong>Modularer paralleler Aufbau<\/strong> unterst\u00fctzt bis zu 3 Einheiten parallel, skalierbar von 15kWh bis 46kWh Kapazit\u00e4t. Erweitern Sie Ihren Energiespeicher, wenn Ihr Bedarf w\u00e4chst.<\/p>\n<\/p><\/div>\n<div class=\"feature-card\" style=\"background: linear-gradient(145deg, #f0f2f5, #ffffff); padding: 25px; border-radius: 12px; box-shadow: 0 6px 15px rgba(0,0,0,0.1);\">\n<h3 style=\"color: #16a085; margin-top: 0;\">\u2699\ufe0f Kundenspezifische L\u00f6sungen verf\u00fcgbar<\/h3>\n<p><strong>OEM\/ODM-Anpassung<\/strong> Die Dienstleistungen umfassen Spannungs-, Strom-, Kapazit\u00e4ts- und \u00e4sthetische \u00c4nderungen. Ma\u00dfgeschneiderte L\u00f6sungen f\u00fcr einzigartige Projektanforderungen.<\/p>\n<\/p><\/div>\n<\/p><\/div>\n<\/section>\n<section>\n<h2>Umfassende Bewerbungsmappe<\/h2>\n<h3>Kommerzielle Energiespeicheranwendungen<\/h3>\n<div style=\"background: linear-gradient(135deg, #667eea 0%, #764ba2 100%); color: white; padding: 25px; border-radius: 12px; margin: 20px 0;\">\n<ul style=\"margin: 0; color: white;\">\n<li><strong>Kommerzielle Solarspeichersysteme<\/strong> f\u00fcr Peak Shaving und Lastmanagement<\/li>\n<li><strong>Industrielle USV-Systeme<\/strong> Schutz vor kritischer Notstromversorgung<\/li>\n<li><strong>Basis-Transceiver-Stationen<\/strong> Gew\u00e4hrleistung der Zuverl\u00e4ssigkeit der Telekommunikation<\/li>\n<li><strong>Zentrale B\u00fcroeinrichtungen<\/strong> f\u00fcr die Kommunikationsinfrastruktur<\/li>\n<\/ul><\/div>\n<h3>Infrastruktur- und Versorgungsanwendungen<\/h3>\n<ul>\n<li><strong>Stabilisierung des Stromnetzes<\/strong> und Frequenzregelung<\/li>\n<li><strong>Telekommunikationssysteme<\/strong> Backup-Stroml\u00f6sungen<\/li>\n<li><strong>Kommunikationsmittel<\/strong> ununterbrochener Betrieb<\/li>\n<li><strong>Anwendungen schalten<\/strong> f\u00fcr die elektrische Infrastruktur<\/li>\n<li><strong>Mikroprozessorgesteuerte B\u00fcromaschinen<\/strong> Stromschutz<\/li>\n<\/ul>\n<h3>Hochleistungsspeicher f\u00fcr Privathaushalte<\/h3>\n<ul>\n<li><strong>Energiespeicher f\u00fcr gro\u00dfe Haushalte<\/strong> f\u00fcr umfassende Datensicherung zu Hause<\/li>\n<li><strong>Mehrfamilienh\u00e4user<\/strong> Energiemanagementsysteme<\/li>\n<li><strong>Kleine kommerzielle<\/strong> Energiespeicheranlagen<\/li>\n<\/ul>\n<\/section>\n<section>\n<h2>Kompatible Wechselrichtersysteme<\/h2>\n<p>Unser <strong>51.2V 300Ah Rackmount-Akku<\/strong> bietet universelle Kompatibilit\u00e4t mit f\u00fchrenden Wechselrichtermarken durch standardisierte RS485\/CAN-Kommunikationsprotokolle. Das intelligente BMS sorgt f\u00fcr eine nahtlose Integration mit verschiedenen Energiemanagementsystemen und bietet optimale Leistung \u00fcber verschiedene Herstellerplattformen hinweg.<\/p>\n<div style=\"background-color: #e8f5e8; padding: 20px; border-radius: 10px; border-left: 5px solid #27ae60;\">\n<h4 style=\"color: #27ae60; margin-top: 0;\">\u2705 Universelle Kompatibilit\u00e4t<\/h4>\n<p style=\"margin-bottom: 0;\">Kompatibel mit den wichtigsten Wechselrichtermarken wie Growatt, SolarEdge, Fronius, SMA, Victron Energy und vielen anderen. Die RS485\/CAN-Kommunikation gew\u00e4hrleistet eine Plug-and-Play-Integration.<\/p>\n<\/p><\/div>\n<\/section>\n<section>\n<h2>Vollst\u00e4ndiges Produkt-\u00d6kosystem<\/h2>\n<p>Entdecken Sie unser umfassendes Angebot an <strong>Gestellmontage von LiFePO4-Batterien<\/strong> f\u00fcr die unterschiedlichsten Anforderungen an die Energiespeicherung entwickelt:<\/p>\n<div class=\"product-ecosystem\" style=\"display: grid; grid-template-columns: repeat(auto-fit, minmax(280px, 1fr)); gap: 20px; margin: 25px 0;\">\n<div style=\"background: linear-gradient(145deg, #ff9a9e, #fecfef); padding: 20px; border-radius: 12px; color: #2c3e50;\">\n<h4 style=\"margin-top: 0; color: #c0392b;\">Kompakte Serie<\/h4>\n<p><strong>51,2V 100Ah 5kWh (LFP-BE51100)<\/strong><br \/>\n                    Parallele Kapazit\u00e4t: Bis zu 25kWh<br \/>\n                    <em>Perfekt f\u00fcr private Anwendungen<\/em><\/p>\n<\/p><\/div>\n<div style=\"background: linear-gradient(145deg, #a8edea, #fed6e3); padding: 20px; border-radius: 12px; color: #2c3e50;\">\n<h4 style=\"margin-top: 0; color: #16537e;\">Ausgewogene Serie<\/h4>\n<p><strong>51,2V 200Ah 10kWh (LFP-BE51200)<\/strong><br \/>\n                    Parallele Kapazit\u00e4t: Bis zu 40kWh<br \/>\n                    <em>Optimal f\u00fcr mittelgro\u00dfe Anlagen<\/em><\/p>\n<\/p><\/div>\n<div style=\"background: linear-gradient(145deg, #ffecd2, #fcb69f); padding: 20px; border-radius: 12px; color: #2c3e50;\">\n<h4 style=\"margin-top: 0; color: #d35400;\">Serie mit hoher Kapazit\u00e4t<\/h4>\n<p><strong>51,2V 300Ah 15kWh (LFP-BE51300)<\/strong><br \/>\n                    Parallele Kapazit\u00e4t: Bis zu 46kWh<br \/>\n                    <em>Ideal f\u00fcr kommerzielle Anwendungen<\/em><\/p>\n<\/p><\/div>\n<\/p><\/div>\n<\/section>\n<section>\n<h2>Branchenf\u00fchrende Qualit\u00e4tszertifizierungen<\/h2>\n<p>Unser <strong>15kWh Lithium-Batterien im Gestell<\/strong> den strengsten internationalen Sicherheits- und Qualit\u00e4tsstandards entsprechen:<\/p>\n<div class=\"certifications\" style=\"background: linear-gradient(135deg, #667eea 0%, #764ba2 100%); color: white; padding: 30px; border-radius: 15px; margin: 25px 0;\">\n<div style=\"display: grid; grid-template-columns: repeat(auto-fit, minmax(200px, 1fr)); gap: 20px;\">\n<div style=\"text-align: center;\">\n<h4 style=\"color: white; margin-top: 0;\">\ud83c\uddea\ud83c\uddfa CE-Zertifizierung<\/h4>\n<p style=\"margin-bottom: 0;\">Europ\u00e4ische Konformit\u00e4tsnormen<\/p>\n<\/p><\/div>\n<div style=\"text-align: center;\">\n<h4 style=\"color: white; margin-top: 0;\">\ud83c\uddfa\ud83c\uddf8 UL-gelistet<\/h4>\n<p style=\"margin-bottom: 0;\">Einhaltung der nordamerikanischen Sicherheitsvorschriften<\/p>\n<\/p><\/div>\n<div style=\"text-align: center;\">\n<h4 style=\"color: white; margin-top: 0;\">\ud83d\udccb MSDS-Dokumentation<\/h4>\n<p style=\"margin-bottom: 0;\">Datenbl\u00e4tter zur Materialsicherheit<\/p>\n<\/p><\/div>\n<div style=\"text-align: center;\">\n<h4 style=\"color: white; margin-top: 0;\">\u2708\ufe0f UN38.3 Zertifiziert<\/h4>\n<p style=\"margin-bottom: 0;\">Internationale Transportzulassung<\/p>\n<\/p><\/div>\n<div style=\"text-align: center;\">\n<h4 style=\"color: white; margin-top: 0;\">\ud83c\udfed ISO-Normen<\/h4>\n<p style=\"margin-bottom: 0;\">Qualit\u00e4tsmanagementsysteme<\/p>\n<\/p><\/div>\n<div style=\"text-align: center;\">\n<h4 style=\"color: white; margin-top: 0;\">\u26a1 IEC-Konformit\u00e4t<\/h4>\n<p style=\"margin-bottom: 0;\">Internationale elektrische Normen<\/p>\n<\/p><\/div>\n<\/p><\/div>\n<\/p><\/div>\n<\/section>\n<section>\n<h2>Erweiterte technische Spezifikationen<\/h2>\n<h3>Hochwertige LiFePO4-Zelltechnologie<\/h3>\n<p>Alle <strong>300Ah Rackmount-Akku<\/strong> verwendet sorgf\u00e4ltig ausgew\u00e4hlte Grade A Lithium-Eisenphosphat-Zellen von CATL, dem weltweit f\u00fchrenden Batteriehersteller. Diese erstklassige Zelltechnologie liefert:<\/p>\n<ul>\n<li><strong>6.500+ Tiefentladezyklen<\/strong> bei 80% Entladungstiefe<\/li>\n<li><strong>Mehr als 12 Jahre Betriebslebensdauer<\/strong> unter normalen Betriebsbedingungen<\/li>\n<li><strong>Hervorragende thermische Stabilit\u00e4t<\/strong> und verbesserte Sicherheitsmerkmale<\/li>\n<li><strong>Konsistente Leistung<\/strong> \u00fcber weite Temperaturbereiche<\/li>\n<li><strong>Keine Wartung erforderlich<\/strong> w\u00e4hrend der gesamten Nutzungsdauer<\/li>\n<\/ul>\n<h3>Intelligentes Batterie-Management-System<\/h3>\n<p>Die integrierte <strong>intelligentes BMS mit RS485\/CAN-Kommunikation<\/strong> bietet umfassenden Batterieschutz und Systemoptimierung:<\/p>\n<ul>\n<li><strong>Zellausgleich in Echtzeit<\/strong> sorgt f\u00fcr gleichm\u00e4\u00dfiges Laden und Entladen<\/li>\n<li><strong>Mehrschichtiger Schutz<\/strong> gegen \u00dcberstrom, \u00dcberspannung und thermische Ereignisse<\/li>\n<li><strong>Bidirektionale Kommunikation<\/strong> mit Wechselrichtern und Energiemanagementsystemen<\/li>\n<li><strong>F\u00e4higkeiten zur Fern\u00fcberwachung<\/strong> zur Systemdiagnose und -optimierung<\/li>\n<\/ul>\n<\/section>\n<section>\n<h2>Vielf\u00e4ltige Anwendungsszenarien<\/h2>\n<h3>Schutz kritischer Infrastrukturen<\/h3>\n<p>Die <strong>15-kWh-Design mit hoher Kapazit\u00e4t<\/strong> macht dieses Batteriesystem besonders geeignet f\u00fcr unternehmenskritische Anwendungen, die eine lange Notstromversorgung erfordern:<\/p>\n<div class=\"applications\" style=\"display: grid; grid-template-columns: repeat(auto-fit, minmax(250px, 1fr)); gap: 20px; margin: 25px 0;\">\n<div style=\"background-color: #fef9e7; padding: 20px; border-radius: 10px; border-top: 4px solid #f39c12;\">\n<h4 style=\"color: #d68910; margin-top: 0;\">\ud83c\udfe0 Anwendungen f\u00fcr Privathaushalte<\/h4>\n<ul style=\"margin-bottom: 0;\">\n<li>Energiespeicher f\u00fcr gro\u00dfe Haushalte<\/li>\n<li>Whole-Home-Backup-Systeme<\/li>\n<li>Optimierung der Solarenergiespeicherung<\/li>\n<\/ul><\/div>\n<div style=\"background-color: #eaf2f8; padding: 20px; border-radius: 10px; border-top: 4px solid #3498db;\">\n<h4 style=\"color: #2980b9; margin-top: 0;\">\ud83c\udfe2 Kommerzielle Systeme<\/h4>\n<ul style=\"margin-bottom: 0;\">\n<li>USV-Systeme f\u00fcr Rechenzentren<\/li>\n<li>Notstromversorgung f\u00fcr B\u00fcrogeb\u00e4ude<\/li>\n<li>Schutz von Industrieanlagen<\/li>\n<\/ul><\/div>\n<div style=\"background-color: #e8f5e8; padding: 20px; border-radius: 10px; border-top: 4px solid #27ae60;\">\n<h4 style=\"color: #229954; margin-top: 0;\">\ud83d\udce1 Telekommunikation<\/h4>\n<ul style=\"margin-bottom: 0;\">\n<li>Basis-Transceiver-Stationen<\/li>\n<li>Zentrale B\u00fcroeinrichtungen<\/li>\n<li>Sicherung der Kommunikationsausr\u00fcstung<\/li>\n<\/ul><\/div>\n<div style=\"background-color: #fdf2e9; padding: 20px; border-radius: 10px; border-top: 4px solid #e67e22;\">\n<h4 style=\"color: #d35400; margin-top: 0;\">\u26a1 N\u00fctzliche Anwendungen<\/h4>\n<ul style=\"margin-bottom: 0;\">\n<li>Unterst\u00fctzung des Stromnetzes<\/li>\n<li>Projekte zur Stabilisierung der Netze<\/li>\n<li>Anwendungen schalten<\/li>\n<\/ul><\/div>\n<\/p><\/div>\n<\/section>\n<p><img decoding=\"async\" src=\"https:\/\/ecavix.com\/wp-content\/uploads\/2025\/08\/rack-mounted-lithium-Battery-13-.webp\" alt=\"48V\/51.2V 300Ah Server Rack LiFePO4 Akku\" width=\"1100\" height=\"1100\" class=\"aligncenter size-full wp-image-3345\" srcset=\"https:\/\/ecavix.com\/wp-content\/uploads\/2025\/08\/rack-mounted-lithium-Battery-13-.webp 1100w, https:\/\/ecavix.com\/wp-content\/uploads\/2025\/08\/rack-mounted-lithium-Battery-13--300x300.webp 300w, https:\/\/ecavix.com\/wp-content\/uploads\/2025\/08\/rack-mounted-lithium-Battery-13--1024x1024.webp 1024w, https:\/\/ecavix.com\/wp-content\/uploads\/2025\/08\/rack-mounted-lithium-Battery-13--150x150.webp 150w, https:\/\/ecavix.com\/wp-content\/uploads\/2025\/08\/rack-mounted-lithium-Battery-13--768x768.webp 768w, https:\/\/ecavix.com\/wp-content\/uploads\/2025\/08\/rack-mounted-lithium-Battery-13--600x600.webp 600w, https:\/\/ecavix.com\/wp-content\/uploads\/2025\/08\/rack-mounted-lithium-Battery-13--100x100.webp 100w\" sizes=\"(max-width: 1100px) 100vw, 1100px\" \/><\/p>\n<section>\n<h2>Umfassendes 10-Jahres-Garantieprogramm<\/h2>\n<p>Wir stehen hinter unseren <strong>LiFePO4-Batterietechnologie f\u00fcr die Gestellmontage<\/strong> mit einem branchenf\u00fchrenden Garantieprogramm, das f\u00fcr absolute Sorgenfreiheit sorgt:<\/p>\n<div class=\"warranty-timeline\" style=\"margin: 30px 0;\">\n<div style=\"background: linear-gradient(to right, #ff6b6b, #ee5a52); color: white; padding: 20px; border-radius: 12px; margin-bottom: 15px;\">\n<h4 style=\"color: white; margin-top: 0;\">\ud83d\udce6 Jahr 1: Vollst\u00e4ndiger Schutz<\/h4>\n<p style=\"margin-bottom: 0;\"><strong>Vollst\u00e4ndiger Batteriewechsel<\/strong> f\u00fcr alle qualit\u00e4tsbezogenen M\u00e4ngel. Durch die Politik des kostenlosen Umtauschs ist Ihre Investition gesch\u00fctzt.<\/p>\n<\/p><\/div>\n<div style=\"background: linear-gradient(to right, #4ecdc4, #44a08d); color: white; padding: 20px; border-radius: 12px; margin-bottom: 15px;\">\n<h4 style=\"color: white; margin-top: 0;\">\ud83d\udd27 Jahre 2-5: Abdeckung der Komponenten<\/h4>\n<p style=\"margin-bottom: 0;\"><strong>Kostenloses Zubeh\u00f6r und Austausch von Komponenten<\/strong> einschlie\u00dflich BMS-Module, Anzeigeger\u00e4te und Verbindungshardware.<\/p>\n<\/p><\/div>\n<div style=\"background: linear-gradient(to right, #667eea, #764ba2); color: white; padding: 20px; border-radius: 12px;\">\n<h4 style=\"color: white; margin-top: 0;\">\ud83d\udee0\ufe0f Jahre 6-10: Technische Unterst\u00fctzung<\/h4>\n<p style=\"margin-bottom: 0;\"><strong>Professionelle technische Unterst\u00fctzung<\/strong> und Unterst\u00fctzung bei der Fehlersuche, um die Leistung und Langlebigkeit des Systems zu maximieren.<\/p>\n<\/p><\/div>\n<\/p><\/div>\n<\/section>\n<section>\n<h2>Warum sollten Sie sich f\u00fcr 300Ah Rack Mount-Batterien entscheiden?<\/h2>\n<p>Die <strong>51,2V 300Ah ESS-L\u00f6sung<\/strong> stellt das optimale Gleichgewicht von Kapazit\u00e4t, Leistung und Wert f\u00fcr Energiespeicheranwendungen mit hohem Bedarf dar. Mit bew\u00e4hrter CATL-Zellentechnologie, intelligenten Managementsystemen und umfassender Garantieabdeckung bietet dieses Batteriesystem un\u00fcbertroffene Zuverl\u00e4ssigkeit f\u00fcr kritische Infrastrukturen und kommerzielle Installationen.<\/p>\n<p>Ob Sie nun eine <strong>gro\u00dfe Solaranlage f\u00fcr Privathaushalte<\/strong>Unsere modulare L\u00f6sung mit 15kWh-46kWh bietet die Skalierbarkeit, Leistung und Langlebigkeit, die Ihre unternehmenskritischen Anwendungen ben\u00f6tigen.<\/p>\n<\/section>\n<footer>\n<div style=\"text-align: center; padding: 40px; background: linear-gradient(135deg, #667eea 0%, #764ba2 100%); color: white; border-radius: 15px; margin-top: 40px;\">\n<h3 style=\"margin-top: 0; color: white; font-size: 1.5em;\">Transformieren Sie Ihre Energiespeicherstrategie<\/h3>\n<p style=\"font-size: 1.1em; margin-bottom: 20px;\"><em>Entdecken Sie, wie unsere 51,2V 300Ah LiFePO4-Batterie zur Rackmontage Ihre Energieunabh\u00e4ngigkeit mit einer skalierbaren Kapazit\u00e4t von 15kWh-46kWh revolutionieren kann.<\/em><\/p>\n<div style=\"background-color: rgba(255,255,255,0.2); padding: 15px; border-radius: 8px; display: inline-block;\">\n                    <strong>Kontaktieren Sie unsere Energiespeicherspezialisten noch heute<\/strong>\n                <\/div>\n<\/p><\/div>\n<\/footer>\n<\/article>","protected":false},"excerpt":{"rendered":"<p>48V\/51,2V 300Ah Lithium-Batterie zur Rackmontage<\/strong> bietet eine beeindruckende Energiespeicherkapazit\u00e4t von 15kWh in einem einzigen Modul und ist damit die ideale L\u00f6sung f\u00fcr gewerbliche und industrielle Anwendungen mit hohem Bedarf. Dieses hochwertige ESS (Energiespeichersystem) kombiniert fortschrittliche LiFePO4-Technologie mit intelligentem Batteriemanagement und bietet durch modulare Parallelkonfiguration eine skalierbare Kapazit\u00e4t von 15kWh bis 46kWh<\/p>","protected":false},"featured_media":3347,"comment_status":"closed","ping_status":"closed","template":"","meta":{"_uag_custom_page_level_css":"","neve_meta_sidebar":"","neve_meta_container":"","neve_meta_enable_content_width":"off","neve_meta_content_width":100,"neve_meta_title_alignment":"","neve_meta_author_avatar":"","neve_post_elements_order":"","neve_meta_disable_header":"","neve_meta_disable_footer":"","neve_meta_disable_title":""},"product_brand":[],"product_cat":[82,84],"product_tag":[],"class_list":{"0":"post-3350","1":"product","2":"type-product","3":"status-publish","4":"has-post-thumbnail","6":"product_cat-residential-storage-battery","7":"product_cat-rack-mount-battery-residential-storage-battery","9":"first","10":"instock","11":"shipping-taxable","12":"product-type-simple"},"uagb_featured_image_src":{"full":["https:\/\/ecavix.com\/wp-content\/uploads\/2025\/08\/5kwh-Sever-Rack-Battery-BE51100-002.webp",1000,1000,false],"thumbnail":["https:\/\/ecavix.com\/wp-content\/uploads\/2025\/08\/5kwh-Sever-Rack-Battery-BE51100-002-150x150.webp",150,150,true],"medium":["https:\/\/ecavix.com\/wp-content\/uploads\/2025\/08\/5kwh-Sever-Rack-Battery-BE51100-002-300x300.webp",300,300,true],"medium_large":["https:\/\/ecavix.com\/wp-content\/uploads\/2025\/08\/5kwh-Sever-Rack-Battery-BE51100-002-768x768.webp",768,768,true],"large":["https:\/\/ecavix.com\/wp-content\/uploads\/2025\/08\/5kwh-Sever-Rack-Battery-BE51100-002.webp",1000,1000,false],"1536x1536":["https:\/\/ecavix.com\/wp-content\/uploads\/2025\/08\/5kwh-Sever-Rack-Battery-BE51100-002.webp",1000,1000,false],"2048x2048":["https:\/\/ecavix.com\/wp-content\/uploads\/2025\/08\/5kwh-Sever-Rack-Battery-BE51100-002.webp",1000,1000,false],"trp-custom-language-flag":["https:\/\/ecavix.com\/wp-content\/uploads\/2025\/08\/5kwh-Sever-Rack-Battery-BE51100-002.webp",12,12,false],"neve-blog":["https:\/\/ecavix.com\/wp-content\/uploads\/2025\/08\/5kwh-Sever-Rack-Battery-BE51100-002-930x620.webp",930,620,true],"woocommerce_thumbnail":["https:\/\/ecavix.com\/wp-content\/uploads\/2025\/08\/5kwh-Sever-Rack-Battery-BE51100-002-300x300.webp",300,300,true],"woocommerce_single":["https:\/\/ecavix.com\/wp-content\/uploads\/2025\/08\/5kwh-Sever-Rack-Battery-BE51100-002-600x600.webp",600,600,true],"woocommerce_gallery_thumbnail":["https:\/\/ecavix.com\/wp-content\/uploads\/2025\/08\/5kwh-Sever-Rack-Battery-BE51100-002-100x100.webp",100,100,true]},"uagb_author_info":{"display_name":"solvitaenergylimited@gmail.com","author_link":"https:\/\/ecavix.com\/de\/author\/"},"uagb_comment_info":0,"uagb_excerpt":"48V\/51.2V 300Ah rack mount lithium battery delivers an impressive 15kWh of energy storage in a single module, making it the ideal solution for high-demand commercial and industrial applications. This premium ESS (Energy Storage System) combines advanced LiFePO4 technology with intelligent battery management, offering scalable capacity from 15kWh to 46kWh through modular parallel configuration","_links":{"self":[{"href":"https:\/\/ecavix.com\/de\/wp-json\/wp\/v2\/product\/3350","targetHints":{"allow":["GET"]}}],"collection":[{"href":"https:\/\/ecavix.com\/de\/wp-json\/wp\/v2\/product"}],"about":[{"href":"https:\/\/ecavix.com\/de\/wp-json\/wp\/v2\/types\/product"}],"replies":[{"embeddable":true,"href":"https:\/\/ecavix.com\/de\/wp-json\/wp\/v2\/comments?post=3350"}],"wp:featuredmedia":[{"embeddable":true,"href":"https:\/\/ecavix.com\/de\/wp-json\/wp\/v2\/media\/3347"}],"wp:attachment":[{"href":"https:\/\/ecavix.com\/de\/wp-json\/wp\/v2\/media?parent=3350"}],"wp:term":[{"taxonomy":"product_brand","embeddable":true,"href":"https:\/\/ecavix.com\/de\/wp-json\/wp\/v2\/product_brand?post=3350"},{"taxonomy":"product_cat","embeddable":true,"href":"https:\/\/ecavix.com\/de\/wp-json\/wp\/v2\/product_cat?post=3350"},{"taxonomy":"product_tag","embeddable":true,"href":"https:\/\/ecavix.com\/de\/wp-json\/wp\/v2\/product_tag?post=3350"}],"curies":[{"name":"wp","href":"https:\/\/api.w.org\/{rel}","templated":true}]}}