{"id":3246,"date":"2025-08-18T02:24:49","date_gmt":"2025-08-18T02:24:49","guid":{"rendered":"https:\/\/ecavix.com\/?post_type=product&#038;p=3246"},"modified":"2025-08-18T07:01:33","modified_gmt":"2025-08-18T07:01:33","slug":"ecavix-25-6v-100ah-blei-saure-ersatz","status":"publish","type":"product","link":"https:\/\/ecavix.com\/de\/product\/ecavix-25-6v-100ah-lead-acid-replacement\/","title":{"rendered":"Ecavix 25.6v 100ah Blei-S\u00e4ure-Ersatz"},"content":{"rendered":"<br \/>\n<h1>Ecavix 25.6v 100ah Blei-S\u00e4ure-Ersatz<\/h1>\n<div class=\"section\">\n<p>Die <span class=\"highlight\">Ecavix 25.6v 100ah Blei-S\u00e4ure-Ersatz<\/span> ist auf hohe Energiedichte, Sicherheit und lange Zyklen ausgelegt. Mit ihrem stabilen elektrochemischen Verhalten und ihrer thermischen Belastbarkeit funktioniert sie auch in anspruchsvollen Umgebungen zuverl\u00e4ssig. Er ist ideal f\u00fcr eine Vielzahl von Anwendungen, darunter Kehrmaschinen, Wohnmobile, Gabelstapler, Yachten, FTS und mehr.<\/p>\n<\/p><\/div>\n<h2>Wesentliche Merkmale<\/h2>\n<ul>\n<li>Die fortschrittliche LiFePO4-Chemie bietet eine hohe thermische und chemische Stabilit\u00e4t.<\/li>\n<li>Internes BMS-System f\u00fcr umfassenden Schutz vor \u00dcberladung, \u00dcberentladung, Stromspitzen und Temperaturschwankungen.<\/li>\n<li>Lange Lebensdauer - \u00fcber 3000 Zyklen bei 80% Entladetiefe (DOD).<\/li>\n<li>Die stabile Entladespannung gew\u00e4hrleistet eine gleichbleibende Leistungsabgabe bis zur vollst\u00e4ndigen Entleerung.<\/li>\n<li>Frei von giftigen Metallen - umweltvertr\u00e4glich und recycelbar.<\/li>\n<li>Das kompakte, hochintegrierte Design spart Platz bei der Installation.<\/li>\n<li>Wartungsfreier Betrieb ohne Memory-Effekt.<\/li>\n<\/ul>\n<h2>Ecavix 25.6v 100ah Blei-S\u00e4ure-Ersatz Anwendungen<\/h2>\n<ul>\n<li>Kehrmaschinen &amp; Staubsauger<\/li>\n<li>Wohnmobil &amp; Wohnwagen<\/li>\n<li>Gabelstapler &amp; AGVs<\/li>\n<li>Yachten und Schiffsausr\u00fcstung<\/li>\n<li>Elektrische Drei-\/Vierradfahrzeuge<\/li>\n<li>Netzunabh\u00e4ngige Energiespeichersysteme<\/li>\n<\/ul>\n<h2>Technische Daten<\/h2>\n<table>\n<tr>\n<th>Marke<\/th>\n<td>Ecavix<\/td>\n<\/tr>\n<tr>\n<th>Kapazit\u00e4t des Akkupacks<\/th>\n<td>2560Wh<\/td>\n<\/tr>\n<tr>\n<th>Spannung des Akkupacks<\/th>\n<td>25.6V<\/td>\n<\/tr>\n<tr>\n<th>Kapazit\u00e4t des Akkupacks<\/th>\n<td>100Ah<\/td>\n<\/tr>\n<tr>\n<th>Zelltechnologie<\/th>\n<td>LiFePO4<\/td>\n<\/tr>\n<tr>\n<th>Operation Leben<\/th>\n<td>10+ Jahre<\/td>\n<\/tr>\n<tr>\n<th>Betrieb Zyklus Lebensdauer<\/th>\n<td>\u00dcber 3000 Mal<\/td>\n<\/tr>\n<tr>\n<th>Einzelpackung Konfiguration<\/th>\n<td>8 Zellen in Serie<\/td>\n<\/tr>\n<tr>\n<th>Ladeger\u00e4t Grenzspannung<\/th>\n<td>29.2V<\/td>\n<\/tr>\n<tr>\n<th>Entladeschlussspannung<\/th>\n<td>20V<\/td>\n<\/tr>\n<tr>\n<th>Akkupack-Ladestrom (max.)<\/th>\n<td>50A<\/td>\n<\/tr>\n<tr>\n<th>Entladestrom des Akkupacks (max.)<\/th>\n<td>100A<\/td>\n<\/tr>\n<tr>\n<th>Ladung Temperatur<\/th>\n<td>0~65\u2103<\/td>\n<\/tr>\n<tr>\n<th>Entladetemperatur<\/th>\n<td>-20~65\u2103<\/td>\n<\/tr>\n<tr>\n<th>Parallel\/Serie<\/th>\n<td>Unterst\u00fctzt<\/td>\n<\/tr>\n<tr>\n<th>Halterung Typ<\/th>\n<td>Kostenlose Installation<\/td>\n<\/tr>\n<tr>\n<th>Gewicht<\/th>\n<td>28Kg<\/td>\n<\/tr>\n<tr>\n<th>Abmessungen<\/th>\n<td>L405 \u00d7 B345 \u00d7 H163 mm<\/td>\n<\/tr>\n<tr>\n<th>Bescheinigungen<\/th>\n<td>CE, ROHS, UN38.3, MSDS<\/td>\n<\/tr>\n<\/table>","protected":false},"excerpt":{"rendered":"<p>Ecavix 25,6 V 100 A Blei-S\u00e4ure-Ersatzakkus bieten eine hohe Energiedichte, ausgezeichnete Sicherheit, lange Lebensdauer und sind ideal f\u00fcr Wohnmobile, Gabelstapler, Yachten und Kehrmaschinen.<\/p>","protected":false},"featured_media":3268,"comment_status":"closed","ping_status":"closed","template":"","meta":{"_uag_custom_page_level_css":"","neve_meta_sidebar":"","neve_meta_container":"","neve_meta_enable_content_width":"off","neve_meta_content_width":100,"neve_meta_title_alignment":"","neve_meta_author_avatar":"","neve_post_elements_order":"","neve_meta_disable_header":"","neve_meta_disable_footer":"","neve_meta_disable_title":""},"product_brand":[],"product_cat":[81,82],"product_tag":[],"class_list":{"0":"post-3246","1":"product","2":"type-product","3":"status-publish","4":"has-post-thumbnail","6":"product_cat-lead-acid-replacement","7":"product_cat-residential-storage-battery","9":"first","10":"instock","11":"shipping-taxable","12":"product-type-simple"},"uagb_featured_image_src":{"full":["https:\/\/ecavix.com\/wp-content\/uploads\/2025\/08\/DSC_5533-1-scaled.jpg",2560,1844,false],"thumbnail":["https:\/\/ecavix.com\/wp-content\/uploads\/2025\/08\/DSC_5533-1-150x150.jpg",150,150,true],"medium":["https:\/\/ecavix.com\/wp-content\/uploads\/2025\/08\/DSC_5533-1-300x216.jpg",300,216,true],"medium_large":["https:\/\/ecavix.com\/wp-content\/uploads\/2025\/08\/DSC_5533-1-768x553.jpg",768,553,true],"large":["https:\/\/ecavix.com\/wp-content\/uploads\/2025\/08\/DSC_5533-1-1024x738.jpg",1024,738,true],"1536x1536":["https:\/\/ecavix.com\/wp-content\/uploads\/2025\/08\/DSC_5533-1-1536x1107.jpg",1536,1107,true],"2048x2048":["https:\/\/ecavix.com\/wp-content\/uploads\/2025\/08\/DSC_5533-1-2048x1475.jpg",2048,1475,true],"trp-custom-language-flag":["https:\/\/ecavix.com\/wp-content\/uploads\/2025\/08\/DSC_5533-1-scaled.jpg",18,12,false],"neve-blog":["https:\/\/ecavix.com\/wp-content\/uploads\/2025\/08\/DSC_5533-1-930x620.jpg",930,620,true],"woocommerce_thumbnail":["https:\/\/ecavix.com\/wp-content\/uploads\/2025\/08\/DSC_5533-1-300x300.jpg",300,300,true],"woocommerce_single":["https:\/\/ecavix.com\/wp-content\/uploads\/2025\/08\/DSC_5533-1-600x432.jpg",600,432,true],"woocommerce_gallery_thumbnail":["https:\/\/ecavix.com\/wp-content\/uploads\/2025\/08\/DSC_5533-1-100x100.jpg",100,100,true]},"uagb_author_info":{"display_name":"solvitaenergylimited@gmail.com","author_link":"https:\/\/ecavix.com\/de\/author\/"},"uagb_comment_info":0,"uagb_excerpt":"Ecavix 25.6v 100ah Lead Acid Replacement offers high energy density, excellent safety, long cycle life, and is ideal for RVs, forklifts, yachts, and sweepers.","_links":{"self":[{"href":"https:\/\/ecavix.com\/de\/wp-json\/wp\/v2\/product\/3246","targetHints":{"allow":["GET"]}}],"collection":[{"href":"https:\/\/ecavix.com\/de\/wp-json\/wp\/v2\/product"}],"about":[{"href":"https:\/\/ecavix.com\/de\/wp-json\/wp\/v2\/types\/product"}],"replies":[{"embeddable":true,"href":"https:\/\/ecavix.com\/de\/wp-json\/wp\/v2\/comments?post=3246"}],"wp:featuredmedia":[{"embeddable":true,"href":"https:\/\/ecavix.com\/de\/wp-json\/wp\/v2\/media\/3268"}],"wp:attachment":[{"href":"https:\/\/ecavix.com\/de\/wp-json\/wp\/v2\/media?parent=3246"}],"wp:term":[{"taxonomy":"product_brand","embeddable":true,"href":"https:\/\/ecavix.com\/de\/wp-json\/wp\/v2\/product_brand?post=3246"},{"taxonomy":"product_cat","embeddable":true,"href":"https:\/\/ecavix.com\/de\/wp-json\/wp\/v2\/product_cat?post=3246"},{"taxonomy":"product_tag","embeddable":true,"href":"https:\/\/ecavix.com\/de\/wp-json\/wp\/v2\/product_tag?post=3246"}],"curies":[{"name":"wp","href":"https:\/\/api.w.org\/{rel}","templated":true}]}}