{"id":3076,"date":"2025-08-05T08:44:08","date_gmt":"2025-08-05T08:44:08","guid":{"rendered":"https:\/\/ecavix.com\/?post_type=product&#038;p=3076"},"modified":"2025-08-12T06:33:14","modified_gmt":"2025-08-12T06:33:14","slug":"48-v-512-v-100-ah-5-kwh-stapelbare-heim-batterie","status":"publish","type":"product","link":"https:\/\/ecavix.com\/de\/product\/48v-51-2v-100ah-5kwh-stackable-home-battery\/","title":{"rendered":"Stapelbarer Lithium-Akku 48V\/51,2v 100ah"},"content":{"rendered":"<br \/>\n<h1>Stapelbarer Lithium-Akku 48V\/51,2v 100ah<\/h1>\n<p>F\u00fcr Solarstromspeichersysteme ESS f\u00fcr Privathaushalte<\/p>\n<div class=\"container\">\n<h2>Produkt\u00fcbersicht<\/h2>\n<p>\n    Die von Ecavix hergestellte stapelbare Heim-Batterie mit einer Kapazit\u00e4t von 5,12 kWh unterst\u00fctzt den Parallelbetrieb.<br \/>\n    Es k\u00f6nnen bis zu f\u00fcnf 5,12-kWh-Batterien angeschlossen werden, um eine Gesamtkapazit\u00e4t von 25 kWh zu erreichen.<br \/>\n    Dieser modulare Aufbau gew\u00e4hrleistet Flexibilit\u00e4t und Anpassungsf\u00e4higkeit f\u00fcr verschiedene Energiespeicheranforderungen.\n  <\/p>\n<h2>Stapelbare Batteriekonfigurationen<\/h2>\n<ul>\n<li>Stapelbare Heim-Batterie x 1P \u2013 51,2 V, 100 Ah \u2013 5,12 kWh<\/li>\n<li>Stapelbare Heim-Batterie x 2P \u2013 51,2 V, 200 Ah \u2013 10,24 kWh<\/li>\n<li>Stapelbare Heim-Batterie x 3P \u2013 51,2 V, 300 Ah \u2013 15,36 kWh<\/li>\n<li>Stapelbare Heim-Batterie x 4P \u2013 51,2 V, 400 Ah \u2013 20,48 kWh<\/li>\n<li>Stapelbare Heim-Batterie x 5P \u2013 51,2 V, 500 Ah \u2013 25,6 kWh<\/li>\n<\/ul>\n<h2>Die wichtigsten Vorteile<\/h2>\n<ul>\n<li>Stapelbares und bewegliches Design f\u00fcr Platzersparnis<\/li>\n<li>Hergestellt mit LiFePO4-Zellen der Klasse A und 10 Jahren Garantie<\/li>\n<li>\u00dcber 6.500 Deep-Cycle-Lebenszyklen und eine Lebensdauer von mehr als 12 Jahren<\/li>\n<li>Intelligentes BMS f\u00fcr \u00dcberspannung, \u00dcberstrom, \u00dcberladung usw.<\/li>\n<li>Unterst\u00fctzt RS485-, CAN- und WiFi-Kommunikation<\/li>\n<li>Parallel erweiterbar auf bis zu 25,6 kWh<\/li>\n<li>Anpassbar durch ein professionelles Ingenieurteam<\/li>\n<\/ul>\n<h2>Integriertes intelligentes BMS<\/h2>\n<p>\n    Das integrierte intelligente Batteriemanagementsystem (BMS) bietet Schutz in Echtzeit.<br \/>\n    gegen \u00dcberspannung, \u00dcberstrom, \u00dcberentladung, \u00dcberhitzung und andere Anomalien.\n  <\/p>\n<h2>Bewegliches Batteriedesign<\/h2>\n<p>\n    Das Stapeldesign verf\u00fcgt \u00fcber unten angebrachte Rollen f\u00fcr bequeme Mobilit\u00e4t in Innenr\u00e4umen.<br \/>\n    Der integrierte LCD-Bildschirm erm\u00f6glicht die \u00dcberwachung und Verwaltung des Akkus in Echtzeit.\n  <\/p>\n<h2>Anwendungsszenarien<\/h2>\n<ul>\n<li>Energiespeicherung im Haushalt<\/li>\n<li>Solarenergie-Speichersysteme<\/li>\n<li>Kommerzielle Energiespeicherung<\/li>\n<li>USV-Systeme<\/li>\n<li>Zentralstellen und Telekommunikationsstationen<\/li>\n<li>Strominfrastruktur<\/li>\n<\/ul>\n<p class=\"note\">\n    Ein Demonstrationsvideo zeigt den Betriebszustand der stapelbaren Ecavix-Batterien, wenn sie an einen Wechselrichter angeschlossen sind.\n  <\/p>\n<\/div>","protected":false},"excerpt":{"rendered":"<p>Stapelbare Lithium-Batterie 48 V\/51,2 V 100 Ah f\u00fcr das Ecavix Home Solar Energy Storage System ESS. Die von Ecavix hergestellte stapelbare 5,12-kWh-Heimbatterie unterst\u00fctzt den parallelen Einsatz.<br \/>\n    Es k\u00f6nnen bis zu f\u00fcnf 5,12-kWh-Batterien angeschlossen werden, um eine Gesamtkapazit\u00e4t von 25 kWh zu erreichen.<br \/>\n    Dieser modulare Aufbau gew\u00e4hrleistet Flexibilit\u00e4t und Anpassungsf\u00e4higkeit f\u00fcr verschiedene Energiespeicheranforderungen.<\/p>","protected":false},"featured_media":3077,"comment_status":"closed","ping_status":"closed","template":"","meta":{"_uag_custom_page_level_css":"","neve_meta_sidebar":"","neve_meta_container":"","neve_meta_enable_content_width":"off","neve_meta_content_width":100,"neve_meta_title_alignment":"","neve_meta_author_avatar":"","neve_post_elements_order":"","neve_meta_disable_header":"","neve_meta_disable_footer":"","neve_meta_disable_title":""},"product_brand":[],"product_cat":[82,86],"product_tag":[],"class_list":{"0":"post-3076","1":"product","2":"type-product","3":"status-publish","4":"has-post-thumbnail","6":"product_cat-residential-storage-battery","7":"product_cat-stacked-battery-residential-storage-battery","9":"first","10":"instock","11":"shipping-taxable","12":"product-type-simple"},"uagb_featured_image_src":{"full":["https:\/\/ecavix.com\/wp-content\/uploads\/2025\/08\/Stackable-Home-Battery-HS51100-05-.jpg",1000,1000,false],"thumbnail":["https:\/\/ecavix.com\/wp-content\/uploads\/2025\/08\/Stackable-Home-Battery-HS51100-05--150x150.jpg",150,150,true],"medium":["https:\/\/ecavix.com\/wp-content\/uploads\/2025\/08\/Stackable-Home-Battery-HS51100-05--300x300.jpg",300,300,true],"medium_large":["https:\/\/ecavix.com\/wp-content\/uploads\/2025\/08\/Stackable-Home-Battery-HS51100-05--768x768.jpg",768,768,true],"large":["https:\/\/ecavix.com\/wp-content\/uploads\/2025\/08\/Stackable-Home-Battery-HS51100-05-.jpg",1000,1000,false],"1536x1536":["https:\/\/ecavix.com\/wp-content\/uploads\/2025\/08\/Stackable-Home-Battery-HS51100-05-.jpg",1000,1000,false],"2048x2048":["https:\/\/ecavix.com\/wp-content\/uploads\/2025\/08\/Stackable-Home-Battery-HS51100-05-.jpg",1000,1000,false],"trp-custom-language-flag":["https:\/\/ecavix.com\/wp-content\/uploads\/2025\/08\/Stackable-Home-Battery-HS51100-05-.jpg",12,12,false],"neve-blog":["https:\/\/ecavix.com\/wp-content\/uploads\/2025\/08\/Stackable-Home-Battery-HS51100-05--930x620.jpg",930,620,true],"woocommerce_thumbnail":["https:\/\/ecavix.com\/wp-content\/uploads\/2025\/08\/Stackable-Home-Battery-HS51100-05--300x300.jpg",300,300,true],"woocommerce_single":["https:\/\/ecavix.com\/wp-content\/uploads\/2025\/08\/Stackable-Home-Battery-HS51100-05--600x600.jpg",600,600,true],"woocommerce_gallery_thumbnail":["https:\/\/ecavix.com\/wp-content\/uploads\/2025\/08\/Stackable-Home-Battery-HS51100-05--100x100.jpg",100,100,true]},"uagb_author_info":{"display_name":"solvitaenergylimited@gmail.com","author_link":"https:\/\/ecavix.com\/de\/author\/"},"uagb_comment_info":0,"uagb_excerpt":"Stackable Lithium Battery 48V\/51.2v 100ah for Ecavix Home Solar Energy Storage System ESS, The 5.12kWh stackable home battery produced by Ecavix supports parallel use. Up to five 5.12kWh batteries can be connected to reach a total capacity of 25kWh. This modular design ensures flexibility and adaptability for various energy storage needs.","_links":{"self":[{"href":"https:\/\/ecavix.com\/de\/wp-json\/wp\/v2\/product\/3076","targetHints":{"allow":["GET"]}}],"collection":[{"href":"https:\/\/ecavix.com\/de\/wp-json\/wp\/v2\/product"}],"about":[{"href":"https:\/\/ecavix.com\/de\/wp-json\/wp\/v2\/types\/product"}],"replies":[{"embeddable":true,"href":"https:\/\/ecavix.com\/de\/wp-json\/wp\/v2\/comments?post=3076"}],"wp:featuredmedia":[{"embeddable":true,"href":"https:\/\/ecavix.com\/de\/wp-json\/wp\/v2\/media\/3077"}],"wp:attachment":[{"href":"https:\/\/ecavix.com\/de\/wp-json\/wp\/v2\/media?parent=3076"}],"wp:term":[{"taxonomy":"product_brand","embeddable":true,"href":"https:\/\/ecavix.com\/de\/wp-json\/wp\/v2\/product_brand?post=3076"},{"taxonomy":"product_cat","embeddable":true,"href":"https:\/\/ecavix.com\/de\/wp-json\/wp\/v2\/product_cat?post=3076"},{"taxonomy":"product_tag","embeddable":true,"href":"https:\/\/ecavix.com\/de\/wp-json\/wp\/v2\/product_tag?post=3076"}],"curies":[{"name":"wp","href":"https:\/\/api.w.org\/{rel}","templated":true}]}}