{"id":2693,"date":"2025-07-22T06:08:42","date_gmt":"2025-07-22T06:08:42","guid":{"rendered":"https:\/\/ecavix.com\/?post_type=product&#038;p=2693"},"modified":"2025-08-12T06:31:24","modified_gmt":"2025-08-12T06:31:24","slug":"25-6v-200ah-5-12kwh-wandmontierte-solarbatterie-ess-dl-lfp-hw25200","status":"publish","type":"product","link":"https:\/\/ecavix.com\/de\/product\/25-6v-200ah-5-12kwh-wall-mount-solar-battery-ess-dl-lfp-hw25200\/","title":{"rendered":"Wandmontage Lithium-Batterie 25.6V 200Ah 5.12kWh"},"content":{"rendered":"<br \/>\n<h1>Wandmontage Lithium-Batterie 25.6V 200Ah 5.12kWh<\/h1>\n<p>\n    Die <span class=\"highlight\">Wandmontage Lithium-Batterie 25.6V 200Ah 5.12kWh<\/span> ist f\u00fcr den Energiespeicherbedarf von Privathaushalten und kleinen Unternehmen konzipiert. Mit einer Kapazit\u00e4t von <strong>5,12kWh<\/strong>Es bietet eine stabile und effiziente L\u00f6sung f\u00fcr die Notstromversorgung bei Stromausf\u00e4llen und sorgt f\u00fcr Energieunabh\u00e4ngigkeit und Netzflexibilit\u00e4t.\n  <\/p>\n<h2>Die wichtigsten Vorteile<\/h2>\n<ul>\n<li>Kompaktes Design f\u00fcr die Wandmontage - spart Platz und ist einfach zu installieren.<\/li>\n<li>Eingebautes BMS f\u00fcr \u00dcberladungs-, \u00dcberentladungs- und Kurzschlussschutz.<\/li>\n<li>Hohe Lebensdauer von \u00fcber 6500 Zyklen - dauerhafte Zuverl\u00e4ssigkeit.<\/li>\n<li>Unterst\u00fctzt die parallele Erweiterung zur Skalierung der Energiespeicherung.<\/li>\n<li>Kompatibel mit RS485- und CAN-Umrichtern (z. B. Deye).<\/li>\n<li>Wartungsfreier Betrieb und hervorragende thermische Stabilit\u00e4t.<\/li>\n<\/ul>\n<h2>Wandmontage Lithium-Batterie 25.6V 200Ah 5.12kWh Anwendungen<\/h2>\n<ul>\n<li>Energiespeicherung im Haushalt<\/li>\n<li>UPS-Backup-System<\/li>\n<li>Solarenergie-Speichersystem<\/li>\n<li>Basis-Transceiver-Stationen<\/li>\n<li>Elektrische Energiesysteme<\/li>\n<li>Telekommunikationsausr\u00fcstung<\/li>\n<li>Switching-Anwendungen und mehr<\/li>\n<\/ul>\n<h2>Technische Daten des Produkts<\/h2>\n<table>\n<tr>\n<th>Modell<\/th>\n<td>DL-LFP-HW25200<\/td>\n<\/tr>\n<tr>\n<th>Nennspannung<\/th>\n<td>25.6V<\/td>\n<\/tr>\n<tr>\n<th>Nominale Kapazit\u00e4t<\/th>\n<td>200Ah<\/td>\n<\/tr>\n<tr>\n<th>Energie<\/th>\n<td>5,12kWh<\/td>\n<\/tr>\n<tr>\n<th>Zellentyp<\/th>\n<td>LiFePO4<\/td>\n<\/tr>\n<tr>\n<th>Zyklus Leben<\/th>\n<td>\u2265 6500 Zyklen<\/td>\n<\/tr>\n<tr>\n<th>Gestaltetes Leben<\/th>\n<td>12 Jahre<\/td>\n<\/tr>\n<tr>\n<th>Max. Ladestrom<\/th>\n<td>100A<\/td>\n<\/tr>\n<tr>\n<th>Max. Entladestrom<\/th>\n<td>200A<\/td>\n<\/tr>\n<tr>\n<th>Empfohlene Belastung<\/th>\n<td>3-5kW<\/td>\n<\/tr>\n<tr>\n<th>Ladeschlussspannung<\/th>\n<td>28,8V \u00b10,2V<\/td>\n<\/tr>\n<tr>\n<th>Entladeschlussspannung<\/th>\n<td>22,4V \u00b10,2V<\/td>\n<\/tr>\n<tr>\n<th>Terminal<\/th>\n<td>M8<\/td>\n<\/tr>\n<tr>\n<th>Geh\u00e4use Material<\/th>\n<td>Metallbox<\/td>\n<\/tr>\n<tr>\n<th>Kommunikation<\/th>\n<td>RS485 \/ CAN<\/td>\n<\/tr>\n<tr>\n<th>Ladung Temperatur<\/th>\n<td>0 ~ 45\u2103<\/td>\n<\/tr>\n<tr>\n<th>Entladetemperatur<\/th>\n<td>5 ~ 55\u2103<\/td>\n<\/tr>\n<tr>\n<th>Farbe<\/th>\n<td>Wei\u00df + Schwarz<\/td>\n<\/tr>\n<tr>\n<th>Gewicht<\/th>\n<td>36 \u00b10,5 kg<\/td>\n<\/tr>\n<tr>\n<th>Abmessungen (L\u00d7B\u00d7H)<\/th>\n<td>730 \u00d7 330 \u00d7 145\/180 mm<\/td>\n<\/tr>\n<tr>\n<th>Halterung Typ<\/th>\n<td>Wandmontiert<\/td>\n<\/tr>\n<\/table>\n<h2>Andere horizontale wandmontierte Modelle<\/h2>\n<ul>\n<li><strong>DL-LFP-HW51200<\/strong> - 51,2V 200Ah (10,24kWh)<\/li>\n<li><strong>DL-LFP-HW25200<\/strong> - 25,6V 200Ah (5,12kWh)<\/li>\n<\/ul>\n<h2>Warum Delong Energy w\u00e4hlen?<\/h2>\n<ul>\n<li>Mehr als 11 Jahre Erfahrung in der Herstellung von Lithiumbatterien.<\/li>\n<li>Breite Produktpalette: 12V-96V Lithium, ESS, tragbare Power Banks.<\/li>\n<li>Unterst\u00fctzt OEM-, ODM- und OBM-Dienste.<\/li>\n<li>Individuelle Anpassung von Spannung, Stromst\u00e4rke, Kapazit\u00e4t und Aussehen m\u00f6glich.<\/li>\n<li>10 Jahre Garantie nach dem Kauf mit professioneller technischer Unterst\u00fctzung.<\/li>\n<\/ul>","protected":false},"excerpt":{"rendered":"<p>Wandmontierte Lithium-Batterie 25,6V 200Ah 5,12kWh f\u00fcr die Energiespeicherung im Haushalt. Sicher, kompakt, lange Lebensdauer, Wechselrichter-kompatibel. Ideales Backup f\u00fcr Haushalte und kleine Unternehmen.<\/p>","protected":false},"featured_media":3053,"comment_status":"closed","ping_status":"closed","template":"","meta":{"_uag_custom_page_level_css":"","neve_meta_sidebar":"","neve_meta_container":"","neve_meta_enable_content_width":"off","neve_meta_content_width":100,"neve_meta_title_alignment":"","neve_meta_author_avatar":"","neve_post_elements_order":"","neve_meta_disable_header":"","neve_meta_disable_footer":"","neve_meta_disable_title":""},"product_brand":[],"product_cat":[82,85],"product_tag":[],"class_list":{"0":"post-2693","1":"product","2":"type-product","3":"status-publish","4":"has-post-thumbnail","6":"product_cat-residential-storage-battery","7":"product_cat-wall-mounted-battery-residential-storage-battery","9":"first","10":"instock","11":"shipping-taxable","12":"product-type-simple"},"uagb_featured_image_src":{"full":["https:\/\/ecavix.com\/wp-content\/uploads\/2025\/07\/01-2-scaled.jpg",2560,2188,false],"thumbnail":["https:\/\/ecavix.com\/wp-content\/uploads\/2025\/07\/01-2-150x150.jpg",150,150,true],"medium":["https:\/\/ecavix.com\/wp-content\/uploads\/2025\/07\/01-2-300x256.jpg",300,256,true],"medium_large":["https:\/\/ecavix.com\/wp-content\/uploads\/2025\/07\/01-2-768x656.jpg",768,656,true],"large":["https:\/\/ecavix.com\/wp-content\/uploads\/2025\/07\/01-2-1024x875.jpg",1024,875,true],"1536x1536":["https:\/\/ecavix.com\/wp-content\/uploads\/2025\/07\/01-2-1536x1313.jpg",1536,1313,true],"2048x2048":["https:\/\/ecavix.com\/wp-content\/uploads\/2025\/07\/01-2-2048x1750.jpg",2048,1750,true],"trp-custom-language-flag":["https:\/\/ecavix.com\/wp-content\/uploads\/2025\/07\/01-2-scaled.jpg",14,12,false],"neve-blog":["https:\/\/ecavix.com\/wp-content\/uploads\/2025\/07\/01-2-930x620.jpg",930,620,true],"woocommerce_thumbnail":["https:\/\/ecavix.com\/wp-content\/uploads\/2025\/07\/01-2-300x300.jpg",300,300,true],"woocommerce_single":["https:\/\/ecavix.com\/wp-content\/uploads\/2025\/07\/01-2-600x513.jpg",600,513,true],"woocommerce_gallery_thumbnail":["https:\/\/ecavix.com\/wp-content\/uploads\/2025\/07\/01-2-100x100.jpg",100,100,true]},"uagb_author_info":{"display_name":"solvitaenergylimited@gmail.com","author_link":"https:\/\/ecavix.com\/de\/author\/"},"uagb_comment_info":0,"uagb_excerpt":"Wall Mount Lithium Battery 25.6V 200Ah 5.12kWh for household energy storage. Safe, compact, long life, inverter compatible. Ideal backup for homes and small businesses.","_links":{"self":[{"href":"https:\/\/ecavix.com\/de\/wp-json\/wp\/v2\/product\/2693","targetHints":{"allow":["GET"]}}],"collection":[{"href":"https:\/\/ecavix.com\/de\/wp-json\/wp\/v2\/product"}],"about":[{"href":"https:\/\/ecavix.com\/de\/wp-json\/wp\/v2\/types\/product"}],"replies":[{"embeddable":true,"href":"https:\/\/ecavix.com\/de\/wp-json\/wp\/v2\/comments?post=2693"}],"wp:featuredmedia":[{"embeddable":true,"href":"https:\/\/ecavix.com\/de\/wp-json\/wp\/v2\/media\/3053"}],"wp:attachment":[{"href":"https:\/\/ecavix.com\/de\/wp-json\/wp\/v2\/media?parent=2693"}],"wp:term":[{"taxonomy":"product_brand","embeddable":true,"href":"https:\/\/ecavix.com\/de\/wp-json\/wp\/v2\/product_brand?post=2693"},{"taxonomy":"product_cat","embeddable":true,"href":"https:\/\/ecavix.com\/de\/wp-json\/wp\/v2\/product_cat?post=2693"},{"taxonomy":"product_tag","embeddable":true,"href":"https:\/\/ecavix.com\/de\/wp-json\/wp\/v2\/product_tag?post=2693"}],"curies":[{"name":"wp","href":"https:\/\/api.w.org\/{rel}","templated":true}]}}