{"id":2688,"date":"2025-07-22T05:54:22","date_gmt":"2025-07-22T05:54:22","guid":{"rendered":"https:\/\/ecavix.com\/?post_type=product&#038;p=2688"},"modified":"2025-08-12T06:28:10","modified_gmt":"2025-08-12T06:28:10","slug":"51-2v-100ah-5-12kwh-wandmontage-lithiumbatterie-fur-heim-energiespeichersysteme-klasse-a-lifepo4-zellen-bms-schutz-lange-lebensdauer-wechselrichterkompatibilitat","status":"publish","type":"product","link":"https:\/\/ecavix.com\/de\/product\/51-2v-100ah-5-12kwh-wall-mount-lithium-battery-for-home-energy-storage-systems-grade-a-lifepo4-cells-bms-protection-long-lifespan-inverter-compatibility\/","title":{"rendered":"Wandmontage Lithium-Batterie 51.2V 100Ah 5.12kWh"},"content":{"rendered":"<br \/>\n<h1>Wandmontierte Lithiumbatterie 51,2 V, 100 Ah, 5,12 kWh f\u00fcr Energiespeichersysteme im Haushalt. LiFePO4-Zellen der Klasse A, BMS-Schutz, lange Lebensdauer, Wechselrichterkompatibilit\u00e4t.<\/h1>\n<p>\n    Die <span class=\"highlight\">Wandmontage Lithium-Batterie 51.2V 100Ah 5.12kWh<\/span> ist ein wesentlicher Bestandteil moderner Energiespeichersysteme f\u00fcr Privathaushalte. Mit einer Kapazit\u00e4t von <strong>5,12kWh<\/strong>, Es speichert saubere Energie, die von Solarmodulen erzeugt wird, und erm\u00f6glicht es Haushalten, ihre Abh\u00e4ngigkeit vom Stromnetz zu verringern, Spitzenlasten zu bew\u00e4ltigen und die Energieversorgung bei Stromausf\u00e4llen sicherzustellen. Dank seines kompakten Designs, seines intelligenten BMS und seiner Wechselrichterkompatibilit\u00e4t ist es die ideale L\u00f6sung f\u00fcr Energiespeicheranwendungen in Wohngeb\u00e4uden.\n  <\/p>\n<h2>Die wichtigsten Vorteile<\/h2>\n<ul>\n<li>Wandmontiertes und stapelbares Design f\u00fcr eine flexible Installation.<\/li>\n<li>Integriertes intelligentes BMS f\u00fcr umfassenden Schutz.<\/li>\n<li>Hohe Energiedichte, stabile Leistung und lange Lebensdauer.<\/li>\n<li>Unterst\u00fctzt parallele Erweiterung f\u00fcr gr\u00f6\u00dferen Energiebedarf.<\/li>\n<li>Kompatibel mit g\u00e4ngigen Wechselrichtern: Deye, Growatt, SMA, Victron usw.<\/li>\n<li>Anpassbare Kommunikationsprotokolle und Systemkonfigurationen.<\/li>\n<li>Umweltfreundlicher, sicherer und wartungsfreier Betrieb.<\/li>\n<\/ul>\n<h2>LiFePO4-Zellen der G\u00fcteklasse A<\/h2>\n<p>\n    Um Langlebigkeit und Sicherheit zu gew\u00e4hrleisten, verwendet dieser Akku <strong>Lithium-Eisenphosphat-Zellen der Klasse A<\/strong> von f\u00fchrenden Herstellern wie BYD. Diese Zellen bieten eine konstante Leistung, eine geringe Selbstentladung und eine verl\u00e4ngerte Lebensdauer \u2013 damit sind sie ideal f\u00fcr die Energiespeicherung im Haushalt geeignet.\n  <\/p>\n<h2>Intelligentes BMS &amp; Kommunikation<\/h2>\n<p>\n    Der eingebaute <strong>Batterie-Management-System (BMS)<\/strong> Verhindert \u00dcberladung, \u00dcberentladung, Kurzschl\u00fcsse und \u00dcberhitzung. Es unterst\u00fctzt die Protokolle RS485, RS232 und CANBUS f\u00fcr eine nahtlose Integration mit \u00dcberwachungssoftware und Wechselrichtern. Benutzerdefinierte BMS-Kommunikationseinstellungen k\u00f6nnen auf Anfrage konfiguriert werden.\n  <\/p>\n<h2>Wechselrichterkompatibilit\u00e4t<\/h2>\n<p>\n    Diese Batterie ist f\u00fcr vollst\u00e4ndige Kompatibilit\u00e4t mit g\u00e4ngigen Wechselrichtermarken und MPPT-Reglern ausgelegt, darunter:\n  <\/p>\n<ul>\n<li>Deye<\/li>\n<li>Growatt<\/li>\n<li>SMA<\/li>\n<li>Victron<\/li>\n<\/ul>\n<p>Wenn Sie eine Anpassung des Wechselrichters oder eine Protokollanpassung ben\u00f6tigen, bietet SUNNEW ma\u00dfgeschneiderte L\u00f6sungen, um eine nahtlose Integration zu gew\u00e4hrleisten.<\/p>\n<h2>Erweiterbare Systemkapazit\u00e4t<\/h2>\n<p>\n    Durch Parallelschaltung k\u00f6nnen Sie Ihr Batteriesystem skalieren, um einen h\u00f6heren Energiebedarf zu decken:\n  <\/p>\n<ul>\n<li><strong>DL-LFP51100 \u00d7 1<\/strong> \u2014 5,12 kWh<\/li>\n<li><strong>DL-LFP51100 \u00d7 2<\/strong> \u2014 10,24 kWh<\/li>\n<li><strong>DL-LFP51100 \u00d7 3<\/strong> \u2014 15,36 kWh<\/li>\n<\/ul>\n<h2>Technische Daten<\/h2>\n<table>\n<tr>\n<th>Modell<\/th>\n<td>DL-LFP51100<\/td>\n<\/tr>\n<tr>\n<th>Nennspannung<\/th>\n<td>51.2V<\/td>\n<\/tr>\n<tr>\n<th>Nominale Kapazit\u00e4t<\/th>\n<td>100Ah<\/td>\n<\/tr>\n<tr>\n<th>Energie<\/th>\n<td>5,12kWh<\/td>\n<\/tr>\n<tr>\n<th>Zellentyp<\/th>\n<td>LiFePO4 (Klasse A)<\/td>\n<\/tr>\n<tr>\n<th>Zyklus Leben<\/th>\n<td>\u00dcber 6500 Zyklen<\/td>\n<\/tr>\n<tr>\n<th>Ladung Temperatur<\/th>\n<td>0 \u00b0C bis 65 \u00b0C<\/td>\n<\/tr>\n<tr>\n<th>Entladetemperatur<\/th>\n<td>-20 \u00b0C bis 65 \u00b0C<\/td>\n<\/tr>\n<tr>\n<th>Max. Ladestrom<\/th>\n<td>50A<\/td>\n<\/tr>\n<tr>\n<th>Max. Entladestrom<\/th>\n<td>100A<\/td>\n<\/tr>\n<tr>\n<th>Kommunikation<\/th>\n<td>RS485 \/ RS232 \/ CANBUS<\/td>\n<\/tr>\n<tr>\n<th>Halterung Typ<\/th>\n<td>Wandmontiert<\/td>\n<\/tr>\n<tr>\n<th>Parallele Unterst\u00fctzung<\/th>\n<td>Ja (stapelbar)<\/td>\n<\/tr>\n<tr>\n<th>Gewicht<\/th>\n<td>Ca. 45\u201350 kg<\/td>\n<\/tr>\n<tr>\n<th>Abmessungen<\/th>\n<td>Individuell \/ variiert je nach Fall (z. B. L 480 \u00d7 B 170 \u00d7 H 540 mm)<\/td>\n<\/tr>\n<tr>\n<th>Zertifizierungen<\/th>\n<td>CE, RoHS, UN38.3, MSDS<\/td>\n<\/tr>\n<\/table>\n<h2>Anwendungsszenarien<\/h2>\n<ul>\n<li>Solar-ESS (Energiespeichersystem) f\u00fcr Wohngeb\u00e4ude<\/li>\n<li>Notstromversorgung f\u00fcr Haushalte bei Stromausf\u00e4llen<\/li>\n<li>Energieunabh\u00e4ngigkeit f\u00fcr ein Leben abseits des Stromnetzes<\/li>\n<li>Spitzenlastabdeckung zur Senkung der Stromkosten<\/li>\n<\/ul>\n<h2>Ben\u00f6tigen Sie 48 V, 100 Ah?<\/h2>\n<p>\n    Wenn Ihr System eine 48-V-Batterie mit 100 Ah ben\u00f6tigt, besuchen Sie bitte unser entsprechendes Produkt: <strong>DL-LFP48100<\/strong>.\n  <\/p>\n<h2>Technische Daten<\/h2>\n<table>\n<tr>\n<th>Modell<\/th>\n<td>DL-LFP51100 \u00d7 1 St\u00fcck<\/td>\n<td>DL-LFP51100 \u00d7 2P<\/td>\n<td>DL-LFP51100 \u00d7 3P<\/td>\n<\/tr>\n<tr>\n<th>Nennspannung<\/th>\n<td>51.2V<\/td>\n<td>51.2V<\/td>\n<td>51.2V<\/td>\n<\/tr>\n<tr>\n<th>Nominale Kapazit\u00e4t<\/th>\n<td>100Ah<\/td>\n<td>200Ah<\/td>\n<td>300Ah<\/td>\n<\/tr>\n<tr>\n<th>Batterieenergie<\/th>\n<td>5,12kWh<\/td>\n<td>10.24kWh<\/td>\n<td>15.36kWh<\/td>\n<\/tr>\n<tr>\n<th>Max. Ladestrom<\/th>\n<td>70A<\/td>\n<td>140A <span style=\"color:#3ca860;\">*<\/span><\/td>\n<td>210A <span style=\"color:#3ca860;\">*<\/span><\/td>\n<\/tr>\n<tr>\n<th>Max. Entladestrom<\/th>\n<td>100A<\/td>\n<td>200A <span style=\"color:#3ca860;\">*<\/span><\/td>\n<td>300A <span style=\"color:#3ca860;\">*<\/span><\/td>\n<\/tr>\n<tr>\n<th>Empfohlene Belastung<\/th>\n<td>3 bis 5 kW<\/td>\n<td>5 bis 8 kW<\/td>\n<td>5 bis 12 kW<\/td>\n<\/tr>\n<tr>\n<th>Ladeschlussspannung<\/th>\n<td colspan=\"3\">57,6 V \u00b10,2 V<\/td>\n<\/tr>\n<tr>\n<th>Entladeschlussspannung<\/th>\n<td colspan=\"3\">44,8 V \u00b10,2 V<\/td>\n<\/tr>\n<tr>\n<th>Zellentyp<\/th>\n<td colspan=\"3\">LiFePO4-Batterie<\/td>\n<\/tr>\n<tr>\n<th>Terminal<\/th>\n<td colspan=\"3\">M8<\/td>\n<\/tr>\n<tr>\n<th>Geh\u00e4use Material<\/th>\n<td colspan=\"3\">Metallbox<\/td>\n<\/tr>\n<tr>\n<th>Kommunikation<\/th>\n<td colspan=\"3\">RS485 \/ CAN<\/td>\n<\/tr>\n<tr>\n<th>Ladetemperaturbereich<\/th>\n<td colspan=\"3\">0 \u00b0C bis 45 \u00b0C<\/td>\n<\/tr>\n<tr>\n<th>Ablauftemperaturbereich<\/th>\n<td colspan=\"3\">-5 \u00b0C bis 55 \u00b0C<\/td>\n<\/tr>\n<tr>\n<th>Zyklus Leben<\/th>\n<td colspan=\"3\">\u22656500 Zyklen<\/td>\n<\/tr>\n<tr>\n<th>Entwurfslebensdauer<\/th>\n<td colspan=\"3\">12 Jahre<\/td>\n<\/tr>\n<tr>\n<th>Farbe<\/th>\n<td colspan=\"3\">Wei\u00df + Schwarz<\/td>\n<\/tr>\n<tr>\n<th>Gewicht<\/th>\n<td>47,5 \u00b1 0,5 kg<\/td>\n<td>92,5 \u00b1 0,5 kg<\/td>\n<td>145,5 \u00b1 0,5 kg<\/td>\n<\/tr>\n<tr>\n<th>Abmessungen (L\u00d7B\u00d7H)<\/th>\n<td>483 \u00d7 220 \u00d7 460\/490 mm<\/td>\n<td>483 \u00d7 220 \u00d7 940 mm<\/td>\n<td>483 \u00d7 220 \u00d7 1400 mm<\/td>\n<\/tr>\n<tr>\n<th>Halterung Typ<\/th>\n<td colspan=\"3\">Wandmontiert \/ Stapelbar<\/td>\n<\/tr>\n<\/table>\n<p style=\"font-size: 0.95em; margin-top: 8px;\"><span style=\"color:#3ca860;\">*<\/span> Bei Parallelschaltung ist darauf zu achten, dass Wechselrichter und Anlage h\u00f6here Str\u00f6me unterst\u00fctzen.<\/p>","protected":false},"excerpt":{"rendered":"<p>Wandmontierte Lithiumbatterie 51,2 V, 100 Ah, 5,12 kWh f\u00fcr Energiespeichersysteme im Haushalt. LiFePO4-Zellen der Klasse A, BMS-Schutz, lange Lebensdauer, Wechselrichterkompatibilit\u00e4t.<\/p>","protected":false},"featured_media":3055,"comment_status":"closed","ping_status":"closed","template":"","meta":{"_uag_custom_page_level_css":"","neve_meta_sidebar":"","neve_meta_container":"","neve_meta_enable_content_width":"off","neve_meta_content_width":100,"neve_meta_title_alignment":"","neve_meta_author_avatar":"","neve_post_elements_order":"","neve_meta_disable_header":"","neve_meta_disable_footer":"","neve_meta_disable_title":""},"product_brand":[],"product_cat":[82,85],"product_tag":[],"class_list":{"0":"post-2688","1":"product","2":"type-product","3":"status-publish","4":"has-post-thumbnail","6":"product_cat-residential-storage-battery","7":"product_cat-wall-mounted-battery-residential-storage-battery","9":"first","10":"instock","11":"shipping-taxable","12":"product-type-simple"},"uagb_featured_image_src":{"full":["https:\/\/ecavix.com\/wp-content\/uploads\/2025\/07\/03-scaled.jpg",2560,2188,false],"thumbnail":["https:\/\/ecavix.com\/wp-content\/uploads\/2025\/07\/03-150x150.jpg",150,150,true],"medium":["https:\/\/ecavix.com\/wp-content\/uploads\/2025\/07\/03-300x256.jpg",300,256,true],"medium_large":["https:\/\/ecavix.com\/wp-content\/uploads\/2025\/07\/03-768x656.jpg",768,656,true],"large":["https:\/\/ecavix.com\/wp-content\/uploads\/2025\/07\/03-1024x875.jpg",1024,875,true],"1536x1536":["https:\/\/ecavix.com\/wp-content\/uploads\/2025\/07\/03-1536x1313.jpg",1536,1313,true],"2048x2048":["https:\/\/ecavix.com\/wp-content\/uploads\/2025\/07\/03-2048x1750.jpg",2048,1750,true],"trp-custom-language-flag":["https:\/\/ecavix.com\/wp-content\/uploads\/2025\/07\/03-scaled.jpg",14,12,false],"neve-blog":["https:\/\/ecavix.com\/wp-content\/uploads\/2025\/07\/03-930x620.jpg",930,620,true],"woocommerce_thumbnail":["https:\/\/ecavix.com\/wp-content\/uploads\/2025\/07\/03-300x300.jpg",300,300,true],"woocommerce_single":["https:\/\/ecavix.com\/wp-content\/uploads\/2025\/07\/03-600x513.jpg",600,513,true],"woocommerce_gallery_thumbnail":["https:\/\/ecavix.com\/wp-content\/uploads\/2025\/07\/03-100x100.jpg",100,100,true]},"uagb_author_info":{"display_name":"solvitaenergylimited@gmail.com","author_link":"https:\/\/ecavix.com\/de\/author\/"},"uagb_comment_info":0,"uagb_excerpt":"Wall Mount Lithium Battery 51.2V 100Ah 5.12kWh for home energy storage systems. Grade A LiFePO4 cells, BMS protection, long lifespan, inverter compatibility.","_links":{"self":[{"href":"https:\/\/ecavix.com\/de\/wp-json\/wp\/v2\/product\/2688","targetHints":{"allow":["GET"]}}],"collection":[{"href":"https:\/\/ecavix.com\/de\/wp-json\/wp\/v2\/product"}],"about":[{"href":"https:\/\/ecavix.com\/de\/wp-json\/wp\/v2\/types\/product"}],"replies":[{"embeddable":true,"href":"https:\/\/ecavix.com\/de\/wp-json\/wp\/v2\/comments?post=2688"}],"wp:featuredmedia":[{"embeddable":true,"href":"https:\/\/ecavix.com\/de\/wp-json\/wp\/v2\/media\/3055"}],"wp:attachment":[{"href":"https:\/\/ecavix.com\/de\/wp-json\/wp\/v2\/media?parent=2688"}],"wp:term":[{"taxonomy":"product_brand","embeddable":true,"href":"https:\/\/ecavix.com\/de\/wp-json\/wp\/v2\/product_brand?post=2688"},{"taxonomy":"product_cat","embeddable":true,"href":"https:\/\/ecavix.com\/de\/wp-json\/wp\/v2\/product_cat?post=2688"},{"taxonomy":"product_tag","embeddable":true,"href":"https:\/\/ecavix.com\/de\/wp-json\/wp\/v2\/product_tag?post=2688"}],"curies":[{"name":"wp","href":"https:\/\/api.w.org\/{rel}","templated":true}]}}