{"id":2662,"date":"2025-07-22T03:07:55","date_gmt":"2025-07-22T03:07:55","guid":{"rendered":"https:\/\/ecavix.com\/?post_type=product&#038;p=2662"},"modified":"2025-08-18T07:19:25","modified_gmt":"2025-08-18T07:19:25","slug":"12-v-150-ah-lifepo4-solarbatterie-ecavix","status":"publish","type":"product","link":"https:\/\/ecavix.com\/de\/product\/12v-150ah-lifepo4-solar-battery-ecavix\/","title":{"rendered":"Ecavix 12v 150ah Blei-S\u00e4ure-Ersatz"},"content":{"rendered":"<br \/>\n<h1>Ecavix 12v 150ah Blei-S\u00e4ure-Ersatz<\/h1>\n<div class=\"section\">\n<p>Die <span class=\"highlight\">Ecavix 12v 150ah Blei-S\u00e4ure-Ersatz<\/span> wurde speziell f\u00fcr Solarspeichersysteme und netzunabh\u00e4ngige Anwendungen im Bereich erneuerbarer Energien entwickelt. Es verwendet ausschlie\u00dflich nat\u00fcrliche, umweltfreundliche Materialien, die frei von Schwermetallen sind, und bietet eine gr\u00fcne Energiel\u00f6sung, die sicher, zuverl\u00e4ssig und langlebig ist.<\/p>\n<p>Dieser Akku verf\u00fcgt \u00fcber eine \u00e4u\u00dferst stabile chemische Struktur und eignet sich f\u00fcr die Lagerung und den Betrieb bei Temperaturen von -20 \u00b0C bis 60 \u00b0C. Sein kompaktes, hochintegriertes Design spart Platz bei der Installation, w\u00e4hrend das integrierte BMS-System Schutz vor \u00dcberladung, Tiefentladung, \u00dcberhitzung und Kurzschl\u00fcssen bietet \u2013 damit ist er eine \u00e4u\u00dferst sichere und wartungsfreie Stromversorgungsoption mit einer Lebensdauer von \u00fcber 10 Jahren.<\/p>\n<\/p><\/div>\n<h2>Wesentliche Merkmale<\/h2>\n<ul>\n<li>Integriertes BMS f\u00fcr \u00dcberspannungs-, \u00dcberstrom- und W\u00e4rmeschutz.<\/li>\n<li>Extrem sichere LiFePO4-Chemie ohne Brand- oder Explosionsgefahr.<\/li>\n<li>Unterst\u00fctzt Serien- (bis zu 51,2 V) und Parallelanwendungen.<\/li>\n<li>Bis zu <strong>\u00dcber 3000 Zyklen<\/strong> bei 80% DOD; mehr als 10 Jahre Betriebsdauer.<\/li>\n<li>Ungef\u00e4hr <strong>40%\u201350% Feuerzeug<\/strong> als Blei-S\u00e4ure-Alternativen.<\/li>\n<li>Nat\u00fcrliche, schwermetallfreie Materialien f\u00fcr maximale Umweltsicherheit.<\/li>\n<li>Kompaktes Design mit hoher Energiedichte und einfacher Installation.<\/li>\n<\/ul>\n<h2>Anwendungsszenarien<\/h2>\n<ul>\n<li>Solar- und Windenergie-Speichersysteme<\/li>\n<li>Unterbrechungsfreie Stromversorgungen (USV)<\/li>\n<li>Elektrofahrzeuge, E-Bikes, E-Rikschas<\/li>\n<li>Golfwagen, Mobilit\u00e4tsroller und Rollst\u00fchle<\/li>\n<li>Au\u00dfenbeleuchtung und Notstromversorgung<\/li>\n<\/ul>\n<h2>Technische Daten<\/h2>\n<table>\n<tr>\n<th>Marke<\/th>\n<td>Ecavix <\/td>\n<\/tr>\n<tr>\n<th>Nennspannung<\/th>\n<td>12.8V<\/td>\n<\/tr>\n<tr>\n<th>Nominale Kapazit\u00e4t<\/th>\n<td>150 Ah \/ 1920 Wh<\/td>\n<\/tr>\n<tr>\n<th>Zelltechnologie<\/th>\n<td>LiFePO4<\/td>\n<\/tr>\n<tr>\n<th>Zyklus Leben<\/th>\n<td>\u00dcber 3000 Zyklen<\/td>\n<\/tr>\n<tr>\n<th>Betriebsdauer<\/th>\n<td>10+ Jahre<\/td>\n<\/tr>\n<tr>\n<th>Ladung Temperatur<\/th>\n<td>0\u00b0C ~ 65\u00b0C<\/td>\n<\/tr>\n<tr>\n<th>Entladetemperatur<\/th>\n<td>-20\u00b0C ~ 65\u00b0C<\/td>\n<\/tr>\n<tr>\n<th>Max. Ladestrom<\/th>\n<td>50A<\/td>\n<\/tr>\n<tr>\n<th>Max. Entladestrom<\/th>\n<td>100A<\/td>\n<\/tr>\n<tr>\n<th>Ladeger\u00e4t Grenzspannung<\/th>\n<td>14.6V<\/td>\n<\/tr>\n<tr>\n<th>Entladeschlussspannung<\/th>\n<td>10V<\/td>\n<\/tr>\n<tr>\n<th>Abmessungen<\/th>\n<td>L 520 \u00d7 B 240 \u00d7 H 218 mm<\/td>\n<\/tr>\n<tr>\n<th>Gewicht<\/th>\n<td>20 kg<\/td>\n<\/tr>\n<tr>\n<th>Einrichtung<\/th>\n<td>Kostenlose Installation \/ Kompakte Montage<\/td>\n<\/tr>\n<tr>\n<th>Serie\/Parallel-Unterst\u00fctzung<\/th>\n<td>Ja<\/td>\n<\/tr>\n<tr>\n<th>Zertifizierungen<\/th>\n<td>CE, RoHS, UN38.3, MSDS<\/td>\n<\/tr>\n<\/table>","protected":false},"excerpt":{"rendered":"<p>Ecavix 12 V 150 Ah Blei-S\u00e4ure-Ersatz ist ideal f\u00fcr die Speicherung von Solarenergie, USV, Elektrofahrzeuge und erneuerbare Anwendungen. Mit einer Lebensdauer von mehr als 10 Jahren und integriertem BMS.<\/p>","protected":false},"featured_media":3276,"comment_status":"closed","ping_status":"closed","template":"","meta":{"_uag_custom_page_level_css":"","neve_meta_sidebar":"","neve_meta_container":"","neve_meta_enable_content_width":"off","neve_meta_content_width":100,"neve_meta_title_alignment":"","neve_meta_author_avatar":"","neve_post_elements_order":"","neve_meta_disable_header":"","neve_meta_disable_footer":"","neve_meta_disable_title":""},"product_brand":[],"product_cat":[81,82],"product_tag":[],"class_list":{"0":"post-2662","1":"product","2":"type-product","3":"status-publish","4":"has-post-thumbnail","6":"product_cat-lead-acid-replacement","7":"product_cat-residential-storage-battery","9":"first","10":"instock","11":"shipping-taxable","12":"product-type-simple"},"uagb_featured_image_src":{"full":["https:\/\/ecavix.com\/wp-content\/uploads\/2025\/07\/DSC_5537-scaled.jpg",2560,1877,false],"thumbnail":["https:\/\/ecavix.com\/wp-content\/uploads\/2025\/07\/DSC_5537-150x150.jpg",150,150,true],"medium":["https:\/\/ecavix.com\/wp-content\/uploads\/2025\/07\/DSC_5537-300x220.jpg",300,220,true],"medium_large":["https:\/\/ecavix.com\/wp-content\/uploads\/2025\/07\/DSC_5537-768x563.jpg",768,563,true],"large":["https:\/\/ecavix.com\/wp-content\/uploads\/2025\/07\/DSC_5537-1024x751.jpg",1024,751,true],"1536x1536":["https:\/\/ecavix.com\/wp-content\/uploads\/2025\/07\/DSC_5537-1536x1126.jpg",1536,1126,true],"2048x2048":["https:\/\/ecavix.com\/wp-content\/uploads\/2025\/07\/DSC_5537-2048x1502.jpg",2048,1502,true],"trp-custom-language-flag":["https:\/\/ecavix.com\/wp-content\/uploads\/2025\/07\/DSC_5537-scaled.jpg",16,12,false],"neve-blog":["https:\/\/ecavix.com\/wp-content\/uploads\/2025\/07\/DSC_5537-930x620.jpg",930,620,true],"woocommerce_thumbnail":["https:\/\/ecavix.com\/wp-content\/uploads\/2025\/07\/DSC_5537-300x300.jpg",300,300,true],"woocommerce_single":["https:\/\/ecavix.com\/wp-content\/uploads\/2025\/07\/DSC_5537-600x440.jpg",600,440,true],"woocommerce_gallery_thumbnail":["https:\/\/ecavix.com\/wp-content\/uploads\/2025\/07\/DSC_5537-100x100.jpg",100,100,true]},"uagb_author_info":{"display_name":"solvitaenergylimited@gmail.com","author_link":"https:\/\/ecavix.com\/de\/author\/"},"uagb_comment_info":0,"uagb_excerpt":"Ecavix 12v 150ah Lead Acid Replacement is ideal for solar energy storage, UPS, electric vehicles, and renewable applications. With 10+ years lifespan and built-in BMS.","_links":{"self":[{"href":"https:\/\/ecavix.com\/de\/wp-json\/wp\/v2\/product\/2662","targetHints":{"allow":["GET"]}}],"collection":[{"href":"https:\/\/ecavix.com\/de\/wp-json\/wp\/v2\/product"}],"about":[{"href":"https:\/\/ecavix.com\/de\/wp-json\/wp\/v2\/types\/product"}],"replies":[{"embeddable":true,"href":"https:\/\/ecavix.com\/de\/wp-json\/wp\/v2\/comments?post=2662"}],"wp:featuredmedia":[{"embeddable":true,"href":"https:\/\/ecavix.com\/de\/wp-json\/wp\/v2\/media\/3276"}],"wp:attachment":[{"href":"https:\/\/ecavix.com\/de\/wp-json\/wp\/v2\/media?parent=2662"}],"wp:term":[{"taxonomy":"product_brand","embeddable":true,"href":"https:\/\/ecavix.com\/de\/wp-json\/wp\/v2\/product_brand?post=2662"},{"taxonomy":"product_cat","embeddable":true,"href":"https:\/\/ecavix.com\/de\/wp-json\/wp\/v2\/product_cat?post=2662"},{"taxonomy":"product_tag","embeddable":true,"href":"https:\/\/ecavix.com\/de\/wp-json\/wp\/v2\/product_tag?post=2662"}],"curies":[{"name":"wp","href":"https:\/\/api.w.org\/{rel}","templated":true}]}}