{"id":2657,"date":"2025-07-22T03:05:02","date_gmt":"2025-07-22T03:05:02","guid":{"rendered":"https:\/\/ecavix.com\/?post_type=product&#038;p=2657"},"modified":"2026-01-21T09:02:20","modified_gmt":"2026-01-21T09:02:20","slug":"12-v-100-ah-lfp-batterie","status":"publish","type":"product","link":"https:\/\/ecavix.com\/de\/product\/12v-100ah-lfp-battery\/","title":{"rendered":"Ecavix 12v 100ah Blei-S\u00e4ure-Ersatz"},"content":{"rendered":"<br \/>\n<h1>Ecavix 12v 100ah Blei-S\u00e4ure-Ersatz<\/h1>\n<div class=\"section\">\n<p>Die <span class=\"highlight\">Ecavix 12v 100ah Blei-S\u00e4ure-Ersatz<\/span> ist eine leistungsstarke und wartungsfreie Energiel\u00f6sung, die unter Verwendung fortschrittlicher Lithium-Eisenphosphat-Technologie entwickelt wurde. Im Vergleich zu herk\u00f6mmlichen VRLA-AGM-Batterien bietet sie eine l\u00e4ngere Lebensdauer, h\u00f6here Sicherheit und eine gr\u00f6\u00dfere Temperaturtoleranz. Sie eignet sich ideal f\u00fcr Wohnmobile, Wohnwagen, Boote, Solaranlagen und netzunabh\u00e4ngige Anlagen.<\/p>\n<p>Ausgestattet mit <strong>Bluetooth-\u00dcberwachung<\/strong> und einem robusten BMS bietet es umfassenden Schutz, einschlie\u00dflich \u00dcberladung, Unterspannung, \u00dcberentladung und W\u00e4rmemanagement. Mit einer Lebensdauer von \u00fcber <strong>6000 Zyklen bei 80% DOD<\/strong>, Diese Batterie bietet die beste Kosteneffizienz f\u00fcr den langfristigen Energieverbrauch \u2013 ohne l\u00e4stige regelm\u00e4\u00dfige Wartung oder Nachf\u00fcllen von Wasser.<\/p>\n<\/p><\/div>\n<h2>Produktmerkmale und Vorteile<\/h2>\n<ul class=\"feature-list\">\n<li>Integriertes fortschrittliches BMS mit umfassenden Schutzfunktionen: \u00dcber-\/Unterspannung, \u00dcberstrom, \u00dcberhitzung, Kurzschluss und mehr.<\/li>\n<li>Lange Lebensdauer: bis zu <strong>\u00dcber 6000 Zyklen<\/strong>, deutlich l\u00e4nger als Blei-S\u00e4ure-Batterien.<\/li>\n<li>Bluetooth-Modulunterst\u00fctzung f\u00fcr Echtzeit\u00fcberwachung.<\/li>\n<li>Wartungsfrei, kein Memory-Effekt und zu 99% recycelbare Materialien.<\/li>\n<li>Funktioniert in einem breiten Temperaturbereich von -20 \u00b0C bis 65 \u00b0C.<\/li>\n<li>Kann erweitert werden bis zu <strong>4 in Reihe und 4 parallel<\/strong> (Max. 4S4P f\u00fcr 400 Ah und 51,2 V).<\/li>\n<li>Leichtes, kompaktes und korrosionsbest\u00e4ndiges Design.<\/li>\n<\/ul>\n<h2>Anwendungsszenarien<\/h2>\n<ul class=\"application-list\">\n<li>Wohnmobile &amp; Reisemobile<\/li>\n<li>Marine und Boote<\/li>\n<li>Solar-Inselsysteme<\/li>\n<li>Wohnmobile &amp; Wohnwagen<\/li>\n<li>Elektro-Gabelstapler<\/li>\n<li>Trolling-Motoren<\/li>\n<li>Golfwagen &amp; E-Motorr\u00e4der<\/li>\n<\/ul>\n<h2>Technische Daten<\/h2>\n<table>\n<tr>\n<th>Marke<\/th>\n<td>Ecavix <\/td>\n<\/tr>\n<tr>\n<th>Nennspannung<\/th>\n<td>12.8V<\/td>\n<\/tr>\n<tr>\n<th>Nominale Kapazit\u00e4t<\/th>\n<td>100 Ah \/ 1280 Wh<\/td>\n<\/tr>\n<tr>\n<th>Zellentyp<\/th>\n<td>3,2 V, 100 Ah LiFePO4<\/td>\n<\/tr>\n<tr>\n<th>Max. Ladestrom<\/th>\n<td>50 A (0,5 C)<\/td>\n<\/tr>\n<tr>\n<th>Max. Entladestrom<\/th>\n<td>100 A (1 C)<\/td>\n<\/tr>\n<tr>\n<th>Spannungsbereich<\/th>\n<td>10 V \u2013 14,6 V<\/td>\n<\/tr>\n<tr>\n<th>Zyklus Leben<\/th>\n<td>&gt;6000 Zyklen (@80% DOD, 0,2 C, 25 \u00b0C)<\/td>\n<\/tr>\n<tr>\n<th>Abmessungen<\/th>\n<td>L 330 \u00d7 B 173 \u00d7 H 220 mm<\/td>\n<\/tr>\n<tr>\n<th>Nettogewicht<\/th>\n<td>12 kg<\/td>\n<\/tr>\n<tr>\n<th>Betriebstemperatur<\/th>\n<td>Laden: 0 \u00b0C bis 65 \u00b0C, Entladen: -20 \u00b0C bis 65 \u00b0C<\/td>\n<\/tr>\n<tr>\n<th>Erweiterbar<\/th>\n<td>Unterst\u00fctzt bis zu 4S4P<\/td>\n<\/tr>\n<tr>\n<th>Bluetooth-\u00dcberwachung<\/th>\n<td>Unterst\u00fctzt<\/td>\n<\/tr>\n<tr>\n<th>Zertifizierungen<\/th>\n<td>CE, RoHS, UN38.3, MSDS<\/td>\n<\/tr>\n<\/table>","protected":false},"excerpt":{"rendered":"<p>Ecavix 12 V 100 Ah Blei-S\u00e4ure-Ersatz bietet fortschrittliches BMS, \u00fcber 6000 Ladezyklen, breiten Temperaturbereich und Bluetooth-\u00dcberwachung. Ideal f\u00fcr Wohnmobile, Boote und Solaranwendungen.<\/p>","protected":false},"featured_media":3280,"comment_status":"closed","ping_status":"closed","template":"","meta":{"_uag_custom_page_level_css":"","neve_meta_sidebar":"","neve_meta_container":"","neve_meta_enable_content_width":"off","neve_meta_content_width":100,"neve_meta_title_alignment":"","neve_meta_author_avatar":"","neve_post_elements_order":"","neve_meta_disable_header":"","neve_meta_disable_footer":"","neve_meta_disable_title":""},"product_brand":[],"product_cat":[81,82],"product_tag":[],"class_list":{"0":"post-2657","1":"product","2":"type-product","3":"status-publish","4":"has-post-thumbnail","6":"product_cat-lead-acid-replacement","7":"product_cat-residential-storage-battery","9":"first","10":"instock","11":"shipping-taxable","12":"purchasable","13":"product-type-simple"},"uagb_featured_image_src":{"full":["https:\/\/ecavix.com\/wp-content\/uploads\/2025\/07\/DSC_5533-scaled.jpg",2560,1844,false],"thumbnail":["https:\/\/ecavix.com\/wp-content\/uploads\/2025\/07\/DSC_5533-150x150.jpg",150,150,true],"medium":["https:\/\/ecavix.com\/wp-content\/uploads\/2025\/07\/DSC_5533-300x216.jpg",300,216,true],"medium_large":["https:\/\/ecavix.com\/wp-content\/uploads\/2025\/07\/DSC_5533-768x553.jpg",768,553,true],"large":["https:\/\/ecavix.com\/wp-content\/uploads\/2025\/07\/DSC_5533-1024x738.jpg",1024,738,true],"1536x1536":["https:\/\/ecavix.com\/wp-content\/uploads\/2025\/07\/DSC_5533-1536x1107.jpg",1536,1107,true],"2048x2048":["https:\/\/ecavix.com\/wp-content\/uploads\/2025\/07\/DSC_5533-2048x1475.jpg",2048,1475,true],"trp-custom-language-flag":["https:\/\/ecavix.com\/wp-content\/uploads\/2025\/07\/DSC_5533-scaled.jpg",18,12,false],"neve-blog":["https:\/\/ecavix.com\/wp-content\/uploads\/2025\/07\/DSC_5533-930x620.jpg",930,620,true],"woocommerce_thumbnail":["https:\/\/ecavix.com\/wp-content\/uploads\/2025\/07\/DSC_5533-300x300.jpg",300,300,true],"woocommerce_single":["https:\/\/ecavix.com\/wp-content\/uploads\/2025\/07\/DSC_5533-600x432.jpg",600,432,true],"woocommerce_gallery_thumbnail":["https:\/\/ecavix.com\/wp-content\/uploads\/2025\/07\/DSC_5533-100x100.jpg",100,100,true]},"uagb_author_info":{"display_name":"solvitaenergylimited@gmail.com","author_link":"https:\/\/ecavix.com\/de\/author\/"},"uagb_comment_info":0,"uagb_excerpt":"Ecavix 12v 100ah Lead Acid Replacement features advanced BMS, 6000+ cycles, wide temperature support, and Bluetooth monitoring. Ideal for RV, marine, and solar applications.","_links":{"self":[{"href":"https:\/\/ecavix.com\/de\/wp-json\/wp\/v2\/product\/2657","targetHints":{"allow":["GET"]}}],"collection":[{"href":"https:\/\/ecavix.com\/de\/wp-json\/wp\/v2\/product"}],"about":[{"href":"https:\/\/ecavix.com\/de\/wp-json\/wp\/v2\/types\/product"}],"replies":[{"embeddable":true,"href":"https:\/\/ecavix.com\/de\/wp-json\/wp\/v2\/comments?post=2657"}],"wp:featuredmedia":[{"embeddable":true,"href":"https:\/\/ecavix.com\/de\/wp-json\/wp\/v2\/media\/3280"}],"wp:attachment":[{"href":"https:\/\/ecavix.com\/de\/wp-json\/wp\/v2\/media?parent=2657"}],"wp:term":[{"taxonomy":"product_brand","embeddable":true,"href":"https:\/\/ecavix.com\/de\/wp-json\/wp\/v2\/product_brand?post=2657"},{"taxonomy":"product_cat","embeddable":true,"href":"https:\/\/ecavix.com\/de\/wp-json\/wp\/v2\/product_cat?post=2657"},{"taxonomy":"product_tag","embeddable":true,"href":"https:\/\/ecavix.com\/de\/wp-json\/wp\/v2\/product_tag?post=2657"}],"curies":[{"name":"wp","href":"https:\/\/api.w.org\/{rel}","templated":true}]}}