{"id":2642,"date":"2025-07-22T02:34:41","date_gmt":"2025-07-22T02:34:41","guid":{"rendered":"https:\/\/ecavix.com\/?post_type=product&#038;p=2642"},"modified":"2025-08-27T05:57:12","modified_gmt":"2025-08-27T05:57:12","slug":"ecavix-51-2v-solar-batterie-5kwh-100ah-lifepo4-batterie-schrank-server-rack-mount-lithium-ion-phosphat-batterie","status":"publish","type":"product","link":"https:\/\/ecavix.com\/de\/product\/ecavix-51-2v-solar-battery-5kwh-100ah-lifepo4-battery-cabinet-server-rack-mount-lithium-ion-phosphate-battery\/","title":{"rendered":"48v\/51.2V 200Ah Rack Mount LiFePO4 Batterie - 10kWh bis 40kWh Modulare ESS L\u00f6sung"},"content":{"rendered":"<br \/>\n<article>\n<header>\n<h1>51.2V 200Ah Rack Mount LiFePO4 Batterie: Skalierbares 10kWh-40kWh Energiespeichersystem<\/h1>\n<\/header>\n<section>\n<p>Die <strong>51,2V 200Ah Lithium-Batterie f\u00fcr Rackmontage (LFP-BE51200)<\/strong> bietet 10kWh zuverl\u00e4ssige Energiespeicherung in einem kompakten, professionellen Formfaktor. Diese modulare ESS-L\u00f6sung erm\u00f6glicht eine nahtlose Kapazit\u00e4tserweiterung von 10kWh auf 40kWh durch Parallelkonfiguration und ist damit die ideale Wahl f\u00fcr private Solarsysteme, kommerzielle USV-Anwendungen und Telekommunikationsinfrastrukturen.<\/p>\n<\/section>\n<section>\n<h2>Konfigurationsoptionen f\u00fcr modulare Kapazit\u00e4t<\/h2>\n<p>Die innovative <strong>stapelbares Design<\/strong> unseres 51,2-V-200-Ah-Batteriesystems bietet eine noch nie dagewesene Flexibilit\u00e4t bei der Energiespeicherplanung:<\/p>\n<table style=\"width: 100%; border-collapse: collapse; margin: 20px 0;\">\n<thead>\n<tr style=\"background-color: #f8f9fa;\">\n<th style=\"border: 1px solid #ddd; padding: 12px; text-align: left;\">Konfiguration<\/th>\n<th style=\"border: 1px solid #ddd; padding: 12px; text-align: left;\">Spannung<\/th>\n<th style=\"border: 1px solid #ddd; padding: 12px; text-align: left;\">Kapazit\u00e4t<\/th>\n<th style=\"border: 1px solid #ddd; padding: 12px; text-align: left;\">Energiespeicherung<\/th>\n<\/tr>\n<\/thead>\n<tbody>\n<tr>\n<td style=\"border: 1px solid #ddd; padding: 12px;\">Einzelmodul (1P)<\/td>\n<td style=\"border: 1px solid #ddd; padding: 12px;\">51.2V<\/td>\n<td style=\"border: 1px solid #ddd; padding: 12px;\">200Ah<\/td>\n<td style=\"border: 1px solid #ddd; padding: 12px;\"><strong>10.24kWh<\/strong><\/td>\n<\/tr>\n<tr style=\"background-color: #f8f9fa;\">\n<td style=\"border: 1px solid #ddd; padding: 12px;\">Doppelmodul (2P)<\/td>\n<td style=\"border: 1px solid #ddd; padding: 12px;\">51.2V<\/td>\n<td style=\"border: 1px solid #ddd; padding: 12px;\">400Ah<\/td>\n<td style=\"border: 1px solid #ddd; padding: 12px;\"><strong>20.56kWh<\/strong><\/td>\n<\/tr>\n<tr>\n<td style=\"border: 1px solid #ddd; padding: 12px;\">Dreifach-Modul (3P)<\/td>\n<td style=\"border: 1px solid #ddd; padding: 12px;\">51.2V<\/td>\n<td style=\"border: 1px solid #ddd; padding: 12px;\">600Ah<\/td>\n<td style=\"border: 1px solid #ddd; padding: 12px;\"><strong>30.72kWh<\/strong><\/td>\n<\/tr>\n<tr style=\"background-color: #f8f9fa;\">\n<td style=\"border: 1px solid #ddd; padding: 12px;\">Vierfach-Modul (4P)<\/td>\n<td style=\"border: 1px solid #ddd; padding: 12px;\">51.2V<\/td>\n<td style=\"border: 1px solid #ddd; padding: 12px;\">800Ah<\/td>\n<td style=\"border: 1px solid #ddd; padding: 12px;\"><strong>40.96kWh<\/strong><\/td>\n<\/tr>\n<\/tbody>\n<\/table>\n<\/section>\n<section>\n<h2>Hochwertige LiFePO4-Technologie und intelligente Funktionen<\/h2>\n<h3>Fortschrittliches Batterie-Management-System<\/h3>\n<p>Jede <strong>Lithium-Batterie f\u00fcr Gestellmontage<\/strong> verf\u00fcgt \u00fcber ein hochentwickeltes BMS mit RS485\/CAN-Kommunikationsprotokollen. Dieses intelligente System gew\u00e4hrleistet eine optimale Zellbalancierung, Echtzeit\u00fcberwachung und einen umfassenden Schutz vor elektrischen Fehlern, wodurch die Lebensdauer der Batterie verl\u00e4ngert und die Zuverl\u00e4ssigkeit des Systems maximiert wird.<\/p>\n<h3>LiFePO4-Zellen der G\u00fcteklasse A<\/h3>\n<p>Gebaut mit Premium <strong>CATL-LiFePO4-Zellen<\/strong>liefern unsere Batterien au\u00dfergew\u00f6hnliche Leistungskennzahlen:<\/p>\n<ul>\n<li><strong>6.500+ tiefe Zykluslebensdauer<\/strong> f\u00fcr langfristige Zuverl\u00e4ssigkeit<\/li>\n<li><strong>Mehr als 12 Jahre Design-Lebensdauer<\/strong> senkt die Wiederbeschaffungskosten<\/li>\n<li><strong>Wartungsfreier Betrieb<\/strong> beseitigt laufende Serviceanforderungen<\/li>\n<li><strong>Hervorragende thermische Stabilit\u00e4t<\/strong> gew\u00e4hrleistet einen sicheren Betrieb<\/li>\n<\/ul>\n<h3>Echtzeit-\u00dcberwachungsfunktionen<\/h3>\n<p>Die integrierte <strong>LCD-Digitalanzeige<\/strong> bietet sofortigen Zugriff auf kritische Batterieparameter wie Ladezustand, Spannungspegel, Stromfluss und Systemstatus. Diese Echtzeit-\u00dcberwachungsfunktion erm\u00f6glicht eine proaktive Wartung und eine optimale Systemleistung.<\/p>\n<\/section>\n<section>\n<h2>Hauptvorteile der Energiespeicherung in Gestellbauweise<\/h2>\n<h3>Professionelles Kabinettdesign<\/h3>\n<p>Die <strong>Gestellschrankbatterie<\/strong> Konfiguration bietet im Vergleich zu herk\u00f6mmlichen Batterieanlagen eine h\u00f6here Stabilit\u00e4t und ein professionelles Erscheinungsbild. Das robuste Geh\u00e4use sch\u00fctzt die internen Komponenten und bietet gleichzeitig eine hervorragende W\u00e4rmeableitung und elektromagnetische Abschirmung.<\/p>\n<h3>Flexibilit\u00e4t der Parallelschaltung<\/h3>\n<p>Unterst\u00fctzung f\u00fcr <strong>parallele Batterieverbindungen<\/strong> erm\u00f6glicht eine nahtlose Skalierung der Kapazit\u00e4t. Beginnen Sie mit einem einzigen 10-kWh-Modul und erweitern Sie es auf 20 kWh, 30 kWh oder 40 kWh, wenn Ihr Energiebedarf steigt, ohne die vorhandene Ausr\u00fcstung zu ersetzen.<\/p>\n<h3>Integration der Wechselrichterkommunikation<\/h3>\n<p>Eingebaut <strong>RS485\/CAN-Kommunikation<\/strong> gew\u00e4hrleistet die perfekte Kompatibilit\u00e4t mit modernen Solarwechselrichtern und Energiemanagementsystemen. Diese nahtlose Integration erm\u00f6glicht fortschrittliche Funktionen wie automatisches Lastmanagement und Netzeinspeiseoptimierung.<\/p>\n<\/section>\n<section>\n<h2>Umfassende Bewerbungsmappe<\/h2>\n<h3>Solarenergiesysteme f\u00fcr Wohngeb\u00e4ude<\/h3>\n<ul>\n<li><strong>Energiespeicherung in Haushalten<\/strong> f\u00fcr Tag-Nacht-Stromwechsel<\/li>\n<li><strong>Solare Energiespeichersysteme<\/strong> netzparallelf\u00e4hig<\/li>\n<li><strong>Backup-Stromversorgungssysteme<\/strong> f\u00fcr kritische Haushaltsger\u00e4te<\/li>\n<li><strong>Optimierung der Nutzungsdauer<\/strong> zur Senkung der Stromkosten<\/li>\n<\/ul>\n<h3>Gewerbliche und industrielle Anwendungen<\/h3>\n<ul>\n<li><strong>USV-Anlagen<\/strong> f\u00fcr den Schutz kritischer Infrastrukturen<\/li>\n<li><strong>Basis-Transceiver-Stationen<\/strong> zuverl\u00e4ssige Notstromversorgung<\/li>\n<li><strong>Zentralb\u00fcro<\/strong> Telekommunikationssysteme<\/li>\n<li><strong>Elektrizit\u00e4tsnetz<\/strong> Stabilisierung und Peak Shaving<\/li>\n<li><strong>Kommunikationsmittel<\/strong> ununterbrochener Betrieb<\/li>\n<\/ul>\n<h3>Spezialisierte industrielle Anwendungen<\/h3>\n<ul>\n<li><strong>Anwendungen schalten<\/strong> f\u00fcr elektrische Anlagen<\/li>\n<li><strong>Mikroprozessorgesteuerte B\u00fcromaschinen<\/strong><\/li>\n<li><strong>Telekommunikationssysteme<\/strong> Reservestrom<\/li>\n<li><strong>Einsatzkritische Ausr\u00fcstung<\/strong> Stromschutz<\/li>\n<\/ul>\n<\/section>\n<p><img decoding=\"async\" src=\"https:\/\/ecavix.com\/wp-content\/uploads\/2025\/08\/rack-mounted-lithium-Battery-12-.webp\" alt=\"51.2V 200Ah LiFePO4-Batterie, Lithium-Batterie f\u00fcr Gestellmontage, modulare Energiespeicherung, Solarbatteriesystem, ESS-Batterie, CATL-Zellen\" width=\"1000\" height=\"1000\" class=\"aligncenter size-full wp-image-3344\" srcset=\"https:\/\/ecavix.com\/wp-content\/uploads\/2025\/08\/rack-mounted-lithium-Battery-12-.webp 1000w, https:\/\/ecavix.com\/wp-content\/uploads\/2025\/08\/rack-mounted-lithium-Battery-12--300x300.webp 300w, https:\/\/ecavix.com\/wp-content\/uploads\/2025\/08\/rack-mounted-lithium-Battery-12--150x150.webp 150w, https:\/\/ecavix.com\/wp-content\/uploads\/2025\/08\/rack-mounted-lithium-Battery-12--768x768.webp 768w, https:\/\/ecavix.com\/wp-content\/uploads\/2025\/08\/rack-mounted-lithium-Battery-12--600x600.webp 600w, https:\/\/ecavix.com\/wp-content\/uploads\/2025\/08\/rack-mounted-lithium-Battery-12--100x100.webp 100w\" sizes=\"(max-width: 1000px) 100vw, 1000px\" \/><\/p>\n<section>\n<h2>Verwandte Energiespeicherl\u00f6sungen<\/h2>\n<p>Entdecken Sie unser komplettes Angebot an <strong>Gestellmontage von LiFePO4-Batterien<\/strong> um die perfekte L\u00f6sung f\u00fcr Ihre spezifischen Anforderungen zu finden:<\/p>\n<div style=\"background-color: #f8f9fa; padding: 20px; border-radius: 8px; margin: 20px 0;\">\n<h3 style=\"margin-top: 0; color: #2c5aa0;\">Beliebte Konfigurationen:<\/h3>\n<ul style=\"margin-bottom: 0;\">\n<li><strong>51,2V 100Ah 5kWh (LFP-BE51100)<\/strong> - Kompakte L\u00f6sung mit 5 parallelen Einheiten bis zu 25kWh<\/li>\n<li><strong>51,2V 300Ah 15kWh (LFP-BE51300)<\/strong> - Option f\u00fcr hohe Kapazit\u00e4t mit Parallelschaltung von 3 Einheiten bis zu 46kWh<\/li>\n<li><strong>51,2V 200Ah 10kWh (LFP-BE51200)<\/strong> - Ausgewogene Leistung mit 4 parallelen Einheiten bis zu 40kWh<\/li>\n<\/ul><\/div>\n<\/section>\n<section>\n<h2>Un\u00fcbertroffene Garantie und After-Sales-Support<\/h2>\n<p>Unser Engagement f\u00fcr Qualit\u00e4t geht \u00fcber den Verkauf hinaus mit <strong>umfassende 10-Jahres-Garantieabdeckung<\/strong>:<\/p>\n<div style=\"display: grid; grid-template-columns: repeat(auto-fit, minmax(250px, 1fr)); gap: 20px; margin: 20px 0;\">\n<div style=\"background-color: #e8f5e8; padding: 15px; border-radius: 8px;\">\n<h4 style=\"color: #27ae60; margin-top: 0;\">Jahr 1 Erfassungsbereich<\/h4>\n<p><strong>Vollst\u00e4ndiger Austausch der Batterie<\/strong> f\u00fcr alle qualit\u00e4tsbezogenen Fragen<\/p>\n<\/p><\/div>\n<div style=\"background-color: #e8f4f8; padding: 15px; border-radius: 8px;\">\n<h4 style=\"color: #2980b9; margin-top: 0;\">Jahre 2-5 Deckung<\/h4>\n<p><strong>Kostenloses Zubeh\u00f6r und Komponenten<\/strong> Ersatzdienst<\/p>\n<\/p><\/div>\n<div style=\"background-color: #fef9e7; padding: 15px; border-radius: 8px;\">\n<h4 style=\"color: #f39c12; margin-top: 0;\">Jahre 6-10 Deckung<\/h4>\n<p><strong>Professionelle technische Unterst\u00fctzung<\/strong> und Hilfe bei der Fehlersuche<\/p>\n<\/p><\/div>\n<\/p><\/div>\n<\/section>\n<section>\n<h2>Kundenspezifische L\u00f6sungen und OEM-Dienste<\/h2>\n<p>\u00dcber unsere Standardkonfigurationen hinaus bieten wir <strong>umfassende Anpassungsdienste<\/strong> um einzigartige Projektanforderungen zu erf\u00fcllen. Unser Ingenieurteam ist auf die Anpassung von Spannungsspezifikationen, Kapazit\u00e4tskonfigurationen, physischen Abmessungen und \u00e4sthetischen Designelementen spezialisiert.<\/p>\n<p>Verf\u00fcgbar <strong>OEM\/ODM-Dienstleistungen<\/strong> umfassen private Kennzeichnung, kundenspezifisches Geh\u00e4usedesign und spezielle Kommunikationsprotokolle, um eine perfekte Integration in Ihre bestehende Infrastruktur zu gew\u00e4hrleisten.<\/p>\n<\/section>\n<section>\n<h2>Warum LiFePO4-Batterien f\u00fcr die Gestellmontage?<\/h2>\n<p>Die <strong>Baureihe LFP-BE51200<\/strong> stellt den H\u00f6hepunkt der fortschrittlichen Batterietechnologie und der praktischen Technik dar. Mit einer skalierbaren Kapazit\u00e4t von 10kWh bis 40kWh, intelligenten \u00dcberwachungssystemen und einer branchenf\u00fchrenden Garantieleistung bietet diese L\u00f6sung einen un\u00fcbertroffenen Wert f\u00fcr moderne Energiespeicheranwendungen.<\/p>\n<p>Ob Sie nun ein <strong>Solarenergieanlage f\u00fcr Haushalte<\/strong>Unsere LiFePO4-Batterien f\u00fcr den Rackeinbau bieten die Zuverl\u00e4ssigkeit, Leistung und Langlebigkeit, die Ihre kritischen Anwendungen erfordern, wenn Sie eine kommerzielle USV-Infrastruktur aufr\u00fcsten oder eine Notstromversorgung f\u00fcr die Telekommunikation entwickeln.<\/p>\n<\/section>\n<footer>\n<div style=\"text-align: center; padding: 30px; background: linear-gradient(135deg, #667eea 0%, #764ba2 100%); color: white; border-radius: 10px;\">\n<h3 style=\"margin-top: 0; color: white;\">Sind Sie bereit, Ihre Zukunft zu gestalten?<\/h3>\n<p style=\"margin-bottom: 0;\"><em>Wenden Sie sich noch heute an unsere Energiespeicherspezialisten, um Ihre Anforderungen an eine 51,2V 200Ah LiFePO4-Batterie zu besprechen und zu erfahren, wie unsere modularen ESS-L\u00f6sungen Ihre Energieunabh\u00e4ngigkeit optimieren k\u00f6nnen.<\/em><\/p>\n<\/p><\/div>\n<\/footer>\n<\/article>","protected":false},"excerpt":{"rendered":"<p>51.2V 200Ah LiFePO4-Batterie f\u00fcr die Gestellmontage - 10kWh bis 40kWh Modulare ESS-L\u00f6sung, Lithium-Batterie f\u00fcr die Gestellmontage, Modularer Energiespeicher, Solarbatteriesystem, ESS-Batterie, CATL-Zellen<\/p>","protected":false},"featured_media":3347,"comment_status":"closed","ping_status":"closed","template":"","meta":{"_uag_custom_page_level_css":"","neve_meta_sidebar":"","neve_meta_container":"","neve_meta_enable_content_width":"off","neve_meta_content_width":100,"neve_meta_title_alignment":"","neve_meta_author_avatar":"","neve_post_elements_order":"","neve_meta_disable_header":"","neve_meta_disable_footer":"","neve_meta_disable_title":""},"product_brand":[],"product_cat":[84,82],"product_tag":[],"class_list":{"0":"post-2642","1":"product","2":"type-product","3":"status-publish","4":"has-post-thumbnail","6":"product_cat-rack-mount-battery-residential-storage-battery","7":"product_cat-residential-storage-battery","9":"first","10":"instock","11":"shipping-taxable","12":"product-type-simple"},"uagb_featured_image_src":{"full":["https:\/\/ecavix.com\/wp-content\/uploads\/2025\/08\/5kwh-Sever-Rack-Battery-BE51100-002.webp",1000,1000,false],"thumbnail":["https:\/\/ecavix.com\/wp-content\/uploads\/2025\/08\/5kwh-Sever-Rack-Battery-BE51100-002-150x150.webp",150,150,true],"medium":["https:\/\/ecavix.com\/wp-content\/uploads\/2025\/08\/5kwh-Sever-Rack-Battery-BE51100-002-300x300.webp",300,300,true],"medium_large":["https:\/\/ecavix.com\/wp-content\/uploads\/2025\/08\/5kwh-Sever-Rack-Battery-BE51100-002-768x768.webp",768,768,true],"large":["https:\/\/ecavix.com\/wp-content\/uploads\/2025\/08\/5kwh-Sever-Rack-Battery-BE51100-002.webp",1000,1000,false],"1536x1536":["https:\/\/ecavix.com\/wp-content\/uploads\/2025\/08\/5kwh-Sever-Rack-Battery-BE51100-002.webp",1000,1000,false],"2048x2048":["https:\/\/ecavix.com\/wp-content\/uploads\/2025\/08\/5kwh-Sever-Rack-Battery-BE51100-002.webp",1000,1000,false],"trp-custom-language-flag":["https:\/\/ecavix.com\/wp-content\/uploads\/2025\/08\/5kwh-Sever-Rack-Battery-BE51100-002.webp",12,12,false],"neve-blog":["https:\/\/ecavix.com\/wp-content\/uploads\/2025\/08\/5kwh-Sever-Rack-Battery-BE51100-002-930x620.webp",930,620,true],"woocommerce_thumbnail":["https:\/\/ecavix.com\/wp-content\/uploads\/2025\/08\/5kwh-Sever-Rack-Battery-BE51100-002-300x300.webp",300,300,true],"woocommerce_single":["https:\/\/ecavix.com\/wp-content\/uploads\/2025\/08\/5kwh-Sever-Rack-Battery-BE51100-002-600x600.webp",600,600,true],"woocommerce_gallery_thumbnail":["https:\/\/ecavix.com\/wp-content\/uploads\/2025\/08\/5kwh-Sever-Rack-Battery-BE51100-002-100x100.webp",100,100,true]},"uagb_author_info":{"display_name":"solvitaenergylimited@gmail.com","author_link":"https:\/\/ecavix.com\/de\/author\/"},"uagb_comment_info":0,"uagb_excerpt":"51.2V 200Ah Rack Mount LiFePO4 Battery - 10kWh to 40kWh Modular ESS Solution, rack mount lithium battery, modular energy storage, solar battery system, ESS battery, CATL cells","_links":{"self":[{"href":"https:\/\/ecavix.com\/de\/wp-json\/wp\/v2\/product\/2642","targetHints":{"allow":["GET"]}}],"collection":[{"href":"https:\/\/ecavix.com\/de\/wp-json\/wp\/v2\/product"}],"about":[{"href":"https:\/\/ecavix.com\/de\/wp-json\/wp\/v2\/types\/product"}],"replies":[{"embeddable":true,"href":"https:\/\/ecavix.com\/de\/wp-json\/wp\/v2\/comments?post=2642"}],"wp:featuredmedia":[{"embeddable":true,"href":"https:\/\/ecavix.com\/de\/wp-json\/wp\/v2\/media\/3347"}],"wp:attachment":[{"href":"https:\/\/ecavix.com\/de\/wp-json\/wp\/v2\/media?parent=2642"}],"wp:term":[{"taxonomy":"product_brand","embeddable":true,"href":"https:\/\/ecavix.com\/de\/wp-json\/wp\/v2\/product_brand?post=2642"},{"taxonomy":"product_cat","embeddable":true,"href":"https:\/\/ecavix.com\/de\/wp-json\/wp\/v2\/product_cat?post=2642"},{"taxonomy":"product_tag","embeddable":true,"href":"https:\/\/ecavix.com\/de\/wp-json\/wp\/v2\/product_tag?post=2642"}],"curies":[{"name":"wp","href":"https:\/\/api.w.org\/{rel}","templated":true}]}}