{"id":2529,"date":"2025-07-18T09:53:04","date_gmt":"2025-07-18T09:53:04","guid":{"rendered":"https:\/\/ecavix.com\/?post_type=product&#038;p=2529"},"modified":"2025-08-25T06:41:39","modified_gmt":"2025-08-25T06:41:39","slug":"32650-batteriezellen-lifepo4-batteriepack-24v-15ah-fahrrad-batterie-elektro-scooter","status":"publish","type":"product","link":"https:\/\/ecavix.com\/de\/product\/32650-battery-cells-lifepo4-battery-pack-24v-15ah-bicycle-battery-electric-scooter\/","title":{"rendered":"32650 Batteriezellen LiFePO4 Batteriepack 24V 15ah Fahrradbatterie Elektro-Roller"},"content":{"rendered":"<br \/>\n<h1>24V 15Ah Lithium-Ionen-Akkupack f\u00fcr E-Bike<\/h1>\n<h2>Produkt\u00fcbersicht<\/h2>\n<table>\n<tr>\n<th>Modell<\/th>\n<td>24V 15Ah<\/td>\n<\/tr>\n<tr>\n<th>Nennspannung<\/th>\n<td>24V<\/td>\n<\/tr>\n<tr>\n<th>Nominale Kapazit\u00e4t<\/th>\n<td>15Ah<\/td>\n<\/tr>\n<tr>\n<th>Zellenkombination<\/th>\n<td>5-Parallel, 7-Reihe<\/td>\n<\/tr>\n<tr>\n<th>Entladeschlussspannung<\/th>\n<td>20V<\/td>\n<\/tr>\n<tr>\n<th>Abschaltspannung der Ladung<\/th>\n<td>29.4V<\/td>\n<\/tr>\n<tr>\n<th>Nenn-Entladestrom<\/th>\n<td>20A<\/td>\n<\/tr>\n<tr>\n<th>Maximaler Dauerentladungsstrom<\/th>\n<td>20A<\/td>\n<\/tr>\n<tr>\n<th>Max. Ladestrom<\/th>\n<td>20A<\/td>\n<\/tr>\n<tr>\n<th>Ladungsmodus<\/th>\n<td>CC-CV<\/td>\n<\/tr>\n<tr>\n<th>Standard-Ladestrom<\/th>\n<td>2A<\/td>\n<\/tr>\n<tr>\n<th>Ladezeit (Standard)<\/th>\n<td>6 Stunden<\/td>\n<\/tr>\n<tr>\n<th>Aufladezeit (schnell)<\/th>\n<td>2,5 Stunden<\/td>\n<\/tr>\n<tr>\n<th>Ladetemperaturbereich<\/th>\n<td>-20\u00b0C bis 55\u00b0C<\/td>\n<\/tr>\n<tr>\n<th>Austrittstemperaturbereich<\/th>\n<td>-20\u00b0C bis 55\u00b0C<\/td>\n<\/tr>\n<tr>\n<th>Gewicht der Batterie (netto)<\/th>\n<td>Flexibel<\/td>\n<\/tr>\n<tr>\n<th>Bruttogewicht (mit Verpackung)<\/th>\n<td>4,0 kg<\/td>\n<\/tr>\n<tr>\n<th>Zertifizierung<\/th>\n<td>CE, FCC, RoHS<\/td>\n<\/tr>\n<tr>\n<th>Ladeger\u00e4tetyp<\/th>\n<td>Elektrisches Ladeger\u00e4t<\/td>\n<\/tr>\n<tr>\n<th>Steckertyp<\/th>\n<td>Global<\/td>\n<\/tr>\n<tr>\n<th>Wiederverwertbar<\/th>\n<td>Ja<\/td>\n<\/tr>\n<tr>\n<th>Erfahrung in der Fabrik<\/th>\n<td>10 Jahre<\/td>\n<\/tr>\n<\/table>\n<h2>Wesentliche Merkmale<\/h2>\n<div class=\"features-grid\">\n<div class=\"feature-box\">\n<h3>Hohe Energiedichte<\/h3>\n<p>Optimiert f\u00fcr lang anhaltende Leistung mit hoher Energiedichte, perfekt f\u00fcr E-Bike-Anwendungen.<\/p>\n<\/p><\/div>\n<div class=\"feature-box\">\n<h3>Schnelles Aufladen<\/h3>\n<p>Schnellladeoptionen: 6 Stunden f\u00fcr die Standardladung und nur 2,5 Stunden f\u00fcr die Schnellladung.<\/p>\n<\/p><\/div>\n<div class=\"feature-box\">\n<h3>Zuverl\u00e4ssiger Schutz<\/h3>\n<p>Mit integriertem PCB-Schutz gegen Kurzschluss, \u00dcberstrom, \u00dcberhitzung, \u00dcberladung und \u00dcberentladung.<\/p>\n<\/p><\/div>\n<div class=\"feature-box\">\n<h3>Lange Zyklusdauer<\/h3>\n<p>Mehr als 500 Ladezyklen, die eine zuverl\u00e4ssige Leistung f\u00fcr den Langzeiteinsatz gew\u00e4hrleisten.<\/p>\n<\/p><\/div>\n<\/p><\/div>\n<h2>Vorteile<\/h2>\n<ul>\n<li>Umweltfreundlich und recycelbar.<\/li>\n<li>Kompaktes und leichtes Design f\u00fcr den einfachen Einbau in Elektrofahrr\u00e4der.<\/li>\n<li>Kein Memory-Effekt zur Erhaltung der vollen Batteriekapazit\u00e4t.<\/li>\n<li>Zuverl\u00e4ssiger Schutz und verbesserte Sicherheitsfunktionen.<\/li>\n<li>Werksdirektpreise f\u00fcr wettbewerbsf\u00e4hige Preise.<\/li>\n<\/ul>\n<h2>Anwendungen<\/h2>\n<ul>\n<li>Elektrische Fahrr\u00e4der<\/li>\n<li>Scooter<\/li>\n<li>Elektrisch betriebene Fahrzeuge<\/li>\n<li>Tragbare Akkupacks f\u00fcr Ger\u00e4te wie Tablets, Laptops und Kameras<\/li>\n<\/ul>\n<h2>Verpackung und Lieferung<\/h2>\n<p>Die Standardverpackung umfasst einen PE-Beutel, eine Schaumstoffh\u00fclle und einen doppelst\u00f6ckigen Wellpapp-Au\u00dfenkarton f\u00fcr die Sicherheit w\u00e4hrend des Transports. Die Lieferzeit betr\u00e4gt je nach Menge 5-15 Arbeitstage.<\/p>","protected":false},"excerpt":{"rendered":"<p>24V 15ah Fahrrad-Akku-Pack f\u00fcr E-Bike. Hohe Energiedichte, lange Lebensdauer und fortschrittliche Sicherheitsfunktionen f\u00fcr E-Bike-Antriebssysteme. Schnelle Ladem\u00f6glichkeiten und zuverl\u00e4ssiger Schutz.<\/p>","protected":false},"featured_media":2521,"comment_status":"closed","ping_status":"closed","template":"","meta":{"_uag_custom_page_level_css":"","neve_meta_sidebar":"","neve_meta_container":"","neve_meta_enable_content_width":"off","neve_meta_content_width":100,"neve_meta_title_alignment":"","neve_meta_author_avatar":"","neve_post_elements_order":"","neve_meta_disable_header":"","neve_meta_disable_footer":"","neve_meta_disable_title":""},"product_brand":[],"product_cat":[46,45,43],"product_tag":[],"class_list":{"0":"post-2529","1":"product","2":"type-product","3":"status-publish","4":"has-post-thumbnail","6":"product_cat-24v-e-bike-battery","7":"product_cat-e-bike-battery","8":"product_cat-power-battery","10":"first","11":"instock","12":"shipping-taxable","13":"product-type-simple"},"uagb_featured_image_src":{"full":["https:\/\/ecavix.com\/wp-content\/uploads\/2025\/07\/E-Bike-Battery-Pack-32650-LiFePO4-Battery-Cells-24V-10ah-for-Electric-Bicycle-Scooter1-800-800.webp",550,550,false],"thumbnail":["https:\/\/ecavix.com\/wp-content\/uploads\/2025\/07\/E-Bike-Battery-Pack-32650-LiFePO4-Battery-Cells-24V-10ah-for-Electric-Bicycle-Scooter1-800-800-150x150.webp",150,150,true],"medium":["https:\/\/ecavix.com\/wp-content\/uploads\/2025\/07\/E-Bike-Battery-Pack-32650-LiFePO4-Battery-Cells-24V-10ah-for-Electric-Bicycle-Scooter1-800-800-300x300.webp",300,300,true],"medium_large":["https:\/\/ecavix.com\/wp-content\/uploads\/2025\/07\/E-Bike-Battery-Pack-32650-LiFePO4-Battery-Cells-24V-10ah-for-Electric-Bicycle-Scooter1-800-800.webp",550,550,false],"large":["https:\/\/ecavix.com\/wp-content\/uploads\/2025\/07\/E-Bike-Battery-Pack-32650-LiFePO4-Battery-Cells-24V-10ah-for-Electric-Bicycle-Scooter1-800-800.webp",550,550,false],"1536x1536":["https:\/\/ecavix.com\/wp-content\/uploads\/2025\/07\/E-Bike-Battery-Pack-32650-LiFePO4-Battery-Cells-24V-10ah-for-Electric-Bicycle-Scooter1-800-800.webp",550,550,false],"2048x2048":["https:\/\/ecavix.com\/wp-content\/uploads\/2025\/07\/E-Bike-Battery-Pack-32650-LiFePO4-Battery-Cells-24V-10ah-for-Electric-Bicycle-Scooter1-800-800.webp",550,550,false],"trp-custom-language-flag":["https:\/\/ecavix.com\/wp-content\/uploads\/2025\/07\/E-Bike-Battery-Pack-32650-LiFePO4-Battery-Cells-24V-10ah-for-Electric-Bicycle-Scooter1-800-800.webp",12,12,false],"neve-blog":["https:\/\/ecavix.com\/wp-content\/uploads\/2025\/07\/E-Bike-Battery-Pack-32650-LiFePO4-Battery-Cells-24V-10ah-for-Electric-Bicycle-Scooter1-800-800.webp",550,550,false],"woocommerce_thumbnail":["https:\/\/ecavix.com\/wp-content\/uploads\/2025\/07\/E-Bike-Battery-Pack-32650-LiFePO4-Battery-Cells-24V-10ah-for-Electric-Bicycle-Scooter1-800-800-300x300.webp",300,300,true],"woocommerce_single":["https:\/\/ecavix.com\/wp-content\/uploads\/2025\/07\/E-Bike-Battery-Pack-32650-LiFePO4-Battery-Cells-24V-10ah-for-Electric-Bicycle-Scooter1-800-800.webp",550,550,false],"woocommerce_gallery_thumbnail":["https:\/\/ecavix.com\/wp-content\/uploads\/2025\/07\/E-Bike-Battery-Pack-32650-LiFePO4-Battery-Cells-24V-10ah-for-Electric-Bicycle-Scooter1-800-800-100x100.webp",100,100,true]},"uagb_author_info":{"display_name":"solvitaenergylimited@gmail.com","author_link":"https:\/\/ecavix.com\/de\/author\/"},"uagb_comment_info":0,"uagb_excerpt":"24V 15ah Bicycle Battery Pack for Ebike. High energy density, long cycle life, and advanced safety features for e-bike power systems. Fast charging options and reliable protection.","_links":{"self":[{"href":"https:\/\/ecavix.com\/de\/wp-json\/wp\/v2\/product\/2529","targetHints":{"allow":["GET"]}}],"collection":[{"href":"https:\/\/ecavix.com\/de\/wp-json\/wp\/v2\/product"}],"about":[{"href":"https:\/\/ecavix.com\/de\/wp-json\/wp\/v2\/types\/product"}],"replies":[{"embeddable":true,"href":"https:\/\/ecavix.com\/de\/wp-json\/wp\/v2\/comments?post=2529"}],"wp:featuredmedia":[{"embeddable":true,"href":"https:\/\/ecavix.com\/de\/wp-json\/wp\/v2\/media\/2521"}],"wp:attachment":[{"href":"https:\/\/ecavix.com\/de\/wp-json\/wp\/v2\/media?parent=2529"}],"wp:term":[{"taxonomy":"product_brand","embeddable":true,"href":"https:\/\/ecavix.com\/de\/wp-json\/wp\/v2\/product_brand?post=2529"},{"taxonomy":"product_cat","embeddable":true,"href":"https:\/\/ecavix.com\/de\/wp-json\/wp\/v2\/product_cat?post=2529"},{"taxonomy":"product_tag","embeddable":true,"href":"https:\/\/ecavix.com\/de\/wp-json\/wp\/v2\/product_tag?post=2529"}],"curies":[{"name":"wp","href":"https:\/\/api.w.org\/{rel}","templated":true}]}}