{"id":2507,"date":"2025-07-18T09:36:54","date_gmt":"2025-07-18T09:36:54","guid":{"rendered":"https:\/\/ecavix.com\/?post_type=product&#038;p=2507"},"modified":"2025-07-18T09:36:54","modified_gmt":"2025-07-18T09:36:54","slug":"wasserkocher-24-v-e-bike-akku-20-ah-lithium-akku","status":"publish","type":"product","link":"https:\/\/ecavix.com\/de\/product\/kettle-24v-ebike-battery-20ah-lithium-battery-pack\/","title":{"rendered":"Kettle 24V E-Bike Batterie 20ah Lithium Batterie Pack"},"content":{"rendered":"<h1>20-Ah-Lithium-Akku f\u00fcr E-Bikes<\/h1>\n<h2>Produkt\u00fcbersicht<\/h2>\n<table>\n<tr>\n<th>Modell<\/th>\n<td>Kettle 20Ah Lithium-Akku<\/td>\n<\/tr>\n<tr>\n<th>Nennspannung<\/th>\n<td>24 V, 36 V, 48 V (anpassbar)<\/td>\n<\/tr>\n<tr>\n<th>Nominale Kapazit\u00e4t<\/th>\n<td>10 Ah, 12 Ah, 15 Ah, 20 Ah<\/td>\n<\/tr>\n<tr>\n<th>Zyklus Leben<\/th>\n<td>500 \u2013 1000 Mal<\/td>\n<\/tr>\n<tr>\n<th>Gewicht<\/th>\n<td>Etwa 3,5 kg<\/td>\n<\/tr>\n<tr>\n<th>Akku-Typ<\/th>\n<td>18650 Lithium-Ionen-Akku<\/td>\n<\/tr>\n<tr>\n<th>Akku-Konfiguration<\/th>\n<td>10S6P<\/td>\n<\/tr>\n<tr>\n<th>Standard-Ladestrom<\/th>\n<td>2,4 A<\/td>\n<\/tr>\n<tr>\n<th>Schnell-Ladestrom<\/th>\n<td>6A<\/td>\n<\/tr>\n<tr>\n<th>Ladezeit (Standardstrom)<\/th>\n<td>8 Stunden<\/td>\n<\/tr>\n<tr>\n<th>Ladezeit (Schnellstrom)<\/th>\n<td>3,5 Stunden<\/td>\n<\/tr>\n<tr>\n<th>Entladeschlussspannung<\/th>\n<td>27,5 V oder 30 V<\/td>\n<\/tr>\n<tr>\n<th>Abschaltspannung der Ladung<\/th>\n<td>42V<\/td>\n<\/tr>\n<tr>\n<th>Entladungsstrom<\/th>\n<td>12 A (Standard), 36 A (Maximal)<\/td>\n<\/tr>\n<tr>\n<th>Ladetemperaturbereich<\/th>\n<td>-20\u00b0C ~ 60\u00b0C<\/td>\n<\/tr>\n<tr>\n<th>Austrittstemperaturbereich<\/th>\n<td>-20\u00b0C ~ 60\u00b0C<\/td>\n<\/tr>\n<tr>\n<th>Abmessungen (LxBxH)<\/th>\n<td>91 \u00d7 217 mm<\/td>\n<\/tr>\n<\/table>\n<h2>Wesentliche Merkmale<\/h2>\n<div class=\"features-grid\">\n<div class=\"feature-box\">\n<h3>Integrierter PCB-Schutz<\/h3>\n<p>Verhindert Kurzschl\u00fcsse, \u00dcberladung, \u00dcberentladung, \u00dcberstrom und \u00dcberhitzung f\u00fcr eine sichere und zuverl\u00e4ssige Leistung.<\/p>\n<\/p><\/div>\n<div class=\"feature-box\">\n<h3>Hohe Energiedichte<\/h3>\n<p>Bietet lang anhaltende Leistung mit hoher Kapazit\u00e4t f\u00fcr Elektrofahrr\u00e4der und andere Anwendungen, die eine zuverl\u00e4ssige Batterieunterst\u00fctzung erfordern.<\/p>\n<\/p><\/div>\n<div class=\"feature-box\">\n<h3>Breiter Temperaturbereich<\/h3>\n<p>Funktioniert effizient unter extremen Bedingungen mit einem Entlade- und Ladetemperaturbereich von -20 \u00b0C bis 60 \u00b0C.<\/p>\n<\/p><\/div>\n<div class=\"feature-box\">\n<h3>Leicht und kompakt<\/h3>\n<p>Das kompakte Design gew\u00e4hrleistet eine einfache Installation und sorgt mit seinem geringen Gewicht f\u00fcr eine bessere Leistung und Handhabung des Elektrofahrrads.<\/p>\n<\/p><\/div>\n<\/p><\/div>\n<h2>Vorteile<\/h2>\n<ul>\n<li>Umweltfreundlich ohne Memory-Effekt<\/li>\n<li>Lange Lebensdauer (500 \u2013 1000 Zyklen)<\/li>\n<li>Hohe Konsistenz in Bezug auf Kapazit\u00e4t, Spannung und Plattformzeit<\/li>\n<li>Sicher und zuverl\u00e4ssig mit integriertem Schutz<\/li>\n<li>Wettbewerbsf\u00e4hige Fabrikpreise und hohe Qualit\u00e4tsstandards<\/li>\n<\/ul>\n<h2>Anwendungen<\/h2>\n<ul>\n<li>Elektrische Fahrr\u00e4der<\/li>\n<li>Elektro-Roller<\/li>\n<li>Elektrische Motorr\u00e4der<\/li>\n<li>Andere Elektrofahrzeuge<\/li>\n<\/ul>\n<h2>Zahlungs- und Versandrichtlinien<\/h2>\n<ul>\n<li>Akzeptierte Zahlungsmethoden: Akkreditiv, \u00dcberweisung, Western Union, Paypal, Moneygram, Barzahlung<\/li>\n<li>Versand: Die Artikel werden innerhalb von 3-5 Tagen nach Zahlungseingang versandt.<\/li>\n<li>Versandmethoden: DHL, FedEx, TNT (begrenzte Gebiete)<\/li>\n<li>Tracking-Nummer wird nach dem Versand zur Verf\u00fcgung gestellt werden.<\/li>\n<\/ul>","protected":false},"excerpt":{"rendered":"<p>Zuverl\u00e4ssiger 20-Ah-Lithium-Akku f\u00fcr Elektrofahrr\u00e4der mit hoher Energiedichte und langer Lebensdauer. Geeignet f\u00fcr 36-V-, 48-V- und 24-V-E-Bike-Anwendungen.<\/p>","protected":false},"featured_media":2510,"comment_status":"open","ping_status":"closed","template":"","meta":{"_uag_custom_page_level_css":"","neve_meta_sidebar":"","neve_meta_container":"","neve_meta_enable_content_width":"off","neve_meta_content_width":100,"neve_meta_title_alignment":"","neve_meta_author_avatar":"","neve_post_elements_order":"","neve_meta_disable_header":"","neve_meta_disable_footer":"","neve_meta_disable_title":""},"product_brand":[],"product_cat":[46,45,43],"product_tag":[],"class_list":{"0":"post-2507","1":"product","2":"type-product","3":"status-publish","4":"has-post-thumbnail","6":"product_cat-24v-e-bike-battery","7":"product_cat-e-bike-battery","8":"product_cat-power-battery","10":"first","11":"instock","12":"shipping-taxable","13":"product-type-simple"},"uagb_featured_image_src":{"full":["https:\/\/ecavix.com\/wp-content\/uploads\/2025\/07\/Kettle-24V-Ebike-Battery-20ah-Lithium-Battery-Pack0-800-800.webp",550,550,false],"thumbnail":["https:\/\/ecavix.com\/wp-content\/uploads\/2025\/07\/Kettle-24V-Ebike-Battery-20ah-Lithium-Battery-Pack0-800-800-150x150.webp",150,150,true],"medium":["https:\/\/ecavix.com\/wp-content\/uploads\/2025\/07\/Kettle-24V-Ebike-Battery-20ah-Lithium-Battery-Pack0-800-800-300x300.webp",300,300,true],"medium_large":["https:\/\/ecavix.com\/wp-content\/uploads\/2025\/07\/Kettle-24V-Ebike-Battery-20ah-Lithium-Battery-Pack0-800-800.webp",550,550,false],"large":["https:\/\/ecavix.com\/wp-content\/uploads\/2025\/07\/Kettle-24V-Ebike-Battery-20ah-Lithium-Battery-Pack0-800-800.webp",550,550,false],"1536x1536":["https:\/\/ecavix.com\/wp-content\/uploads\/2025\/07\/Kettle-24V-Ebike-Battery-20ah-Lithium-Battery-Pack0-800-800.webp",550,550,false],"2048x2048":["https:\/\/ecavix.com\/wp-content\/uploads\/2025\/07\/Kettle-24V-Ebike-Battery-20ah-Lithium-Battery-Pack0-800-800.webp",550,550,false],"trp-custom-language-flag":["https:\/\/ecavix.com\/wp-content\/uploads\/2025\/07\/Kettle-24V-Ebike-Battery-20ah-Lithium-Battery-Pack0-800-800.webp",12,12,false],"neve-blog":["https:\/\/ecavix.com\/wp-content\/uploads\/2025\/07\/Kettle-24V-Ebike-Battery-20ah-Lithium-Battery-Pack0-800-800.webp",550,550,false],"woocommerce_thumbnail":["https:\/\/ecavix.com\/wp-content\/uploads\/2025\/07\/Kettle-24V-Ebike-Battery-20ah-Lithium-Battery-Pack0-800-800-300x300.webp",300,300,true],"woocommerce_single":["https:\/\/ecavix.com\/wp-content\/uploads\/2025\/07\/Kettle-24V-Ebike-Battery-20ah-Lithium-Battery-Pack0-800-800.webp",550,550,false],"woocommerce_gallery_thumbnail":["https:\/\/ecavix.com\/wp-content\/uploads\/2025\/07\/Kettle-24V-Ebike-Battery-20ah-Lithium-Battery-Pack0-800-800-100x100.webp",100,100,true]},"uagb_author_info":{"display_name":"solvitaenergylimited@gmail.com","author_link":"https:\/\/ecavix.com\/de\/author\/"},"uagb_comment_info":0,"uagb_excerpt":"Reliable 20Ah Lithium Battery Pack for electric bikes, offering high energy density and long cycle life. Suitable for 36V, 48V, and 24V E-bike applications.","_links":{"self":[{"href":"https:\/\/ecavix.com\/de\/wp-json\/wp\/v2\/product\/2507","targetHints":{"allow":["GET"]}}],"collection":[{"href":"https:\/\/ecavix.com\/de\/wp-json\/wp\/v2\/product"}],"about":[{"href":"https:\/\/ecavix.com\/de\/wp-json\/wp\/v2\/types\/product"}],"replies":[{"embeddable":true,"href":"https:\/\/ecavix.com\/de\/wp-json\/wp\/v2\/comments?post=2507"}],"wp:featuredmedia":[{"embeddable":true,"href":"https:\/\/ecavix.com\/de\/wp-json\/wp\/v2\/media\/2510"}],"wp:attachment":[{"href":"https:\/\/ecavix.com\/de\/wp-json\/wp\/v2\/media?parent=2507"}],"wp:term":[{"taxonomy":"product_brand","embeddable":true,"href":"https:\/\/ecavix.com\/de\/wp-json\/wp\/v2\/product_brand?post=2507"},{"taxonomy":"product_cat","embeddable":true,"href":"https:\/\/ecavix.com\/de\/wp-json\/wp\/v2\/product_cat?post=2507"},{"taxonomy":"product_tag","embeddable":true,"href":"https:\/\/ecavix.com\/de\/wp-json\/wp\/v2\/product_tag?post=2507"}],"curies":[{"name":"wp","href":"https:\/\/api.w.org\/{rel}","templated":true}]}}