{"id":2500,"date":"2025-07-18T09:31:58","date_gmt":"2025-07-18T09:31:58","guid":{"rendered":"https:\/\/ecavix.com\/?post_type=product&#038;p=2500"},"modified":"2025-07-18T09:31:58","modified_gmt":"2025-07-18T09:31:58","slug":"groshandel-silber-fisch-36v-17-5ah-lithium-ionen-e-bike-akku-pack-li-ion-akku-500w-fur-elektrofahrrad","status":"publish","type":"product","link":"https:\/\/ecavix.com\/de\/product\/wholesale-silver-fish-36v-17-5ah-lithium-ion-e-bike-battery-pack-li-ion-rechargeable-battery-500w-for-electric-bicycle\/","title":{"rendered":"Gro\u00dfhandel Silber Fisch 36V 17.5ah Lithium-Ionen-E-Bike-Akku-Pack Li-Ion wiederaufladbare Batterie 500W f\u00fcr Elektrofahrrad"},"content":{"rendered":"<br \/>\n<h1>Silberfisch 36V 17,5Ah Lithium-Ionen-E-Bike-Akku<\/h1>\n<h2>Produkt\u00fcbersicht<\/h2>\n<table>\n<tr>\n<th>Modell<\/th>\n<td>DEL-36V 17,5Ah<\/td>\n<\/tr>\n<tr>\n<th>Nennspannung<\/th>\n<td>36V<\/td>\n<\/tr>\n<tr>\n<th>Akku-Typ<\/th>\n<td>Li-Ion 18650 Akku<\/td>\n<\/tr>\n<tr>\n<th>Nominale Kapazit\u00e4t<\/th>\n<td>17,5Ah<\/td>\n<\/tr>\n<tr>\n<th>Zyklus Leben<\/th>\n<td>500 Mal<\/td>\n<\/tr>\n<tr>\n<th>Gewicht<\/th>\n<td>4,5 kg<\/td>\n<\/tr>\n<tr>\n<th>Entladeschlussspannung<\/th>\n<td>35.75V<\/td>\n<\/tr>\n<tr>\n<th>Ladung Spannung<\/th>\n<td>42V<\/td>\n<\/tr>\n<tr>\n<th>Akku-Konfiguration<\/th>\n<td>10S7P<\/td>\n<\/tr>\n<tr>\n<th>Ladung Strom<\/th>\n<td>0,2C, 3,5A<\/td>\n<\/tr>\n<tr>\n<th>Ladung Temperatur<\/th>\n<td>0~45\u00b0C<\/td>\n<\/tr>\n<tr>\n<th>Entladetemperatur<\/th>\n<td>-20~60\u00b0C<\/td>\n<\/tr>\n<tr>\n<th>\u00c4u\u00dferes Geh\u00e4use<\/th>\n<td>Silberfisch<\/td>\n<\/tr>\n<tr>\n<th>Schutz<\/th>\n<td>\u00dcberladung, \u00dcberentladung, \u00dcberstrom, Kurzschluss, Gleichgewicht<\/td>\n<\/tr>\n<tr>\n<th>OEM\/ODM<\/th>\n<td>Verf\u00fcgbar<\/td>\n<\/tr>\n<tr>\n<th>Garantie<\/th>\n<td>1 Jahr<\/td>\n<\/tr>\n<tr>\n<th>Verpackung<\/th>\n<td>Standard-Paket<\/td>\n<\/tr>\n<\/table>\n<h2>Wesentliche Merkmale<\/h2>\n<div class=\"features-grid\">\n<div class=\"feature-box\">\n<h3>Eingebauter BMS-Schutz<\/h3>\n<p>Verhindert \u00dcberladung, \u00dcberentladung, Kurzschl\u00fcsse und h\u00e4lt die Batterie im Gleichgewicht.<\/p>\n<\/p><\/div>\n<div class=\"feature-box\">\n<h3>Lange Zyklusdauer<\/h3>\n<p>Bis zu 500 Ladezyklen sorgen f\u00fcr lang anhaltende, zuverl\u00e4ssige Energie f\u00fcr Ihr Elektrofahrrad.<\/p>\n<\/p><\/div>\n<div class=\"feature-box\">\n<h3>Temperaturbest\u00e4ndigkeit<\/h3>\n<p>Funktioniert in einem weiten Temperaturbereich von -20\u00b0C bis 60\u00b0C und gew\u00e4hrleistet stabile Leistung in verschiedenen Umgebungen.<\/p>\n<\/p><\/div>\n<div class=\"feature-box\">\n<h3>Kundenspezifische Spannung und Kapazit\u00e4t<\/h3>\n<p>Erh\u00e4ltlich in verschiedenen Konfigurationen, einschlie\u00dflich 24 V, 36 V, 48 V und 51,2 V, und einer Reihe von Kapazit\u00e4ten von 10 Ah bis 30 Ah.<\/p>\n<\/p><\/div>\n<\/p><\/div>\n<h2>Anwendungen<\/h2>\n<ul>\n<li>Elektrische Fahrr\u00e4der<\/li>\n<li>Elektro-Roller<\/li>\n<li>Elektrische Motorr\u00e4der<\/li>\n<li>Andere Elektrofahrzeuge<\/li>\n<\/ul>\n<h2>Zahlungs- und Versandrichtlinien<\/h2>\n<ul>\n<li>Akzeptierte Zahlungsarten: T\/T, Western Union, Paypal<\/li>\n<li>Versand: Die Artikel werden innerhalb von 3-5 Tagen nach vollst\u00e4ndigem Zahlungseingang verschickt.<\/li>\n<li>Versandmethoden: DHL, FedEx, TNT (begrenzte Gebiete)<\/li>\n<li>Tracking-Nummer wird nach dem Versand zur Verf\u00fcgung gestellt werden.<\/li>\n<\/ul>","protected":false},"excerpt":{"rendered":"<p>Hochwertiger Silver Fish 36V 17.5Ah Lithium-Ionen E-Bike-Akku. Geeignet f\u00fcr Elektrofahrr\u00e4der mit einer langen Lebensdauer und effizienter Leistung.<\/p>","protected":false},"featured_media":2506,"comment_status":"open","ping_status":"closed","template":"","meta":{"_uag_custom_page_level_css":"","neve_meta_sidebar":"","neve_meta_container":"","neve_meta_enable_content_width":"off","neve_meta_content_width":100,"neve_meta_title_alignment":"","neve_meta_author_avatar":"","neve_post_elements_order":"","neve_meta_disable_header":"","neve_meta_disable_footer":"","neve_meta_disable_title":""},"product_brand":[],"product_cat":[47,45,43],"product_tag":[],"class_list":{"0":"post-2500","1":"product","2":"type-product","3":"status-publish","4":"has-post-thumbnail","6":"product_cat-36v-e-bike-battery","7":"product_cat-e-bike-battery","8":"product_cat-power-battery","10":"first","11":"instock","12":"shipping-taxable","13":"product-type-simple"},"uagb_featured_image_src":{"full":["https:\/\/ecavix.com\/wp-content\/uploads\/2025\/07\/Wholesale-Silver-Fish-36V-17-5ah-Lithium-Ion-E-Bike-Battery-Pack-Li-ion-Rechargeable-Battery-500W-fo-800-800.webp",550,550,false],"thumbnail":["https:\/\/ecavix.com\/wp-content\/uploads\/2025\/07\/Wholesale-Silver-Fish-36V-17-5ah-Lithium-Ion-E-Bike-Battery-Pack-Li-ion-Rechargeable-Battery-500W-fo-800-800-150x150.webp",150,150,true],"medium":["https:\/\/ecavix.com\/wp-content\/uploads\/2025\/07\/Wholesale-Silver-Fish-36V-17-5ah-Lithium-Ion-E-Bike-Battery-Pack-Li-ion-Rechargeable-Battery-500W-fo-800-800-300x300.webp",300,300,true],"medium_large":["https:\/\/ecavix.com\/wp-content\/uploads\/2025\/07\/Wholesale-Silver-Fish-36V-17-5ah-Lithium-Ion-E-Bike-Battery-Pack-Li-ion-Rechargeable-Battery-500W-fo-800-800.webp",550,550,false],"large":["https:\/\/ecavix.com\/wp-content\/uploads\/2025\/07\/Wholesale-Silver-Fish-36V-17-5ah-Lithium-Ion-E-Bike-Battery-Pack-Li-ion-Rechargeable-Battery-500W-fo-800-800.webp",550,550,false],"1536x1536":["https:\/\/ecavix.com\/wp-content\/uploads\/2025\/07\/Wholesale-Silver-Fish-36V-17-5ah-Lithium-Ion-E-Bike-Battery-Pack-Li-ion-Rechargeable-Battery-500W-fo-800-800.webp",550,550,false],"2048x2048":["https:\/\/ecavix.com\/wp-content\/uploads\/2025\/07\/Wholesale-Silver-Fish-36V-17-5ah-Lithium-Ion-E-Bike-Battery-Pack-Li-ion-Rechargeable-Battery-500W-fo-800-800.webp",550,550,false],"trp-custom-language-flag":["https:\/\/ecavix.com\/wp-content\/uploads\/2025\/07\/Wholesale-Silver-Fish-36V-17-5ah-Lithium-Ion-E-Bike-Battery-Pack-Li-ion-Rechargeable-Battery-500W-fo-800-800.webp",12,12,false],"neve-blog":["https:\/\/ecavix.com\/wp-content\/uploads\/2025\/07\/Wholesale-Silver-Fish-36V-17-5ah-Lithium-Ion-E-Bike-Battery-Pack-Li-ion-Rechargeable-Battery-500W-fo-800-800.webp",550,550,false],"woocommerce_thumbnail":["https:\/\/ecavix.com\/wp-content\/uploads\/2025\/07\/Wholesale-Silver-Fish-36V-17-5ah-Lithium-Ion-E-Bike-Battery-Pack-Li-ion-Rechargeable-Battery-500W-fo-800-800-300x300.webp",300,300,true],"woocommerce_single":["https:\/\/ecavix.com\/wp-content\/uploads\/2025\/07\/Wholesale-Silver-Fish-36V-17-5ah-Lithium-Ion-E-Bike-Battery-Pack-Li-ion-Rechargeable-Battery-500W-fo-800-800.webp",550,550,false],"woocommerce_gallery_thumbnail":["https:\/\/ecavix.com\/wp-content\/uploads\/2025\/07\/Wholesale-Silver-Fish-36V-17-5ah-Lithium-Ion-E-Bike-Battery-Pack-Li-ion-Rechargeable-Battery-500W-fo-800-800-100x100.webp",100,100,true]},"uagb_author_info":{"display_name":"solvitaenergylimited@gmail.com","author_link":"https:\/\/ecavix.com\/de\/author\/"},"uagb_comment_info":0,"uagb_excerpt":"High-quality Silver Fish 36V 17.5Ah Lithium-Ion E-bike battery pack. Suitable for electric bikes with a long cycle life and efficient performance.","_links":{"self":[{"href":"https:\/\/ecavix.com\/de\/wp-json\/wp\/v2\/product\/2500","targetHints":{"allow":["GET"]}}],"collection":[{"href":"https:\/\/ecavix.com\/de\/wp-json\/wp\/v2\/product"}],"about":[{"href":"https:\/\/ecavix.com\/de\/wp-json\/wp\/v2\/types\/product"}],"replies":[{"embeddable":true,"href":"https:\/\/ecavix.com\/de\/wp-json\/wp\/v2\/comments?post=2500"}],"wp:featuredmedia":[{"embeddable":true,"href":"https:\/\/ecavix.com\/de\/wp-json\/wp\/v2\/media\/2506"}],"wp:attachment":[{"href":"https:\/\/ecavix.com\/de\/wp-json\/wp\/v2\/media?parent=2500"}],"wp:term":[{"taxonomy":"product_brand","embeddable":true,"href":"https:\/\/ecavix.com\/de\/wp-json\/wp\/v2\/product_brand?post=2500"},{"taxonomy":"product_cat","embeddable":true,"href":"https:\/\/ecavix.com\/de\/wp-json\/wp\/v2\/product_cat?post=2500"},{"taxonomy":"product_tag","embeddable":true,"href":"https:\/\/ecavix.com\/de\/wp-json\/wp\/v2\/product_tag?post=2500"}],"curies":[{"name":"wp","href":"https:\/\/api.w.org\/{rel}","templated":true}]}}