{"id":2489,"date":"2025-07-18T09:26:06","date_gmt":"2025-07-18T09:26:06","guid":{"rendered":"https:\/\/ecavix.com\/?post_type=product&#038;p=2489"},"modified":"2025-07-18T09:26:07","modified_gmt":"2025-07-18T09:26:07","slug":"36v-10ah-elektrische-lithium-ebike-batterie-gepacktrager-batterie-fur-250w-500w-motor","status":"publish","type":"product","link":"https:\/\/ecavix.com\/de\/product\/36v-10ah-electric-lithium-ebike-battery-rear-rack-battery-for-250w-500w-motor\/","title":{"rendered":"36V 10ah Elektro Lithium Ebike Akku Heckgep\u00e4cktr\u00e4ger Akku f\u00fcr 250W 500W Motor"},"content":{"rendered":"<br \/>\n<h1>36V 10Ah Elektrische Lithium E-Bike Batterie<\/h1>\n<h2>Produkt\u00fcbersicht<\/h2>\n<table>\n<tr>\n<th>Modell<\/th>\n<td>DEL-10S4P<\/td>\n<\/tr>\n<tr>\n<th>Nennspannung<\/th>\n<td>36V<\/td>\n<\/tr>\n<tr>\n<th>Nominale Kapazit\u00e4t<\/th>\n<td>10Ah<\/td>\n<\/tr>\n<tr>\n<th>Akku-Typ<\/th>\n<td>Lithium-Ion 18650<\/td>\n<\/tr>\n<tr>\n<th>Zyklus Leben<\/th>\n<td>1000 Zyklen<\/td>\n<\/tr>\n<tr>\n<th>Ladeger\u00e4tetyp<\/th>\n<td>USB-Ladeger\u00e4t<\/td>\n<\/tr>\n<tr>\n<th>Ladeger\u00e4t Spannung<\/th>\n<td>42V<\/td>\n<\/tr>\n<tr>\n<th>Entladeschlussspannung<\/th>\n<td>28V<\/td>\n<\/tr>\n<tr>\n<th>Max. Entladestrom<\/th>\n<td>20A<\/td>\n<\/tr>\n<tr>\n<th>Ladungsmodus<\/th>\n<td>CC\/CV (Konstantstrom\/Konstantspannung)<\/td>\n<\/tr>\n<tr>\n<th>Gewicht<\/th>\n<td>3.0kg<\/td>\n<\/tr>\n<tr>\n<th>Abmessungen<\/th>\n<td>295 x 150 x 82 mm<\/td>\n<\/tr>\n<tr>\n<th>Garantie<\/th>\n<td>1 Jahr<\/td>\n<\/tr>\n<tr>\n<th>Zertifizierung<\/th>\n<td>CE, RoHS<\/td>\n<\/tr>\n<tr>\n<th>OEM\/ODM<\/th>\n<td>Verf\u00fcgbar<\/td>\n<\/tr>\n<tr>\n<th>Produktionskapazit\u00e4t<\/th>\n<td>3000 PCS\/Woche<\/td>\n<\/tr>\n<tr>\n<th>Zahlungsbedingungen<\/th>\n<td>T\/T, D\/P, Western Union, Paypal, Money Gram, PayPal<\/td>\n<\/tr>\n<tr>\n<th>Fabrik<\/th>\n<td>7 Jahre Batteriefabrik<\/td>\n<\/tr>\n<tr>\n<th>Verpackung<\/th>\n<td>Standard-Verpackung<\/td>\n<\/tr>\n<\/table>\n<h2>Wesentliche Merkmale<\/h2>\n<div class=\"features-grid\">\n<div class=\"feature-box\">\n<h3>Wasserfest<\/h3>\n<p>Sie sind so konzipiert, dass sie den unterschiedlichsten Witterungsbedingungen standhalten und Langlebigkeit und Zuverl\u00e4ssigkeit gew\u00e4hrleisten.<\/p>\n<\/p><\/div>\n<div class=\"feature-box\">\n<h3>Eingebauter BMS-Schutz<\/h3>\n<p>Sch\u00fctzt die Batterie vor \u00dcberladung, \u00dcberentladung, Kurzschluss und \u00dcberstrom und verl\u00e4ngert so die Lebensdauer der Batterie.<\/p>\n<\/p><\/div>\n<div class=\"feature-box\">\n<h3>Hohe Energiedichte<\/h3>\n<p>Sorgt f\u00fcr lang anhaltende Leistung und Effizienz, ideal f\u00fcr Elektrofahrr\u00e4der und -roller.<\/p>\n<\/p><\/div>\n<div class=\"feature-box\">\n<h3>Lange Zyklusdauer<\/h3>\n<p>Mit bis zu 1000 Ladezyklen garantiert dieser Akku eine au\u00dfergew\u00f6hnliche Langlebigkeit.<\/p>\n<\/p><\/div>\n<\/p><\/div>\n<h2>Vorteile<\/h2>\n<ul>\n<li>Hohe Energiedichte und geringes Gewicht<\/li>\n<li>Lange Zyklusdauer und kein Memory-Effekt<\/li>\n<li>Zuverl\u00e4ssig und sicher mit integrierten Schutzfunktionen<\/li>\n<li>Ausgezeichnete Konsistenz bei Kapazit\u00e4t, Widerstand und Spannung<\/li>\n<li>Schadstofffrei und umweltfreundlich<\/li>\n<li>Erh\u00e4ltlich f\u00fcr eine breite Palette von Spannungskonfigurationen (12V, 24V, 36V, 48V)<\/li>\n<\/ul>\n<h2>Anwendungen<\/h2>\n<ul>\n<li>Elektrofahrr\u00e4der (E-Bikes)<\/li>\n<li>Elektro-Roller<\/li>\n<li>Andere Elektrofahrzeuge<\/li>\n<\/ul>","protected":false},"excerpt":{"rendered":"<p>36V 10Ah Lithium-Ionen Gep\u00e4cktr\u00e4gerbatterie f\u00fcr Elektrofahrr\u00e4der. Mit hoher Energiedichte, langer Lebensdauer und BMS-Schutz. Erh\u00e4ltlich f\u00fcr 250W und 500W Motoren.<\/p>","protected":false},"featured_media":2492,"comment_status":"open","ping_status":"closed","template":"","meta":{"_uag_custom_page_level_css":"","neve_meta_sidebar":"","neve_meta_container":"","neve_meta_enable_content_width":"off","neve_meta_content_width":100,"neve_meta_title_alignment":"","neve_meta_author_avatar":"","neve_post_elements_order":"","neve_meta_disable_header":"","neve_meta_disable_footer":"","neve_meta_disable_title":""},"product_brand":[],"product_cat":[47,45,43],"product_tag":[],"class_list":{"0":"post-2489","1":"product","2":"type-product","3":"status-publish","4":"has-post-thumbnail","6":"product_cat-36v-e-bike-battery","7":"product_cat-e-bike-battery","8":"product_cat-power-battery","10":"first","11":"instock","12":"shipping-taxable","13":"product-type-simple"},"uagb_featured_image_src":{"full":["https:\/\/ecavix.com\/wp-content\/uploads\/2025\/07\/36V-10ah-Electric-Lithium-Ebike-Battery-Rear-Rack-Battery-for-250W-500W-Motor3-800-800.webp",550,550,false],"thumbnail":["https:\/\/ecavix.com\/wp-content\/uploads\/2025\/07\/36V-10ah-Electric-Lithium-Ebike-Battery-Rear-Rack-Battery-for-250W-500W-Motor3-800-800-150x150.webp",150,150,true],"medium":["https:\/\/ecavix.com\/wp-content\/uploads\/2025\/07\/36V-10ah-Electric-Lithium-Ebike-Battery-Rear-Rack-Battery-for-250W-500W-Motor3-800-800-300x300.webp",300,300,true],"medium_large":["https:\/\/ecavix.com\/wp-content\/uploads\/2025\/07\/36V-10ah-Electric-Lithium-Ebike-Battery-Rear-Rack-Battery-for-250W-500W-Motor3-800-800.webp",550,550,false],"large":["https:\/\/ecavix.com\/wp-content\/uploads\/2025\/07\/36V-10ah-Electric-Lithium-Ebike-Battery-Rear-Rack-Battery-for-250W-500W-Motor3-800-800.webp",550,550,false],"1536x1536":["https:\/\/ecavix.com\/wp-content\/uploads\/2025\/07\/36V-10ah-Electric-Lithium-Ebike-Battery-Rear-Rack-Battery-for-250W-500W-Motor3-800-800.webp",550,550,false],"2048x2048":["https:\/\/ecavix.com\/wp-content\/uploads\/2025\/07\/36V-10ah-Electric-Lithium-Ebike-Battery-Rear-Rack-Battery-for-250W-500W-Motor3-800-800.webp",550,550,false],"trp-custom-language-flag":["https:\/\/ecavix.com\/wp-content\/uploads\/2025\/07\/36V-10ah-Electric-Lithium-Ebike-Battery-Rear-Rack-Battery-for-250W-500W-Motor3-800-800.webp",12,12,false],"neve-blog":["https:\/\/ecavix.com\/wp-content\/uploads\/2025\/07\/36V-10ah-Electric-Lithium-Ebike-Battery-Rear-Rack-Battery-for-250W-500W-Motor3-800-800.webp",550,550,false],"woocommerce_thumbnail":["https:\/\/ecavix.com\/wp-content\/uploads\/2025\/07\/36V-10ah-Electric-Lithium-Ebike-Battery-Rear-Rack-Battery-for-250W-500W-Motor3-800-800-300x300.webp",300,300,true],"woocommerce_single":["https:\/\/ecavix.com\/wp-content\/uploads\/2025\/07\/36V-10ah-Electric-Lithium-Ebike-Battery-Rear-Rack-Battery-for-250W-500W-Motor3-800-800.webp",550,550,false],"woocommerce_gallery_thumbnail":["https:\/\/ecavix.com\/wp-content\/uploads\/2025\/07\/36V-10ah-Electric-Lithium-Ebike-Battery-Rear-Rack-Battery-for-250W-500W-Motor3-800-800-100x100.webp",100,100,true]},"uagb_author_info":{"display_name":"solvitaenergylimited@gmail.com","author_link":"https:\/\/ecavix.com\/de\/author\/"},"uagb_comment_info":0,"uagb_excerpt":"36V 10Ah lithium-ion rear rack battery for electric bicycles. Features high energy density, long cycle life, and BMS protection. Available for 250W and 500W motors.","_links":{"self":[{"href":"https:\/\/ecavix.com\/de\/wp-json\/wp\/v2\/product\/2489","targetHints":{"allow":["GET"]}}],"collection":[{"href":"https:\/\/ecavix.com\/de\/wp-json\/wp\/v2\/product"}],"about":[{"href":"https:\/\/ecavix.com\/de\/wp-json\/wp\/v2\/types\/product"}],"replies":[{"embeddable":true,"href":"https:\/\/ecavix.com\/de\/wp-json\/wp\/v2\/comments?post=2489"}],"wp:featuredmedia":[{"embeddable":true,"href":"https:\/\/ecavix.com\/de\/wp-json\/wp\/v2\/media\/2492"}],"wp:attachment":[{"href":"https:\/\/ecavix.com\/de\/wp-json\/wp\/v2\/media?parent=2489"}],"wp:term":[{"taxonomy":"product_brand","embeddable":true,"href":"https:\/\/ecavix.com\/de\/wp-json\/wp\/v2\/product_brand?post=2489"},{"taxonomy":"product_cat","embeddable":true,"href":"https:\/\/ecavix.com\/de\/wp-json\/wp\/v2\/product_cat?post=2489"},{"taxonomy":"product_tag","embeddable":true,"href":"https:\/\/ecavix.com\/de\/wp-json\/wp\/v2\/product_tag?post=2489"}],"curies":[{"name":"wp","href":"https:\/\/api.w.org\/{rel}","templated":true}]}}