{"id":2484,"date":"2025-07-18T09:23:06","date_gmt":"2025-07-18T09:23:06","guid":{"rendered":"https:\/\/ecavix.com\/?post_type=product&#038;p=2484"},"modified":"2025-07-18T09:23:06","modified_gmt":"2025-07-18T09:23:06","slug":"hailong-36v-10ah-wiederaufladbare-elektrische-e-bike-stromversorgung-batterie","status":"publish","type":"product","link":"https:\/\/ecavix.com\/de\/product\/hailong-36v-10ah-rechargeable-electric-e-bike-power-supply-battery\/","title":{"rendered":"Hailong 36V 10ah wiederaufladbare elektrische E-Bike Stromversorgung Batterie"},"content":{"rendered":"<br \/>\n<h1>36V 10Ah Hailong Wiederaufladbare E-Bike Batterie<\/h1>\n<h2>Produkt\u00fcbersicht<\/h2>\n<table>\n<tr>\n<th>Modell<\/th>\n<td>DEL-10S4P<\/td>\n<\/tr>\n<tr>\n<th>Nennspannung<\/th>\n<td>36V<\/td>\n<\/tr>\n<tr>\n<th>Nennkapazit\u00e4t<\/th>\n<td>10Ah<\/td>\n<\/tr>\n<tr>\n<th>Zellentyp<\/th>\n<td>18650 Li-Ion<\/td>\n<\/tr>\n<tr>\n<th>Anzahl der Zellen<\/th>\n<td>40 (10 in Serie, 4 parallel)<\/td>\n<\/tr>\n<tr>\n<th>Spezifikation der Zelle<\/th>\n<td>3,7V, 2500mAh<\/td>\n<\/tr>\n<tr>\n<th>Ladung Spannung<\/th>\n<td>42V<\/td>\n<\/tr>\n<tr>\n<th>Entladungsstrom<\/th>\n<td>2A<\/td>\n<\/tr>\n<tr>\n<th>Ladungsmodus<\/th>\n<td>CC\/CV (Konstantstrom\/Konstantspannung)<\/td>\n<\/tr>\n<tr>\n<th>Standard-Ladestrom<\/th>\n<td>2A<\/td>\n<\/tr>\n<tr>\n<th>Zyklus Leben<\/th>\n<td>500-1000 Zyklen<\/td>\n<\/tr>\n<tr>\n<th>Ladetemperaturbereich<\/th>\n<td>0 ~ 45\u00b0C<\/td>\n<\/tr>\n<tr>\n<th>Austrittstemperaturbereich<\/th>\n<td>-20 ~ 60\u00b0C<\/td>\n<\/tr>\n<tr>\n<th>Gewicht (netto)<\/th>\n<td>3,5 kg<\/td>\n<\/tr>\n<tr>\n<th>Abmessungen<\/th>\n<td>362 x 90 x 115 mm<\/td>\n<\/tr>\n<tr>\n<th>Verpackung<\/th>\n<td>Standard-Exportpaket<\/td>\n<\/tr>\n<tr>\n<th>Zertifizierungen<\/th>\n<td>CE, RoHS, MSDS, UN38.3, FCC, SGS<\/td>\n<\/tr>\n<tr>\n<th>Herkunft<\/th>\n<td>Guangdong, China<\/td>\n<\/tr>\n<tr>\n<th>Produktionskapazit\u00e4t<\/th>\n<td>2000 PCS\/Tag<\/td>\n<\/tr>\n<tr>\n<th>Zahlungsbedingungen<\/th>\n<td>T\/T, Western Union, Paypal, Money Gram<\/td>\n<\/tr>\n<\/table>\n<h2>Wesentliche Merkmale<\/h2>\n<div class=\"features-grid\">\n<div class=\"feature-box\">\n<h3>Lange Zyklusdauer<\/h3>\n<p>Mehr als 500 Ladezyklen sorgen f\u00fcr eine lang anhaltende Leistung Ihres E-Bikes oder Rollers.<\/p>\n<\/p><\/div>\n<div class=\"feature-box\">\n<h3>Sicheres und zuverl\u00e4ssiges BMS<\/h3>\n<p>Ein stabiles Batteriemanagementsystem (BMS) sch\u00fctzt vor \u00dcberladung, \u00dcberentladung und Kurzschluss.<\/p>\n<\/p><\/div>\n<div class=\"feature-box\">\n<h3>Effiziente Leistung<\/h3>\n<p>Die hohe Spannung und das geringe Gewicht sorgen f\u00fcr eine hervorragende Beschleunigung und Leistung der Motoren.<\/p>\n<\/p><\/div>\n<div class=\"feature-box\">\n<h3>Breiter Temperaturbereich<\/h3>\n<p>Betriebstemperaturbereich von -20\u00b0C bis 60\u00b0C, geeignet f\u00fcr verschiedene Klimazonen und Umgebungen.<\/p>\n<\/p><\/div>\n<\/p><\/div>\n<h2>Anwendungen<\/h2>\n<ul>\n<li>Elektrofahrr\u00e4der (E-Bikes)<\/li>\n<li>Elektro-Roller<\/li>\n<li>Andere Elektrofahrzeuge<\/li>\n<\/ul>","protected":false},"excerpt":{"rendered":"<p>36V 10Ah wiederaufladbare Lithium-Ionen-Batterie f\u00fcr Elektrofahrr\u00e4der. Hohe Zykluslebensdauer, stabiler BMS-Schutz und robuste Leistung. CE- und RoHS-zertifiziert.<\/p>","protected":false},"featured_media":2485,"comment_status":"open","ping_status":"closed","template":"","meta":{"_uag_custom_page_level_css":"","neve_meta_sidebar":"","neve_meta_container":"","neve_meta_enable_content_width":"off","neve_meta_content_width":100,"neve_meta_title_alignment":"","neve_meta_author_avatar":"","neve_post_elements_order":"","neve_meta_disable_header":"","neve_meta_disable_footer":"","neve_meta_disable_title":""},"product_brand":[],"product_cat":[47,45,43],"product_tag":[],"class_list":{"0":"post-2484","1":"product","2":"type-product","3":"status-publish","4":"has-post-thumbnail","6":"product_cat-36v-e-bike-battery","7":"product_cat-e-bike-battery","8":"product_cat-power-battery","10":"first","11":"instock","12":"shipping-taxable","13":"product-type-simple"},"uagb_featured_image_src":{"full":["https:\/\/ecavix.com\/wp-content\/uploads\/2025\/07\/Hailong-36V-10ah-Rechargeable-Electric-E-Bike-Power-Supply-Battery1-800-800.webp",350,347,false],"thumbnail":["https:\/\/ecavix.com\/wp-content\/uploads\/2025\/07\/Hailong-36V-10ah-Rechargeable-Electric-E-Bike-Power-Supply-Battery1-800-800-150x150.webp",150,150,true],"medium":["https:\/\/ecavix.com\/wp-content\/uploads\/2025\/07\/Hailong-36V-10ah-Rechargeable-Electric-E-Bike-Power-Supply-Battery1-800-800-300x297.webp",300,297,true],"medium_large":["https:\/\/ecavix.com\/wp-content\/uploads\/2025\/07\/Hailong-36V-10ah-Rechargeable-Electric-E-Bike-Power-Supply-Battery1-800-800.webp",350,347,false],"large":["https:\/\/ecavix.com\/wp-content\/uploads\/2025\/07\/Hailong-36V-10ah-Rechargeable-Electric-E-Bike-Power-Supply-Battery1-800-800.webp",350,347,false],"1536x1536":["https:\/\/ecavix.com\/wp-content\/uploads\/2025\/07\/Hailong-36V-10ah-Rechargeable-Electric-E-Bike-Power-Supply-Battery1-800-800.webp",350,347,false],"2048x2048":["https:\/\/ecavix.com\/wp-content\/uploads\/2025\/07\/Hailong-36V-10ah-Rechargeable-Electric-E-Bike-Power-Supply-Battery1-800-800.webp",350,347,false],"trp-custom-language-flag":["https:\/\/ecavix.com\/wp-content\/uploads\/2025\/07\/Hailong-36V-10ah-Rechargeable-Electric-E-Bike-Power-Supply-Battery1-800-800.webp",12,12,false],"neve-blog":["https:\/\/ecavix.com\/wp-content\/uploads\/2025\/07\/Hailong-36V-10ah-Rechargeable-Electric-E-Bike-Power-Supply-Battery1-800-800.webp",350,347,false],"woocommerce_thumbnail":["https:\/\/ecavix.com\/wp-content\/uploads\/2025\/07\/Hailong-36V-10ah-Rechargeable-Electric-E-Bike-Power-Supply-Battery1-800-800-300x300.webp",300,300,true],"woocommerce_single":["https:\/\/ecavix.com\/wp-content\/uploads\/2025\/07\/Hailong-36V-10ah-Rechargeable-Electric-E-Bike-Power-Supply-Battery1-800-800.webp",350,347,false],"woocommerce_gallery_thumbnail":["https:\/\/ecavix.com\/wp-content\/uploads\/2025\/07\/Hailong-36V-10ah-Rechargeable-Electric-E-Bike-Power-Supply-Battery1-800-800-100x100.webp",100,100,true]},"uagb_author_info":{"display_name":"solvitaenergylimited@gmail.com","author_link":"https:\/\/ecavix.com\/de\/author\/"},"uagb_comment_info":0,"uagb_excerpt":"36V 10Ah rechargeable lithium-ion battery for electric bicycles. Features high cycle life, stable BMS protection, and robust performance. CE & RoHS certified.","_links":{"self":[{"href":"https:\/\/ecavix.com\/de\/wp-json\/wp\/v2\/product\/2484","targetHints":{"allow":["GET"]}}],"collection":[{"href":"https:\/\/ecavix.com\/de\/wp-json\/wp\/v2\/product"}],"about":[{"href":"https:\/\/ecavix.com\/de\/wp-json\/wp\/v2\/types\/product"}],"replies":[{"embeddable":true,"href":"https:\/\/ecavix.com\/de\/wp-json\/wp\/v2\/comments?post=2484"}],"wp:featuredmedia":[{"embeddable":true,"href":"https:\/\/ecavix.com\/de\/wp-json\/wp\/v2\/media\/2485"}],"wp:attachment":[{"href":"https:\/\/ecavix.com\/de\/wp-json\/wp\/v2\/media?parent=2484"}],"wp:term":[{"taxonomy":"product_brand","embeddable":true,"href":"https:\/\/ecavix.com\/de\/wp-json\/wp\/v2\/product_brand?post=2484"},{"taxonomy":"product_cat","embeddable":true,"href":"https:\/\/ecavix.com\/de\/wp-json\/wp\/v2\/product_cat?post=2484"},{"taxonomy":"product_tag","embeddable":true,"href":"https:\/\/ecavix.com\/de\/wp-json\/wp\/v2\/product_tag?post=2484"}],"curies":[{"name":"wp","href":"https:\/\/api.w.org\/{rel}","templated":true}]}}