{"id":2477,"date":"2025-07-18T09:15:38","date_gmt":"2025-07-18T09:15:38","guid":{"rendered":"https:\/\/ecavix.com\/?post_type=product&#038;p=2477"},"modified":"2025-07-18T09:15:38","modified_gmt":"2025-07-18T09:15:38","slug":"36v-20ah-ebike-lithium-batterie-fisch-fahrrad-batterie","status":"publish","type":"product","link":"https:\/\/ecavix.com\/de\/product\/36v-20ah-ebike-lithium-battery-sliver-fish-bicycle-battery\/","title":{"rendered":"36V 20ah Ebike Lithium Batterie Sliver Fish Fahrrad Batterie"},"content":{"rendered":"<br \/>\n<h1>36V 20Ah Heckgep\u00e4cktr\u00e4ger-E-Bike-Akku<\/h1>\n<h2>Produkt\u00fcbersicht<\/h2>\n<table>\n<tr>\n<th>Modell<\/th>\n<td>DL-3620<\/td>\n<\/tr>\n<tr>\n<th>Nennspannung<\/th>\n<td>36V<\/td>\n<\/tr>\n<tr>\n<th>Nennkapazit\u00e4t<\/th>\n<td>20Ah<\/td>\n<\/tr>\n<tr>\n<th>Zellentyp<\/th>\n<td>18650 Li-Ion<\/td>\n<\/tr>\n<tr>\n<th>Zellenkombination<\/th>\n<td>10S7P<\/td>\n<\/tr>\n<tr>\n<th>Anzahl der Zellen<\/th>\n<td>70<\/td>\n<\/tr>\n<tr>\n<th>Ladung Spannung<\/th>\n<td>42V<\/td>\n<\/tr>\n<tr>\n<th>Ladungsmodus<\/th>\n<td>CC-CV (Konstantstrom\/Spannung)<\/td>\n<\/tr>\n<tr>\n<th>Max. Ladestrom<\/th>\n<td>5A<\/td>\n<\/tr>\n<tr>\n<th>Standard-Ladestrom<\/th>\n<td>2A<\/td>\n<\/tr>\n<tr>\n<th>Zyklus Leben<\/th>\n<td>500 Mal<\/td>\n<\/tr>\n<tr>\n<th>Gewicht<\/th>\n<td>Ungef\u00e4hr 5,5 kg<\/td>\n<\/tr>\n<tr>\n<th>Abmessungen<\/th>\n<td>425 \u00d7 115 \u00d7 75 mm<\/td>\n<\/tr>\n<tr>\n<th>Ladung Temperatur<\/th>\n<td>0 ~ 45\u00b0C<\/td>\n<\/tr>\n<tr>\n<th>Entladetemperatur<\/th>\n<td>-20 ~ 60\u00b0C<\/td>\n<\/tr>\n<tr>\n<th>Geh\u00e4use Typ<\/th>\n<td>Silberner Fisch mit legiertem PC + ABS-Geh\u00e4use<\/td>\n<\/tr>\n<tr>\n<th>Wiederverwertbar<\/th>\n<td>Ja<\/td>\n<\/tr>\n<tr>\n<th>Zertifizierungen<\/th>\n<td>CE, RoHS<\/td>\n<\/tr>\n<tr>\n<th>Herkunft<\/th>\n<td>China<\/td>\n<\/tr>\n<tr>\n<th>Hafen<\/th>\n<td>Shenzhen, China<\/td>\n<\/tr>\n<tr>\n<th>Produktionskapazit\u00e4t<\/th>\n<td>10.000 PCS \/ Woche<\/td>\n<\/tr>\n<tr>\n<th>Zahlungsbedingungen<\/th>\n<td>T\/T, Western Union, Paypal<\/td>\n<\/tr>\n<\/table>\n<h2>Wesentliche Merkmale<\/h2>\n<div class=\"features-grid\">\n<div class=\"feature-box\">\n<h3>Silberfisch-Design<\/h3>\n<p>Klassisches Gep\u00e4cktr\u00e4gerdesign mit einer kompakten und robusten silbernen Fischform f\u00fcr die einfache Montage an E-Bikes.<\/p>\n<\/p><\/div>\n<div class=\"feature-box\">\n<h3>Hohe Kapazit\u00e4t<\/h3>\n<p>20Ah Kapazit\u00e4t f\u00fcr eine gr\u00f6\u00dfere Reichweite, perfekt f\u00fcr lange Fahrten oder Pendler.<\/p>\n<\/p><\/div>\n<div class=\"feature-box\">\n<h3>Langlebig &amp; Zuverl\u00e4ssig<\/h3>\n<p>Die lange Lebensdauer von mehr als 500 Ladezyklen sorgt f\u00fcr jahrelangen, zuverl\u00e4ssigen Betrieb.<\/p>\n<\/p><\/div>\n<div class=\"feature-box\">\n<h3>Sicherheit und Schutz<\/h3>\n<p>Umfasst Schutz vor \u00dcberladung, \u00dcberentladung, Kurzschluss und \u00dcberhitzung.<\/p>\n<\/p><\/div>\n<\/p><\/div>\n<h2>Anwendungen<\/h2>\n<ul>\n<li>Elektrische Fahrr\u00e4der<\/li>\n<li>E-Scooter<\/li>\n<li>Elektrische Motorr\u00e4der<\/li>\n<li>Faltbare E-Bikes<\/li>\n<\/ul>","protected":false},"excerpt":{"rendered":"<p>Leistungsstarker 36V 20Ah Gep\u00e4cktr\u00e4ger-Lithium-Ionen-Akkupack f\u00fcr E-Bikes. Lange Lebensdauer mit CE- und RoHS-Zertifizierung.<\/p>","protected":false},"featured_media":2478,"comment_status":"open","ping_status":"closed","template":"","meta":{"_uag_custom_page_level_css":"","neve_meta_sidebar":"","neve_meta_container":"","neve_meta_enable_content_width":"off","neve_meta_content_width":100,"neve_meta_title_alignment":"","neve_meta_author_avatar":"","neve_post_elements_order":"","neve_meta_disable_header":"","neve_meta_disable_footer":"","neve_meta_disable_title":""},"product_brand":[],"product_cat":[47,45,43],"product_tag":[],"class_list":{"0":"post-2477","1":"product","2":"type-product","3":"status-publish","4":"has-post-thumbnail","6":"product_cat-36v-e-bike-battery","7":"product_cat-e-bike-battery","8":"product_cat-power-battery","10":"first","11":"instock","12":"shipping-taxable","13":"product-type-simple"},"uagb_featured_image_src":{"full":["https:\/\/ecavix.com\/wp-content\/uploads\/2025\/07\/36V-20ah-Ebike-Lithium-Battery-Sliver-Fish-Bicycle-Battery1-800-800.webp",550,550,false],"thumbnail":["https:\/\/ecavix.com\/wp-content\/uploads\/2025\/07\/36V-20ah-Ebike-Lithium-Battery-Sliver-Fish-Bicycle-Battery1-800-800-150x150.webp",150,150,true],"medium":["https:\/\/ecavix.com\/wp-content\/uploads\/2025\/07\/36V-20ah-Ebike-Lithium-Battery-Sliver-Fish-Bicycle-Battery1-800-800-300x300.webp",300,300,true],"medium_large":["https:\/\/ecavix.com\/wp-content\/uploads\/2025\/07\/36V-20ah-Ebike-Lithium-Battery-Sliver-Fish-Bicycle-Battery1-800-800.webp",550,550,false],"large":["https:\/\/ecavix.com\/wp-content\/uploads\/2025\/07\/36V-20ah-Ebike-Lithium-Battery-Sliver-Fish-Bicycle-Battery1-800-800.webp",550,550,false],"1536x1536":["https:\/\/ecavix.com\/wp-content\/uploads\/2025\/07\/36V-20ah-Ebike-Lithium-Battery-Sliver-Fish-Bicycle-Battery1-800-800.webp",550,550,false],"2048x2048":["https:\/\/ecavix.com\/wp-content\/uploads\/2025\/07\/36V-20ah-Ebike-Lithium-Battery-Sliver-Fish-Bicycle-Battery1-800-800.webp",550,550,false],"trp-custom-language-flag":["https:\/\/ecavix.com\/wp-content\/uploads\/2025\/07\/36V-20ah-Ebike-Lithium-Battery-Sliver-Fish-Bicycle-Battery1-800-800.webp",12,12,false],"neve-blog":["https:\/\/ecavix.com\/wp-content\/uploads\/2025\/07\/36V-20ah-Ebike-Lithium-Battery-Sliver-Fish-Bicycle-Battery1-800-800.webp",550,550,false],"woocommerce_thumbnail":["https:\/\/ecavix.com\/wp-content\/uploads\/2025\/07\/36V-20ah-Ebike-Lithium-Battery-Sliver-Fish-Bicycle-Battery1-800-800-300x300.webp",300,300,true],"woocommerce_single":["https:\/\/ecavix.com\/wp-content\/uploads\/2025\/07\/36V-20ah-Ebike-Lithium-Battery-Sliver-Fish-Bicycle-Battery1-800-800.webp",550,550,false],"woocommerce_gallery_thumbnail":["https:\/\/ecavix.com\/wp-content\/uploads\/2025\/07\/36V-20ah-Ebike-Lithium-Battery-Sliver-Fish-Bicycle-Battery1-800-800-100x100.webp",100,100,true]},"uagb_author_info":{"display_name":"solvitaenergylimited@gmail.com","author_link":"https:\/\/ecavix.com\/de\/author\/"},"uagb_comment_info":0,"uagb_excerpt":"High-performance 36V 20Ah rear rack lithium-ion battery pack for e-bikes. Long cycle life with CE & RoHS certifications.","_links":{"self":[{"href":"https:\/\/ecavix.com\/de\/wp-json\/wp\/v2\/product\/2477","targetHints":{"allow":["GET"]}}],"collection":[{"href":"https:\/\/ecavix.com\/de\/wp-json\/wp\/v2\/product"}],"about":[{"href":"https:\/\/ecavix.com\/de\/wp-json\/wp\/v2\/types\/product"}],"replies":[{"embeddable":true,"href":"https:\/\/ecavix.com\/de\/wp-json\/wp\/v2\/comments?post=2477"}],"wp:featuredmedia":[{"embeddable":true,"href":"https:\/\/ecavix.com\/de\/wp-json\/wp\/v2\/media\/2478"}],"wp:attachment":[{"href":"https:\/\/ecavix.com\/de\/wp-json\/wp\/v2\/media?parent=2477"}],"wp:term":[{"taxonomy":"product_brand","embeddable":true,"href":"https:\/\/ecavix.com\/de\/wp-json\/wp\/v2\/product_brand?post=2477"},{"taxonomy":"product_cat","embeddable":true,"href":"https:\/\/ecavix.com\/de\/wp-json\/wp\/v2\/product_cat?post=2477"},{"taxonomy":"product_tag","embeddable":true,"href":"https:\/\/ecavix.com\/de\/wp-json\/wp\/v2\/product_tag?post=2477"}],"curies":[{"name":"wp","href":"https:\/\/api.w.org\/{rel}","templated":true}]}}