{"id":2449,"date":"2025-07-18T08:22:52","date_gmt":"2025-07-18T08:22:52","guid":{"rendered":"https:\/\/ecavix.com\/?post_type=product&#038;p=2449"},"modified":"2025-08-05T06:50:08","modified_gmt":"2025-08-05T06:50:08","slug":"lithium-akku-fur-250-1000w-elektrofahrrad","status":"publish","type":"product","link":"https:\/\/ecavix.com\/de\/product\/lithium-rechargeable-battery-for-250-1000w-electric-bike\/","title":{"rendered":"Lithium-Akku f\u00fcr 250-1000W Elektrofahrrad"},"content":{"rendered":"<br \/>\n<h1>36V Lithium-Batterie f\u00fcr Elektrofahrrad<\/h1>\n<h2>Produkt\u00fcbersicht<\/h2>\n<table>\n<tr>\n<th>Modell<\/th>\n<td>DL-3610<\/td>\n<\/tr>\n<tr>\n<th>Akku-Typ<\/th>\n<td>18650 Lithium-Batterie<\/td>\n<\/tr>\n<tr>\n<th>Nennspannung<\/th>\n<td>36V<\/td>\n<\/tr>\n<tr>\n<th>Nominale Kapazit\u00e4t<\/th>\n<td>10Ah,15Ah<\/td>\n<\/tr>\n<tr>\n<th>Konfiguration<\/th>\n<td>10S4P (10 in Reihe, 4 parallel)<\/td>\n<\/tr>\n<tr>\n<th>Ladung Spannung<\/th>\n<td>42V<\/td>\n<\/tr>\n<tr>\n<th>Standard-Ladestrom<\/th>\n<td>2A<\/td>\n<\/tr>\n<tr>\n<th>Kontinuierlicher Entladestrom<\/th>\n<td>15A,30A<\/td>\n<\/tr>\n<tr>\n<th>Entladeschlussspannung<\/th>\n<td>28V<\/td>\n<\/tr>\n<tr>\n<th>Zyklus Leben<\/th>\n<td>500 Zyklen<\/td>\n<\/tr>\n<tr>\n<th>Garantie<\/th>\n<td>1 Jahr<\/td>\n<\/tr>\n<tr>\n<th>BMS-Schutz<\/th>\n<td>\u00dcberladung, \u00dcberentladung, \u00dcberstrom, Kurzschluss<\/td>\n<\/tr>\n<tr>\n<th>Motorleistung anpassen<\/th>\n<td>250W-1000W<\/td>\n<\/tr>\n<tr>\n<th>Ladung Temperatur<\/th>\n<td>0\u00b0C ~ 45\u00b0C<\/td>\n<\/tr>\n<tr>\n<th>Entladetemperatur<\/th>\n<td>-20\u00b0C ~ 60\u00b0C<\/td>\n<\/tr>\n<tr>\n<th>Gewicht<\/th>\n<td>3,5 kg - 4kg<\/td>\n<\/tr>\n<tr>\n<th>Abmessungen<\/th>\n<td>367 \u00d7 90 \u00d7 111 mm<\/td>\n<\/tr>\n<tr>\n<th>Farbe<\/th>\n<td>Schwarz<\/td>\n<\/tr>\n<tr>\n<th>Herkunft<\/th>\n<td>China<\/td>\n<\/tr>\n<tr>\n<th>Hafen<\/th>\n<td>Shenzhen, China<\/td>\n<\/tr>\n<tr>\n<th>Produktionskapazit\u00e4t<\/th>\n<td>5000 PCS\/Woche<\/td>\n<\/tr>\n<tr>\n<th>Zahlungsbedingungen<\/th>\n<td>L\/C, T\/T, D\/P, Western Union, Paypal, Money Gram, Bargeld<\/td>\n<\/tr>\n<tr>\n<th>Verpackung<\/th>\n<td>EPE-Perlenbaumwolle + dicke Kartons<\/td>\n<\/tr>\n<\/table>\n<h2>Hauptmerkmale<\/h2>\n<div class=\"features-grid\">\n<div class=\"feature-box\">\n<h3>Zuverl\u00e4ssige Leistung<\/h3>\n<p>Stabiler 36-V-Ausgang mit 10-Ah-Kapazit\u00e4t, ideal f\u00fcr E-Bikes mit bis zu 1000 W Motorleistung.<\/p>\n<\/p><\/div>\n<div class=\"feature-box\">\n<h3>Langlebiges Geh\u00e4use<\/h3>\n<p>Die Schutzh\u00fclle mit EPE-Schaumstoffverpackung gew\u00e4hrleistet einen sicheren Transport und eine lange Nutzungsdauer.<\/p>\n<\/p><\/div>\n<div class=\"feature-box\">\n<h3>Sicherer BMS-Schutz<\/h3>\n<p>Eingebautes BMS f\u00fcr \u00dcberladungs-, \u00dcberentladungs- und Kurzschlussschutz.<\/p>\n<\/p><\/div>\n<div class=\"feature-box\">\n<h3>Kompakt und leicht<\/h3>\n<p>Nur 3,5 kg schwer und leicht auf Standard-Elektrofahrr\u00e4dern zu installieren.<\/p>\n<\/p><\/div>\n<\/p><\/div>\n<h2>Anwendungen<\/h2>\n<ul>\n<li>Elektrofahrr\u00e4der (250W - 1000W Motoren)<\/li>\n<li>Pers\u00f6nliche E-Mobilit\u00e4tsger\u00e4te<\/li>\n<li>E-Bikes f\u00fcr den Freizeit- und Berufsverkehr<\/li>\n<li>Leichte Elektrofahrzeuge<\/li>\n<\/ul>","protected":false},"excerpt":{"rendered":"<p>36V 10Ah 15AH wiederaufladbare Lithium-Batterie mit 18650 Zellen und 10S4P Konfiguration, ideal f\u00fcr 250W-1000W Elektrofahrr\u00e4der. Zuverl\u00e4ssig, leicht und langlebig.<\/p>","protected":false},"featured_media":3052,"comment_status":"closed","ping_status":"closed","template":"","meta":{"_uag_custom_page_level_css":"","neve_meta_sidebar":"","neve_meta_container":"","neve_meta_enable_content_width":"off","neve_meta_content_width":100,"neve_meta_title_alignment":"","neve_meta_author_avatar":"","neve_post_elements_order":"","neve_meta_disable_header":"","neve_meta_disable_footer":"","neve_meta_disable_title":""},"product_brand":[],"product_cat":[47,45,43],"product_tag":[],"class_list":{"0":"post-2449","1":"product","2":"type-product","3":"status-publish","4":"has-post-thumbnail","6":"product_cat-36v-e-bike-battery","7":"product_cat-e-bike-battery","8":"product_cat-power-battery","10":"first","11":"instock","12":"shipping-taxable","13":"product-type-simple"},"uagb_featured_image_src":{"full":["https:\/\/ecavix.com\/wp-content\/uploads\/2025\/07\/ElectricBicycle04-scaled.jpg",2560,1844,false],"thumbnail":["https:\/\/ecavix.com\/wp-content\/uploads\/2025\/07\/ElectricBicycle04-150x150.jpg",150,150,true],"medium":["https:\/\/ecavix.com\/wp-content\/uploads\/2025\/07\/ElectricBicycle04-300x216.jpg",300,216,true],"medium_large":["https:\/\/ecavix.com\/wp-content\/uploads\/2025\/07\/ElectricBicycle04-768x553.jpg",768,553,true],"large":["https:\/\/ecavix.com\/wp-content\/uploads\/2025\/07\/ElectricBicycle04-1024x738.jpg",1024,738,true],"1536x1536":["https:\/\/ecavix.com\/wp-content\/uploads\/2025\/07\/ElectricBicycle04-1536x1107.jpg",1536,1107,true],"2048x2048":["https:\/\/ecavix.com\/wp-content\/uploads\/2025\/07\/ElectricBicycle04-2048x1475.jpg",2048,1475,true],"trp-custom-language-flag":["https:\/\/ecavix.com\/wp-content\/uploads\/2025\/07\/ElectricBicycle04-scaled.jpg",18,12,false],"neve-blog":["https:\/\/ecavix.com\/wp-content\/uploads\/2025\/07\/ElectricBicycle04-930x620.jpg",930,620,true],"woocommerce_thumbnail":["https:\/\/ecavix.com\/wp-content\/uploads\/2025\/07\/ElectricBicycle04-300x300.jpg",300,300,true],"woocommerce_single":["https:\/\/ecavix.com\/wp-content\/uploads\/2025\/07\/ElectricBicycle04-600x432.jpg",600,432,true],"woocommerce_gallery_thumbnail":["https:\/\/ecavix.com\/wp-content\/uploads\/2025\/07\/ElectricBicycle04-100x100.jpg",100,100,true]},"uagb_author_info":{"display_name":"solvitaenergylimited@gmail.com","author_link":"https:\/\/ecavix.com\/de\/author\/"},"uagb_comment_info":0,"uagb_excerpt":"36V 10Ah 15AH rechargeable lithium battery with 18650 cells and 10S4P configuration, ideal for 250W\u20131000W electric bikes. Reliable, lightweight, and long-lasting.","_links":{"self":[{"href":"https:\/\/ecavix.com\/de\/wp-json\/wp\/v2\/product\/2449","targetHints":{"allow":["GET"]}}],"collection":[{"href":"https:\/\/ecavix.com\/de\/wp-json\/wp\/v2\/product"}],"about":[{"href":"https:\/\/ecavix.com\/de\/wp-json\/wp\/v2\/types\/product"}],"replies":[{"embeddable":true,"href":"https:\/\/ecavix.com\/de\/wp-json\/wp\/v2\/comments?post=2449"}],"wp:featuredmedia":[{"embeddable":true,"href":"https:\/\/ecavix.com\/de\/wp-json\/wp\/v2\/media\/3052"}],"wp:attachment":[{"href":"https:\/\/ecavix.com\/de\/wp-json\/wp\/v2\/media?parent=2449"}],"wp:term":[{"taxonomy":"product_brand","embeddable":true,"href":"https:\/\/ecavix.com\/de\/wp-json\/wp\/v2\/product_brand?post=2449"},{"taxonomy":"product_cat","embeddable":true,"href":"https:\/\/ecavix.com\/de\/wp-json\/wp\/v2\/product_cat?post=2449"},{"taxonomy":"product_tag","embeddable":true,"href":"https:\/\/ecavix.com\/de\/wp-json\/wp\/v2\/product_tag?post=2449"}],"curies":[{"name":"wp","href":"https:\/\/api.w.org\/{rel}","templated":true}]}}