{"id":2442,"date":"2025-07-18T07:30:11","date_gmt":"2025-07-18T07:30:11","guid":{"rendered":"https:\/\/ecavix.com\/?post_type=product&#038;p=2442"},"modified":"2026-04-18T08:27:44","modified_gmt":"2026-04-18T08:27:44","slug":"elektromotorrad-e-scooter-akku-60-v-30-ah-lithium-ionen-akku-mit-gehause","status":"publish","type":"product","link":"https:\/\/ecavix.com\/de\/product\/electric-motorcycle-e-scooter-battery-60v-30ah-li-ion-battery-pack-with-case\/","title":{"rendered":"Elektro-Motorrad E-Scooter Akku 60V 30ah Li-Ion Akku-Pack mit Koffer"},"content":{"rendered":"<br \/>\n<h1>60 V, 30 Ah Lithium-Ionen-Akku f\u00fcr Elektrofahrr\u00e4der<\/h1>\n<h2>Produkt\u00fcbersicht<\/h2>\n<table>\n<tr>\n<th>Modell<\/th>\n<td>DEL-6030<\/td>\n<\/tr>\n<tr>\n<th>Nennspannung<\/th>\n<td>60 V<\/td>\n<\/tr>\n<tr>\n<th>Nominale Kapazit\u00e4t<\/th>\n<td>30 Ah<\/td>\n<\/tr>\n<tr>\n<th>Akku-Typ<\/th>\n<td>Lithium-Ionen<\/td>\n<\/tr>\n<tr>\n<th>Konfiguration<\/th>\n<td>16S<\/td>\n<\/tr>\n<tr>\n<th>Ladung Spannung<\/th>\n<td>67,2 V<\/td>\n<\/tr>\n<tr>\n<th>Entladungsspannung Ende<\/th>\n<td>55 V<\/td>\n<\/tr>\n<tr>\n<th>Methode der Aufladung<\/th>\n<td>CC\/CV (0,2 C)<\/td>\n<\/tr>\n<tr>\n<th>Nennentladungsstrom<\/th>\n<td>30A<\/td>\n<\/tr>\n<tr>\n<th>Maximale Impulsentladung<\/th>\n<td>80 A \/ 10 Sekunden<\/td>\n<\/tr>\n<tr>\n<th>Max. Ladestrom<\/th>\n<td>5A<\/td>\n<\/tr>\n<tr>\n<th>Innenwiderstand<\/th>\n<td>\u2264420 m\u03a9<\/td>\n<\/tr>\n<tr>\n<th>Zyklus Leben<\/th>\n<td>500 Zyklen (bei 100% DOD)<\/td>\n<\/tr>\n<tr>\n<th>Gewicht<\/th>\n<td>10,5 kg<\/td>\n<\/tr>\n<tr>\n<th>Abmessungen<\/th>\n<td>295 \u00d7 180 \u00d7 155 mm<\/td>\n<\/tr>\n<tr>\n<th>Ladung Temperatur<\/th>\n<td>0~45\u00b0C<\/td>\n<\/tr>\n<tr>\n<th>Entladetemperatur<\/th>\n<td>-10 bis 55 \u00b0C<\/td>\n<\/tr>\n<tr>\n<th>Lagertemperatur<\/th>\n<td>-10 bis 45 \u00b0C (60\u201380% SOC)<\/td>\n<\/tr>\n<tr>\n<th>Herkunft<\/th>\n<td>China<\/td>\n<\/tr>\n<tr>\n<th>Hafen<\/th>\n<td>Shenzhen, China<\/td>\n<\/tr>\n<tr>\n<th>Produktionskapazit\u00e4t<\/th>\n<td>10.000 S\u00e4tze\/Woche<\/td>\n<\/tr>\n<tr>\n<th>Zahlungsbedingungen<\/th>\n<td>T\/T, Western Union, Paypal<\/td>\n<\/tr>\n<tr>\n<th>Verpackung<\/th>\n<td>Export-Karton<\/td>\n<\/tr>\n<\/table>\n<h2>Hauptmerkmale<\/h2>\n<div class=\"features-grid\">\n<div class=\"feature-box\">\n<h3>Hohe Kapazit\u00e4t<\/h3>\n<p>30 Ah Kapazit\u00e4t mit zuverl\u00e4ssiger 60-V-Leistung, ideal f\u00fcr die Elektromobilit\u00e4t \u00fcber lange Strecken.<\/p>\n<\/p><\/div>\n<div class=\"feature-box\">\n<h3>Sicher und stabil<\/h3>\n<p>\u00dcberladungsschutz, \u00dcberentladungsschutz, \u00dcberstromschutz und Kurzschlussschutz \u00fcber integriertes BMS.<\/p>\n<\/p><\/div>\n<div class=\"feature-box\">\n<h3>Leichte Konstruktion<\/h3>\n<p>Kompakte und leichte Bauweise (10,5 kg), geeignet f\u00fcr Elektrofahrr\u00e4der und Roller.<\/p>\n<\/p><\/div>\n<div class=\"feature-box\">\n<h3>Zuverl\u00e4ssige Lebensdauer<\/h3>\n<p>\u00dcber 500 Lade-\/Entladezyklen mit minimalem Leistungsabfall.<\/p>\n<\/p><\/div>\n<\/p><\/div>\n<h2>Vorteile<\/h2>\n<ul>\n<li>Hohe Energiedichte und Ausgangsspannung<\/li>\n<li>Schnellladefunktion \u2013 bis zu 90% in 10 Minuten<\/li>\n<li>Kein Memory-Effekt und geringe Selbstentladung<\/li>\n<li>Umweltfreundlich: kein Quecksilber, kein Feuer, keine Explosion<\/li>\n<li>Anpassbare Form, Gr\u00f6\u00dfe und Spannung<\/li>\n<li>Doppelter IC-Chip-Schutz und Stabilit\u00e4t der Injektionstechnologie<\/li>\n<\/ul>\n<h2>Anwendungen<\/h2>\n<ul>\n<li>Elektrofahrr\u00e4der und Elektroroller<\/li>\n<li>Elektromotorr\u00e4der und -boote<\/li>\n<li>Elektrowerkzeuge und -ger\u00e4te<\/li>\n<li>Golfwagen und Mobilit\u00e4tsfahrzeuge<\/li>\n<li>Notstromversorgungssysteme und Solarspeicher<\/li>\n<\/ul>","protected":false},"excerpt":{"rendered":"<p>Hochleistungs-Lithium-Ionen-Akku mit 60 V und 30 Ah, entwickelt f\u00fcr Elektrofahrr\u00e4der, Roller, Motorr\u00e4der und Werkzeuge. Sicher, lange Lebensdauer und umweltfreundlich.<\/p>","protected":false},"featured_media":2445,"comment_status":"open","ping_status":"closed","template":"","meta":{"_uag_custom_page_level_css":"","neve_meta_sidebar":"","neve_meta_container":"","neve_meta_enable_content_width":"off","neve_meta_content_width":100,"neve_meta_title_alignment":"","neve_meta_author_avatar":"","neve_post_elements_order":"","neve_meta_disable_header":"","neve_meta_disable_footer":"","neve_meta_disable_title":""},"product_brand":[],"product_cat":[49,45,53,43,55],"product_tag":[],"class_list":{"0":"post-2442","1":"product","2":"type-product","3":"status-publish","4":"has-post-thumbnail","6":"product_cat-60v-e-bike-battery","7":"product_cat-e-bike-battery","8":"product_cat-low-speed-electric-vehicle-battery","9":"product_cat-power-battery","10":"product_cat-scooter-battery","12":"first","13":"instock","14":"shipping-taxable","15":"product-type-simple"},"uagb_featured_image_src":{"full":["https:\/\/ecavix.com\/wp-content\/uploads\/2025\/07\/Electric-Motorcycle-E-Scooter-Battery-60V-30ah-Li-ion-Battery-Pack-with-Case2-800-800.webp",550,550,false],"thumbnail":["https:\/\/ecavix.com\/wp-content\/uploads\/2025\/07\/Electric-Motorcycle-E-Scooter-Battery-60V-30ah-Li-ion-Battery-Pack-with-Case2-800-800-150x150.webp",150,150,true],"medium":["https:\/\/ecavix.com\/wp-content\/uploads\/2025\/07\/Electric-Motorcycle-E-Scooter-Battery-60V-30ah-Li-ion-Battery-Pack-with-Case2-800-800-300x300.webp",300,300,true],"medium_large":["https:\/\/ecavix.com\/wp-content\/uploads\/2025\/07\/Electric-Motorcycle-E-Scooter-Battery-60V-30ah-Li-ion-Battery-Pack-with-Case2-800-800.webp",550,550,false],"large":["https:\/\/ecavix.com\/wp-content\/uploads\/2025\/07\/Electric-Motorcycle-E-Scooter-Battery-60V-30ah-Li-ion-Battery-Pack-with-Case2-800-800.webp",550,550,false],"1536x1536":["https:\/\/ecavix.com\/wp-content\/uploads\/2025\/07\/Electric-Motorcycle-E-Scooter-Battery-60V-30ah-Li-ion-Battery-Pack-with-Case2-800-800.webp",550,550,false],"2048x2048":["https:\/\/ecavix.com\/wp-content\/uploads\/2025\/07\/Electric-Motorcycle-E-Scooter-Battery-60V-30ah-Li-ion-Battery-Pack-with-Case2-800-800.webp",550,550,false],"trp-custom-language-flag":["https:\/\/ecavix.com\/wp-content\/uploads\/2025\/07\/Electric-Motorcycle-E-Scooter-Battery-60V-30ah-Li-ion-Battery-Pack-with-Case2-800-800.webp",12,12,false],"neve-blog":["https:\/\/ecavix.com\/wp-content\/uploads\/2025\/07\/Electric-Motorcycle-E-Scooter-Battery-60V-30ah-Li-ion-Battery-Pack-with-Case2-800-800.webp",550,550,false],"woocommerce_thumbnail":["https:\/\/ecavix.com\/wp-content\/uploads\/2025\/07\/Electric-Motorcycle-E-Scooter-Battery-60V-30ah-Li-ion-Battery-Pack-with-Case2-800-800-300x300.webp",300,300,true],"woocommerce_single":["https:\/\/ecavix.com\/wp-content\/uploads\/2025\/07\/Electric-Motorcycle-E-Scooter-Battery-60V-30ah-Li-ion-Battery-Pack-with-Case2-800-800.webp",550,550,false],"woocommerce_gallery_thumbnail":["https:\/\/ecavix.com\/wp-content\/uploads\/2025\/07\/Electric-Motorcycle-E-Scooter-Battery-60V-30ah-Li-ion-Battery-Pack-with-Case2-800-800-100x100.webp",100,100,true]},"uagb_author_info":{"display_name":"solvitaenergylimited@gmail.com","author_link":"https:\/\/ecavix.com\/de\/author\/"},"uagb_comment_info":1,"uagb_excerpt":"High-performance 60V 30Ah lithium-ion battery pack designed for electric bikes, scooters, motorcycles, and tools. Safe, long cycle life, and eco-friendly.","_links":{"self":[{"href":"https:\/\/ecavix.com\/de\/wp-json\/wp\/v2\/product\/2442","targetHints":{"allow":["GET"]}}],"collection":[{"href":"https:\/\/ecavix.com\/de\/wp-json\/wp\/v2\/product"}],"about":[{"href":"https:\/\/ecavix.com\/de\/wp-json\/wp\/v2\/types\/product"}],"replies":[{"embeddable":true,"href":"https:\/\/ecavix.com\/de\/wp-json\/wp\/v2\/comments?post=2442"}],"wp:featuredmedia":[{"embeddable":true,"href":"https:\/\/ecavix.com\/de\/wp-json\/wp\/v2\/media\/2445"}],"wp:attachment":[{"href":"https:\/\/ecavix.com\/de\/wp-json\/wp\/v2\/media?parent=2442"}],"wp:term":[{"taxonomy":"product_brand","embeddable":true,"href":"https:\/\/ecavix.com\/de\/wp-json\/wp\/v2\/product_brand?post=2442"},{"taxonomy":"product_cat","embeddable":true,"href":"https:\/\/ecavix.com\/de\/wp-json\/wp\/v2\/product_cat?post=2442"},{"taxonomy":"product_tag","embeddable":true,"href":"https:\/\/ecavix.com\/de\/wp-json\/wp\/v2\/product_tag?post=2442"}],"curies":[{"name":"wp","href":"https:\/\/api.w.org\/{rel}","templated":true}]}}