{"id":2426,"date":"2025-07-18T07:05:20","date_gmt":"2025-07-18T07:05:20","guid":{"rendered":"https:\/\/ecavix.com\/?post_type=product&#038;p=2426"},"modified":"2025-07-18T07:05:20","modified_gmt":"2025-07-18T07:05:20","slug":"59-2v-24ah-18650-wiederaufladbarer-lithium-ionen-akku-fur-elektroroller","status":"publish","type":"product","link":"https:\/\/ecavix.com\/de\/product\/59-2v-24ah-18650-rechargeable-lithium-ion-battery-pack-for-electric-scootor\/","title":{"rendered":"59.2V 24ah 18650 Wiederaufladbarer Lithium-Ionen-Akku f\u00fcr Elektro-Scooter"},"content":{"rendered":"<br \/>\n<h1>59,2 V, 24 Ah wiederaufladbarer Lithium-Akku f\u00fcr Elektroroller<\/h1>\n<h2>Produkt\u00fcbersicht<\/h2>\n<table>\n<tr>\n<th>Modell<\/th>\n<td>DL-5924<\/td>\n<\/tr>\n<tr>\n<th>Nennspannung<\/th>\n<td>59,2 V<\/td>\n<\/tr>\n<tr>\n<th>Nominale Kapazit\u00e4t<\/th>\n<td>24 Ah<\/td>\n<\/tr>\n<tr>\n<th>Ladung Spannung<\/th>\n<td>67,2 V<\/td>\n<\/tr>\n<tr>\n<th>Batteriezellentyp<\/th>\n<td>LG 3000 mAh 18650-Zellen<\/td>\n<\/tr>\n<tr>\n<th>Akku-Konfiguration<\/th>\n<td>16S8P<\/td>\n<\/tr>\n<tr>\n<th>Standard-Ladestrom<\/th>\n<td>5A<\/td>\n<\/tr>\n<tr>\n<th>Ladezeit<\/th>\n<td>6\u20137 Stunden (mit 67,2-V-4-A-Ladeger\u00e4t)<\/td>\n<\/tr>\n<tr>\n<th>Entladeschlussspannung<\/th>\n<td>44 V<\/td>\n<\/tr>\n<tr>\n<th>Kontinuierlicher Entladestrom<\/th>\n<td>20A<\/td>\n<\/tr>\n<tr>\n<th>Max. Entladestrom<\/th>\n<td>30\u201340 A<\/td>\n<\/tr>\n<tr>\n<th>Zyklus Leben<\/th>\n<td>\u2265 500 Zyklen<\/td>\n<\/tr>\n<tr>\n<th>Selbstentladungsrate<\/th>\n<td>\u2264 3% pro Monat<\/td>\n<\/tr>\n<tr>\n<th>BMS-Schutz<\/th>\n<td>\u00dcberladung, \u00dcberentladung, \u00dcberstrom, Kurzschluss<\/td>\n<\/tr>\n<tr>\n<th>Abmessungen<\/th>\n<td>435 \u00d7 140 \u00d7 60 mm<\/td>\n<\/tr>\n<tr>\n<th>Nettogewicht<\/th>\n<td>6,5 kg<\/td>\n<\/tr>\n<tr>\n<th>Hafen<\/th>\n<td>Shenzhen, China<\/td>\n<\/tr>\n<tr>\n<th>Produktionskapazit\u00e4t<\/th>\n<td>2.000 St\u00fcck\/Woche<\/td>\n<\/tr>\n<tr>\n<th>Zahlungsbedingungen<\/th>\n<td>L\/C, T\/T, Paypal, Money Gram<\/td>\n<\/tr>\n<\/table>\n<h2>Sicherheitsleistungspr\u00fcfungen<\/h2>\n<table>\n<tr>\n<th>\u00dcberladung<\/th>\n<td>Kein Feuer, keine Explosion<\/td>\n<\/tr>\n<tr>\n<th>\u00dcberentladung<\/th>\n<td>Kein Feuer, keine Explosion<\/td>\n<\/tr>\n<tr>\n<th>Kurzschluss<\/th>\n<td>Kein Feuer, keine Explosion<\/td>\n<\/tr>\n<tr>\n<th>Falltest<\/th>\n<td>Kein Feuer, keine Explosion, keine Leckage<\/td>\n<\/tr>\n<tr>\n<th>Hei\u00dfer Ofen<\/th>\n<td>Kein Feuer, keine Explosion<\/td>\n<\/tr>\n<tr>\n<th>Verliebtheit<\/th>\n<td>Kein Feuer, keine Explosion<\/td>\n<\/tr>\n<tr>\n<th>Nadelpunktion<\/th>\n<td>Kein Feuer, keine Explosion<\/td>\n<\/tr>\n<\/table>\n<h2>Wesentliche Merkmale<\/h2>\n<div class=\"features-grid\">\n<div class=\"feature-box\">\n<h3>Hohe Kapazit\u00e4t<\/h3>\n<p>24 Ah Kapazit\u00e4t, ideal f\u00fcr leistungsstarke Elektroroller und Anwendungen mit gro\u00dfer Reichweite.<\/p>\n<\/p><\/div>\n<div class=\"feature-box\">\n<h3>Schnelles Aufladen<\/h3>\n<p>Schnelle Ladezeit von 6\u20137 Stunden mit einem Standard-Ladeger\u00e4t mit 67,2 V und 4 A.<\/p>\n<\/p><\/div>\n<div class=\"feature-box\">\n<h3>Erweitertes BMS<\/h3>\n<p>Das integrierte Batteriemanagementsystem bietet umfassenden Schutz f\u00fcr Sicherheit und Zuverl\u00e4ssigkeit.<\/p>\n<\/p><\/div>\n<div class=\"feature-box\">\n<h3>Langlebige Konstruktion<\/h3>\n<p>Starke Entladeleistung und Sto\u00dffestigkeit gew\u00e4hrleisten einen stabilen Betrieb auch unter schwierigen Bedingungen.<\/p>\n<\/p><\/div>\n<\/p><\/div>\n<h2>Anwendungen<\/h2>\n<ul>\n<li>Elektro-Roller<\/li>\n<li>E-Motorr\u00e4der &amp; E-Bikes<\/li>\n<li>Golfwagen &amp; Sightseeing-Autos<\/li>\n<li>Reinigungsmaschinen<\/li>\n<li>Solar- oder Windenergiespeicherung<\/li>\n<\/ul>\n<h2>Warum diese Batterie w\u00e4hlen?<\/h2>\n<ul>\n<li>Hohe Energiedichte bei kompakter Bauform<\/li>\n<li>Stabile Leistung bei niedrigen Temperaturen<\/li>\n<li>Schnellladef\u00e4higkeit und starke Stromabgabe<\/li>\n<li>Wartungsfrei mit umweltfreundlichen Materialien<\/li>\n<li>Gr\u00fcndlich getestete Sicherheitsleistung \u2013 kein Feuer, keine Explosion<\/li>\n<\/ul>","protected":false},"excerpt":{"rendered":"<p>Hochleistungsf\u00e4higer 59,2 V 24 Ah wiederaufladbarer 18650 Lithium-Akku f\u00fcr Elektroroller. Langlebige Leistung, robustes BMS und starke Entladekapazit\u00e4t.<\/p>","protected":false},"featured_media":2417,"comment_status":"open","ping_status":"closed","template":"","meta":{"_uag_custom_page_level_css":"","neve_meta_sidebar":"","neve_meta_container":"","neve_meta_enable_content_width":"off","neve_meta_content_width":100,"neve_meta_title_alignment":"","neve_meta_author_avatar":"","neve_post_elements_order":"","neve_meta_disable_header":"","neve_meta_disable_footer":"","neve_meta_disable_title":""},"product_brand":[],"product_cat":[49,45,43],"product_tag":[],"class_list":{"0":"post-2426","1":"product","2":"type-product","3":"status-publish","4":"has-post-thumbnail","6":"product_cat-60v-e-bike-battery","7":"product_cat-e-bike-battery","8":"product_cat-power-battery","10":"first","11":"instock","12":"shipping-taxable","13":"product-type-simple"},"uagb_featured_image_src":{"full":["https:\/\/ecavix.com\/wp-content\/uploads\/2025\/07\/59-2V-25-6ah-Rechargeable-Lithium-Ion-Battery-Pack-for-18650-Battery-Pack4-800-800-1-1.png",550,550,false],"thumbnail":["https:\/\/ecavix.com\/wp-content\/uploads\/2025\/07\/59-2V-25-6ah-Rechargeable-Lithium-Ion-Battery-Pack-for-18650-Battery-Pack4-800-800-1-1-150x150.png",150,150,true],"medium":["https:\/\/ecavix.com\/wp-content\/uploads\/2025\/07\/59-2V-25-6ah-Rechargeable-Lithium-Ion-Battery-Pack-for-18650-Battery-Pack4-800-800-1-1-300x300.png",300,300,true],"medium_large":["https:\/\/ecavix.com\/wp-content\/uploads\/2025\/07\/59-2V-25-6ah-Rechargeable-Lithium-Ion-Battery-Pack-for-18650-Battery-Pack4-800-800-1-1.png",550,550,false],"large":["https:\/\/ecavix.com\/wp-content\/uploads\/2025\/07\/59-2V-25-6ah-Rechargeable-Lithium-Ion-Battery-Pack-for-18650-Battery-Pack4-800-800-1-1.png",550,550,false],"1536x1536":["https:\/\/ecavix.com\/wp-content\/uploads\/2025\/07\/59-2V-25-6ah-Rechargeable-Lithium-Ion-Battery-Pack-for-18650-Battery-Pack4-800-800-1-1.png",550,550,false],"2048x2048":["https:\/\/ecavix.com\/wp-content\/uploads\/2025\/07\/59-2V-25-6ah-Rechargeable-Lithium-Ion-Battery-Pack-for-18650-Battery-Pack4-800-800-1-1.png",550,550,false],"trp-custom-language-flag":["https:\/\/ecavix.com\/wp-content\/uploads\/2025\/07\/59-2V-25-6ah-Rechargeable-Lithium-Ion-Battery-Pack-for-18650-Battery-Pack4-800-800-1-1.png",12,12,false],"neve-blog":["https:\/\/ecavix.com\/wp-content\/uploads\/2025\/07\/59-2V-25-6ah-Rechargeable-Lithium-Ion-Battery-Pack-for-18650-Battery-Pack4-800-800-1-1.png",550,550,false],"woocommerce_thumbnail":["https:\/\/ecavix.com\/wp-content\/uploads\/2025\/07\/59-2V-25-6ah-Rechargeable-Lithium-Ion-Battery-Pack-for-18650-Battery-Pack4-800-800-1-1-300x300.png",300,300,true],"woocommerce_single":["https:\/\/ecavix.com\/wp-content\/uploads\/2025\/07\/59-2V-25-6ah-Rechargeable-Lithium-Ion-Battery-Pack-for-18650-Battery-Pack4-800-800-1-1.png",550,550,false],"woocommerce_gallery_thumbnail":["https:\/\/ecavix.com\/wp-content\/uploads\/2025\/07\/59-2V-25-6ah-Rechargeable-Lithium-Ion-Battery-Pack-for-18650-Battery-Pack4-800-800-1-1-100x100.png",100,100,true]},"uagb_author_info":{"display_name":"solvitaenergylimited@gmail.com","author_link":"https:\/\/ecavix.com\/de\/author\/"},"uagb_comment_info":0,"uagb_excerpt":"High-capacity 59.2V 24Ah rechargeable 18650 lithium battery pack designed for electric scooters. Durable performance, robust BMS, and strong discharge capability.","_links":{"self":[{"href":"https:\/\/ecavix.com\/de\/wp-json\/wp\/v2\/product\/2426","targetHints":{"allow":["GET"]}}],"collection":[{"href":"https:\/\/ecavix.com\/de\/wp-json\/wp\/v2\/product"}],"about":[{"href":"https:\/\/ecavix.com\/de\/wp-json\/wp\/v2\/types\/product"}],"replies":[{"embeddable":true,"href":"https:\/\/ecavix.com\/de\/wp-json\/wp\/v2\/comments?post=2426"}],"wp:featuredmedia":[{"embeddable":true,"href":"https:\/\/ecavix.com\/de\/wp-json\/wp\/v2\/media\/2417"}],"wp:attachment":[{"href":"https:\/\/ecavix.com\/de\/wp-json\/wp\/v2\/media?parent=2426"}],"wp:term":[{"taxonomy":"product_brand","embeddable":true,"href":"https:\/\/ecavix.com\/de\/wp-json\/wp\/v2\/product_brand?post=2426"},{"taxonomy":"product_cat","embeddable":true,"href":"https:\/\/ecavix.com\/de\/wp-json\/wp\/v2\/product_cat?post=2426"},{"taxonomy":"product_tag","embeddable":true,"href":"https:\/\/ecavix.com\/de\/wp-json\/wp\/v2\/product_tag?post=2426"}],"curies":[{"name":"wp","href":"https:\/\/api.w.org\/{rel}","templated":true}]}}