{"id":2409,"date":"2025-07-18T06:53:51","date_gmt":"2025-07-18T06:53:51","guid":{"rendered":"https:\/\/ecavix.com\/?post_type=product&#038;p=2409"},"modified":"2025-07-18T06:54:52","modified_gmt":"2025-07-18T06:54:52","slug":"wiederaufladbarer-lithium-akku-59-2-v-23-2-ah-li-ionen-akku-18650-fur-den-groshandel","status":"publish","type":"product","link":"https:\/\/ecavix.com\/de\/product\/rechargeable-lithium-battery-pack-59-2v-23-2ah-li-ion-18650-battery-for-wholesale\/","title":{"rendered":"Wiederaufladbarer Lithium-Akku 59,2 V, 23,2 Ah, Li-Ionen-Akku 18650 f\u00fcr den Gro\u00dfhandel"},"content":{"rendered":"<br \/>\n<h1>59,2 V, 23,2 Ah Li-Ionen-Akku 18650 f\u00fcr E-Bikes und Roller<\/h1>\n<h2>Produkt\u00fcbersicht<\/h2>\n<table>\n<tr>\n<th>Modell<\/th>\n<td>DL-5923<\/td>\n<\/tr>\n<tr>\n<th>Nennspannung<\/th>\n<td>59,2 V<\/td>\n<\/tr>\n<tr>\n<th>Nominale Kapazit\u00e4t<\/th>\n<td>23,2 Ah<\/td>\n<\/tr>\n<tr>\n<th>Batteriechemie<\/th>\n<td>Li-Ionen (18650)<\/td>\n<\/tr>\n<tr>\n<th>Konfiguration<\/th>\n<td>16S8P<\/td>\n<\/tr>\n<tr>\n<th>Maximale Ladeschutzspannung<\/th>\n<td>59,2 V<\/td>\n<\/tr>\n<tr>\n<th>Standard-Ladestrom<\/th>\n<td>1C<\/td>\n<\/tr>\n<tr>\n<th>Max. Entladestrom<\/th>\n<td>2A<\/td>\n<\/tr>\n<tr>\n<th>Ladezeit<\/th>\n<td>1\u20132 Stunden<\/td>\n<\/tr>\n<tr>\n<th>Methode der Aufladung<\/th>\n<td>CC-CV (Konstanter Strom \u2013 Konstante Spannung)<\/td>\n<\/tr>\n<tr>\n<th>Zyklus Leben<\/th>\n<td>\u00dcber 500 Zyklen<\/td>\n<\/tr>\n<tr>\n<th>Wiederaufladbar<\/th>\n<td>Ja<\/td>\n<\/tr>\n<tr>\n<th>Gr\u00f6\u00dfe<\/th>\n<td>435 \u00d7 140 \u00d7 60 mm<\/td>\n<\/tr>\n<tr>\n<th>Gewicht<\/th>\n<td>6,5 kg<\/td>\n<\/tr>\n<tr>\n<th>Garantie<\/th>\n<td>12 Monate<\/td>\n<\/tr>\n<tr>\n<th>Hafen<\/th>\n<td>Shenzhen, China<\/td>\n<\/tr>\n<tr>\n<th>Produktionskapazit\u00e4t<\/th>\n<td>1000 St\u00fcck\/Woche<\/td>\n<\/tr>\n<tr>\n<th>Zahlungsbedingungen<\/th>\n<td>T\/T, Paypal<\/td>\n<\/tr>\n<\/table>\n<h2>Wesentliche Merkmale<\/h2>\n<div class=\"features-grid\">\n<div class=\"feature-box\">\n<h3>Hochspannungsausgang<\/h3>\n<p>Die Nennspannung von 59,2 V liefert leistungsstarke Energie f\u00fcr Hochleistungsanwendungen.<\/p>\n<\/p><\/div>\n<div class=\"feature-box\">\n<h3>Erweiterte Schutzschaltung<\/h3>\n<p>Ausgestattet mit einem BMS, das Schutz vor \u00dcberladung, \u00dcberentladung, Kurzschluss und \u00dcberlastung bietet.<\/p>\n<\/p><\/div>\n<div class=\"feature-box\">\n<h3>Lange Zyklusdauer<\/h3>\n<p>\u00dcber 500 Lade-\/Entladezyklen mit einer Kapazit\u00e4tserhaltung von bis zu 80%.<\/p>\n<\/p><\/div>\n<div class=\"feature-box\">\n<h3>Breiter Temperaturbereich<\/h3>\n<p>Funktioniert zuverl\u00e4ssig sowohl beim Laden (0\u201345 \u00b0C) als auch beim Entladen (-20\u201360 \u00b0C).<\/p>\n<\/p><\/div>\n<\/p><\/div>\n<h2>Anwendungsbereiche<\/h2>\n<ul>\n<li>Elektro-Roller<\/li>\n<li>E-Bikes<\/li>\n<li>Energiespeichersysteme<\/li>\n<li>Tragbare Kraftwerke<\/li>\n<li>DIY-Stromprojekte<\/li>\n<\/ul>\n<h2>Warum diese Batterie w\u00e4hlen?<\/h2>\n<ul>\n<li>Stabile 59,2-V-Ausgabe mit hoher Energieeffizienz<\/li>\n<li>Minimale monatliche Selbstentladung (&lt;10%)<\/li>\n<li>Kompakte Gr\u00f6\u00dfe f\u00fcr einfache Integration in verschiedene Systeme<\/li>\n<li>Umweltfreundliche und recycelbare Materialien<\/li>\n<li>OEM-Anpassung und Branding werden unterst\u00fctzt<\/li>\n<\/ul>","protected":false},"excerpt":{"rendered":"<p>Hochleistungsf\u00e4higer 59,2 V 23,2 Ah wiederaufladbarer Li-Ionen-Akku 18650 mit BMS-Schutz f\u00fcr Elektrofahrr\u00e4der, Roller und Energiespeicheranwendungen.<\/p>","protected":false},"featured_media":2284,"comment_status":"open","ping_status":"closed","template":"","meta":{"_uag_custom_page_level_css":"","neve_meta_sidebar":"","neve_meta_container":"","neve_meta_enable_content_width":"off","neve_meta_content_width":100,"neve_meta_title_alignment":"","neve_meta_author_avatar":"","neve_post_elements_order":"","neve_meta_disable_header":"","neve_meta_disable_footer":"","neve_meta_disable_title":""},"product_brand":[],"product_cat":[49,45,43],"product_tag":[],"class_list":{"0":"post-2409","1":"product","2":"type-product","3":"status-publish","4":"has-post-thumbnail","6":"product_cat-60v-e-bike-battery","7":"product_cat-e-bike-battery","8":"product_cat-power-battery","10":"first","11":"instock","12":"shipping-taxable","13":"product-type-simple"},"uagb_featured_image_src":{"full":["https:\/\/ecavix.com\/wp-content\/uploads\/2025\/07\/59-2V-25-6ah-Rechargeable-Lithium-Ion-Battery-Pack-for-18650-Battery-Pack5-800-800.png",550,550,false],"thumbnail":["https:\/\/ecavix.com\/wp-content\/uploads\/2025\/07\/59-2V-25-6ah-Rechargeable-Lithium-Ion-Battery-Pack-for-18650-Battery-Pack5-800-800-150x150.png",150,150,true],"medium":["https:\/\/ecavix.com\/wp-content\/uploads\/2025\/07\/59-2V-25-6ah-Rechargeable-Lithium-Ion-Battery-Pack-for-18650-Battery-Pack5-800-800-300x300.png",300,300,true],"medium_large":["https:\/\/ecavix.com\/wp-content\/uploads\/2025\/07\/59-2V-25-6ah-Rechargeable-Lithium-Ion-Battery-Pack-for-18650-Battery-Pack5-800-800.png",550,550,false],"large":["https:\/\/ecavix.com\/wp-content\/uploads\/2025\/07\/59-2V-25-6ah-Rechargeable-Lithium-Ion-Battery-Pack-for-18650-Battery-Pack5-800-800.png",550,550,false],"1536x1536":["https:\/\/ecavix.com\/wp-content\/uploads\/2025\/07\/59-2V-25-6ah-Rechargeable-Lithium-Ion-Battery-Pack-for-18650-Battery-Pack5-800-800.png",550,550,false],"2048x2048":["https:\/\/ecavix.com\/wp-content\/uploads\/2025\/07\/59-2V-25-6ah-Rechargeable-Lithium-Ion-Battery-Pack-for-18650-Battery-Pack5-800-800.png",550,550,false],"trp-custom-language-flag":["https:\/\/ecavix.com\/wp-content\/uploads\/2025\/07\/59-2V-25-6ah-Rechargeable-Lithium-Ion-Battery-Pack-for-18650-Battery-Pack5-800-800.png",12,12,false],"neve-blog":["https:\/\/ecavix.com\/wp-content\/uploads\/2025\/07\/59-2V-25-6ah-Rechargeable-Lithium-Ion-Battery-Pack-for-18650-Battery-Pack5-800-800.png",550,550,false],"woocommerce_thumbnail":["https:\/\/ecavix.com\/wp-content\/uploads\/2025\/07\/59-2V-25-6ah-Rechargeable-Lithium-Ion-Battery-Pack-for-18650-Battery-Pack5-800-800-300x300.png",300,300,true],"woocommerce_single":["https:\/\/ecavix.com\/wp-content\/uploads\/2025\/07\/59-2V-25-6ah-Rechargeable-Lithium-Ion-Battery-Pack-for-18650-Battery-Pack5-800-800.png",550,550,false],"woocommerce_gallery_thumbnail":["https:\/\/ecavix.com\/wp-content\/uploads\/2025\/07\/59-2V-25-6ah-Rechargeable-Lithium-Ion-Battery-Pack-for-18650-Battery-Pack5-800-800-100x100.png",100,100,true]},"uagb_author_info":{"display_name":"solvitaenergylimited@gmail.com","author_link":"https:\/\/ecavix.com\/de\/author\/"},"uagb_comment_info":0,"uagb_excerpt":"High-performance 59.2V 23.2Ah rechargeable Li-ion 18650 battery pack with BMS protection for electric bikes, scooters, and energy storage applications.","_links":{"self":[{"href":"https:\/\/ecavix.com\/de\/wp-json\/wp\/v2\/product\/2409","targetHints":{"allow":["GET"]}}],"collection":[{"href":"https:\/\/ecavix.com\/de\/wp-json\/wp\/v2\/product"}],"about":[{"href":"https:\/\/ecavix.com\/de\/wp-json\/wp\/v2\/types\/product"}],"replies":[{"embeddable":true,"href":"https:\/\/ecavix.com\/de\/wp-json\/wp\/v2\/comments?post=2409"}],"wp:featuredmedia":[{"embeddable":true,"href":"https:\/\/ecavix.com\/de\/wp-json\/wp\/v2\/media\/2284"}],"wp:attachment":[{"href":"https:\/\/ecavix.com\/de\/wp-json\/wp\/v2\/media?parent=2409"}],"wp:term":[{"taxonomy":"product_brand","embeddable":true,"href":"https:\/\/ecavix.com\/de\/wp-json\/wp\/v2\/product_brand?post=2409"},{"taxonomy":"product_cat","embeddable":true,"href":"https:\/\/ecavix.com\/de\/wp-json\/wp\/v2\/product_cat?post=2409"},{"taxonomy":"product_tag","embeddable":true,"href":"https:\/\/ecavix.com\/de\/wp-json\/wp\/v2\/product_tag?post=2409"}],"curies":[{"name":"wp","href":"https:\/\/api.w.org\/{rel}","templated":true}]}}