{"id":2406,"date":"2025-07-18T06:38:43","date_gmt":"2025-07-18T06:38:43","guid":{"rendered":"https:\/\/ecavix.com\/?post_type=product&#038;p=2406"},"modified":"2026-04-19T00:39:00","modified_gmt":"2026-04-19T00:39:00","slug":"48v-20ah-lithium-batterie-pack-fur-elektro-scooter-48v-1000w-elektro-bike-batterie","status":"publish","type":"product","link":"https:\/\/ecavix.com\/de\/product\/48v-20ah-lithium-battery-pack-for-electric-scooter-48v-1000w-electric-bike-battery\/","title":{"rendered":"48V 20ah Lithium Batterie Pack f\u00fcr Elektro-Roller 48V 1000W Elektrofahrrad Batterie"},"content":{"rendered":"<h1>48V 20Ah Lithium Akkupack f\u00fcr Elektroroller &amp; E-Bikes<\/h1>\n<h2>Produkt\u00fcbersicht<\/h2>\n<table>\n<tr>\n<th>Modell<\/th>\n<td>DL-4820<\/td>\n<\/tr>\n<tr>\n<th>Nennspannung<\/th>\n<td>48V<\/td>\n<\/tr>\n<tr>\n<th>Ladung Spannung<\/th>\n<td>54,6 V (maximal)<\/td>\n<\/tr>\n<tr>\n<th>Nominale Kapazit\u00e4t<\/th>\n<td>20Ah<\/td>\n<\/tr>\n<tr>\n<th>Akku-Typ<\/th>\n<td>Li-Ion 18650<\/td>\n<\/tr>\n<tr>\n<th>Akku-Konfiguration<\/th>\n<td>13S8P<\/td>\n<\/tr>\n<tr>\n<th>Standard-Entladestrom<\/th>\n<td>0-18A<\/td>\n<\/tr>\n<tr>\n<th>Entladeschlussspannung<\/th>\n<td>39V<\/td>\n<\/tr>\n<tr>\n<th>Ladung Temperatur<\/th>\n<td>0~45\u00b0C<\/td>\n<\/tr>\n<tr>\n<th>Entladetemperatur<\/th>\n<td>-20~60\u00b0C<\/td>\n<\/tr>\n<tr>\n<th>Zyklus Leben<\/th>\n<td>\u2265500 mal<\/td>\n<\/tr>\n<tr>\n<th>Gewicht<\/th>\n<td>5,5 kg<\/td>\n<\/tr>\n<tr>\n<th>Abmessungen<\/th>\n<td>300\u00d7135\u00d770mm<\/td>\n<\/tr>\n<tr>\n<th>Anmeldung<\/th>\n<td>Elektro-Roller, E-Bike<\/td>\n<\/tr>\n<tr>\n<th>Markenzeichen<\/th>\n<td>Delong<\/td>\n<\/tr>\n<tr>\n<th>Hafen<\/th>\n<td>Shenzhen, China<\/td>\n<\/tr>\n<tr>\n<th>Zahlungsbedingungen<\/th>\n<td>T\/T, Paypal<\/td>\n<\/tr>\n<\/table>\n<h2>Wesentliche Merkmale<\/h2>\n<div class=\"features-grid\">\n<div class=\"feature-box\">\n<h3>Zuverl\u00e4ssiger BMS-Schutz<\/h3>\n<p>Eingebautes BMS bietet Schutz vor \u00dcberladung, \u00dcberentladung, Kurzschluss und \u00dcberstrom f\u00fcr eine sichere Nutzung.<\/p>\n<\/p><\/div>\n<div class=\"feature-box\">\n<h3>Langer Lebenszyklus<\/h3>\n<p>Mehr als 500 Lade-\/Entladezyklen sorgen f\u00fcr eine langlebige Energiel\u00f6sung mit stabiler Leistung im Laufe der Zeit.<\/p>\n<\/p><\/div>\n<div class=\"feature-box\">\n<h3>Temperaturtolerant<\/h3>\n<p>Funktioniert effizient und ohne Leistungseinbu\u00dfen in einem weiten Temperaturbereich von -20\u00b0C bis 60\u00b0C.<\/p>\n<\/p><\/div>\n<div class=\"feature-box\">\n<h3>Wartungsfrei<\/h3>\n<p>Kein Memory-Effekt und keine regelm\u00e4\u00dfige Wartung erforderlich. Einfaches Aufladen zu jeder Zeit.<\/p>\n<\/p><\/div>\n<\/p><\/div>\n<h2>Anwendungsszenarien<\/h2>\n<ul>\n<li>1000W Elektrofahrr\u00e4der<\/li>\n<li>Elektro-Roller<\/li>\n<li>Elektrische Mobilit\u00e4tshilfen<\/li>\n<li>Tragbare Stromversorgungssysteme<\/li>\n<\/ul>\n<h2>Warum diese Batterie w\u00e4hlen?<\/h2>\n<ul>\n<li>Langlebige und leistungsstarke 18650-Lithium-Ionen-Zellen<\/li>\n<li>Kundenspezifische 13S8P-Konfiguration f\u00fcr stabilen 48-V-Ausgang<\/li>\n<li>Kompakte Gr\u00f6\u00dfe und leichtes Design<\/li>\n<li>Stabile Entladung und hohe Effizienz<\/li>\n<li>Zuverl\u00e4ssiger Hersteller mit Qualit\u00e4tssicherung<\/li>\n<\/ul>","protected":false},"excerpt":{"rendered":"<p>Leistungsstarker 48V 20Ah Lithium-Ionen-Akkupack mit 13S8P Konfiguration, geeignet f\u00fcr 1000W Elektroroller und E-Bikes. Inklusive BMS-Schutz und 500+ Zyklen Lebensdauer.<\/p>","protected":false},"featured_media":2384,"comment_status":"open","ping_status":"closed","template":"","meta":{"_uag_custom_page_level_css":"","neve_meta_sidebar":"","neve_meta_container":"","neve_meta_enable_content_width":"off","neve_meta_content_width":100,"neve_meta_title_alignment":"","neve_meta_author_avatar":"","neve_post_elements_order":"","neve_meta_disable_header":"","neve_meta_disable_footer":"","neve_meta_disable_title":""},"product_brand":[],"product_cat":[53,43,55],"product_tag":[],"class_list":{"0":"post-2406","1":"product","2":"type-product","3":"status-publish","4":"has-post-thumbnail","6":"product_cat-low-speed-electric-vehicle-battery","7":"product_cat-power-battery","8":"product_cat-scooter-battery","10":"first","11":"instock","12":"shipping-taxable","13":"product-type-simple"},"uagb_featured_image_src":{"full":["https:\/\/ecavix.com\/wp-content\/uploads\/2025\/07\/36V-High-Capacity-Lithium-Battery-Pack-for-Electricnics3-800-800.webp",550,550,false],"thumbnail":["https:\/\/ecavix.com\/wp-content\/uploads\/2025\/07\/36V-High-Capacity-Lithium-Battery-Pack-for-Electricnics3-800-800-150x150.webp",150,150,true],"medium":["https:\/\/ecavix.com\/wp-content\/uploads\/2025\/07\/36V-High-Capacity-Lithium-Battery-Pack-for-Electricnics3-800-800-300x300.webp",300,300,true],"medium_large":["https:\/\/ecavix.com\/wp-content\/uploads\/2025\/07\/36V-High-Capacity-Lithium-Battery-Pack-for-Electricnics3-800-800.webp",550,550,false],"large":["https:\/\/ecavix.com\/wp-content\/uploads\/2025\/07\/36V-High-Capacity-Lithium-Battery-Pack-for-Electricnics3-800-800.webp",550,550,false],"1536x1536":["https:\/\/ecavix.com\/wp-content\/uploads\/2025\/07\/36V-High-Capacity-Lithium-Battery-Pack-for-Electricnics3-800-800.webp",550,550,false],"2048x2048":["https:\/\/ecavix.com\/wp-content\/uploads\/2025\/07\/36V-High-Capacity-Lithium-Battery-Pack-for-Electricnics3-800-800.webp",550,550,false],"trp-custom-language-flag":["https:\/\/ecavix.com\/wp-content\/uploads\/2025\/07\/36V-High-Capacity-Lithium-Battery-Pack-for-Electricnics3-800-800.webp",12,12,false],"neve-blog":["https:\/\/ecavix.com\/wp-content\/uploads\/2025\/07\/36V-High-Capacity-Lithium-Battery-Pack-for-Electricnics3-800-800.webp",550,550,false],"woocommerce_thumbnail":["https:\/\/ecavix.com\/wp-content\/uploads\/2025\/07\/36V-High-Capacity-Lithium-Battery-Pack-for-Electricnics3-800-800-300x300.webp",300,300,true],"woocommerce_single":["https:\/\/ecavix.com\/wp-content\/uploads\/2025\/07\/36V-High-Capacity-Lithium-Battery-Pack-for-Electricnics3-800-800.webp",550,550,false],"woocommerce_gallery_thumbnail":["https:\/\/ecavix.com\/wp-content\/uploads\/2025\/07\/36V-High-Capacity-Lithium-Battery-Pack-for-Electricnics3-800-800-100x100.webp",100,100,true]},"uagb_author_info":{"display_name":"solvitaenergylimited@gmail.com","author_link":"https:\/\/ecavix.com\/de\/author\/"},"uagb_comment_info":1,"uagb_excerpt":"High-performance 48V 20Ah lithium-ion battery pack with 13S8P configuration, suitable for 1000W electric scooters and ebikes. Includes BMS protection and 500+ cycle life.","_links":{"self":[{"href":"https:\/\/ecavix.com\/de\/wp-json\/wp\/v2\/product\/2406","targetHints":{"allow":["GET"]}}],"collection":[{"href":"https:\/\/ecavix.com\/de\/wp-json\/wp\/v2\/product"}],"about":[{"href":"https:\/\/ecavix.com\/de\/wp-json\/wp\/v2\/types\/product"}],"replies":[{"embeddable":true,"href":"https:\/\/ecavix.com\/de\/wp-json\/wp\/v2\/comments?post=2406"}],"wp:featuredmedia":[{"embeddable":true,"href":"https:\/\/ecavix.com\/de\/wp-json\/wp\/v2\/media\/2384"}],"wp:attachment":[{"href":"https:\/\/ecavix.com\/de\/wp-json\/wp\/v2\/media?parent=2406"}],"wp:term":[{"taxonomy":"product_brand","embeddable":true,"href":"https:\/\/ecavix.com\/de\/wp-json\/wp\/v2\/product_brand?post=2406"},{"taxonomy":"product_cat","embeddable":true,"href":"https:\/\/ecavix.com\/de\/wp-json\/wp\/v2\/product_cat?post=2406"},{"taxonomy":"product_tag","embeddable":true,"href":"https:\/\/ecavix.com\/de\/wp-json\/wp\/v2\/product_tag?post=2406"}],"curies":[{"name":"wp","href":"https:\/\/api.w.org\/{rel}","templated":true}]}}