{"id":2401,"date":"2025-07-18T06:35:49","date_gmt":"2025-07-18T06:35:49","guid":{"rendered":"https:\/\/ecavix.com\/?post_type=product&#038;p=2401"},"modified":"2025-07-18T06:35:49","modified_gmt":"2025-07-18T06:35:49","slug":"kundenspezifisches-48v-15ah-750w-batteriepaket-fur-elektrofahrzeuge","status":"publish","type":"product","link":"https:\/\/ecavix.com\/de\/product\/customized-48v-15ah-750w-electric-vehicle-battery-pack\/","title":{"rendered":"Kundenspezifisches 48V 15ah 750W Elektrofahrzeug-Batteriepaket"},"content":{"rendered":"<h1>48V 15Ah 750W Batteriepack f\u00fcr Elektrofahrzeuge<\/h1>\n<h2>Produkt\u00fcbersicht<\/h2>\n<table>\n<tr>\n<th>Modell<\/th>\n<td>DL-4815\/13S6P<\/td>\n<\/tr>\n<tr>\n<th>Nennspannung<\/th>\n<td>48V<\/td>\n<\/tr>\n<tr>\n<th>Ladung Spannung<\/th>\n<td>54.6V<\/td>\n<\/tr>\n<tr>\n<th>Nominale Kapazit\u00e4t<\/th>\n<td>15Ah<\/td>\n<\/tr>\n<tr>\n<th>Akku-Typ<\/th>\n<td>Klasse A 18650 Lithium-Batteriezelle<\/td>\n<\/tr>\n<tr>\n<th>Akku-Konfiguration<\/th>\n<td>13S6P<\/td>\n<\/tr>\n<tr>\n<th>Batterieenergie<\/th>\n<td>~720Wh<\/td>\n<\/tr>\n<tr>\n<th>Kontinuierlicher Entladestrom<\/th>\n<td>15A<\/td>\n<\/tr>\n<tr>\n<th>Kurzzeitiger Entladestrom<\/th>\n<td>45A<\/td>\n<\/tr>\n<tr>\n<th>Standard-Ladestrom<\/th>\n<td>3A<\/td>\n<\/tr>\n<tr>\n<th>Ladezeit<\/th>\n<td>5-6 Stunden (mit 54,6 V 3 A Ladeger\u00e4t)<\/td>\n<\/tr>\n<tr>\n<th>Entladeschlussspannung<\/th>\n<td>36.4V<\/td>\n<\/tr>\n<tr>\n<th>Ladung Temperatur<\/th>\n<td>0~45\u00b0C<\/td>\n<\/tr>\n<tr>\n<th>Entladetemperatur<\/th>\n<td>-20~60\u00b0C<\/td>\n<\/tr>\n<tr>\n<th>Lebenszyklus<\/th>\n<td>500 Mal<\/td>\n<\/tr>\n<tr>\n<th>BMS-Schutz<\/th>\n<td>\u00dcberladung, \u00dcberentladung, \u00dcberstrom, Kurzschluss<\/td>\n<\/tr>\n<tr>\n<th>Farbe<\/th>\n<td>Blaues PVC<\/td>\n<\/tr>\n<tr>\n<th>Nettogewicht<\/th>\n<td>4kg<\/td>\n<\/tr>\n<tr>\n<th>Abmessungen<\/th>\n<td>200\u00d7180\u00d770mm<\/td>\n<\/tr>\n<\/table>\n<h2>Wesentliche Merkmale<\/h2>\n<div class=\"features-grid\">\n<div class=\"feature-box\">\n<h3>Hohe Sicherheit<\/h3>\n<p>Ausgestattet mit eingebautem BMS zum Schutz vor \u00dcberladung, Entladung und Kurzschluss. Nicht-explosives und feuersicheres Design.<\/p>\n<\/p><\/div>\n<div class=\"feature-box\">\n<h3>Umweltschonend<\/h3>\n<p>Saubere und gr\u00fcne Energie ohne giftige Materialien. Sicher f\u00fcr den Einsatz im Innen- und Au\u00dfenbereich.<\/p>\n<\/p><\/div>\n<div class=\"feature-box\">\n<h3>Hohe Kompatibilit\u00e4t<\/h3>\n<p>Unterst\u00fctzt Anderson, DC5521 und andere kundenspezifische Stecker. Perfekt f\u00fcr eine Vielzahl von Elektrofahrzeugen und Werkzeugen.<\/p>\n<\/p><\/div>\n<div class=\"feature-box\">\n<h3>Effizient und langlebig<\/h3>\n<p>500+ Zyklen mit 70-80% Kapazit\u00e4tserhalt. Niedrige Selbstentladungsrate unter 3% pro Monat.<\/p>\n<\/p><\/div>\n<\/p><\/div>\n<h2>Wichtigste Anwendungen<\/h2>\n<ul>\n<li>Elektrofahrr\u00e4der und -Roller<\/li>\n<li>Solarbeleuchtung &amp; Notbeleuchtung<\/li>\n<li>Tragbare Elektronik: Laptops, Tablets, Power Banks<\/li>\n<li>Haushaltsger\u00e4te: Staubsauger, elektrische Mopps<\/li>\n<li>Medizinische Ger\u00e4te<\/li>\n<li>Elektrische Werkzeuge: Bohrmaschinen, Rasenm\u00e4her<\/li>\n<li>Elektrischer Transport: E-Bikes, E-Motorr\u00e4der, Golf Carts, E-Rollst\u00fchle<\/li>\n<\/ul>\n<h2>Warum diese Batterie w\u00e4hlen?<\/h2>\n<ul>\n<li>Benutzerdefinierte Konfiguration mit 13S6P-Setup und 750 W Leistung<\/li>\n<li>Ausgezeichnete Leistung bei extremen Temperaturen (-20~60\u00b0C)<\/li>\n<li>Geringe Gr\u00f6\u00dfe, leicht und kompakt<\/li>\n<li>Bestehen der CE-, RoHS- und MSDS-Zertifizierungen<\/li>\n<li>12 Monate Garantie mit umfassender technischer Unterst\u00fctzung<\/li>\n<\/ul>","protected":false},"excerpt":{"rendered":"<p>kundenspezifischer 48V 15Ah 750W Lithium-Ionen-Akkupack f\u00fcr Elektrofahrr\u00e4der und -roller mit eingebautem BMS und 18650 Zellen.<\/p>","protected":false},"featured_media":2405,"comment_status":"open","ping_status":"closed","template":"","meta":{"_uag_custom_page_level_css":"","neve_meta_sidebar":"","neve_meta_container":"","neve_meta_enable_content_width":"off","neve_meta_content_width":100,"neve_meta_title_alignment":"","neve_meta_author_avatar":"","neve_post_elements_order":"","neve_meta_disable_header":"","neve_meta_disable_footer":"","neve_meta_disable_title":""},"product_brand":[],"product_cat":[53,43,55],"product_tag":[],"class_list":{"0":"post-2401","1":"product","2":"type-product","3":"status-publish","4":"has-post-thumbnail","6":"product_cat-low-speed-electric-vehicle-battery","7":"product_cat-power-battery","8":"product_cat-scooter-battery","10":"first","11":"instock","12":"shipping-taxable","13":"product-type-simple"},"uagb_featured_image_src":{"full":["https:\/\/ecavix.com\/wp-content\/uploads\/2025\/07\/Customized-48V-15ah-750W-Electric-Vehicle-Battery-Pack4-800-800.webp",550,550,false],"thumbnail":["https:\/\/ecavix.com\/wp-content\/uploads\/2025\/07\/Customized-48V-15ah-750W-Electric-Vehicle-Battery-Pack4-800-800-150x150.webp",150,150,true],"medium":["https:\/\/ecavix.com\/wp-content\/uploads\/2025\/07\/Customized-48V-15ah-750W-Electric-Vehicle-Battery-Pack4-800-800-300x300.webp",300,300,true],"medium_large":["https:\/\/ecavix.com\/wp-content\/uploads\/2025\/07\/Customized-48V-15ah-750W-Electric-Vehicle-Battery-Pack4-800-800.webp",550,550,false],"large":["https:\/\/ecavix.com\/wp-content\/uploads\/2025\/07\/Customized-48V-15ah-750W-Electric-Vehicle-Battery-Pack4-800-800.webp",550,550,false],"1536x1536":["https:\/\/ecavix.com\/wp-content\/uploads\/2025\/07\/Customized-48V-15ah-750W-Electric-Vehicle-Battery-Pack4-800-800.webp",550,550,false],"2048x2048":["https:\/\/ecavix.com\/wp-content\/uploads\/2025\/07\/Customized-48V-15ah-750W-Electric-Vehicle-Battery-Pack4-800-800.webp",550,550,false],"trp-custom-language-flag":["https:\/\/ecavix.com\/wp-content\/uploads\/2025\/07\/Customized-48V-15ah-750W-Electric-Vehicle-Battery-Pack4-800-800.webp",12,12,false],"neve-blog":["https:\/\/ecavix.com\/wp-content\/uploads\/2025\/07\/Customized-48V-15ah-750W-Electric-Vehicle-Battery-Pack4-800-800.webp",550,550,false],"woocommerce_thumbnail":["https:\/\/ecavix.com\/wp-content\/uploads\/2025\/07\/Customized-48V-15ah-750W-Electric-Vehicle-Battery-Pack4-800-800-300x300.webp",300,300,true],"woocommerce_single":["https:\/\/ecavix.com\/wp-content\/uploads\/2025\/07\/Customized-48V-15ah-750W-Electric-Vehicle-Battery-Pack4-800-800.webp",550,550,false],"woocommerce_gallery_thumbnail":["https:\/\/ecavix.com\/wp-content\/uploads\/2025\/07\/Customized-48V-15ah-750W-Electric-Vehicle-Battery-Pack4-800-800-100x100.webp",100,100,true]},"uagb_author_info":{"display_name":"solvitaenergylimited@gmail.com","author_link":"https:\/\/ecavix.com\/de\/author\/"},"uagb_comment_info":0,"uagb_excerpt":"customized 48V 15Ah 750W lithium-ion battery pack for electric bicycles and scooters with built-in BMS and 18650 cells.","_links":{"self":[{"href":"https:\/\/ecavix.com\/de\/wp-json\/wp\/v2\/product\/2401","targetHints":{"allow":["GET"]}}],"collection":[{"href":"https:\/\/ecavix.com\/de\/wp-json\/wp\/v2\/product"}],"about":[{"href":"https:\/\/ecavix.com\/de\/wp-json\/wp\/v2\/types\/product"}],"replies":[{"embeddable":true,"href":"https:\/\/ecavix.com\/de\/wp-json\/wp\/v2\/comments?post=2401"}],"wp:featuredmedia":[{"embeddable":true,"href":"https:\/\/ecavix.com\/de\/wp-json\/wp\/v2\/media\/2405"}],"wp:attachment":[{"href":"https:\/\/ecavix.com\/de\/wp-json\/wp\/v2\/media?parent=2401"}],"wp:term":[{"taxonomy":"product_brand","embeddable":true,"href":"https:\/\/ecavix.com\/de\/wp-json\/wp\/v2\/product_brand?post=2401"},{"taxonomy":"product_cat","embeddable":true,"href":"https:\/\/ecavix.com\/de\/wp-json\/wp\/v2\/product_cat?post=2401"},{"taxonomy":"product_tag","embeddable":true,"href":"https:\/\/ecavix.com\/de\/wp-json\/wp\/v2\/product_tag?post=2401"}],"curies":[{"name":"wp","href":"https:\/\/api.w.org\/{rel}","templated":true}]}}