{"id":2400,"date":"2025-07-18T06:30:23","date_gmt":"2025-07-18T06:30:23","guid":{"rendered":"https:\/\/ecavix.com\/?post_type=product&#038;p=2400"},"modified":"2025-07-18T06:30:23","modified_gmt":"2025-07-18T06:30:23","slug":"wiederaufladbare-lifepo4-batterie-48-v-20-ah-mit-langer-lebensdauer","status":"publish","type":"product","link":"https:\/\/ecavix.com\/de\/product\/rechargeable-lifepo4-battery-48v-20ah-with-long-cycle-life\/","title":{"rendered":"Wiederaufladbarer LiFePO4-Akku 48V 20ah mit langer Zykluszeit"},"content":{"rendered":"<h1>48 V, 20 Ah LiFePO4-Akku<\/h1>\n<h2>Produkt\u00fcbersicht<\/h2>\n<table>\n<tr>\n<th>Modell<\/th>\n<td>DL-LFP13S<\/td>\n<\/tr>\n<tr>\n<th>Nennspannung<\/th>\n<td>48V<\/td>\n<\/tr>\n<tr>\n<th>Nominale Kapazit\u00e4t<\/th>\n<td>20Ah<\/td>\n<\/tr>\n<tr>\n<th>Akku-Typ<\/th>\n<td>LiFePO4<\/td>\n<\/tr>\n<tr>\n<th>Montagezelle<\/th>\n<td>15S1P<\/td>\n<\/tr>\n<tr>\n<th>Maximaler Dauerstrom<\/th>\n<td>40A<\/td>\n<\/tr>\n<tr>\n<th>\u00dcberstrom<\/th>\n<td>120A<\/td>\n<\/tr>\n<tr>\n<th>Abschaltspannung<\/th>\n<td>40 V \u00b11 V<\/td>\n<\/tr>\n<tr>\n<th>Ladung Spannung<\/th>\n<td>58,4 V \u00b10,2 V<\/td>\n<\/tr>\n<tr>\n<th>Empfohlener Ladestrom<\/th>\n<td>4A<\/td>\n<\/tr>\n<tr>\n<th>Ladezeit<\/th>\n<td>5,5 Stunden<\/td>\n<\/tr>\n<tr>\n<th>Gewicht<\/th>\n<td>\u2264 8 kg<\/td>\n<\/tr>\n<tr>\n<th>Abmessungen<\/th>\n<td>253 mm x 164 mm x 116 mm<\/td>\n<\/tr>\n<tr>\n<th>Innenwiderstand<\/th>\n<td>\u2264 80 m\u03a9<\/td>\n<\/tr>\n<tr>\n<th>Selbstentladungsrate<\/th>\n<td>\u2264 5% pro Monat<\/td>\n<\/tr>\n<\/table>\n<h2>Anwendungen<\/h2>\n<ul>\n<li>Solarstromanlagen<\/li>\n<li>Elektrisch betriebene Fahrzeuge<\/li>\n<li>Elektrische Werkzeuge<\/li>\n<li>Elektroboote<\/li>\n<li>Golfwagen<\/li>\n<\/ul>\n<h2>Allgemeine Merkmale<\/h2>\n<div class=\"features-grid\">\n<div class=\"feature-box\">\n<h3>Lange Zyklusdauer<\/h3>\n<p>Mit \u00fcber 500 Ladezyklen gew\u00e4hrleistet dieser Akku eine lange Lebensdauer und gleichbleibende Leistung w\u00e4hrend seiner gesamten Nutzungsdauer.<\/p>\n<\/p><\/div>\n<div class=\"feature-box\">\n<h3>Effiziente Leistung<\/h3>\n<p>Die 15S1P-Baugruppe aus hochwertigen LiFePO4-Zellen sorgt f\u00fcr eine effiziente Energiespeicherung und Entladungsraten.<\/p>\n<\/p><\/div>\n<div class=\"feature-box\">\n<h3>Sicher &amp; Zuverl\u00e4ssig<\/h3>\n<p>Eingebautes BMS f\u00fcr \u00dcberladungs-, \u00dcberentladungs- und Kurzschlussschutz.<\/p>\n<\/p><\/div>\n<div class=\"feature-box\">\n<h3>Schnelles Aufladen<\/h3>\n<p>Standard-Ladezeit von 5,5 Stunden bei empfohlenem Ladestrom von 4 A.<\/p>\n<\/p><\/div>\n<\/p><\/div>\n<h2>Warum uns w\u00e4hlen?<\/h2>\n<ul>\n<li>Zertifizierungen: CE, RoHS, FCC<\/li>\n<li>Recycelbar und umweltfreundlich<\/li>\n<li>Zuverl\u00e4ssige Leistung f\u00fcr den Langzeitgebrauch<\/li>\n<li>Individuell anpassbare Spannung, Kapazit\u00e4t und Konfiguration verf\u00fcgbar<\/li>\n<li>Sicheres und effizientes Batteriemanagementsystem (BMS)<\/li>\n<li>1 Jahr Garantie und exzellenter Kundendienst<\/li>\n<\/ul>\n<h2>Versand und Verpackung<\/h2>\n<p>Wir bieten zuverl\u00e4ssige Versandoptionen weltweit:<\/p>\n<ul>\n<li>Kleine Bestellungen: Versand per Luftfracht (DHL, UPS, FedEx)<\/li>\n<li>Gro\u00dfe Bestellungen: Versand auf dem Seeweg (Lieferzeit: 30-45 Tage)<\/li>\n<\/ul>","protected":false},"excerpt":{"rendered":"<p>Hochleistungsf\u00e4higer 48-V-20-Ah-LiFePO4-Akku mit langer Lebensdauer, ideal f\u00fcr verschiedene Anwendungen.<\/p>","protected":false},"featured_media":2384,"comment_status":"open","ping_status":"closed","template":"","meta":{"_uag_custom_page_level_css":"","neve_meta_sidebar":"","neve_meta_container":"","neve_meta_enable_content_width":"off","neve_meta_content_width":100,"neve_meta_title_alignment":"","neve_meta_author_avatar":"","neve_post_elements_order":"","neve_meta_disable_header":"","neve_meta_disable_footer":"","neve_meta_disable_title":""},"product_brand":[],"product_cat":[53,43,55],"product_tag":[],"class_list":{"0":"post-2400","1":"product","2":"type-product","3":"status-publish","4":"has-post-thumbnail","6":"product_cat-low-speed-electric-vehicle-battery","7":"product_cat-power-battery","8":"product_cat-scooter-battery","10":"first","11":"instock","12":"shipping-taxable","13":"product-type-simple"},"uagb_featured_image_src":{"full":["https:\/\/ecavix.com\/wp-content\/uploads\/2025\/07\/36V-High-Capacity-Lithium-Battery-Pack-for-Electricnics3-800-800.webp",550,550,false],"thumbnail":["https:\/\/ecavix.com\/wp-content\/uploads\/2025\/07\/36V-High-Capacity-Lithium-Battery-Pack-for-Electricnics3-800-800-150x150.webp",150,150,true],"medium":["https:\/\/ecavix.com\/wp-content\/uploads\/2025\/07\/36V-High-Capacity-Lithium-Battery-Pack-for-Electricnics3-800-800-300x300.webp",300,300,true],"medium_large":["https:\/\/ecavix.com\/wp-content\/uploads\/2025\/07\/36V-High-Capacity-Lithium-Battery-Pack-for-Electricnics3-800-800.webp",550,550,false],"large":["https:\/\/ecavix.com\/wp-content\/uploads\/2025\/07\/36V-High-Capacity-Lithium-Battery-Pack-for-Electricnics3-800-800.webp",550,550,false],"1536x1536":["https:\/\/ecavix.com\/wp-content\/uploads\/2025\/07\/36V-High-Capacity-Lithium-Battery-Pack-for-Electricnics3-800-800.webp",550,550,false],"2048x2048":["https:\/\/ecavix.com\/wp-content\/uploads\/2025\/07\/36V-High-Capacity-Lithium-Battery-Pack-for-Electricnics3-800-800.webp",550,550,false],"trp-custom-language-flag":["https:\/\/ecavix.com\/wp-content\/uploads\/2025\/07\/36V-High-Capacity-Lithium-Battery-Pack-for-Electricnics3-800-800.webp",12,12,false],"neve-blog":["https:\/\/ecavix.com\/wp-content\/uploads\/2025\/07\/36V-High-Capacity-Lithium-Battery-Pack-for-Electricnics3-800-800.webp",550,550,false],"woocommerce_thumbnail":["https:\/\/ecavix.com\/wp-content\/uploads\/2025\/07\/36V-High-Capacity-Lithium-Battery-Pack-for-Electricnics3-800-800-300x300.webp",300,300,true],"woocommerce_single":["https:\/\/ecavix.com\/wp-content\/uploads\/2025\/07\/36V-High-Capacity-Lithium-Battery-Pack-for-Electricnics3-800-800.webp",550,550,false],"woocommerce_gallery_thumbnail":["https:\/\/ecavix.com\/wp-content\/uploads\/2025\/07\/36V-High-Capacity-Lithium-Battery-Pack-for-Electricnics3-800-800-100x100.webp",100,100,true]},"uagb_author_info":{"display_name":"solvitaenergylimited@gmail.com","author_link":"https:\/\/ecavix.com\/de\/author\/"},"uagb_comment_info":0,"uagb_excerpt":"High-performance 48V 20Ah LiFePO4 rechargeable battery pack with long cycle life, ideal for various applications.","_links":{"self":[{"href":"https:\/\/ecavix.com\/de\/wp-json\/wp\/v2\/product\/2400","targetHints":{"allow":["GET"]}}],"collection":[{"href":"https:\/\/ecavix.com\/de\/wp-json\/wp\/v2\/product"}],"about":[{"href":"https:\/\/ecavix.com\/de\/wp-json\/wp\/v2\/types\/product"}],"replies":[{"embeddable":true,"href":"https:\/\/ecavix.com\/de\/wp-json\/wp\/v2\/comments?post=2400"}],"wp:featuredmedia":[{"embeddable":true,"href":"https:\/\/ecavix.com\/de\/wp-json\/wp\/v2\/media\/2384"}],"wp:attachment":[{"href":"https:\/\/ecavix.com\/de\/wp-json\/wp\/v2\/media?parent=2400"}],"wp:term":[{"taxonomy":"product_brand","embeddable":true,"href":"https:\/\/ecavix.com\/de\/wp-json\/wp\/v2\/product_brand?post=2400"},{"taxonomy":"product_cat","embeddable":true,"href":"https:\/\/ecavix.com\/de\/wp-json\/wp\/v2\/product_cat?post=2400"},{"taxonomy":"product_tag","embeddable":true,"href":"https:\/\/ecavix.com\/de\/wp-json\/wp\/v2\/product_tag?post=2400"}],"curies":[{"name":"wp","href":"https:\/\/api.w.org\/{rel}","templated":true}]}}