{"id":2391,"date":"2025-07-18T06:22:44","date_gmt":"2025-07-18T06:22:44","guid":{"rendered":"https:\/\/ecavix.com\/?post_type=product&#038;p=2391"},"modified":"2025-07-18T06:22:45","modified_gmt":"2025-07-18T06:22:45","slug":"10s5p-36v-12ah-wiederaufladbarer-18650-lithium-ionen-akku","status":"publish","type":"product","link":"https:\/\/ecavix.com\/de\/product\/10s5p-36v-12ah-rechargeable-18650-lithium-ion-battery-pack\/","title":{"rendered":"10s5p 36V 12ah Wiederaufladbarer 18650 Lithium-Ionen-Akku"},"content":{"rendered":"<br \/>\n<h1>36V 12Ah Lithium-Ionen-Akkupack<\/h1>\n<h2>Produkt\u00fcbersicht<\/h2>\n<table>\n<tr>\n<th>Batterie-Modell<\/th>\n<td>DEL-36V12AH<\/td>\n<\/tr>\n<tr>\n<th>Nennspannung<\/th>\n<td>36V<\/td>\n<\/tr>\n<tr>\n<th>Volle Ladung Spannung<\/th>\n<td>42V<\/td>\n<\/tr>\n<tr>\n<th>Nominale Kapazit\u00e4t<\/th>\n<td>12 Ah<\/td>\n<\/tr>\n<tr>\n<th>Akku-Typ<\/th>\n<td>18650 Lithium-Ionen-Akku-Zellen<\/td>\n<\/tr>\n<tr>\n<th>Akku-Konfiguration<\/th>\n<td>10S5P (oder individuell anpassen)<\/td>\n<\/tr>\n<tr>\n<th>Maximaler Lade-\/Entladestrom<\/th>\n<td>5A (einstellbar)<\/td>\n<\/tr>\n<tr>\n<th>Akku-Zellen<\/th>\n<td>Klasse A 18650 Lithium-Ionen-Zellen<\/td>\n<\/tr>\n<tr>\n<th>PCM<\/th>\n<td>36V Grade A PCM mit \u00dcberladungs-\/Entladungsschutz und \u00dcberhitzungsschutz<\/td>\n<\/tr>\n<tr>\n<th>Gewicht<\/th>\n<td>Nicht vorgesehen<\/td>\n<\/tr>\n<tr>\n<th>Abmessungen<\/th>\n<td>Anpassbar<\/td>\n<\/tr>\n<tr>\n<th>Farbe<\/th>\n<td>Blau oder Benutzerdefiniert<\/td>\n<\/tr>\n<tr>\n<th>Garantie<\/th>\n<td>1 Jahr<\/td>\n<\/tr>\n<\/table>\n<h2>Anwendungen<\/h2>\n<ul>\n<li>LED-Lichtsysteme und Solar-Stra\u00dfenlampen<\/li>\n<li>Tragbare Videorecorder\/TV-Ger\u00e4te, Tonbandger\u00e4te, Radios<\/li>\n<li>Elektrowerkzeuge, Rasenm\u00e4her, Staubsauger<\/li>\n<li>Kameras und fotografische Ausr\u00fcstung<\/li>\n<li>Tragbare Messger\u00e4te<\/li>\n<li>Verschiedene elektrische Spielzeuge und Freizeitger\u00e4te<\/li>\n<li>Unterbrechungsfreie Stromversorgung (UPS)<\/li>\n<li>Kommunikation und elektrische Ausr\u00fcstung<\/li>\n<li>Notbeleuchtungssysteme<\/li>\n<\/ul>\n<h2>Warum uns w\u00e4hlen?<\/h2>\n<ul>\n<li>Kundenspezifische Batteriel\u00f6sungen seit 2007<\/li>\n<li>Hochwertige Lithium-Zellen der G\u00fcteklasse A 18650<\/li>\n<li>Eingebautes PCM f\u00fcr Sicherheit: \u00dcberladungs-, \u00dcberentladungs- und \u00dcberhitzungsschutz<\/li>\n<li>1 Jahr Garantie mit hervorragender Kundenbetreuung<\/li>\n<li>Anpassbare Batteriekonfigurationen und -gr\u00f6\u00dfen<\/li>\n<li>Hohe Effizienz und lange Batterielebensdauer<\/li>\n<\/ul>\n<h2>Versand und Verpackung<\/h2>\n<p>Unsere Batterien werden sicher mit Standard-Exportverpackungen verpackt, um einen sicheren Transport zu gew\u00e4hrleisten. Wir bieten schnellen Versand durch DHL, UPS, FedEx oder Seefracht f\u00fcr Gro\u00dfbestellungen.<\/p>\n<h3>Versandmethoden<\/h3>\n<ul>\n<li>Kleine Bestellungen: Versand per Luftfracht (DHL, UPS, FedEx)<\/li>\n<li>Gro\u00dfe Bestellungen: Versand auf dem Seeweg (Lieferzeit: 30-45 Tage)<\/li>\n<\/ul>","protected":false},"excerpt":{"rendered":"<p>Leistungsstarker 36V 12Ah Lithium-Ionen-Akkupack f\u00fcr Elektrowerkzeuge, Solarleuchten und andere Anwendungen.<\/p>","protected":false},"featured_media":2395,"comment_status":"open","ping_status":"closed","template":"","meta":{"_uag_custom_page_level_css":"","neve_meta_sidebar":"","neve_meta_container":"","neve_meta_enable_content_width":"off","neve_meta_content_width":100,"neve_meta_title_alignment":"","neve_meta_author_avatar":"","neve_post_elements_order":"","neve_meta_disable_header":"","neve_meta_disable_footer":"","neve_meta_disable_title":""},"product_brand":[],"product_cat":[53,43,55],"product_tag":[],"class_list":{"0":"post-2391","1":"product","2":"type-product","3":"status-publish","4":"has-post-thumbnail","6":"product_cat-low-speed-electric-vehicle-battery","7":"product_cat-power-battery","8":"product_cat-scooter-battery","10":"first","11":"instock","12":"shipping-taxable","13":"product-type-simple"},"uagb_featured_image_src":{"full":["https:\/\/ecavix.com\/wp-content\/uploads\/2025\/07\/10s5p-36V-12ah-Rechargeable-18650-Lithium-Ion-Battery-Pack3-800-800.webp",550,550,false],"thumbnail":["https:\/\/ecavix.com\/wp-content\/uploads\/2025\/07\/10s5p-36V-12ah-Rechargeable-18650-Lithium-Ion-Battery-Pack3-800-800-150x150.webp",150,150,true],"medium":["https:\/\/ecavix.com\/wp-content\/uploads\/2025\/07\/10s5p-36V-12ah-Rechargeable-18650-Lithium-Ion-Battery-Pack3-800-800-300x300.webp",300,300,true],"medium_large":["https:\/\/ecavix.com\/wp-content\/uploads\/2025\/07\/10s5p-36V-12ah-Rechargeable-18650-Lithium-Ion-Battery-Pack3-800-800.webp",550,550,false],"large":["https:\/\/ecavix.com\/wp-content\/uploads\/2025\/07\/10s5p-36V-12ah-Rechargeable-18650-Lithium-Ion-Battery-Pack3-800-800.webp",550,550,false],"1536x1536":["https:\/\/ecavix.com\/wp-content\/uploads\/2025\/07\/10s5p-36V-12ah-Rechargeable-18650-Lithium-Ion-Battery-Pack3-800-800.webp",550,550,false],"2048x2048":["https:\/\/ecavix.com\/wp-content\/uploads\/2025\/07\/10s5p-36V-12ah-Rechargeable-18650-Lithium-Ion-Battery-Pack3-800-800.webp",550,550,false],"trp-custom-language-flag":["https:\/\/ecavix.com\/wp-content\/uploads\/2025\/07\/10s5p-36V-12ah-Rechargeable-18650-Lithium-Ion-Battery-Pack3-800-800.webp",12,12,false],"neve-blog":["https:\/\/ecavix.com\/wp-content\/uploads\/2025\/07\/10s5p-36V-12ah-Rechargeable-18650-Lithium-Ion-Battery-Pack3-800-800.webp",550,550,false],"woocommerce_thumbnail":["https:\/\/ecavix.com\/wp-content\/uploads\/2025\/07\/10s5p-36V-12ah-Rechargeable-18650-Lithium-Ion-Battery-Pack3-800-800-300x300.webp",300,300,true],"woocommerce_single":["https:\/\/ecavix.com\/wp-content\/uploads\/2025\/07\/10s5p-36V-12ah-Rechargeable-18650-Lithium-Ion-Battery-Pack3-800-800.webp",550,550,false],"woocommerce_gallery_thumbnail":["https:\/\/ecavix.com\/wp-content\/uploads\/2025\/07\/10s5p-36V-12ah-Rechargeable-18650-Lithium-Ion-Battery-Pack3-800-800-100x100.webp",100,100,true]},"uagb_author_info":{"display_name":"solvitaenergylimited@gmail.com","author_link":"https:\/\/ecavix.com\/de\/author\/"},"uagb_comment_info":0,"uagb_excerpt":"High-performance 36V 12Ah lithium-ion battery pack for electric tools, solar lights, and other applications.","_links":{"self":[{"href":"https:\/\/ecavix.com\/de\/wp-json\/wp\/v2\/product\/2391","targetHints":{"allow":["GET"]}}],"collection":[{"href":"https:\/\/ecavix.com\/de\/wp-json\/wp\/v2\/product"}],"about":[{"href":"https:\/\/ecavix.com\/de\/wp-json\/wp\/v2\/types\/product"}],"replies":[{"embeddable":true,"href":"https:\/\/ecavix.com\/de\/wp-json\/wp\/v2\/comments?post=2391"}],"wp:featuredmedia":[{"embeddable":true,"href":"https:\/\/ecavix.com\/de\/wp-json\/wp\/v2\/media\/2395"}],"wp:attachment":[{"href":"https:\/\/ecavix.com\/de\/wp-json\/wp\/v2\/media?parent=2391"}],"wp:term":[{"taxonomy":"product_brand","embeddable":true,"href":"https:\/\/ecavix.com\/de\/wp-json\/wp\/v2\/product_brand?post=2391"},{"taxonomy":"product_cat","embeddable":true,"href":"https:\/\/ecavix.com\/de\/wp-json\/wp\/v2\/product_cat?post=2391"},{"taxonomy":"product_tag","embeddable":true,"href":"https:\/\/ecavix.com\/de\/wp-json\/wp\/v2\/product_tag?post=2391"}],"curies":[{"name":"wp","href":"https:\/\/api.w.org\/{rel}","templated":true}]}}