{"id":2385,"date":"2025-07-18T06:19:22","date_gmt":"2025-07-18T06:19:22","guid":{"rendered":"https:\/\/ecavix.com\/?post_type=product&#038;p=2385"},"modified":"2025-07-18T06:20:12","modified_gmt":"2025-07-18T06:20:12","slug":"36v-10ah-hochspannung-lifepo4-lithium-li-ion-akku-mit-pcb-kabel","status":"publish","type":"product","link":"https:\/\/ecavix.com\/de\/product\/36v-10ah-high-voltage-lifepo4-lithium-li-ion-battery-with-pcb-wires\/","title":{"rendered":"36V 10ah Hochspannungs-LiFePO4 Lithium-Li-Ionen-Akku mit PCB-Leitungen"},"content":{"rendered":"<br \/>\n<h1>36V 10Ah LiFePO4 Lithium-Akku-Pack<\/h1>\n<h2>Produkt\u00fcbersicht<\/h2>\n<table>\n<tr>\n<th>Batterie-Modell<\/th>\n<td>Del-3610E<\/td>\n<\/tr>\n<tr>\n<th>Nennspannung<\/th>\n<td>36V<\/td>\n<\/tr>\n<tr>\n<th>Nominale Kapazit\u00e4t<\/th>\n<td>10Ah<\/td>\n<\/tr>\n<tr>\n<th>Akku-Typ<\/th>\n<td>LiFePO4 (Lithium-Eisen-Phosphat)<\/td>\n<\/tr>\n<tr>\n<th>Akku-Konfiguration<\/th>\n<td>11S3P + PCM<\/td>\n<\/tr>\n<tr>\n<th>Max. Entladestrom<\/th>\n<td>2C (20A)<\/td>\n<\/tr>\n<tr>\n<th>Ladung Strom<\/th>\n<td>0,2C (2A), Schnelles Aufladen: 0,5C (5A)<\/td>\n<\/tr>\n<tr>\n<th>Gewicht<\/th>\n<td>2,7 kg<\/td>\n<\/tr>\n<tr>\n<th>Abmessungen<\/th>\n<td>294mm x 83mm x 70mm<\/td>\n<\/tr>\n<tr>\n<th>Innerer Widerstand<\/th>\n<td>150m\u03a9<\/td>\n<\/tr>\n<tr>\n<th>Entladeschlussspannung<\/th>\n<td>2.0 \u00b1 0.06V<\/td>\n<\/tr>\n<tr>\n<th>Ladungsschutzspannung<\/th>\n<td>3.65 \u00b1 0.03V<\/td>\n<\/tr>\n<tr>\n<th>Betriebstemperatur (Entleerung)<\/th>\n<td>-20\u00b0C bis 60\u00b0C<\/td>\n<\/tr>\n<tr>\n<th>Betriebstemperatur (Ladung)<\/th>\n<td>0\u00b0C bis 45\u00b0C<\/td>\n<\/tr>\n<tr>\n<th>Lagertemperatur<\/th>\n<td>23 \u00b1 5\u00b0C<\/td>\n<\/tr>\n<tr>\n<th>Zyklus Leben<\/th>\n<td>800 Zyklen<\/td>\n<\/tr>\n<tr>\n<th>Garantie<\/th>\n<td>13 Monate<\/td>\n<\/tr>\n<tr>\n<th>Zertifizierung<\/th>\n<td>CE, RoHS, MSDS, UN38.3, FCC, KC<\/td>\n<\/tr>\n<\/table>\n<h2>Warum uns w\u00e4hlen?<\/h2>\n<ul>\n<li>Seit 2007 in der kundenspezifischen Batterieindustrie etabliert<\/li>\n<li>Kostenlose Muster f\u00fcr Bestellungen unter 5 USD<\/li>\n<li>Genaue und ehrliche Angaben zur Batteriekapazit\u00e4t<\/li>\n<li>Hochwertige Batterie-Management-Systeme (BMS), die denen von Seiko entsprechen<\/li>\n<li>Die Leistung der fertigen Batterie wurde nach UL-, CE-, KPS- und KC-Normen getestet.<\/li>\n<li>ISO9001-2008 zertifiziert f\u00fcr Qualit\u00e4tsmanagement<\/li>\n<li>Staubfreie 5S-Fabrik mit modernster Prozessgestaltung<\/li>\n<li>100% Qualit\u00e4tspr\u00fcfung<\/li>\n<li>Ein Jahr Garantie, mit 10 Jahren Wartungsunterst\u00fctzung<\/li>\n<\/ul>\n<h2>Wesentliche Merkmale<\/h2>\n<div class=\"features-grid\">\n<div class=\"feature-box\">\n      <strong>Recycelbar und umweltfreundlich<\/strong><br \/>\n      Der LiFePO4-Akku ist recycelbar und hat im Vergleich zu anderen Lithium-Ionen-Akkus eine geringere Umweltbelastung.\n    <\/div>\n<div class=\"feature-box\">\n      <strong>Sicher &amp; Zuverl\u00e4ssig<\/strong><br \/>\n      Das BMS gew\u00e4hrleistet einen Schutz vor \u00dcberentladung, \u00dcberladung und Kurzschluss f\u00fcr hohe Sicherheitsstandards.\n    <\/div>\n<div class=\"feature-box\">\n      <strong>Lange Zyklusdauer<\/strong><br \/>\n      Mit 800 Zyklen bleibt die Batterie \u00fcber viele Jahre hinweg leistungsf\u00e4hig und muss nicht so h\u00e4ufig ausgetauscht werden.\n    <\/div>\n<div class=\"feature-box\">\n      <strong>Breite Temperaturtoleranz<\/strong><br \/>\n      Funktioniert sowohl bei hohen als auch bei niedrigen Temperaturen und ist daher f\u00fcr eine Vielzahl von Au\u00dfenanwendungen geeignet.\n    <\/div>\n<div class=\"feature-box\">\n      <strong>Schnell-Ladef\u00e4higkeit<\/strong><br \/>\n      Unterst\u00fctzt schnelles Aufladen und verk\u00fcrzt so die Ausfallzeiten zwischen den Eins\u00e4tzen.\n    <\/div>\n<div class=\"feature-box\">\n      <strong>Kompakt und leicht<\/strong><br \/>\n      Die Batterie ist leicht (2,7 kg) und kompakt, ideal f\u00fcr E-Bikes, Elektrowerkzeuge und Solarstromspeicher.\n    <\/div>\n<\/p><\/div>\n<h2>Anwendungen<\/h2>\n<ul>\n<li>E-Bikes<\/li>\n<li>Solarstrom-Speichersysteme<\/li>\n<li>Elektrische Werkzeuge<\/li>\n<\/ul>\n<h2>Versand und Verpackung<\/h2>\n<p>Der 36V 10Ah LiFePO4 Lithium-Akku ist sicher verpackt mit Standard-Exportverpackung. Wir bieten den Versand durch verschiedene Spediteure wie DHL, UPS, FedEx, oder Seefracht f\u00fcr Gro\u00dfbestellungen.<\/p>\n<h3>Versandmethoden<\/h3>\n<ul>\n<li>Kleine Bestellungen: Versand per Luftfracht (DHL, UPS, FedEx)<\/li>\n<li>Gro\u00dfe Bestellungen: Versand auf dem Seeweg (Lieferzeit: 30-45 Tage)<\/li>\n<\/ul>","protected":false},"excerpt":{"rendered":"<p>Leistungsstarker 36V 10Ah LiFePO4-Lithium-Akku f\u00fcr E-Bikes, Solarstromspeicher und Elektrowerkzeuge.<\/p>","protected":false},"featured_media":2389,"comment_status":"open","ping_status":"closed","template":"","meta":{"_uag_custom_page_level_css":"","neve_meta_sidebar":"","neve_meta_container":"","neve_meta_enable_content_width":"off","neve_meta_content_width":100,"neve_meta_title_alignment":"","neve_meta_author_avatar":"","neve_post_elements_order":"","neve_meta_disable_header":"","neve_meta_disable_footer":"","neve_meta_disable_title":""},"product_brand":[],"product_cat":[53,43,55],"product_tag":[],"class_list":{"0":"post-2385","1":"product","2":"type-product","3":"status-publish","4":"has-post-thumbnail","6":"product_cat-low-speed-electric-vehicle-battery","7":"product_cat-power-battery","8":"product_cat-scooter-battery","10":"first","11":"instock","12":"shipping-taxable","13":"product-type-simple"},"uagb_featured_image_src":{"full":["https:\/\/ecavix.com\/wp-content\/uploads\/2025\/07\/36V-10ah-High-Voltage-LiFePO4-Lithium-Li-Ion-Battery-with-PCB-Wires5-800-800.webp",550,550,false],"thumbnail":["https:\/\/ecavix.com\/wp-content\/uploads\/2025\/07\/36V-10ah-High-Voltage-LiFePO4-Lithium-Li-Ion-Battery-with-PCB-Wires5-800-800-150x150.webp",150,150,true],"medium":["https:\/\/ecavix.com\/wp-content\/uploads\/2025\/07\/36V-10ah-High-Voltage-LiFePO4-Lithium-Li-Ion-Battery-with-PCB-Wires5-800-800-300x300.webp",300,300,true],"medium_large":["https:\/\/ecavix.com\/wp-content\/uploads\/2025\/07\/36V-10ah-High-Voltage-LiFePO4-Lithium-Li-Ion-Battery-with-PCB-Wires5-800-800.webp",550,550,false],"large":["https:\/\/ecavix.com\/wp-content\/uploads\/2025\/07\/36V-10ah-High-Voltage-LiFePO4-Lithium-Li-Ion-Battery-with-PCB-Wires5-800-800.webp",550,550,false],"1536x1536":["https:\/\/ecavix.com\/wp-content\/uploads\/2025\/07\/36V-10ah-High-Voltage-LiFePO4-Lithium-Li-Ion-Battery-with-PCB-Wires5-800-800.webp",550,550,false],"2048x2048":["https:\/\/ecavix.com\/wp-content\/uploads\/2025\/07\/36V-10ah-High-Voltage-LiFePO4-Lithium-Li-Ion-Battery-with-PCB-Wires5-800-800.webp",550,550,false],"trp-custom-language-flag":["https:\/\/ecavix.com\/wp-content\/uploads\/2025\/07\/36V-10ah-High-Voltage-LiFePO4-Lithium-Li-Ion-Battery-with-PCB-Wires5-800-800.webp",12,12,false],"neve-blog":["https:\/\/ecavix.com\/wp-content\/uploads\/2025\/07\/36V-10ah-High-Voltage-LiFePO4-Lithium-Li-Ion-Battery-with-PCB-Wires5-800-800.webp",550,550,false],"woocommerce_thumbnail":["https:\/\/ecavix.com\/wp-content\/uploads\/2025\/07\/36V-10ah-High-Voltage-LiFePO4-Lithium-Li-Ion-Battery-with-PCB-Wires5-800-800-300x300.webp",300,300,true],"woocommerce_single":["https:\/\/ecavix.com\/wp-content\/uploads\/2025\/07\/36V-10ah-High-Voltage-LiFePO4-Lithium-Li-Ion-Battery-with-PCB-Wires5-800-800.webp",550,550,false],"woocommerce_gallery_thumbnail":["https:\/\/ecavix.com\/wp-content\/uploads\/2025\/07\/36V-10ah-High-Voltage-LiFePO4-Lithium-Li-Ion-Battery-with-PCB-Wires5-800-800-100x100.webp",100,100,true]},"uagb_author_info":{"display_name":"solvitaenergylimited@gmail.com","author_link":"https:\/\/ecavix.com\/de\/author\/"},"uagb_comment_info":0,"uagb_excerpt":"High-performance 36V 10Ah LiFePO4 lithium battery pack for e-bikes, solar power storage, and power tools.","_links":{"self":[{"href":"https:\/\/ecavix.com\/de\/wp-json\/wp\/v2\/product\/2385","targetHints":{"allow":["GET"]}}],"collection":[{"href":"https:\/\/ecavix.com\/de\/wp-json\/wp\/v2\/product"}],"about":[{"href":"https:\/\/ecavix.com\/de\/wp-json\/wp\/v2\/types\/product"}],"replies":[{"embeddable":true,"href":"https:\/\/ecavix.com\/de\/wp-json\/wp\/v2\/comments?post=2385"}],"wp:featuredmedia":[{"embeddable":true,"href":"https:\/\/ecavix.com\/de\/wp-json\/wp\/v2\/media\/2389"}],"wp:attachment":[{"href":"https:\/\/ecavix.com\/de\/wp-json\/wp\/v2\/media?parent=2385"}],"wp:term":[{"taxonomy":"product_brand","embeddable":true,"href":"https:\/\/ecavix.com\/de\/wp-json\/wp\/v2\/product_brand?post=2385"},{"taxonomy":"product_cat","embeddable":true,"href":"https:\/\/ecavix.com\/de\/wp-json\/wp\/v2\/product_cat?post=2385"},{"taxonomy":"product_tag","embeddable":true,"href":"https:\/\/ecavix.com\/de\/wp-json\/wp\/v2\/product_tag?post=2385"}],"curies":[{"name":"wp","href":"https:\/\/api.w.org\/{rel}","templated":true}]}}