{"id":2372,"date":"2025-07-18T06:05:42","date_gmt":"2025-07-18T06:05:42","guid":{"rendered":"https:\/\/ecavix.com\/?post_type=product&#038;p=2372"},"modified":"2025-07-18T06:06:04","modified_gmt":"2025-07-18T06:06:04","slug":"18650-marke-zellen-36v10ah-lithium-ionen-akku-pack-fur-ebike","status":"publish","type":"product","link":"https:\/\/ecavix.com\/de\/product\/18650-brand-cells-36v10ah-lithium-ion-battery-pack-for-ebike\/","title":{"rendered":"18650 Marke Zellen 36V10ah Lithium-Ionen-Akku-Pack f\u00fcr E-Bike"},"content":{"rendered":"<br \/>\n<h1>36V 10Ah Lithium-Ionen Akkupack f\u00fcr E-Bike<\/h1>\n<h2>Produkt\u00fcbersicht<\/h2>\n<table>\n<tr>\n<th>Batterie-Modell<\/th>\n<td>Del-3610P<\/td>\n<\/tr>\n<tr>\n<th>Nennspannung<\/th>\n<td>36V<\/td>\n<\/tr>\n<tr>\n<th>Nominale Kapazit\u00e4t<\/th>\n<td>10Ah<\/td>\n<\/tr>\n<tr>\n<th>Akku-Konfiguration<\/th>\n<td>10S5P (18650 Zellen)<\/td>\n<\/tr>\n<tr>\n<th>Akku-Typ<\/th>\n<td>Li-Ion (Lithium-Ion)<\/td>\n<\/tr>\n<tr>\n<th>Standard-Ladespannung<\/th>\n<td>42V \u00b1 0,05V<\/td>\n<\/tr>\n<tr>\n<th>Standard-Entladespannung<\/th>\n<td>30V \u00b1 0,05V<\/td>\n<\/tr>\n<tr>\n<th>Standard-Ladestrom<\/th>\n<td>0.5C<\/td>\n<\/tr>\n<tr>\n<th>Max. Ladestrom<\/th>\n<td>&lt;5A (einstellbar)<\/td>\n<\/tr>\n<tr>\n<th>Max. Entladestrom<\/th>\n<td>&lt;15A (einstellbar)<\/td>\n<\/tr>\n<tr>\n<th>Max. Impuls-Entladestrom<\/th>\n<td>\u2264 35A (einstellbar)<\/td>\n<\/tr>\n<tr>\n<th>Gewicht<\/th>\n<td>2,5 kg<\/td>\n<\/tr>\n<tr>\n<th>Abmessungen<\/th>\n<td>495mm x 70mm x 38mm<\/td>\n<\/tr>\n<tr>\n<th>Impedanz<\/th>\n<td>\u2264 150 m\u03a9<\/td>\n<\/tr>\n<tr>\n<th>Betriebstemperatur (Ladung)<\/th>\n<td>0\u00b0C ~ 45\u00b0C<\/td>\n<\/tr>\n<tr>\n<th>Betriebstemperatur (Entleerung)<\/th>\n<td>-20\u00b0C ~ 60\u00b0C<\/td>\n<\/tr>\n<tr>\n<th>Lagertemperatur<\/th>\n<td>-20\u00b0C ~ 40\u00b0C (f\u00fcr 3 Monate)<\/td>\n<\/tr>\n<tr>\n<th>Zyklus Leben<\/th>\n<td>1000 Zyklen<\/td>\n<\/tr>\n<tr>\n<th>Garantie<\/th>\n<td>1 Jahr<\/td>\n<\/tr>\n<tr>\n<th>Zertifizierung<\/th>\n<td>CE, RoHS, MSDS, UN38.3, FCC<\/td>\n<\/tr>\n<\/table>\n<h2>Wesentliche Merkmale<\/h2>\n<div class=\"features-grid\">\n<div class=\"feature-box\">\n      <strong>Lange Zyklusdauer<\/strong><br \/>\n      Erm\u00f6glicht bis zu 1000 Ladezyklen bei minimalem Kapazit\u00e4tsverlust.\n    <\/div>\n<div class=\"feature-box\">\n      <strong>Einstellbare Entladestr\u00f6me<\/strong><br \/>\n      Passen Sie die Entladungsrate f\u00fcr verschiedene Anwendungen an, um eine bessere Effizienz und Leistung zu gew\u00e4hrleisten.\n    <\/div>\n<div class=\"feature-box\">\n      <strong>Eingebauter BMS-Schutz<\/strong><br \/>\n      Sch\u00fctzt die Batterie vor \u00dcberladung, \u00dcberentladung und Kurzschl\u00fcssen.\n    <\/div>\n<div class=\"feature-box\">\n      <strong>Breiter Betriebstemperaturbereich<\/strong><br \/>\n      Funktioniert reibungslos bei Temperaturen von -20\u00b0C bis 60\u00b0C w\u00e4hrend der Entladung.\n    <\/div>\n<\/p><\/div>\n<h2>Anwendungen<\/h2>\n<ul>\n<li>Elektrische Fahrr\u00e4der<\/li>\n<li>Elektro-Roller<\/li>\n<li>Elektrisch betriebene Fahrzeuge<\/li>\n<li>Tragbare Energiespeichersysteme<\/li>\n<\/ul>\n<h2>Versand und Verpackung<\/h2>\n<p>Der Del-3610P 36V 10Ah Akku wird in Standard-Exportkartons mit Schutzschaum verpackt, um eine sichere Lieferung zu gew\u00e4hrleisten. Wir bieten den Versand per Luftfracht (DHL, UPS, FedEx) f\u00fcr kleine Bestellungen oder per Schiff f\u00fcr gr\u00f6\u00dfere Mengen.<\/p>\n<h3>Versandmethoden<\/h3>\n<ul>\n<li>Kleine Bestellungen: Versand per Luftfracht (DHL, UPS, FedEx)<\/li>\n<li>Gro\u00dfe Bestellungen: Versand auf dem Seeweg (Lieferzeit: 30-45 Tage)<\/li>\n<\/ul>","protected":false},"excerpt":{"rendered":"<p>Leistungsstarker 36V 10Ah Lithium-Ionen-Akkupack f\u00fcr Elektrofahrr\u00e4der. Lange Zykluslebensdauer, einstellbare Entladestr\u00f6me und sicherer BMS-Schutz.<\/p>","protected":false},"featured_media":2374,"comment_status":"open","ping_status":"closed","template":"","meta":{"_uag_custom_page_level_css":"","neve_meta_sidebar":"","neve_meta_container":"","neve_meta_enable_content_width":"off","neve_meta_content_width":100,"neve_meta_title_alignment":"","neve_meta_author_avatar":"","neve_post_elements_order":"","neve_meta_disable_header":"","neve_meta_disable_footer":"","neve_meta_disable_title":""},"product_brand":[],"product_cat":[53,43,55],"product_tag":[64,67,69,68,66],"class_list":{"0":"post-2372","1":"product","2":"type-product","3":"status-publish","4":"has-post-thumbnail","6":"product_cat-low-speed-electric-vehicle-battery","7":"product_cat-power-battery","8":"product_cat-scooter-battery","9":"product_tag-battery","10":"product_tag-eco","11":"product_tag-energy","12":"product_tag-green","13":"product_tag-scooter-battery","15":"first","16":"instock","17":"shipping-taxable","18":"product-type-simple"},"uagb_featured_image_src":{"full":["https:\/\/ecavix.com\/wp-content\/uploads\/2025\/07\/18650-Brand-Cells-36V10ah-Lithium-Ion-Battery-Pack-for-Ebike0-800-800.webp",550,411,false],"thumbnail":["https:\/\/ecavix.com\/wp-content\/uploads\/2025\/07\/18650-Brand-Cells-36V10ah-Lithium-Ion-Battery-Pack-for-Ebike0-800-800-150x150.webp",150,150,true],"medium":["https:\/\/ecavix.com\/wp-content\/uploads\/2025\/07\/18650-Brand-Cells-36V10ah-Lithium-Ion-Battery-Pack-for-Ebike0-800-800-300x224.webp",300,224,true],"medium_large":["https:\/\/ecavix.com\/wp-content\/uploads\/2025\/07\/18650-Brand-Cells-36V10ah-Lithium-Ion-Battery-Pack-for-Ebike0-800-800.webp",550,411,false],"large":["https:\/\/ecavix.com\/wp-content\/uploads\/2025\/07\/18650-Brand-Cells-36V10ah-Lithium-Ion-Battery-Pack-for-Ebike0-800-800.webp",550,411,false],"1536x1536":["https:\/\/ecavix.com\/wp-content\/uploads\/2025\/07\/18650-Brand-Cells-36V10ah-Lithium-Ion-Battery-Pack-for-Ebike0-800-800.webp",550,411,false],"2048x2048":["https:\/\/ecavix.com\/wp-content\/uploads\/2025\/07\/18650-Brand-Cells-36V10ah-Lithium-Ion-Battery-Pack-for-Ebike0-800-800.webp",550,411,false],"trp-custom-language-flag":["https:\/\/ecavix.com\/wp-content\/uploads\/2025\/07\/18650-Brand-Cells-36V10ah-Lithium-Ion-Battery-Pack-for-Ebike0-800-800.webp",16,12,false],"neve-blog":["https:\/\/ecavix.com\/wp-content\/uploads\/2025\/07\/18650-Brand-Cells-36V10ah-Lithium-Ion-Battery-Pack-for-Ebike0-800-800.webp",550,411,false],"woocommerce_thumbnail":["https:\/\/ecavix.com\/wp-content\/uploads\/2025\/07\/18650-Brand-Cells-36V10ah-Lithium-Ion-Battery-Pack-for-Ebike0-800-800-300x300.webp",300,300,true],"woocommerce_single":["https:\/\/ecavix.com\/wp-content\/uploads\/2025\/07\/18650-Brand-Cells-36V10ah-Lithium-Ion-Battery-Pack-for-Ebike0-800-800.webp",550,411,false],"woocommerce_gallery_thumbnail":["https:\/\/ecavix.com\/wp-content\/uploads\/2025\/07\/18650-Brand-Cells-36V10ah-Lithium-Ion-Battery-Pack-for-Ebike0-800-800-100x100.webp",100,100,true]},"uagb_author_info":{"display_name":"solvitaenergylimited@gmail.com","author_link":"https:\/\/ecavix.com\/de\/author\/"},"uagb_comment_info":0,"uagb_excerpt":"High-performance 36V 10Ah lithium-ion battery pack for electric bikes. Long cycle life, adjustable discharge currents, and safe BMS protection.","_links":{"self":[{"href":"https:\/\/ecavix.com\/de\/wp-json\/wp\/v2\/product\/2372","targetHints":{"allow":["GET"]}}],"collection":[{"href":"https:\/\/ecavix.com\/de\/wp-json\/wp\/v2\/product"}],"about":[{"href":"https:\/\/ecavix.com\/de\/wp-json\/wp\/v2\/types\/product"}],"replies":[{"embeddable":true,"href":"https:\/\/ecavix.com\/de\/wp-json\/wp\/v2\/comments?post=2372"}],"wp:featuredmedia":[{"embeddable":true,"href":"https:\/\/ecavix.com\/de\/wp-json\/wp\/v2\/media\/2374"}],"wp:attachment":[{"href":"https:\/\/ecavix.com\/de\/wp-json\/wp\/v2\/media?parent=2372"}],"wp:term":[{"taxonomy":"product_brand","embeddable":true,"href":"https:\/\/ecavix.com\/de\/wp-json\/wp\/v2\/product_brand?post=2372"},{"taxonomy":"product_cat","embeddable":true,"href":"https:\/\/ecavix.com\/de\/wp-json\/wp\/v2\/product_cat?post=2372"},{"taxonomy":"product_tag","embeddable":true,"href":"https:\/\/ecavix.com\/de\/wp-json\/wp\/v2\/product_tag?post=2372"}],"curies":[{"name":"wp","href":"https:\/\/api.w.org\/{rel}","templated":true}]}}