{"id":2357,"date":"2025-07-18T05:47:11","date_gmt":"2025-07-18T05:47:11","guid":{"rendered":"https:\/\/ecavix.com\/?post_type=product&#038;p=2357"},"modified":"2025-07-18T05:47:11","modified_gmt":"2025-07-18T05:47:11","slug":"18650-marke-zelle-10ah-36v-lithium-ionen-akku-pack-fur-ebike","status":"publish","type":"product","link":"https:\/\/ecavix.com\/de\/product\/18650-brand-cell-10ah-36v-lithium-ion-battery-pack-for-ebike\/","title":{"rendered":"18650 Marken-Zelle 10 Ah 36 V Lithium-Ionen-Akku f\u00fcr E-Bikes"},"content":{"rendered":"<br \/>\n<h1>36V 10Ah Lithium-Ionen-Akkupack f\u00fcr E-Bike (Del-36V10P)<\/h1>\n<h2>Produkt\u00fcbersicht<\/h2>\n<table>\n<tr>\n<th>Batterie-Modell<\/th>\n<td>Del-36V10P<\/td>\n<\/tr>\n<tr>\n<th>Nennspannung<\/th>\n<td>36V<\/td>\n<\/tr>\n<tr>\n<th>Nominale Kapazit\u00e4t<\/th>\n<td>10Ah<\/td>\n<\/tr>\n<tr>\n<th>Akku-Typ<\/th>\n<td>Lithium 18650 Akku-Pack<\/td>\n<\/tr>\n<tr>\n<th>Akku-Konfiguration<\/th>\n<td>10S5P<\/td>\n<\/tr>\n<tr>\n<th>Batteriegr\u00f6\u00dfe<\/th>\n<td>495 x 70 x 38 mm<\/td>\n<\/tr>\n<tr>\n<th>Gewicht<\/th>\n<td>Ca. 2,5 kg<\/td>\n<\/tr>\n<tr>\n<th>Standard-Ladespannung<\/th>\n<td>42V\u00b10,05V<\/td>\n<\/tr>\n<tr>\n<th>Standard-Entladespannung<\/th>\n<td>30\u00b10.05V<\/td>\n<\/tr>\n<tr>\n<th>Impedanz<\/th>\n<td>\u2264 150 m\u03a9<\/td>\n<\/tr>\n<tr>\n<th>Ladung Strom<\/th>\n<td>Nennwert: 0,5C, Max: 5Ah (einstellbar)<\/td>\n<\/tr>\n<tr>\n<th>Entladungsstrom<\/th>\n<td>Nennwert: 10Ah, Max: 15Ah (einstellbar)<\/td>\n<\/tr>\n<tr>\n<th>Impuls-Entladestrom<\/th>\n<td>\u2264 35A (einstellbar)<\/td>\n<\/tr>\n<tr>\n<th>Ladung Endstrom<\/th>\n<td>0.01C<\/td>\n<\/tr>\n<tr>\n<th>Betriebstemperatur (Ladung)<\/th>\n<td>0~45\u00baC<\/td>\n<\/tr>\n<tr>\n<th>Betriebstemperatur (Entladung)<\/th>\n<td>-20~60\u00baC<\/td>\n<\/tr>\n<tr>\n<th>Lagertemperatur<\/th>\n<td>-20~25\u00baC (weniger als 1 Jahr), -20~40\u00baC (weniger als 3 Monate)<\/td>\n<\/tr>\n<tr>\n<th>Zyklus Leben<\/th>\n<td>1000 Zyklen<\/td>\n<\/tr>\n<\/table>\n<h2>Wesentliche Merkmale<\/h2>\n<div class=\"features-grid\">\n<div class=\"feature-box\">\n      <strong>Lange Zyklusdauer<\/strong><br \/>\n      1000 Lade-\/Entladezyklen, die eine lang anhaltende Leistung gew\u00e4hrleisten.\n    <\/div>\n<div class=\"feature-box\">\n      <strong>Hohe Leistung<\/strong><br \/>\n      Nominale Lade- und Entladeraten liefern zuverl\u00e4ssige Energie f\u00fcr E-Bikes.\n    <\/div>\n<div class=\"feature-box\">\n      <strong>Einstellbarer Lade- und Entladestrom<\/strong><br \/>\n      Passen Sie die Lade-\/Entladeraten an Ihre speziellen Bed\u00fcrfnisse an.\n    <\/div>\n<div class=\"feature-box\">\n      <strong>Sicher &amp; Zuverl\u00e4ssig<\/strong><br \/>\n      BMS mit \u00dcberladungs-, \u00dcberentladungs- und Kurzschlussschutz sorgt f\u00fcr Sicherheit.\n    <\/div>\n<div class=\"feature-box\">\n      <strong>Breite Betriebstemperatur<\/strong><br \/>\n      Ladung und Entladung in einem weiten Temperaturbereich von -20\u00b0C bis 60\u00b0C.\n    <\/div>\n<div class=\"feature-box\">\n      <strong>Kompakt und leicht<\/strong><br \/>\n      Nur 2,5 kg, kompaktes Design macht es einfach, in verschiedene E-Bikes zu integrieren.\n    <\/div>\n<\/p><\/div>\n<h2>Anwendungen<\/h2>\n<ul>\n<li>E-Bikes<\/li>\n<li>Elektro-Roller<\/li>\n<li>Elektrofahrzeuge (EVs)<\/li>\n<li>Ferngesteuerte Fahrzeuge<\/li>\n<\/ul>\n<h2>Vorteile<\/h2>\n<ul>\n<li>Zertifiziert mit CE, RoHS, MSDS, UN38.3 und FCC f\u00fcr Sicherheit und Konformit\u00e4t.<\/li>\n<li>Bietet hervorragende Leistung mit anpassbaren Lade-\/Entladeraten.<\/li>\n<li>Langlebige Haltbarkeit mit 1000 Ladezyklen.<\/li>\n<li>Einstellbarer Impulsentladestrom, ideal f\u00fcr Hochleistungsanwendungen.<\/li>\n<li>Kompaktes Design f\u00fcr die einfache Integration in eine Vielzahl von E-Bike-Modellen.<\/li>\n<\/ul>\n<h2>Verpackung und Versand<\/h2>\n<p>Der 36V 10Ah Lithium-Ionen-Akku ist in einem Standard-Exportkarton mit Schaumstoffschutz verpackt, um einen sicheren Transport zu gew\u00e4hrleisten. Alle Produkte werden vor der Auslieferung einer QC-Pr\u00fcfung unterzogen.<\/p>\n<h3>Versandmethoden<\/h3>\n<ul>\n<li>Kleine Bestellungen: Versand per Luftfracht (DHL, FedEx, UPS)<\/li>\n<li>Gro\u00dfe Bestellungen: Versand auf dem Seeweg (Lieferzeit: 30-45 Tage)<\/li>\n<\/ul>","protected":false},"excerpt":{"rendered":"<p>36V 10Ah wiederaufladbarer Lithium-Ionen-Akku f\u00fcr E-Bikes, mit hoher Leistung, langer Lebensdauer und sicherem Betrieb mit CE-, RoHS- und FCC-Zertifizierung.<\/p>","protected":false},"featured_media":2359,"comment_status":"open","ping_status":"closed","template":"","meta":{"_uag_custom_page_level_css":"","neve_meta_sidebar":"","neve_meta_container":"","neve_meta_enable_content_width":"off","neve_meta_content_width":100,"neve_meta_title_alignment":"","neve_meta_author_avatar":"","neve_post_elements_order":"","neve_meta_disable_header":"","neve_meta_disable_footer":"","neve_meta_disable_title":""},"product_brand":[],"product_cat":[53,43,55],"product_tag":[],"class_list":{"0":"post-2357","1":"product","2":"type-product","3":"status-publish","4":"has-post-thumbnail","6":"product_cat-low-speed-electric-vehicle-battery","7":"product_cat-power-battery","8":"product_cat-scooter-battery","10":"first","11":"instock","12":"shipping-taxable","13":"product-type-simple"},"uagb_featured_image_src":{"full":["https:\/\/ecavix.com\/wp-content\/uploads\/2025\/07\/18650-Brand-Cell-10ah-36V-Lithium-Ion-Battery-Pack-for-Ebike1-800-800.webp",550,550,false],"thumbnail":["https:\/\/ecavix.com\/wp-content\/uploads\/2025\/07\/18650-Brand-Cell-10ah-36V-Lithium-Ion-Battery-Pack-for-Ebike1-800-800-150x150.webp",150,150,true],"medium":["https:\/\/ecavix.com\/wp-content\/uploads\/2025\/07\/18650-Brand-Cell-10ah-36V-Lithium-Ion-Battery-Pack-for-Ebike1-800-800-300x300.webp",300,300,true],"medium_large":["https:\/\/ecavix.com\/wp-content\/uploads\/2025\/07\/18650-Brand-Cell-10ah-36V-Lithium-Ion-Battery-Pack-for-Ebike1-800-800.webp",550,550,false],"large":["https:\/\/ecavix.com\/wp-content\/uploads\/2025\/07\/18650-Brand-Cell-10ah-36V-Lithium-Ion-Battery-Pack-for-Ebike1-800-800.webp",550,550,false],"1536x1536":["https:\/\/ecavix.com\/wp-content\/uploads\/2025\/07\/18650-Brand-Cell-10ah-36V-Lithium-Ion-Battery-Pack-for-Ebike1-800-800.webp",550,550,false],"2048x2048":["https:\/\/ecavix.com\/wp-content\/uploads\/2025\/07\/18650-Brand-Cell-10ah-36V-Lithium-Ion-Battery-Pack-for-Ebike1-800-800.webp",550,550,false],"trp-custom-language-flag":["https:\/\/ecavix.com\/wp-content\/uploads\/2025\/07\/18650-Brand-Cell-10ah-36V-Lithium-Ion-Battery-Pack-for-Ebike1-800-800.webp",12,12,false],"neve-blog":["https:\/\/ecavix.com\/wp-content\/uploads\/2025\/07\/18650-Brand-Cell-10ah-36V-Lithium-Ion-Battery-Pack-for-Ebike1-800-800.webp",550,550,false],"woocommerce_thumbnail":["https:\/\/ecavix.com\/wp-content\/uploads\/2025\/07\/18650-Brand-Cell-10ah-36V-Lithium-Ion-Battery-Pack-for-Ebike1-800-800-300x300.webp",300,300,true],"woocommerce_single":["https:\/\/ecavix.com\/wp-content\/uploads\/2025\/07\/18650-Brand-Cell-10ah-36V-Lithium-Ion-Battery-Pack-for-Ebike1-800-800.webp",550,550,false],"woocommerce_gallery_thumbnail":["https:\/\/ecavix.com\/wp-content\/uploads\/2025\/07\/18650-Brand-Cell-10ah-36V-Lithium-Ion-Battery-Pack-for-Ebike1-800-800-100x100.webp",100,100,true]},"uagb_author_info":{"display_name":"solvitaenergylimited@gmail.com","author_link":"https:\/\/ecavix.com\/de\/author\/"},"uagb_comment_info":0,"uagb_excerpt":"36V 10Ah rechargeable lithium-ion battery pack designed for e-bikes, featuring high performance, long cycle life, and safe operation with CE, RoHS, and FCC certifications.","_links":{"self":[{"href":"https:\/\/ecavix.com\/de\/wp-json\/wp\/v2\/product\/2357","targetHints":{"allow":["GET"]}}],"collection":[{"href":"https:\/\/ecavix.com\/de\/wp-json\/wp\/v2\/product"}],"about":[{"href":"https:\/\/ecavix.com\/de\/wp-json\/wp\/v2\/types\/product"}],"replies":[{"embeddable":true,"href":"https:\/\/ecavix.com\/de\/wp-json\/wp\/v2\/comments?post=2357"}],"wp:featuredmedia":[{"embeddable":true,"href":"https:\/\/ecavix.com\/de\/wp-json\/wp\/v2\/media\/2359"}],"wp:attachment":[{"href":"https:\/\/ecavix.com\/de\/wp-json\/wp\/v2\/media?parent=2357"}],"wp:term":[{"taxonomy":"product_brand","embeddable":true,"href":"https:\/\/ecavix.com\/de\/wp-json\/wp\/v2\/product_brand?post=2357"},{"taxonomy":"product_cat","embeddable":true,"href":"https:\/\/ecavix.com\/de\/wp-json\/wp\/v2\/product_cat?post=2357"},{"taxonomy":"product_tag","embeddable":true,"href":"https:\/\/ecavix.com\/de\/wp-json\/wp\/v2\/product_tag?post=2357"}],"curies":[{"name":"wp","href":"https:\/\/api.w.org\/{rel}","templated":true}]}}