{"id":2350,"date":"2025-07-18T05:43:33","date_gmt":"2025-07-18T05:43:33","guid":{"rendered":"https:\/\/ecavix.com\/?post_type=product&#038;p=2350"},"modified":"2025-07-18T06:28:03","modified_gmt":"2025-07-18T06:28:03","slug":"36v-15ah-lithium-ionen-akku-fur-e-bike-fahrrader","status":"publish","type":"product","link":"https:\/\/ecavix.com\/de\/product\/36v-15ah-lithium-ion-battery-for-ebike-bicycles\/","title":{"rendered":"36V 15ah Lithium-Ionen-Akku f\u00fcr Ebike Fahrr\u00e4der"},"content":{"rendered":"<br \/>\n<h1>36V 15Ah Lithium-Ionen-Akku f\u00fcr Ebike-Fahrr\u00e4der (DL-3615-106P)<\/h1>\n<h2>Produkt\u00fcbersicht<\/h2>\n<table>\n<tr>\n<th>Batterie-Modell<\/th>\n<td>DL-3615-106P<\/td>\n<\/tr>\n<tr>\n<th>Nennspannung<\/th>\n<td>36V<\/td>\n<\/tr>\n<tr>\n<th>Nominale Kapazit\u00e4t<\/th>\n<td>15Ah<\/td>\n<\/tr>\n<tr>\n<th>Akku-Typ<\/th>\n<td>Lithium 18650 Akku-Pack<\/td>\n<\/tr>\n<tr>\n<th>Akku-Konfiguration<\/th>\n<td>10S6P<\/td>\n<\/tr>\n<tr>\n<th>Batteriegr\u00f6\u00dfe<\/th>\n<td>290 x 120 x 70 mm oder OEM<\/td>\n<\/tr>\n<tr>\n<th>Gewicht<\/th>\n<td>Ca. 3,0 kg<\/td>\n<\/tr>\n<tr>\n<th>Ladestrom<\/th>\n<td>42V 3A (schnell), 42V 2A (langsam)<\/td>\n<\/tr>\n<tr>\n<th>Entladungsstrom<\/th>\n<td>15Ah<\/td>\n<\/tr>\n<tr>\n<th>Schutz vor \u00dcberspannung<\/th>\n<td>39V<\/td>\n<\/tr>\n<tr>\n<th>Betriebstemperatur (Ladung)<\/th>\n<td>0\u00b0C bis 50\u00b0C<\/td>\n<\/tr>\n<tr>\n<th>Betriebstemperatur (Entladung)<\/th>\n<td>-20\u00b0C bis 60\u00b0C<\/td>\n<\/tr>\n<tr>\n<th>Lebenszyklus<\/th>\n<td>500 Zyklen<\/td>\n<\/tr>\n<tr>\n<th>Garantie<\/th>\n<td>1 Jahr<\/td>\n<\/tr>\n<\/table>\n<h2>Wesentliche Merkmale<\/h2>\n<div class=\"features-grid\">\n<div class=\"feature-box\">\n      <strong>Hohe Energiedichte<\/strong><br \/>\n      Hohe Leistung und Effizienz, ideal f\u00fcr E-Bikes und Elektrofahrzeuge.\n    <\/div>\n<div class=\"feature-box\">\n      <strong>Lange Zyklusdauer<\/strong><br \/>\n      500 Lade-\/Entladezyklen, die eine lang anhaltende Leistung gew\u00e4hrleisten.\n    <\/div>\n<div class=\"feature-box\">\n      <strong>Schnelles Aufladen<\/strong><br \/>\n      Schnellladef\u00e4higkeit mit 42V 3A-Ladeger\u00e4t (optionales 42V 2A-Ladeger\u00e4t f\u00fcr langsameres Laden).\n    <\/div>\n<div class=\"feature-box\">\n      <strong>Schutzfunktionen<\/strong><br \/>\n      Eingebautes BMS mit \u00dcberladungs-, \u00dcberentladungs- und Kurzschlussschutz.\n    <\/div>\n<div class=\"feature-box\">\n      <strong>Umweltfreundlich<\/strong><br \/>\n      Sichere, ungiftige Materialien gew\u00e4hrleisten eine umweltfreundliche L\u00f6sung.\n    <\/div>\n<div class=\"feature-box\">\n      <strong>Anpassbare Abmessungen<\/strong><br \/>\n      Erh\u00e4ltlich in Standardgr\u00f6\u00dfe (290 x 120 x 70 mm) oder in kundenspezifischen OEM-Gr\u00f6\u00dfen.\n    <\/div>\n<\/p><\/div>\n<h2>Anwendungen<\/h2>\n<ul>\n<li>Elektrofahrr\u00e4der (E-Bikes)<\/li>\n<li>Elektrofahrzeuge (EVs)<\/li>\n<li>Ferngesteuerte Autos<\/li>\n<li>Andere L\u00f6sungen f\u00fcr Elektromobilit\u00e4t<\/li>\n<\/ul>\n<h2>Vorteile<\/h2>\n<ul>\n<li>Zertifiziert durch CE, RoHS, FCC und MSDS zur Qualit\u00e4tssicherung.<\/li>\n<li>Hohe Kapazit\u00e4t und lange Lebensdauer mit einem zuverl\u00e4ssigen BMS f\u00fcr zus\u00e4tzliche Sicherheit.<\/li>\n<li>Ideal f\u00fcr den Einsatz in einer Vielzahl von elektrischen Transportl\u00f6sungen.<\/li>\n<li>Kompakt und leicht f\u00fcr die einfache Integration in verschiedene Anwendungen.<\/li>\n<li>Anpassbare Verpackungen und OEM-Optionen f\u00fcr Gro\u00dfbestellungen verf\u00fcgbar.<\/li>\n<\/ul>\n<h2>Verpackung und Versand<\/h2>\n<p>Der 36V 15Ah Lithium-Ionen-Akku wird in einer blauen PVC-Schrumpfverpackung mit Schaumstoffschutz in einem Standard-Exportkarton geliefert. Wir gew\u00e4hrleisten einen sicheren Transport f\u00fcr alle unsere Produkte.<\/p>\n<h3>Versandmethoden<\/h3>\n<ul>\n<li>Kleine Bestellungen: Versand per Luftfracht (DHL, FedEx, UPS)<\/li>\n<li>Gro\u00dfe Bestellungen: Versand auf dem Seeweg (Lieferzeit: 30-45 Tage)<\/li>\n<\/ul>","protected":false},"excerpt":{"rendered":"<p>36V 15Ah wiederaufladbarer Lithium-Ionen-Akku f\u00fcr E-Bikes und Elektrofahrzeuge, mit hoher Kapazit\u00e4t und langer Lebensdauer. Erh\u00e4ltlich mit CE-, RoHS-, FCC- und MSDS-Zertifizierungen.<\/p>","protected":false},"featured_media":2354,"comment_status":"open","ping_status":"closed","template":"","meta":{"_uag_custom_page_level_css":"","neve_meta_sidebar":"","neve_meta_container":"","neve_meta_enable_content_width":"off","neve_meta_content_width":100,"neve_meta_title_alignment":"","neve_meta_author_avatar":"","neve_post_elements_order":"","neve_meta_disable_header":"","neve_meta_disable_footer":"","neve_meta_disable_title":""},"product_brand":[],"product_cat":[47,45,53,43,55],"product_tag":[],"class_list":{"0":"post-2350","1":"product","2":"type-product","3":"status-publish","4":"has-post-thumbnail","6":"product_cat-36v-e-bike-battery","7":"product_cat-e-bike-battery","8":"product_cat-low-speed-electric-vehicle-battery","9":"product_cat-power-battery","10":"product_cat-scooter-battery","12":"first","13":"instock","14":"shipping-taxable","15":"product-type-simple"},"uagb_featured_image_src":{"full":["https:\/\/ecavix.com\/wp-content\/uploads\/2025\/07\/36V-15ah-Lithium-Ion-Battery-for-Ebike-Bicycles4-800-800.webp",332,550,false],"thumbnail":["https:\/\/ecavix.com\/wp-content\/uploads\/2025\/07\/36V-15ah-Lithium-Ion-Battery-for-Ebike-Bicycles4-800-800-150x150.webp",150,150,true],"medium":["https:\/\/ecavix.com\/wp-content\/uploads\/2025\/07\/36V-15ah-Lithium-Ion-Battery-for-Ebike-Bicycles4-800-800-181x300.webp",181,300,true],"medium_large":["https:\/\/ecavix.com\/wp-content\/uploads\/2025\/07\/36V-15ah-Lithium-Ion-Battery-for-Ebike-Bicycles4-800-800.webp",332,550,false],"large":["https:\/\/ecavix.com\/wp-content\/uploads\/2025\/07\/36V-15ah-Lithium-Ion-Battery-for-Ebike-Bicycles4-800-800.webp",332,550,false],"1536x1536":["https:\/\/ecavix.com\/wp-content\/uploads\/2025\/07\/36V-15ah-Lithium-Ion-Battery-for-Ebike-Bicycles4-800-800.webp",332,550,false],"2048x2048":["https:\/\/ecavix.com\/wp-content\/uploads\/2025\/07\/36V-15ah-Lithium-Ion-Battery-for-Ebike-Bicycles4-800-800.webp",332,550,false],"trp-custom-language-flag":["https:\/\/ecavix.com\/wp-content\/uploads\/2025\/07\/36V-15ah-Lithium-Ion-Battery-for-Ebike-Bicycles4-800-800.webp",7,12,false],"neve-blog":["https:\/\/ecavix.com\/wp-content\/uploads\/2025\/07\/36V-15ah-Lithium-Ion-Battery-for-Ebike-Bicycles4-800-800.webp",332,550,false],"woocommerce_thumbnail":["https:\/\/ecavix.com\/wp-content\/uploads\/2025\/07\/36V-15ah-Lithium-Ion-Battery-for-Ebike-Bicycles4-800-800-300x300.webp",300,300,true],"woocommerce_single":["https:\/\/ecavix.com\/wp-content\/uploads\/2025\/07\/36V-15ah-Lithium-Ion-Battery-for-Ebike-Bicycles4-800-800.webp",332,550,false],"woocommerce_gallery_thumbnail":["https:\/\/ecavix.com\/wp-content\/uploads\/2025\/07\/36V-15ah-Lithium-Ion-Battery-for-Ebike-Bicycles4-800-800-100x100.webp",100,100,true]},"uagb_author_info":{"display_name":"solvitaenergylimited@gmail.com","author_link":"https:\/\/ecavix.com\/de\/author\/"},"uagb_comment_info":0,"uagb_excerpt":"36V 15Ah rechargeable lithium-ion battery pack for ebikes and electric vehicles, featuring high capacity and long lifespan. Available with CE, RoHS, FCC, and MSDS certifications.","_links":{"self":[{"href":"https:\/\/ecavix.com\/de\/wp-json\/wp\/v2\/product\/2350","targetHints":{"allow":["GET"]}}],"collection":[{"href":"https:\/\/ecavix.com\/de\/wp-json\/wp\/v2\/product"}],"about":[{"href":"https:\/\/ecavix.com\/de\/wp-json\/wp\/v2\/types\/product"}],"replies":[{"embeddable":true,"href":"https:\/\/ecavix.com\/de\/wp-json\/wp\/v2\/comments?post=2350"}],"wp:featuredmedia":[{"embeddable":true,"href":"https:\/\/ecavix.com\/de\/wp-json\/wp\/v2\/media\/2354"}],"wp:attachment":[{"href":"https:\/\/ecavix.com\/de\/wp-json\/wp\/v2\/media?parent=2350"}],"wp:term":[{"taxonomy":"product_brand","embeddable":true,"href":"https:\/\/ecavix.com\/de\/wp-json\/wp\/v2\/product_brand?post=2350"},{"taxonomy":"product_cat","embeddable":true,"href":"https:\/\/ecavix.com\/de\/wp-json\/wp\/v2\/product_cat?post=2350"},{"taxonomy":"product_tag","embeddable":true,"href":"https:\/\/ecavix.com\/de\/wp-json\/wp\/v2\/product_tag?post=2350"}],"curies":[{"name":"wp","href":"https:\/\/api.w.org\/{rel}","templated":true}]}}