{"id":2340,"date":"2025-07-18T03:43:36","date_gmt":"2025-07-18T03:43:36","guid":{"rendered":"https:\/\/ecavix.com\/?post_type=product&#038;p=2340"},"modified":"2025-07-18T03:43:36","modified_gmt":"2025-07-18T03:43:36","slug":"lithium-ionen-akkus-12v-20ah-30ah-40ah-18650-lithium-ionen-akku-pack-fur-roller-und-e-bike","status":"publish","type":"product","link":"https:\/\/ecavix.com\/de\/product\/li-ion-batteries-12v-20ah-30ah-40ah-18650-lithium-ion-battery-pack-for-scooter-ebike\/","title":{"rendered":"Li-Ionen-Akkus 12 V, 20 Ah, 30 Ah, 40 Ah, 18650 Lithium-Ionen-Akku f\u00fcr Roller und E-Bikes"},"content":{"rendered":"<h1>12V 20Ah Lithium-Ionen-Akkupack (DL-1220)<\/h1>\n<h2>Produkt\u00fcbersicht<\/h2>\n<table>\n<tr>\n<th>Nennspannung<\/th>\n<td>12V<\/td>\n<\/tr>\n<tr>\n<th>Nominale Kapazit\u00e4t<\/th>\n<td>20Ah<\/td>\n<\/tr>\n<tr>\n<th>Eingangsspannung<\/th>\n<td>12.6V<\/td>\n<\/tr>\n<tr>\n<th>Ausgangsspannung<\/th>\n<td>9V - 12,6V<\/td>\n<\/tr>\n<tr>\n<th>Abmessungen<\/th>\n<td>145mm x 85mm x 70mm (anpassbar)<\/td>\n<\/tr>\n<tr>\n<th>Max. kontinuierlicher Ladestrom<\/th>\n<td>20A - 40A<\/td>\n<\/tr>\n<tr>\n<th>Max. Entladestrom<\/th>\n<td>60A<\/td>\n<\/tr>\n<tr>\n<th>Ladung Strom<\/th>\n<td>4A<\/td>\n<\/tr>\n<tr>\n<th>Ladezeit<\/th>\n<td>Etwa 6 Stunden<\/td>\n<\/tr>\n<tr>\n<th>Betriebstemperatur<\/th>\n<td>Aufladen: -20\u00baC ~ 45\u00baC, Entladen: -30\u00baC ~ 55\u00baC<\/td>\n<\/tr>\n<tr>\n<th>Zyklus Leben<\/th>\n<td>\u00dcber 500 Zyklen<\/td>\n<\/tr>\n<tr>\n<th>Gewicht<\/th>\n<td>1,5 kg (ca.)<\/td>\n<\/tr>\n<\/table>\n<h2>Wesentliche Merkmale<\/h2>\n<div class=\"features-grid\">\n<div class=\"feature-box\">\n      <strong>Langer Lebenszyklus und hohe Kapazit\u00e4t<\/strong><br \/>\n      Bietet eine lange Lebensdauer und eine hohe Kapazit\u00e4t f\u00fcr den harten Einsatz.\n    <\/div>\n<div class=\"feature-box\">\n      <strong>Leistung bei niedrigen Temperaturen<\/strong><br \/>\n      Ausgezeichnete Entladeleistung auch bei niedrigen Temperaturen.\n    <\/div>\n<div class=\"feature-box\">\n      <strong>Schnelles Aufladen<\/strong><br \/>\n      Hohe Ladeakzeptanz und Schnellladef\u00e4higkeit.\n    <\/div>\n<div class=\"feature-box\">\n      <strong>Wartungsfrei<\/strong><br \/>\n      W\u00e4hrend des Gebrauchs ist keine S\u00e4ure- oder Wasserpflege erforderlich.\n    <\/div>\n<div class=\"feature-box\">\n      <strong>Hervorragende Entladungsleistung<\/strong><br \/>\n      Hervorragende Hochstromentladung, ideal f\u00fcr Starts und Kletterpartien.\n    <\/div>\n<div class=\"feature-box\">\n      <strong>Sicher und umweltfreundlich<\/strong><br \/>\n      Es besteht keine Explosions- oder Brandgefahr, und es ist umweltfreundlich.\n    <\/div>\n<\/p><\/div>\n<h2>Anwendungen<\/h2>\n<h3>Elektrisch angetriebene Anwendungen<\/h3>\n<ul>\n<li>Motor-Startbatterien<\/li>\n<li>Kommerzieller Bus- und Transitverkehr<\/li>\n<li>E-Bikes, E-Scooter, Golf Carts und mehr<\/li>\n<li>Elektrokarren, Kehrmaschinen und Bodenreiniger<\/li>\n<li>Intellektuelle Roboter<\/li>\n<li>Elektrowerkzeuge (elektrische Bohrmaschinen, Spielzeug usw.)<\/li>\n<\/ul>\n<h3>Energiespeicherung<\/h3>\n<ul>\n<li>Solar-Windkraftanlagen<\/li>\n<li>Stadtnetz (ein\/aus)<\/li>\n<\/ul>\n<h3>Back-up-Systeme und UPS<\/h3>\n<ul>\n<li>Telekommunikationssockel, CATV-Systeme, medizinische Ger\u00e4te<\/li>\n<li>Milit\u00e4rische Ausr\u00fcstung, Server-Zentren<\/li>\n<\/ul>\n<h3>Andere Anwendungen<\/h3>\n<ul>\n<li>Sicherheit und Elektronik<\/li>\n<li>Mobile POS, Bergbauleuchten, LED-Notleuchten<\/li>\n<\/ul>\n<h2>Warum sollten Sie sich f\u00fcr unser 12V-Lithium-Ionen-Akkupaket entscheiden?<\/h2>\n<ul>\n<li>Schnelle Ladef\u00e4higkeit und geringe Selbstentladung<\/li>\n<li>Mehr als 500 Lade-\/Entladezyklen f\u00fcr lange Haltbarkeit<\/li>\n<li>Breiter Temperaturbereich f\u00fcr zuverl\u00e4ssige Leistung<\/li>\n<li>Sicheres, umweltfreundliches Design ohne Brand- und Explosionsgefahr<\/li>\n<li>Erh\u00e4ltlich in anpassbaren Gr\u00f6\u00dfen und Konfigurationen<\/li>\n<\/ul>\n<h2>Verpackung und Versand<\/h2>\n<p>Das 12V 20Ah Lithium-Ionen-Akkupack ist in einem Exportkarton verpackt. Wir bieten zuverl\u00e4ssige Versandmethoden je nach Auftragsgr\u00f6\u00dfe und Dringlichkeit.<\/p>\n<h3>Versandmethoden<\/h3>\n<ul>\n<li>Kleine Bestellungen: Versand per Luftfracht (DHL, FedEx, UPS)<\/li>\n<li>Gro\u00dfauftr\u00e4ge: Versand auf dem Seeweg (gesch\u00e4tzte Lieferzeit: 30-45 Tage)<\/li>\n<\/ul>","protected":false},"excerpt":{"rendered":"<p>12V 20Ah wiederaufladbarer Lithium-Ionen-Akku, entwickelt f\u00fcr Solarsysteme, ferngesteuerte Boote und verschiedene Elektrofahrzeuge mit langer Lebensdauer, ausgezeichneter Entladeleistung und Umweltfreundlichkeit.<\/p>","protected":false},"featured_media":2296,"comment_status":"open","ping_status":"closed","template":"","meta":{"_uag_custom_page_level_css":"","neve_meta_sidebar":"","neve_meta_container":"","neve_meta_enable_content_width":"off","neve_meta_content_width":100,"neve_meta_title_alignment":"","neve_meta_author_avatar":"","neve_post_elements_order":"","neve_meta_disable_header":"","neve_meta_disable_footer":"","neve_meta_disable_title":""},"product_brand":[],"product_cat":[53,43,55],"product_tag":[],"class_list":{"0":"post-2340","1":"product","2":"type-product","3":"status-publish","4":"has-post-thumbnail","6":"product_cat-low-speed-electric-vehicle-battery","7":"product_cat-power-battery","8":"product_cat-scooter-battery","10":"first","11":"instock","12":"shipping-taxable","13":"product-type-simple"},"uagb_featured_image_src":{"full":["https:\/\/ecavix.com\/wp-content\/uploads\/2025\/07\/Rechargeable-Electric-Bike-Battery-12V-24ah0-800-800.webp",550,550,false],"thumbnail":["https:\/\/ecavix.com\/wp-content\/uploads\/2025\/07\/Rechargeable-Electric-Bike-Battery-12V-24ah0-800-800-150x150.webp",150,150,true],"medium":["https:\/\/ecavix.com\/wp-content\/uploads\/2025\/07\/Rechargeable-Electric-Bike-Battery-12V-24ah0-800-800-300x300.webp",300,300,true],"medium_large":["https:\/\/ecavix.com\/wp-content\/uploads\/2025\/07\/Rechargeable-Electric-Bike-Battery-12V-24ah0-800-800.webp",550,550,false],"large":["https:\/\/ecavix.com\/wp-content\/uploads\/2025\/07\/Rechargeable-Electric-Bike-Battery-12V-24ah0-800-800.webp",550,550,false],"1536x1536":["https:\/\/ecavix.com\/wp-content\/uploads\/2025\/07\/Rechargeable-Electric-Bike-Battery-12V-24ah0-800-800.webp",550,550,false],"2048x2048":["https:\/\/ecavix.com\/wp-content\/uploads\/2025\/07\/Rechargeable-Electric-Bike-Battery-12V-24ah0-800-800.webp",550,550,false],"trp-custom-language-flag":["https:\/\/ecavix.com\/wp-content\/uploads\/2025\/07\/Rechargeable-Electric-Bike-Battery-12V-24ah0-800-800.webp",12,12,false],"neve-blog":["https:\/\/ecavix.com\/wp-content\/uploads\/2025\/07\/Rechargeable-Electric-Bike-Battery-12V-24ah0-800-800.webp",550,550,false],"woocommerce_thumbnail":["https:\/\/ecavix.com\/wp-content\/uploads\/2025\/07\/Rechargeable-Electric-Bike-Battery-12V-24ah0-800-800-300x300.webp",300,300,true],"woocommerce_single":["https:\/\/ecavix.com\/wp-content\/uploads\/2025\/07\/Rechargeable-Electric-Bike-Battery-12V-24ah0-800-800.webp",550,550,false],"woocommerce_gallery_thumbnail":["https:\/\/ecavix.com\/wp-content\/uploads\/2025\/07\/Rechargeable-Electric-Bike-Battery-12V-24ah0-800-800-100x100.webp",100,100,true]},"uagb_author_info":{"display_name":"solvitaenergylimited@gmail.com","author_link":"https:\/\/ecavix.com\/de\/author\/"},"uagb_comment_info":0,"uagb_excerpt":"12V 20Ah rechargeable lithium-ion battery pack, designed for solar systems, remote control boats, and various electric vehicles with long cycle life, excellent discharge performance, and environmental benefits.","_links":{"self":[{"href":"https:\/\/ecavix.com\/de\/wp-json\/wp\/v2\/product\/2340","targetHints":{"allow":["GET"]}}],"collection":[{"href":"https:\/\/ecavix.com\/de\/wp-json\/wp\/v2\/product"}],"about":[{"href":"https:\/\/ecavix.com\/de\/wp-json\/wp\/v2\/types\/product"}],"replies":[{"embeddable":true,"href":"https:\/\/ecavix.com\/de\/wp-json\/wp\/v2\/comments?post=2340"}],"wp:featuredmedia":[{"embeddable":true,"href":"https:\/\/ecavix.com\/de\/wp-json\/wp\/v2\/media\/2296"}],"wp:attachment":[{"href":"https:\/\/ecavix.com\/de\/wp-json\/wp\/v2\/media?parent=2340"}],"wp:term":[{"taxonomy":"product_brand","embeddable":true,"href":"https:\/\/ecavix.com\/de\/wp-json\/wp\/v2\/product_brand?post=2340"},{"taxonomy":"product_cat","embeddable":true,"href":"https:\/\/ecavix.com\/de\/wp-json\/wp\/v2\/product_cat?post=2340"},{"taxonomy":"product_tag","embeddable":true,"href":"https:\/\/ecavix.com\/de\/wp-json\/wp\/v2\/product_tag?post=2340"}],"curies":[{"name":"wp","href":"https:\/\/api.w.org\/{rel}","templated":true}]}}