{"id":2330,"date":"2025-07-18T03:32:29","date_gmt":"2025-07-18T03:32:29","guid":{"rendered":"https:\/\/ecavix.com\/?post_type=product&#038;p=2330"},"modified":"2025-07-18T03:32:29","modified_gmt":"2025-07-18T03:32:29","slug":"masgefertigter-lithium-ionen-akku-mit-12-v-und-4-ah-fur-elektroroller","status":"publish","type":"product","link":"https:\/\/ecavix.com\/de\/product\/custom-lithium-ion-12v-4ah-battery-pack-for-electric-scooter-battery\/","title":{"rendered":"Ma\u00dfgeschneiderter Lithium-Ionen-Akku mit 12 V und 4 Ah f\u00fcr Elektroroller"},"content":{"rendered":"<h1>Kundenspezifischer 12-V-4-Ah-Lithium-Ionen-Akku (DL-1204)<\/h1>\n<h2>Produkt\u00fcbersicht<\/h2>\n<table>\n<tr>\n<th>Nennspannung<\/th>\n<td>12 V (oder benutzerdefiniert)<\/td>\n<\/tr>\n<tr>\n<th>Nominale Kapazit\u00e4t<\/th>\n<td>4 Ah (oder kundenspezifisch)<\/td>\n<\/tr>\n<tr>\n<th>Max. Entladestrom<\/th>\n<td>3C<\/td>\n<\/tr>\n<tr>\n<th>Standard-Ladestrom<\/th>\n<td>0,2 \u00b0C<\/td>\n<\/tr>\n<tr>\n<th>Schnell-Ladestrom<\/th>\n<td>0.5C<\/td>\n<\/tr>\n<tr>\n<th>Ladung Spannung<\/th>\n<td>13,6 V<\/td>\n<\/tr>\n<tr>\n<th>Entladungs-Betriebstemperatur<\/th>\n<td>-20\u00baC ~ +60\u00baC<\/td>\n<\/tr>\n<tr>\n<th>Lade-Betriebstemperatur<\/th>\n<td>0 \u00b0C bis 45 \u00b0C<\/td>\n<\/tr>\n<tr>\n<th>Zyklus Leben<\/th>\n<td>\u00dcber 500 Zyklen<\/td>\n<\/tr>\n<tr>\n<th>Gewicht<\/th>\n<td>Etwa 3 kg<\/td>\n<\/tr>\n<\/table>\n<h2>Wesentliche Merkmale<\/h2>\n<div class=\"features-grid\">\n<div class=\"feature-box\">\n      <strong>Hohe Entladungsrate<\/strong><br \/>\n      Kann mit bis zu 3C entladen werden, ideal f\u00fcr Ger\u00e4te mit hoher Leistungsaufnahme.\n    <\/div>\n<div class=\"feature-box\">\n      <strong>Lange Zyklusdauer<\/strong><br \/>\n      Mit \u00fcber 500 Ladezyklen h\u00e4lt dieser Akku l\u00e4nger und bietet einen h\u00f6heren Mehrwert.\n    <\/div>\n<div class=\"feature-box\">\n      <strong>Temperaturflexibilit\u00e4t<\/strong><br \/>\n      Funktioniert in einem breiten Temperaturbereich: Entladung (-20 \u00b0C bis +60 \u00b0C), Ladung (0 \u00b0C bis 45 \u00b0C).\n    <\/div>\n<div class=\"feature-box\">\n      <strong>Anpassbar<\/strong><br \/>\n      Erh\u00e4ltlich in individuellen Farben, Spannungen und Kapazit\u00e4ten, um Ihren spezifischen Anforderungen gerecht zu werden.\n    <\/div>\n<div class=\"feature-box\">\n      <strong>Umweltfreundlich<\/strong><br \/>\n      CE-, RoHS-, FCC- und MSDS-zertifiziert, wodurch hohe Standards f\u00fcr Sicherheit und Umweltvertr\u00e4glichkeit gew\u00e4hrleistet sind.\n    <\/div>\n<div class=\"feature-box\">\n      <strong>Kompakte Bauweise<\/strong><br \/>\n      Kompakt (72 \u00d7 120 \u00d7 21 mm) und leicht (ca. 3 kg), wodurch es f\u00fcr eine Vielzahl von Anwendungen geeignet ist.\n    <\/div>\n<\/p><\/div>\n<h2>Anwendungen<\/h2>\n<ul>\n<li>Solarstromspeicher<\/li>\n<li>Elektro-Roller<\/li>\n<li>Elektrisch betriebene Fahrzeuge<\/li>\n<li>Elektrische Werkzeuge<\/li>\n<li>Andere batteriebetriebene Ger\u00e4te<\/li>\n<\/ul>\n<h2>Warum sollten Sie sich f\u00fcr unseren 12-V-4-Ah-Lithium-Ionen-Akku entscheiden?<\/h2>\n<ul>\n<li>Hervorragende Leistung bei hohen Entladungsraten<\/li>\n<li>Lange Lebensdauer von \u00fcber 500 Zyklen<\/li>\n<li>Breiter Betriebstemperaturbereich f\u00fcr unterschiedliche Umgebungen<\/li>\n<li>Anpassbar an Ihre Anforderungen hinsichtlich Spannung und Kapazit\u00e4t<\/li>\n<li>Entspricht den branchenf\u00fchrenden Sicherheits- und Umweltstandards<\/li>\n<\/ul>\n<h2>Verpackung und Versand<\/h2>\n<p>Jeder Akku wird sorgf\u00e4ltig in 1 St\u00fcck\/Karton verpackt, um einen sicheren Versand zu gew\u00e4hrleisten. Je nach Gr\u00f6\u00dfe der Bestellung und Dringlichkeit der Lieferung bieten wir Versandoptionen per Luft- und Seefracht an.<\/p>\n<h3>Versandmethoden<\/h3>\n<ul>\n<li>Kleine Bestellungen: Versand per Luftfracht (DHL, FedEx, UPS)<\/li>\n<li>Gro\u00dfauftr\u00e4ge: Versand auf dem Seeweg (gesch\u00e4tzte Lieferzeit: 30-45 Tage)<\/li>\n<\/ul>","protected":false},"excerpt":{"rendered":"<p>Ma\u00dfgeschneiderter 12-V-4-Ah-Lithium-Ionen-Akku, ideal f\u00fcr Elektroroller und Solarstromspeicher. Hohe Entladerate, lange Lebensdauer und anpassungsf\u00e4hig an verschiedene Anwendungen.<\/p>","protected":false},"featured_media":2334,"comment_status":"open","ping_status":"closed","template":"","meta":{"_uag_custom_page_level_css":"","neve_meta_sidebar":"","neve_meta_container":"","neve_meta_enable_content_width":"off","neve_meta_content_width":100,"neve_meta_title_alignment":"","neve_meta_author_avatar":"","neve_post_elements_order":"","neve_meta_disable_header":"","neve_meta_disable_footer":"","neve_meta_disable_title":""},"product_brand":[],"product_cat":[53,43,55],"product_tag":[],"class_list":{"0":"post-2330","1":"product","2":"type-product","3":"status-publish","4":"has-post-thumbnail","6":"product_cat-low-speed-electric-vehicle-battery","7":"product_cat-power-battery","8":"product_cat-scooter-battery","10":"first","11":"instock","12":"shipping-taxable","13":"product-type-simple"},"uagb_featured_image_src":{"full":["https:\/\/ecavix.com\/wp-content\/uploads\/2025\/07\/Custom-Lithium-Ion-12V-4ah-Battery-Pack-for-Electric-Scooter-Battery3-800-800.webp",550,550,false],"thumbnail":["https:\/\/ecavix.com\/wp-content\/uploads\/2025\/07\/Custom-Lithium-Ion-12V-4ah-Battery-Pack-for-Electric-Scooter-Battery3-800-800-150x150.webp",150,150,true],"medium":["https:\/\/ecavix.com\/wp-content\/uploads\/2025\/07\/Custom-Lithium-Ion-12V-4ah-Battery-Pack-for-Electric-Scooter-Battery3-800-800-300x300.webp",300,300,true],"medium_large":["https:\/\/ecavix.com\/wp-content\/uploads\/2025\/07\/Custom-Lithium-Ion-12V-4ah-Battery-Pack-for-Electric-Scooter-Battery3-800-800.webp",550,550,false],"large":["https:\/\/ecavix.com\/wp-content\/uploads\/2025\/07\/Custom-Lithium-Ion-12V-4ah-Battery-Pack-for-Electric-Scooter-Battery3-800-800.webp",550,550,false],"1536x1536":["https:\/\/ecavix.com\/wp-content\/uploads\/2025\/07\/Custom-Lithium-Ion-12V-4ah-Battery-Pack-for-Electric-Scooter-Battery3-800-800.webp",550,550,false],"2048x2048":["https:\/\/ecavix.com\/wp-content\/uploads\/2025\/07\/Custom-Lithium-Ion-12V-4ah-Battery-Pack-for-Electric-Scooter-Battery3-800-800.webp",550,550,false],"trp-custom-language-flag":["https:\/\/ecavix.com\/wp-content\/uploads\/2025\/07\/Custom-Lithium-Ion-12V-4ah-Battery-Pack-for-Electric-Scooter-Battery3-800-800.webp",12,12,false],"neve-blog":["https:\/\/ecavix.com\/wp-content\/uploads\/2025\/07\/Custom-Lithium-Ion-12V-4ah-Battery-Pack-for-Electric-Scooter-Battery3-800-800.webp",550,550,false],"woocommerce_thumbnail":["https:\/\/ecavix.com\/wp-content\/uploads\/2025\/07\/Custom-Lithium-Ion-12V-4ah-Battery-Pack-for-Electric-Scooter-Battery3-800-800-300x300.webp",300,300,true],"woocommerce_single":["https:\/\/ecavix.com\/wp-content\/uploads\/2025\/07\/Custom-Lithium-Ion-12V-4ah-Battery-Pack-for-Electric-Scooter-Battery3-800-800.webp",550,550,false],"woocommerce_gallery_thumbnail":["https:\/\/ecavix.com\/wp-content\/uploads\/2025\/07\/Custom-Lithium-Ion-12V-4ah-Battery-Pack-for-Electric-Scooter-Battery3-800-800-100x100.webp",100,100,true]},"uagb_author_info":{"display_name":"solvitaenergylimited@gmail.com","author_link":"https:\/\/ecavix.com\/de\/author\/"},"uagb_comment_info":0,"uagb_excerpt":"Custom 12V 4Ah lithium-ion battery pack, perfect for electric scooters and solar power storage. High discharge rate, long cycle life, and adaptable to various applications.","_links":{"self":[{"href":"https:\/\/ecavix.com\/de\/wp-json\/wp\/v2\/product\/2330","targetHints":{"allow":["GET"]}}],"collection":[{"href":"https:\/\/ecavix.com\/de\/wp-json\/wp\/v2\/product"}],"about":[{"href":"https:\/\/ecavix.com\/de\/wp-json\/wp\/v2\/types\/product"}],"replies":[{"embeddable":true,"href":"https:\/\/ecavix.com\/de\/wp-json\/wp\/v2\/comments?post=2330"}],"wp:featuredmedia":[{"embeddable":true,"href":"https:\/\/ecavix.com\/de\/wp-json\/wp\/v2\/media\/2334"}],"wp:attachment":[{"href":"https:\/\/ecavix.com\/de\/wp-json\/wp\/v2\/media?parent=2330"}],"wp:term":[{"taxonomy":"product_brand","embeddable":true,"href":"https:\/\/ecavix.com\/de\/wp-json\/wp\/v2\/product_brand?post=2330"},{"taxonomy":"product_cat","embeddable":true,"href":"https:\/\/ecavix.com\/de\/wp-json\/wp\/v2\/product_cat?post=2330"},{"taxonomy":"product_tag","embeddable":true,"href":"https:\/\/ecavix.com\/de\/wp-json\/wp\/v2\/product_tag?post=2330"}],"curies":[{"name":"wp","href":"https:\/\/api.w.org\/{rel}","templated":true}]}}