{"id":2317,"date":"2025-07-18T03:03:22","date_gmt":"2025-07-18T03:03:22","guid":{"rendered":"https:\/\/ecavix.com\/?post_type=product&#038;p=2317"},"modified":"2025-07-18T03:06:09","modified_gmt":"2025-07-18T03:06:09","slug":"fabrikpreis-wiederaufladbare-18650-lithium-ion-12v-6600mah-li-ion-batteriepack-fur-led-licht-power-tools-batterien","status":"publish","type":"product","link":"https:\/\/ecavix.com\/de\/product\/factory-price-rechargeable-18650-lithium-ion-12v-6600mah-li-ion-battery-pack-for-led-light-power-tools-batteries\/","title":{"rendered":"Fabrikpreis Wiederaufladbare 18650 Lithium Ion 12V 6600mAh Li Ion Batterie Pack f\u00fcr LED Licht Power Tools Batterien"},"content":{"rendered":"<br \/>\n<h1>Fabrikpreis Wiederaufladbare 18650 Lithium Ion 12V 6600mAh Li Ion Batterie Pack f\u00fcr LED Licht Power Tools Batterien <\/h1>\n<h2>Produkt\u00fcbersicht<\/h2>\n<table>\n<tr>\n<th>Nennspannung<\/th>\n<td>12V<\/td>\n<\/tr>\n<tr>\n<th>Nominale Kapazit\u00e4t<\/th>\n<td>6600mAh (anpassbar)<\/td>\n<\/tr>\n<tr>\n<th>Innenwiderstand<\/th>\n<td>150m\u03a9<\/td>\n<\/tr>\n<tr>\n<th>Entladungsbegrenzte Spannung<\/th>\n<td>11V<\/td>\n<\/tr>\n<tr>\n<th>Ladung Begrenzte Spannung<\/th>\n<td>16.8V<\/td>\n<\/tr>\n<tr>\n<th>Standard-Ladestrom<\/th>\n<td>0.5A<\/td>\n<\/tr>\n<tr>\n<th>Kontinuierlicher Arbeitsstrom<\/th>\n<td>7.8A<\/td>\n<\/tr>\n<tr>\n<th>Burst-Entladestrom<\/th>\n<td>1.5A<\/td>\n<\/tr>\n<tr>\n<th>Methode der Aufladung<\/th>\n<td>CC\/CV (Konstantstrom\/Konstantspannung)<\/td>\n<\/tr>\n<tr>\n<th>Gewicht<\/th>\n<td>1,5 kg<\/td>\n<\/tr>\n<tr>\n<th>Arbeitstemperatur (Ladung)<\/th>\n<td>0\u00baC bis 50\u00baC<\/td>\n<\/tr>\n<tr>\n<th>Arbeitstemperatur (Entladung)<\/th>\n<td>-20\u00baC bis 60\u00baC<\/td>\n<\/tr>\n<tr>\n<th>Lagertemperatur<\/th>\n<td>-10\u00baC bis 40\u00baC<\/td>\n<\/tr>\n<tr>\n<th>Zyklus Leben<\/th>\n<td>Mehr als 500-800 Zyklen (mit verbleibender Kapazit\u00e4t von &gt;95%)<\/td>\n<\/tr>\n<tr>\n<th>Zertifizierung<\/th>\n<td>CE, RoHS, UN38.3, MSDS<\/td>\n<\/tr>\n<\/table>\n<h2>Wesentliche Merkmale<\/h2>\n<div class=\"features-grid\">\n<div class=\"feature-box\">\n      <strong>Lange Zyklusdauer<\/strong><br \/>\n      Mehr als 500-800 Lade-\/Entladezyklen sorgen f\u00fcr zuverl\u00e4ssige und langlebige Leistung.\n    <\/div>\n<div class=\"feature-box\">\n      <strong>Mittlere Entladungsrate<\/strong><br \/>\n      Geeignet f\u00fcr eine breite Palette von Anwendungen wie LED-Leuchten, Elektrowerkzeuge und Elektrofahrzeuge.\n    <\/div>\n<div class=\"feature-box\">\n      <strong>Stabil und sicher<\/strong><br \/>\n      Das integrierte Batteriemanagementsystem (BMS) bietet Schutz vor \u00dcberladung, \u00dcberentladung und Kurzschluss.\n    <\/div>\n<div class=\"feature-box\">\n      <strong>Breiter Temperaturbereich<\/strong><br \/>\n      Kann in einem Temperaturbereich von -20\u00baC bis 60\u00baC effektiv arbeiten.\n    <\/div>\n<div class=\"feature-box\">\n      <strong>Anpassbar<\/strong><br \/>\n      Anpassbare Kapazit\u00e4t und Abmessungen f\u00fcr spezifische Anforderungen.\n    <\/div>\n<div class=\"feature-box\">\n      <strong>Umweltfreundlich<\/strong><br \/>\n      Entspricht den CE-, RoHS-, UN38.3- und MSDS-Zertifizierungen f\u00fcr eine sichere und umweltfreundliche Verwendung.\n    <\/div>\n<\/p><\/div>\n<h2>Anwendungen<\/h2>\n<ul>\n<li>LED-Lampen<\/li>\n<li>Elektrische Werkzeuge<\/li>\n<li>Elektrische Fahrr\u00e4der<\/li>\n<li>GPS-Ger\u00e4te<\/li>\n<\/ul>\n<h2>Warum sollten Sie sich f\u00fcr unser 12V 6600mAh Akku-Pack entscheiden?<\/h2>\n<ul>\n<li>Zuverl\u00e4ssige Leistung mit \u00fcber 500-800 Ladezyklen<\/li>\n<li>Flexible OEM\/ODM-Optionen zur Erf\u00fcllung spezifischer Anforderungen<\/li>\n<li>Robustes Batterie-Management-System (BMS) zum Schutz<\/li>\n<li>Breiter Betriebstemperaturbereich f\u00fcr Vielseitigkeit<\/li>\n<li>Entspricht den internationalen Zertifizierungen (CE, RoHS, UN38.3, MSDS)<\/li>\n<\/ul>\n<h2>Verpackung und Versand<\/h2>\n<p>Wir bieten Standardverpackungen oder ma\u00dfgeschneiderte Verpackungen nach Ihren W\u00fcnschen. Wir versenden weltweit, mit Optionen f\u00fcr Luft- oder Seefracht.<\/p>\n<h3>Versandmethoden<\/h3>\n<ul>\n<li>Musterbestellungen: Versand \u00fcber UPS, DHL oder FedEx (Haus-zu-Haus-Service)<\/li>\n<li>Gro\u00dfbestellungen: Versand auf dem Seeweg (Lieferzeit: 30-45 Tage)<\/li>\n<\/ul>","protected":false},"excerpt":{"rendered":"<p>Wiederaufladbarer 18650 Lithium-Ionen-Akku 12V 6600mAh zum Fabrikpreis f\u00fcr LED-Leuchten, Elektrowerkzeuge, E-Bikes, GPS und andere Anwendungen. Zuverl\u00e4ssig und langlebig mit einer Zyklusdauer von 500-800 mal.<\/p>","protected":false},"featured_media":2320,"comment_status":"open","ping_status":"closed","template":"","meta":{"_uag_custom_page_level_css":"","neve_meta_sidebar":"","neve_meta_container":"","neve_meta_enable_content_width":"off","neve_meta_content_width":100,"neve_meta_title_alignment":"","neve_meta_author_avatar":"","neve_post_elements_order":"","neve_meta_disable_header":"","neve_meta_disable_footer":"","neve_meta_disable_title":""},"product_brand":[],"product_cat":[53,43,55],"product_tag":[64,67,68],"class_list":{"0":"post-2317","1":"product","2":"type-product","3":"status-publish","4":"has-post-thumbnail","6":"product_cat-low-speed-electric-vehicle-battery","7":"product_cat-power-battery","8":"product_cat-scooter-battery","9":"product_tag-battery","10":"product_tag-eco","11":"product_tag-green","13":"first","14":"instock","15":"shipping-taxable","16":"product-type-simple"},"uagb_featured_image_src":{"full":["https:\/\/ecavix.com\/wp-content\/uploads\/2025\/07\/Factory-Price-Rechargeable-18650-Lithium-Ion-12V-6600mAh-Li-Ion-Battery-Pack-for-LED-Light-Power-Too-800-800-3.webp",550,550,false],"thumbnail":["https:\/\/ecavix.com\/wp-content\/uploads\/2025\/07\/Factory-Price-Rechargeable-18650-Lithium-Ion-12V-6600mAh-Li-Ion-Battery-Pack-for-LED-Light-Power-Too-800-800-3-150x150.webp",150,150,true],"medium":["https:\/\/ecavix.com\/wp-content\/uploads\/2025\/07\/Factory-Price-Rechargeable-18650-Lithium-Ion-12V-6600mAh-Li-Ion-Battery-Pack-for-LED-Light-Power-Too-800-800-3-300x300.webp",300,300,true],"medium_large":["https:\/\/ecavix.com\/wp-content\/uploads\/2025\/07\/Factory-Price-Rechargeable-18650-Lithium-Ion-12V-6600mAh-Li-Ion-Battery-Pack-for-LED-Light-Power-Too-800-800-3.webp",550,550,false],"large":["https:\/\/ecavix.com\/wp-content\/uploads\/2025\/07\/Factory-Price-Rechargeable-18650-Lithium-Ion-12V-6600mAh-Li-Ion-Battery-Pack-for-LED-Light-Power-Too-800-800-3.webp",550,550,false],"1536x1536":["https:\/\/ecavix.com\/wp-content\/uploads\/2025\/07\/Factory-Price-Rechargeable-18650-Lithium-Ion-12V-6600mAh-Li-Ion-Battery-Pack-for-LED-Light-Power-Too-800-800-3.webp",550,550,false],"2048x2048":["https:\/\/ecavix.com\/wp-content\/uploads\/2025\/07\/Factory-Price-Rechargeable-18650-Lithium-Ion-12V-6600mAh-Li-Ion-Battery-Pack-for-LED-Light-Power-Too-800-800-3.webp",550,550,false],"trp-custom-language-flag":["https:\/\/ecavix.com\/wp-content\/uploads\/2025\/07\/Factory-Price-Rechargeable-18650-Lithium-Ion-12V-6600mAh-Li-Ion-Battery-Pack-for-LED-Light-Power-Too-800-800-3.webp",12,12,false],"neve-blog":["https:\/\/ecavix.com\/wp-content\/uploads\/2025\/07\/Factory-Price-Rechargeable-18650-Lithium-Ion-12V-6600mAh-Li-Ion-Battery-Pack-for-LED-Light-Power-Too-800-800-3.webp",550,550,false],"woocommerce_thumbnail":["https:\/\/ecavix.com\/wp-content\/uploads\/2025\/07\/Factory-Price-Rechargeable-18650-Lithium-Ion-12V-6600mAh-Li-Ion-Battery-Pack-for-LED-Light-Power-Too-800-800-3-300x300.webp",300,300,true],"woocommerce_single":["https:\/\/ecavix.com\/wp-content\/uploads\/2025\/07\/Factory-Price-Rechargeable-18650-Lithium-Ion-12V-6600mAh-Li-Ion-Battery-Pack-for-LED-Light-Power-Too-800-800-3.webp",550,550,false],"woocommerce_gallery_thumbnail":["https:\/\/ecavix.com\/wp-content\/uploads\/2025\/07\/Factory-Price-Rechargeable-18650-Lithium-Ion-12V-6600mAh-Li-Ion-Battery-Pack-for-LED-Light-Power-Too-800-800-3-100x100.webp",100,100,true]},"uagb_author_info":{"display_name":"solvitaenergylimited@gmail.com","author_link":"https:\/\/ecavix.com\/de\/author\/"},"uagb_comment_info":0,"uagb_excerpt":"Factory price rechargeable 18650 lithium ion 12V 6600mAh battery pack for LED lights, power tools, E-bikes, GPS, and other applications. Reliable and durable with a cycle life of 500-800 times.","_links":{"self":[{"href":"https:\/\/ecavix.com\/de\/wp-json\/wp\/v2\/product\/2317","targetHints":{"allow":["GET"]}}],"collection":[{"href":"https:\/\/ecavix.com\/de\/wp-json\/wp\/v2\/product"}],"about":[{"href":"https:\/\/ecavix.com\/de\/wp-json\/wp\/v2\/types\/product"}],"replies":[{"embeddable":true,"href":"https:\/\/ecavix.com\/de\/wp-json\/wp\/v2\/comments?post=2317"}],"wp:featuredmedia":[{"embeddable":true,"href":"https:\/\/ecavix.com\/de\/wp-json\/wp\/v2\/media\/2320"}],"wp:attachment":[{"href":"https:\/\/ecavix.com\/de\/wp-json\/wp\/v2\/media?parent=2317"}],"wp:term":[{"taxonomy":"product_brand","embeddable":true,"href":"https:\/\/ecavix.com\/de\/wp-json\/wp\/v2\/product_brand?post=2317"},{"taxonomy":"product_cat","embeddable":true,"href":"https:\/\/ecavix.com\/de\/wp-json\/wp\/v2\/product_cat?post=2317"},{"taxonomy":"product_tag","embeddable":true,"href":"https:\/\/ecavix.com\/de\/wp-json\/wp\/v2\/product_tag?post=2317"}],"curies":[{"name":"wp","href":"https:\/\/api.w.org\/{rel}","templated":true}]}}