{"id":2312,"date":"2025-07-18T02:47:58","date_gmt":"2025-07-18T02:47:58","guid":{"rendered":"https:\/\/ecavix.com\/?post_type=product&#038;p=2312"},"modified":"2025-07-18T02:47:58","modified_gmt":"2025-07-18T02:47:58","slug":"groshandel-li-ion-12v-20ah-lithium-ionen-akku-pack-fur-elektrofahrrad","status":"publish","type":"product","link":"https:\/\/ecavix.com\/de\/product\/wholesale-li-ion-12v-20ah-lithium-ion-battery-pack-for-electric-bike\/","title":{"rendered":"Gro\u00dfhandel Li-ion 12V 20ah Lithium-Ionen-Akku-Pack f\u00fcr Elektrofahrrad"},"content":{"rendered":"<br \/>\n<h1>12V 20Ah Lithium-Ionen-Akkupack f\u00fcr Elektrofahrr\u00e4der<\/h1>\n<h2>Produkt\u00fcbersicht<\/h2>\n<table>\n<tr>\n<th>Nennspannung<\/th>\n<td>12V<\/td>\n<\/tr>\n<tr>\n<th>Nennkapazit\u00e4t<\/th>\n<td>20Ah (mindestens 20Ah, typisch 20Ah)<\/td>\n<\/tr>\n<tr>\n<th>Max. Ladespannung<\/th>\n<td>12.6V<\/td>\n<\/tr>\n<tr>\n<th>Min. Entladespannung<\/th>\n<td>12.6V<\/td>\n<\/tr>\n<tr>\n<th>Max. Ladestrom<\/th>\n<td>13.2A<\/td>\n<\/tr>\n<tr>\n<th>Max. Entladestrom<\/th>\n<td>13.2A<\/td>\n<\/tr>\n<tr>\n<th>Arbeitstemperatur<\/th>\n<td>\n      Ladung: 0\u00baC ~ 45\u00baC<br \/>\n      Entladung: -20\u00baC ~ 60\u00baC\n    <\/td>\n<\/tr>\n<tr>\n<th>Lagertemperatur<\/th>\n<td>-20\u00baC ~ 45\u00baC (innerhalb von 1 Monat)<br \/>-20\u00baC ~ 35\u00baC (innerhalb von 6 Monaten)<\/td>\n<\/tr>\n<tr>\n<th>Gewicht<\/th>\n<td>6,5 kg<\/td>\n<\/tr>\n<tr>\n<th>Speicherung Spannung<\/th>\n<td>12,0 V - 12,6 V<\/td>\n<\/tr>\n<tr>\n<th>Abmessungen<\/th>\n<td>25 x 60 x 285 mm (anpassbar)<\/td>\n<\/tr>\n<tr>\n<th>Typ<\/th>\n<td>Lithium-Ionen-Polymer-Akku<\/td>\n<\/tr>\n<tr>\n<th>Verbindungsmodus<\/th>\n<td>Reihenschaltung<\/td>\n<\/tr>\n<tr>\n<th>Entladungsrate<\/th>\n<td>Mittlere Entladungsrate<\/td>\n<\/tr>\n<\/table>\n<h2>Wesentliche Merkmale<\/h2>\n<div class=\"features-grid\">\n<div class=\"feature-box\">\n      <strong>Lange Zyklusdauer<\/strong><br \/>\n      Diese Batterie bietet mehr als 500 Lade-\/Entladezyklen und ist damit eine ideale L\u00f6sung f\u00fcr den langfristigen Einsatz in Elektrofahrzeugen.\n    <\/div>\n<div class=\"feature-box\">\n      <strong>Stabiles BMS-System<\/strong><br \/>\n      Ausgestattet mit einem Batteriemanagementsystem (BMS), das Schutz vor Kurzschluss, \u00dcberladung, \u00dcberentladung und \u00dcberstrom bietet.\n    <\/div>\n<div class=\"feature-box\">\n      <strong>Hohe Energiedichte<\/strong><br \/>\n      Die Batterie weist eine hohe Energiedichte pro Volumen auf, was eine effiziente Nutzung von Raum und Energie in verschiedenen Anwendungen gew\u00e4hrleistet.\n    <\/div>\n<div class=\"feature-box\">\n      <strong>Breiter Temperaturbereich<\/strong><br \/>\n      Die Batterie arbeitet effizient unter verschiedenen Temperaturbedingungen und verf\u00fcgt \u00fcber einen weiten Lade- und Entladetemperaturbereich.\n    <\/div>\n<div class=\"feature-box\">\n      <strong>Leichtgewicht<\/strong><br \/>\n      Dank der Lithium-Polymer-Technologie ist diese Batterie sehr leicht, so dass sie leicht in kompakte Elektrofahrzeuge eingebaut werden kann.\n    <\/div>\n<div class=\"feature-box\">\n      <strong>Umweltschonend<\/strong><br \/>\n      Kein Memory-Effekt, wartungsfrei, s\u00e4ure- und wasserfrei f\u00fcr die Wartung w\u00e4hrend des Gebrauchs.\n    <\/div>\n<\/p><\/div>\n<h2>Wichtigste Anwendungen<\/h2>\n<ul>\n<li>Elektrische Fahrr\u00e4der<\/li>\n<li>Elektrisch betriebene Fahrzeuge<\/li>\n<li>Solare Beleuchtungssysteme<\/li>\n<li>LED-Leuchten, Bergbauleuchten und Scheinwerfer<\/li>\n<li>Elektrische Werkzeuge<\/li>\n<li>Solarstromanlagen<\/li>\n<\/ul>\n<h2>Warum sollten Sie unseren 12V 20Ah Lithium-Ionen-Akku w\u00e4hlen?<\/h2>\n<ul>\n<li>Lange Lebensdauer mit \u00fcber 500 Lade-\/Entladezyklen.<\/li>\n<li>Hohe Energiedichte, die eine effiziente Energiespeicherung gew\u00e4hrleistet.<\/li>\n<li>Stabiles BMS-System f\u00fcr zuverl\u00e4ssigen Betrieb und Sicherheit.<\/li>\n<li>Breiter Betriebstemperaturbereich, von -20\u00baC bis 60\u00baC.<\/li>\n<li>Leicht und kompakt, perfekt f\u00fcr Elektrofahrzeuge und andere Anwendungen.<\/li>\n<li>Umweltfreundlich, wartungsfrei und frei von S\u00e4ure-\/Wasserbedarf.<\/li>\n<\/ul>\n<h2>Verpackung und Versand<\/h2>\n<p>Das Akkupaket ist sicher in einer Standard- oder kundenspezifischen Verpackung verpackt, die die Sicherheit beim Transport gew\u00e4hrleistet.<\/p>\n<h3>Versandmethoden<\/h3>\n<ul>\n<li>Musterbestellungen: Versand \u00fcber UPS, DHL oder FedEx (Haus-zu-Haus-Service)<\/li>\n<li>Gro\u00dfbestellungen: Versand auf dem Seeweg (Lieferzeit: 30-45 Tage)<\/li>\n<\/ul>","protected":false},"excerpt":{"rendered":"<p>Gro\u00dfhandel 12V 20Ah Lithium-Ionen-Akkupack f\u00fcr Elektrofahrzeuge, Elektrofahrr\u00e4der und mehr. Mit langer Zykluslebensdauer, leistungsstarker Energie und stabilem BMS-System.<\/p>","protected":false},"featured_media":2314,"comment_status":"open","ping_status":"closed","template":"","meta":{"_uag_custom_page_level_css":"","neve_meta_sidebar":"","neve_meta_container":"","neve_meta_enable_content_width":"off","neve_meta_content_width":100,"neve_meta_title_alignment":"","neve_meta_author_avatar":"","neve_post_elements_order":"","neve_meta_disable_header":"","neve_meta_disable_footer":"","neve_meta_disable_title":""},"product_brand":[],"product_cat":[53,43,55],"product_tag":[],"class_list":{"0":"post-2312","1":"product","2":"type-product","3":"status-publish","4":"has-post-thumbnail","6":"product_cat-low-speed-electric-vehicle-battery","7":"product_cat-power-battery","8":"product_cat-scooter-battery","10":"first","11":"instock","12":"shipping-taxable","13":"product-type-simple"},"uagb_featured_image_src":{"full":["https:\/\/ecavix.com\/wp-content\/uploads\/2025\/07\/Wholesale-Li-ion-12V-20ah-Lithium-Ion-Battery-Pack-for-Electric-Bike5-800-800.webp",550,550,false],"thumbnail":["https:\/\/ecavix.com\/wp-content\/uploads\/2025\/07\/Wholesale-Li-ion-12V-20ah-Lithium-Ion-Battery-Pack-for-Electric-Bike5-800-800-150x150.webp",150,150,true],"medium":["https:\/\/ecavix.com\/wp-content\/uploads\/2025\/07\/Wholesale-Li-ion-12V-20ah-Lithium-Ion-Battery-Pack-for-Electric-Bike5-800-800-300x300.webp",300,300,true],"medium_large":["https:\/\/ecavix.com\/wp-content\/uploads\/2025\/07\/Wholesale-Li-ion-12V-20ah-Lithium-Ion-Battery-Pack-for-Electric-Bike5-800-800.webp",550,550,false],"large":["https:\/\/ecavix.com\/wp-content\/uploads\/2025\/07\/Wholesale-Li-ion-12V-20ah-Lithium-Ion-Battery-Pack-for-Electric-Bike5-800-800.webp",550,550,false],"1536x1536":["https:\/\/ecavix.com\/wp-content\/uploads\/2025\/07\/Wholesale-Li-ion-12V-20ah-Lithium-Ion-Battery-Pack-for-Electric-Bike5-800-800.webp",550,550,false],"2048x2048":["https:\/\/ecavix.com\/wp-content\/uploads\/2025\/07\/Wholesale-Li-ion-12V-20ah-Lithium-Ion-Battery-Pack-for-Electric-Bike5-800-800.webp",550,550,false],"trp-custom-language-flag":["https:\/\/ecavix.com\/wp-content\/uploads\/2025\/07\/Wholesale-Li-ion-12V-20ah-Lithium-Ion-Battery-Pack-for-Electric-Bike5-800-800.webp",12,12,false],"neve-blog":["https:\/\/ecavix.com\/wp-content\/uploads\/2025\/07\/Wholesale-Li-ion-12V-20ah-Lithium-Ion-Battery-Pack-for-Electric-Bike5-800-800.webp",550,550,false],"woocommerce_thumbnail":["https:\/\/ecavix.com\/wp-content\/uploads\/2025\/07\/Wholesale-Li-ion-12V-20ah-Lithium-Ion-Battery-Pack-for-Electric-Bike5-800-800-300x300.webp",300,300,true],"woocommerce_single":["https:\/\/ecavix.com\/wp-content\/uploads\/2025\/07\/Wholesale-Li-ion-12V-20ah-Lithium-Ion-Battery-Pack-for-Electric-Bike5-800-800.webp",550,550,false],"woocommerce_gallery_thumbnail":["https:\/\/ecavix.com\/wp-content\/uploads\/2025\/07\/Wholesale-Li-ion-12V-20ah-Lithium-Ion-Battery-Pack-for-Electric-Bike5-800-800-100x100.webp",100,100,true]},"uagb_author_info":{"display_name":"solvitaenergylimited@gmail.com","author_link":"https:\/\/ecavix.com\/de\/author\/"},"uagb_comment_info":0,"uagb_excerpt":"Wholesale 12V 20Ah lithium ion battery pack for electric vehicles, electric bikes, and more. With long cycle life, powerful energy, and stable BMS system.","_links":{"self":[{"href":"https:\/\/ecavix.com\/de\/wp-json\/wp\/v2\/product\/2312","targetHints":{"allow":["GET"]}}],"collection":[{"href":"https:\/\/ecavix.com\/de\/wp-json\/wp\/v2\/product"}],"about":[{"href":"https:\/\/ecavix.com\/de\/wp-json\/wp\/v2\/types\/product"}],"replies":[{"embeddable":true,"href":"https:\/\/ecavix.com\/de\/wp-json\/wp\/v2\/comments?post=2312"}],"wp:featuredmedia":[{"embeddable":true,"href":"https:\/\/ecavix.com\/de\/wp-json\/wp\/v2\/media\/2314"}],"wp:attachment":[{"href":"https:\/\/ecavix.com\/de\/wp-json\/wp\/v2\/media?parent=2312"}],"wp:term":[{"taxonomy":"product_brand","embeddable":true,"href":"https:\/\/ecavix.com\/de\/wp-json\/wp\/v2\/product_brand?post=2312"},{"taxonomy":"product_cat","embeddable":true,"href":"https:\/\/ecavix.com\/de\/wp-json\/wp\/v2\/product_cat?post=2312"},{"taxonomy":"product_tag","embeddable":true,"href":"https:\/\/ecavix.com\/de\/wp-json\/wp\/v2\/product_tag?post=2312"}],"curies":[{"name":"wp","href":"https:\/\/api.w.org\/{rel}","templated":true}]}}