{"id":2280,"date":"2025-07-18T02:08:50","date_gmt":"2025-07-18T02:08:50","guid":{"rendered":"https:\/\/ecavix.com\/?post_type=product&#038;p=2280"},"modified":"2025-07-18T02:08:50","modified_gmt":"2025-07-18T02:08:50","slug":"59-2v-25-6ah-wiederaufladbarer-lithium-ionen-akku-fur-18650-akkupack","status":"publish","type":"product","link":"https:\/\/ecavix.com\/de\/product\/59-2v-25-6ah-rechargeable-lithium-ion-battery-pack-for-18650-battery-pack\/","title":{"rendered":"59.2V 25.6ah Wiederaufladbarer Lithium-Ionen-Akku f\u00fcr 18650 Akku"},"content":{"rendered":"<h1>59.2V 25.6Ah Wiederaufladbarer Lithium-Ionen-Akku f\u00fcr Elektrofahrzeuge<\/h1>\n<h2>Produkt\u00fcbersicht<\/h2>\n<table>\n<tr>\n<th>Modell<\/th>\n<td>59,2V 25,6Ah<\/td>\n<\/tr>\n<tr>\n<th>Nennspannung<\/th>\n<td>59,2 V<\/td>\n<\/tr>\n<tr>\n<th>Nominale Kapazit\u00e4t<\/th>\n<td>25,6Ah<\/td>\n<\/tr>\n<tr>\n<th>Akku-Konfiguration<\/th>\n<td>16S8P<\/td>\n<\/tr>\n<tr>\n<th>Gr\u00f6\u00dfe<\/th>\n<td>435*140*60mm<\/td>\n<\/tr>\n<tr>\n<th>Gewicht<\/th>\n<td>6,5 kg<\/td>\n<\/tr>\n<tr>\n<th>Maximale Ladespannung<\/th>\n<td>59,2 V<\/td>\n<\/tr>\n<tr>\n<th>Ladestrom<\/th>\n<td>1C<\/td>\n<\/tr>\n<tr>\n<th>Ladezeit<\/th>\n<td>1-2 Stunden<\/td>\n<\/tr>\n<tr>\n<th>Methode der Aufladung<\/th>\n<td>CC-CV (Konstanter Strom und konstante Spannung)<\/td>\n<\/tr>\n<tr>\n<th>Max. Entladestrom<\/th>\n<td>2A<\/td>\n<\/tr>\n<tr>\n<th>Lebensdauer des Ladezyklus<\/th>\n<td>Mehr als 500 Zyklen<\/td>\n<\/tr>\n<tr>\n<th>Arbeitstemperatur<\/th>\n<td>Aufladen: 0~45\u00b0C, Entladung: -20~60\u00b0C<\/td>\n<\/tr>\n<tr>\n<th>Lagertemperatur<\/th>\n<td>-20~60\u00b0C (1 Monat), -20~45\u00b0C (3 Monate)<\/td>\n<\/tr>\n<tr>\n<th>Schutzfunktionen<\/th>\n<td>\u00dcberladung, \u00dcberentladung, \u00dcberlastung, Kurzschluss<\/td>\n<\/tr>\n<tr>\n<th>Garantie<\/th>\n<td>12 Monate<\/td>\n<\/tr>\n<\/table>\n<h2>Wesentliche Merkmale<\/h2>\n<div class=\"features-grid\">\n<div class=\"feature-box\">\n      <strong>Hohe Energiedichte<\/strong><br \/>\n      Bietet eine hohe Betriebsspannung und Energiedichte und ist damit ideal f\u00fcr Elektrofahrzeuge und Energiespeicheranwendungen.\n    <\/div>\n<div class=\"feature-box\">\n      <strong>Lange Zyklusdauer<\/strong><br \/>\n      Der Akku unterst\u00fctzt \u00fcber 500 Lade-\/Entladezyklen und beh\u00e4lt die Kapazit\u00e4t des 80% auch nach intensiver Nutzung bei.\n    <\/div>\n<div class=\"feature-box\">\n      <strong>Minimale Selbstentladung<\/strong><br \/>\n      Geringe Selbstentladung, weniger als 10% pro Monat, damit die Batterie auch bei Nichtgebrauch betriebsbereit bleibt.\n    <\/div>\n<div class=\"feature-box\">\n      <strong>Breiter Temperaturbereich<\/strong><br \/>\n      Funktioniert effektiv \u00fcber einen weiten Temperaturbereich (-20\u00b0C ~ +60\u00b0C), perfekt f\u00fcr verschiedene Umgebungsbedingungen.\n    <\/div>\n<div class=\"feature-box\">\n      <strong>Kein Memory-Effekt<\/strong><br \/>\n      Kann jederzeit aufgeladen werden, ohne die Leistung zu beeintr\u00e4chtigen, im Gegensatz zu herk\u00f6mmlichen Batterien, die vollst\u00e4ndig entladen werden m\u00fcssen.\n    <\/div>\n<div class=\"feature-box\">\n      <strong>Hohe Sicherheit<\/strong><br \/>\n      Die Batterie ist auch unter extremen Bedingungen sicher und f\u00e4ngt selbst bei Durchstichen oder St\u00f6\u00dfen weder Feuer noch explodiert sie.\n    <\/div>\n<\/p><\/div>\n<h2>Anwendungen<\/h2>\n<ul>\n<li>Elektrofahrzeuge (EVs)<\/li>\n<li>Energiespeichersysteme<\/li>\n<li>Elektrowerkzeuge<\/li>\n<li>Tragbare Ger\u00e4te<\/li>\n<li>LED-Beleuchtungssysteme<\/li>\n<li>Unterbrechungsfreie Stromversorgungen (UPS)<\/li>\n<\/ul>\n<h2>Verpackung und Versand<\/h2>\n<p>Die Batterie wird sorgf\u00e4ltig in haltbaren Beh\u00e4ltern verpackt, um eine sichere Lieferung zu gew\u00e4hrleisten. Kundenspezifische Verpackungen sind auf Anfrage erh\u00e4ltlich.<\/p>\n<h3>Versandmethoden<\/h3>\n<ul>\n<li>Muster: Versand per UPS, DHL oder FedEx (Haus-zu-Haus-Service)<\/li>\n<li>Gro\u00dfbestellungen: Versand auf dem Seeweg (Lieferzeit: 30-45 Tage)<\/li>\n<\/ul>\n<h2>Warum uns w\u00e4hlen<\/h2>\n<ul>\n<li>OEM- und ODM-Dienste verf\u00fcgbar<\/li>\n<li>100% Qualit\u00e4tspr\u00fcfung vor dem Versand<\/li>\n<li>Wettbewerbsf\u00e4hige Preise und schnelle Lieferung<\/li>\n<li>Sichere, zuverl\u00e4ssige Produkte mit langer Lebensdauer<\/li>\n<\/ul>","protected":false},"excerpt":{"rendered":"<p>Leistungsstarker 59,2V 25,6Ah Lithium-Ionen-Akku f\u00fcr Elektrofahrzeuge, Elektrowerkzeuge und Energiespeichersysteme. Verf\u00fcgt \u00fcber einen \u00dcberladungs- und Entladungsschutz sowie eine lange Lebensdauer.<\/p>","protected":false},"featured_media":2284,"comment_status":"open","ping_status":"closed","template":"","meta":{"_uag_custom_page_level_css":"","neve_meta_sidebar":"","neve_meta_container":"","neve_meta_enable_content_width":"off","neve_meta_content_width":100,"neve_meta_title_alignment":"","neve_meta_author_avatar":"","neve_post_elements_order":"","neve_meta_disable_header":"","neve_meta_disable_footer":"","neve_meta_disable_title":""},"product_brand":[],"product_cat":[49,45,43],"product_tag":[],"class_list":{"0":"post-2280","1":"product","2":"type-product","3":"status-publish","4":"has-post-thumbnail","6":"product_cat-60v-e-bike-battery","7":"product_cat-e-bike-battery","8":"product_cat-power-battery","10":"first","11":"instock","12":"shipping-taxable","13":"product-type-simple"},"uagb_featured_image_src":{"full":["https:\/\/ecavix.com\/wp-content\/uploads\/2025\/07\/59-2V-25-6ah-Rechargeable-Lithium-Ion-Battery-Pack-for-18650-Battery-Pack5-800-800.png",550,550,false],"thumbnail":["https:\/\/ecavix.com\/wp-content\/uploads\/2025\/07\/59-2V-25-6ah-Rechargeable-Lithium-Ion-Battery-Pack-for-18650-Battery-Pack5-800-800-150x150.png",150,150,true],"medium":["https:\/\/ecavix.com\/wp-content\/uploads\/2025\/07\/59-2V-25-6ah-Rechargeable-Lithium-Ion-Battery-Pack-for-18650-Battery-Pack5-800-800-300x300.png",300,300,true],"medium_large":["https:\/\/ecavix.com\/wp-content\/uploads\/2025\/07\/59-2V-25-6ah-Rechargeable-Lithium-Ion-Battery-Pack-for-18650-Battery-Pack5-800-800.png",550,550,false],"large":["https:\/\/ecavix.com\/wp-content\/uploads\/2025\/07\/59-2V-25-6ah-Rechargeable-Lithium-Ion-Battery-Pack-for-18650-Battery-Pack5-800-800.png",550,550,false],"1536x1536":["https:\/\/ecavix.com\/wp-content\/uploads\/2025\/07\/59-2V-25-6ah-Rechargeable-Lithium-Ion-Battery-Pack-for-18650-Battery-Pack5-800-800.png",550,550,false],"2048x2048":["https:\/\/ecavix.com\/wp-content\/uploads\/2025\/07\/59-2V-25-6ah-Rechargeable-Lithium-Ion-Battery-Pack-for-18650-Battery-Pack5-800-800.png",550,550,false],"trp-custom-language-flag":["https:\/\/ecavix.com\/wp-content\/uploads\/2025\/07\/59-2V-25-6ah-Rechargeable-Lithium-Ion-Battery-Pack-for-18650-Battery-Pack5-800-800.png",12,12,false],"neve-blog":["https:\/\/ecavix.com\/wp-content\/uploads\/2025\/07\/59-2V-25-6ah-Rechargeable-Lithium-Ion-Battery-Pack-for-18650-Battery-Pack5-800-800.png",550,550,false],"woocommerce_thumbnail":["https:\/\/ecavix.com\/wp-content\/uploads\/2025\/07\/59-2V-25-6ah-Rechargeable-Lithium-Ion-Battery-Pack-for-18650-Battery-Pack5-800-800-300x300.png",300,300,true],"woocommerce_single":["https:\/\/ecavix.com\/wp-content\/uploads\/2025\/07\/59-2V-25-6ah-Rechargeable-Lithium-Ion-Battery-Pack-for-18650-Battery-Pack5-800-800.png",550,550,false],"woocommerce_gallery_thumbnail":["https:\/\/ecavix.com\/wp-content\/uploads\/2025\/07\/59-2V-25-6ah-Rechargeable-Lithium-Ion-Battery-Pack-for-18650-Battery-Pack5-800-800-100x100.png",100,100,true]},"uagb_author_info":{"display_name":"solvitaenergylimited@gmail.com","author_link":"https:\/\/ecavix.com\/de\/author\/"},"uagb_comment_info":0,"uagb_excerpt":"High-performance 59.2V 25.6Ah rechargeable lithium-ion battery pack for electric vehicles, power tools, and energy storage systems. Features overcharge, over-discharge protection, and a long cycle life.","_links":{"self":[{"href":"https:\/\/ecavix.com\/de\/wp-json\/wp\/v2\/product\/2280","targetHints":{"allow":["GET"]}}],"collection":[{"href":"https:\/\/ecavix.com\/de\/wp-json\/wp\/v2\/product"}],"about":[{"href":"https:\/\/ecavix.com\/de\/wp-json\/wp\/v2\/types\/product"}],"replies":[{"embeddable":true,"href":"https:\/\/ecavix.com\/de\/wp-json\/wp\/v2\/comments?post=2280"}],"wp:featuredmedia":[{"embeddable":true,"href":"https:\/\/ecavix.com\/de\/wp-json\/wp\/v2\/media\/2284"}],"wp:attachment":[{"href":"https:\/\/ecavix.com\/de\/wp-json\/wp\/v2\/media?parent=2280"}],"wp:term":[{"taxonomy":"product_brand","embeddable":true,"href":"https:\/\/ecavix.com\/de\/wp-json\/wp\/v2\/product_brand?post=2280"},{"taxonomy":"product_cat","embeddable":true,"href":"https:\/\/ecavix.com\/de\/wp-json\/wp\/v2\/product_cat?post=2280"},{"taxonomy":"product_tag","embeddable":true,"href":"https:\/\/ecavix.com\/de\/wp-json\/wp\/v2\/product_tag?post=2280"}],"curies":[{"name":"wp","href":"https:\/\/api.w.org\/{rel}","templated":true}]}}