{"id":2274,"date":"2025-07-18T01:52:54","date_gmt":"2025-07-18T01:52:54","guid":{"rendered":"https:\/\/ecavix.com\/?post_type=product&#038;p=2274"},"modified":"2025-07-18T02:00:23","modified_gmt":"2025-07-18T02:00:23","slug":"58-8v-23ah-18650-li-ion-akku-fur-elektromotorrad","status":"publish","type":"product","link":"https:\/\/ecavix.com\/de\/product\/58-8v-23ah-18650-li-ion-battery-pack-for-electric-motorcycle\/","title":{"rendered":"58.8V 23ah 18650 Li-Ion Akku f\u00fcr Elektro-Motorrad"},"content":{"rendered":"<br \/>\n<h1>58.8V 23Ah 18650 Lithium-Ionen-Akku f\u00fcr Elektromotorr\u00e4der<\/h1>\n<h2>Produkt\u00fcbersicht<\/h2>\n<table>\n<tr>\n<th>Modell<\/th>\n<td>DEL-58.8V23AH<\/td>\n<\/tr>\n<tr>\n<th>Nennspannung<\/th>\n<td>58.8V<\/td>\n<\/tr>\n<tr>\n<th>Nominale Kapazit\u00e4t<\/th>\n<td>23Ah (anpassbar)<\/td>\n<\/tr>\n<tr>\n<th>Akku-Konfiguration<\/th>\n<td>15S9P (anpassbar)<\/td>\n<\/tr>\n<tr>\n<th>Akku-Zellen<\/th>\n<td>18650 A-grade Lithium-Ionen-Zellen<\/td>\n<\/tr>\n<tr>\n<th>Max. kontinuierlicher Lade-\/Entladestrom<\/th>\n<td>3A (einstellbar)<\/td>\n<\/tr>\n<tr>\n<th>Abmessungen<\/th>\n<td>Kundenspezifisch<\/td>\n<\/tr>\n<tr>\n<th>Farbe<\/th>\n<td>Blau \/ Anpassbar<\/td>\n<\/tr>\n<tr>\n<th>Garantie<\/th>\n<td>1 Jahr<\/td>\n<\/tr>\n<tr>\n<th>Zyklus Leben<\/th>\n<td>\u00dcber 500 Zyklen<\/td>\n<\/tr>\n<tr>\n<th>Schutz<\/th>\n<td>\u00dcberladungs-, \u00dcberentladungs- und \u00dcberhitzungsschutz<\/td>\n<\/tr>\n<tr>\n<th>Anwendungen<\/th>\n<td>Elektromotorr\u00e4der, Elektrowerkzeuge, USV, usw.<\/td>\n<\/tr>\n<\/table>\n<h2>Wesentliche Merkmale<\/h2>\n<div class=\"features-grid\">\n<div class=\"feature-box\">\n      <strong>Hohe Kapazit\u00e4t und individuelle Anpassung<\/strong><br \/>\n      Erh\u00e4ltlich in verschiedenen Kapazit\u00e4ten (23Ah oder kundenspezifisch) und Konfigurationen (15S9P oder kundenspezifisch), um spezifische Anforderungen zu erf\u00fcllen.\n    <\/div>\n<div class=\"feature-box\">\n      <strong>Schutz vor \u00dcberladung und \u00dcberentladung<\/strong><br \/>\n      Eingebautes PCM mit \u00dcberladungs-, \u00dcberentladungs- und \u00dcberhitzungsschutz gew\u00e4hrleistet einen sicheren Betrieb.\n    <\/div>\n<div class=\"feature-box\">\n      <strong>Langer Lebenszyklus<\/strong><br \/>\n      Bietet \u00fcber 500 Tiefladezyklen, viel l\u00e4nger als herk\u00f6mmliche Blei-S\u00e4ure-Batterien.\n    <\/div>\n<div class=\"feature-box\">\n      <strong>Einstellbarer Strom<\/strong><br \/>\n      Maximaler kontinuierlicher Lade-\/Entladestrom von 3 A, mit anpassbaren Einstellungen je nach Anwendungsanforderungen.\n    <\/div>\n<div class=\"feature-box\">\n      <strong>Hoher Wirkungsgrad<\/strong><br \/>\n      Hervorragende Leistung in extremen Temperaturbereichen mit geringer Selbstentladung (&lt;3% pro Monat).\n    <\/div>\n<div class=\"feature-box\">\n      <strong>Leicht und kompakt<\/strong><br \/>\n      Leichtes und kompaktes Design, ideal f\u00fcr den Einsatz in Elektromotorr\u00e4dern und tragbaren Stromversorgungssystemen.\n    <\/div>\n<\/p><\/div>\n<h2>Anwendungen<\/h2>\n<ul>\n<li>Elektrische Motorr\u00e4der<\/li>\n<li>Elektrowerkzeuge, Rasenm\u00e4her und Staubsauger<\/li>\n<li>Tragbare LED-Beleuchtungssysteme<\/li>\n<li>Kameras und fotografische Ausr\u00fcstung<\/li>\n<li>Tragbare Messger\u00e4te<\/li>\n<li>Unterbrechungsfreie Stromversorgung (UPS)<\/li>\n<li>Ausr\u00fcstung f\u00fcr die Notbeleuchtung<\/li>\n<li>Kommunikation und elektrische Ger\u00e4te<\/li>\n<\/ul>\n<h2>Verpackung und Versand<\/h2>\n<p>Die Batterie wird sorgf\u00e4ltig in einer stabilen Verpackung verpackt, um die Sicherheit beim Transport zu gew\u00e4hrleisten. Kundenspezifische Verpackungsoptionen sind auf Anfrage erh\u00e4ltlich.<\/p>\n<h3>Versandmethoden<\/h3>\n<ul>\n<li>Muster: Versand per UPS oder Sonderleitung (Haus-zu-Haus-Service)<\/li>\n<li>Gro\u00dfbestellungen: Versand auf dem Seeweg (Lieferzeit: 30-45 Tage)<\/li>\n<\/ul>\n<h2>Warum uns w\u00e4hlen<\/h2>\n<ul>\n<li>OEM- und ODM-Dienste verf\u00fcgbar<\/li>\n<li>100% Qualit\u00e4tspr\u00fcfung vor dem Versand<\/li>\n<li>Wettbewerbsf\u00e4hige Preise und schnelle Lieferung<\/li>\n<li>Sichere, zuverl\u00e4ssige Produkte mit langer Lebensdauer<\/li>\n<\/ul>","protected":false},"excerpt":{"rendered":"<p>Leistungsstarker 58,8V 23Ah 18650 Lithium-Ionen-Akkupack f\u00fcr Elektromotorr\u00e4der, Elektrowerkzeuge und mehr, mit \u00dcberladungs-, \u00dcberentladungs- und \u00dcberhitzungsschutz.<\/p>","protected":false},"featured_media":2278,"comment_status":"open","ping_status":"closed","template":"","meta":{"_uag_custom_page_level_css":"","neve_meta_sidebar":"","neve_meta_container":"","neve_meta_enable_content_width":"off","neve_meta_content_width":100,"neve_meta_title_alignment":"","neve_meta_author_avatar":"","neve_post_elements_order":"","neve_meta_disable_header":"","neve_meta_disable_footer":"","neve_meta_disable_title":""},"product_brand":[],"product_cat":[49,45,43],"product_tag":[],"class_list":{"0":"post-2274","1":"product","2":"type-product","3":"status-publish","4":"has-post-thumbnail","6":"product_cat-60v-e-bike-battery","7":"product_cat-e-bike-battery","8":"product_cat-power-battery","10":"first","11":"instock","12":"shipping-taxable","13":"product-type-simple"},"uagb_featured_image_src":{"full":["https:\/\/ecavix.com\/wp-content\/uploads\/2025\/07\/58-8V-23ah-18650-Li-ion-Battery-Pack-for-Electric-Motorcycle5-800-800.webp",550,550,false],"thumbnail":["https:\/\/ecavix.com\/wp-content\/uploads\/2025\/07\/58-8V-23ah-18650-Li-ion-Battery-Pack-for-Electric-Motorcycle5-800-800-150x150.webp",150,150,true],"medium":["https:\/\/ecavix.com\/wp-content\/uploads\/2025\/07\/58-8V-23ah-18650-Li-ion-Battery-Pack-for-Electric-Motorcycle5-800-800-300x300.webp",300,300,true],"medium_large":["https:\/\/ecavix.com\/wp-content\/uploads\/2025\/07\/58-8V-23ah-18650-Li-ion-Battery-Pack-for-Electric-Motorcycle5-800-800.webp",550,550,false],"large":["https:\/\/ecavix.com\/wp-content\/uploads\/2025\/07\/58-8V-23ah-18650-Li-ion-Battery-Pack-for-Electric-Motorcycle5-800-800.webp",550,550,false],"1536x1536":["https:\/\/ecavix.com\/wp-content\/uploads\/2025\/07\/58-8V-23ah-18650-Li-ion-Battery-Pack-for-Electric-Motorcycle5-800-800.webp",550,550,false],"2048x2048":["https:\/\/ecavix.com\/wp-content\/uploads\/2025\/07\/58-8V-23ah-18650-Li-ion-Battery-Pack-for-Electric-Motorcycle5-800-800.webp",550,550,false],"trp-custom-language-flag":["https:\/\/ecavix.com\/wp-content\/uploads\/2025\/07\/58-8V-23ah-18650-Li-ion-Battery-Pack-for-Electric-Motorcycle5-800-800.webp",12,12,false],"neve-blog":["https:\/\/ecavix.com\/wp-content\/uploads\/2025\/07\/58-8V-23ah-18650-Li-ion-Battery-Pack-for-Electric-Motorcycle5-800-800.webp",550,550,false],"woocommerce_thumbnail":["https:\/\/ecavix.com\/wp-content\/uploads\/2025\/07\/58-8V-23ah-18650-Li-ion-Battery-Pack-for-Electric-Motorcycle5-800-800-300x300.webp",300,300,true],"woocommerce_single":["https:\/\/ecavix.com\/wp-content\/uploads\/2025\/07\/58-8V-23ah-18650-Li-ion-Battery-Pack-for-Electric-Motorcycle5-800-800.webp",550,550,false],"woocommerce_gallery_thumbnail":["https:\/\/ecavix.com\/wp-content\/uploads\/2025\/07\/58-8V-23ah-18650-Li-ion-Battery-Pack-for-Electric-Motorcycle5-800-800-100x100.webp",100,100,true]},"uagb_author_info":{"display_name":"solvitaenergylimited@gmail.com","author_link":"https:\/\/ecavix.com\/de\/author\/"},"uagb_comment_info":0,"uagb_excerpt":"High-performance 58.8V 23Ah 18650 lithium-ion battery pack for electric motorcycles, power tools, and more, featuring overcharge, over-discharge, and overheat protection.","_links":{"self":[{"href":"https:\/\/ecavix.com\/de\/wp-json\/wp\/v2\/product\/2274","targetHints":{"allow":["GET"]}}],"collection":[{"href":"https:\/\/ecavix.com\/de\/wp-json\/wp\/v2\/product"}],"about":[{"href":"https:\/\/ecavix.com\/de\/wp-json\/wp\/v2\/types\/product"}],"replies":[{"embeddable":true,"href":"https:\/\/ecavix.com\/de\/wp-json\/wp\/v2\/comments?post=2274"}],"wp:featuredmedia":[{"embeddable":true,"href":"https:\/\/ecavix.com\/de\/wp-json\/wp\/v2\/media\/2278"}],"wp:attachment":[{"href":"https:\/\/ecavix.com\/de\/wp-json\/wp\/v2\/media?parent=2274"}],"wp:term":[{"taxonomy":"product_brand","embeddable":true,"href":"https:\/\/ecavix.com\/de\/wp-json\/wp\/v2\/product_brand?post=2274"},{"taxonomy":"product_cat","embeddable":true,"href":"https:\/\/ecavix.com\/de\/wp-json\/wp\/v2\/product_cat?post=2274"},{"taxonomy":"product_tag","embeddable":true,"href":"https:\/\/ecavix.com\/de\/wp-json\/wp\/v2\/product_tag?post=2274"}],"curies":[{"name":"wp","href":"https:\/\/api.w.org\/{rel}","templated":true}]}}