{"id":2257,"date":"2025-07-17T10:08:32","date_gmt":"2025-07-17T10:08:32","guid":{"rendered":"https:\/\/ecavix.com\/?post_type=product&#038;p=2257"},"modified":"2025-07-17T10:09:46","modified_gmt":"2025-07-17T10:09:46","slug":"48-volt-ebike-batterie-48v-15ah-elektrofahrrad-batterie-aufladen-lithium-batteriepack","status":"publish","type":"product","link":"https:\/\/ecavix.com\/de\/product\/48-volt-ebike-battery-48v-15ah-electric-bike-battery-recharge-lithium-battery-pack\/","title":{"rendered":"48 Volt Ebike Batterie 48V 15ah Elektrofahrrad Batterie aufladen Lithium Batterie Pack"},"content":{"rendered":"<br \/>\n<h1>DL-4815 48V 15Ah Hailong Lithium-Ionen-Akku f\u00fcr Elektrofahrr\u00e4der<\/h1>\n<h2>Produkt\u00fcbersicht<\/h2>\n<table>\n<tr>\n<th>Modell<\/th>\n<td>DL-4815<\/td>\n<\/tr>\n<tr>\n<th>Nennspannung<\/th>\n<td>48V<\/td>\n<\/tr>\n<tr>\n<th>Nominale Kapazit\u00e4t<\/th>\n<td>15Ah<\/td>\n<\/tr>\n<tr>\n<th>Akku-Typ<\/th>\n<td>18650 Lithium-Ionen-Akku<\/td>\n<\/tr>\n<tr>\n<th>Gewicht<\/th>\n<td>4,14 kg<\/td>\n<\/tr>\n<tr>\n<th>Abmessungen<\/th>\n<td>367*90*111mm<\/td>\n<\/tr>\n<tr>\n<th>Produktionskapazit\u00e4t<\/th>\n<td>30.000 St\u00fcck\/Monat<\/td>\n<\/tr>\n<tr>\n<th>Zyklus Leben<\/th>\n<td>500 Zyklen<\/td>\n<\/tr>\n<tr>\n<th>Garantie<\/th>\n<td>1 Jahr<\/td>\n<\/tr>\n<tr>\n<th>Bescheinigungen<\/th>\n<td>CE, RoHS, MSDS, UN38.3<\/td>\n<\/tr>\n<tr>\n<th>Herkunft<\/th>\n<td>China<\/td>\n<\/tr>\n<\/table>\n<h2>Eigenschaften der Batterie<\/h2>\n<div class=\"features-grid\">\n<div class=\"feature-box\">\n      <strong>Hohe Energiedichte<\/strong><br \/>\n      Kompaktes Design mit effizienter Energiespeicherung f\u00fcr l\u00e4ngere Fahrten.\n    <\/div>\n<div class=\"feature-box\">\n      <strong>Langer Lebenszyklus<\/strong><br \/>\n      \u00dcber 500 Lade-\/Entladezyklen f\u00fcr eine zuverl\u00e4ssige Langzeitnutzung.\n    <\/div>\n<div class=\"feature-box\">\n      <strong>USB-Ausgang<\/strong><br \/>\n      Verf\u00fcgt \u00fcber einen 5-V-USB-Anschluss zum Aufladen von Smartphones und anderen Ger\u00e4ten.\n    <\/div>\n<div class=\"feature-box\">\n      <strong>Eingebautes BMS<\/strong><br \/>\n      Bietet Schutz vor \u00dcberladung, \u00dcberentladung, \u00dcberstrom und Kurzschluss.\n    <\/div>\n<div class=\"feature-box\">\n      <strong>Sicher und zuverl\u00e4ssig<\/strong><br \/>\n      Es besteht keine Explosions- oder Brandgefahr, was die Sicherheit f\u00fcr die Benutzer erh\u00f6ht.\n    <\/div>\n<div class=\"feature-box\">\n      <strong>Anpassbare Spannungen und Kapazit\u00e4ten<\/strong><br \/>\n      Erh\u00e4ltlich in verschiedenen Konfigurationen, z. B. 36 V, 48 V und mit unterschiedlichen Kapazit\u00e4ten.\n    <\/div>\n<\/p><\/div>\n<h2>Elektrische Spezifikationen<\/h2>\n<table>\n<tr>\n<th>Ladung Spannung<\/th>\n<td>54.6V<\/td>\n<\/tr>\n<tr>\n<th>Entladeschlussspannung<\/th>\n<td>35.75V<\/td>\n<\/tr>\n<tr>\n<th>Standard-Ladestrom<\/th>\n<td>3A<\/td>\n<\/tr>\n<tr>\n<th>Max. Ladestrom<\/th>\n<td>5A<\/td>\n<\/tr>\n<tr>\n<th>Kontinuierlicher Entladestrom<\/th>\n<td>15A<\/td>\n<\/tr>\n<tr>\n<th>Entladespitzenstrom<\/th>\n<td>30A<\/td>\n<\/tr>\n<tr>\n<th>Methode der Aufladung<\/th>\n<td>CC\/CV<\/td>\n<\/tr>\n<tr>\n<th>Ladung Temperatur<\/th>\n<td>0 ~ 45\u00b0C<\/td>\n<\/tr>\n<tr>\n<th>Entladetemperatur<\/th>\n<td>-20 ~ 60\u00b0C<\/td>\n<\/tr>\n<tr>\n<th>Fit Motor<\/th>\n<td>250W, 350W, 500W<\/td>\n<\/tr>\n<\/table>\n<h2>Anwendungen<\/h2>\n<ul>\n<li>Elektrische Fahrr\u00e4der<\/li>\n<li>Elektro-Roller<\/li>\n<li>Elektrofahrzeuge (EVs)<\/li>\n<\/ul>\n<h2>Verpackung und Versand<\/h2>\n<p>Die Batterie wird sicher mit EPE-Perlenwatte f\u00fcr den inneren Schutz und stabilen Kartons f\u00fcr die \u00e4u\u00dfere Verpackung verpackt. Kundenspezifische Verpackungsoptionen sind je nach Kundenbedarf erh\u00e4ltlich.<\/p>\n<h3>Versandmethoden<\/h3>\n<ul>\n<li>F\u00fcr Muster: Versand per UPS oder Sonderleitung (Haus-zu-Haus-Service)<\/li>\n<li>F\u00fcr Gro\u00dfbestellungen: Versand auf dem Seeweg (Lieferzeit: 30-45 Tage)<\/li>\n<\/ul>\n<h2>Warum uns w\u00e4hlen<\/h2>\n<ul>\n<li>OEM- und ODM-Dienste verf\u00fcgbar<\/li>\n<li>100% Qualit\u00e4tspr\u00fcfung vor dem Versand<\/li>\n<li>Wettbewerbsf\u00e4hige Preise und schnelle Lieferung<\/li>\n<li>Sichere und zuverl\u00e4ssige Produkte mit langer Nutzungsdauer<\/li>\n<\/ul>","protected":false},"excerpt":{"rendered":"<p>DL-4815 48V 15Ah Lithium-Ionen-Akku mit fortschrittlichem BMS-Schutz, USB-Ausgang und langer Zyklusdauer. Ideal f\u00fcr Elektrofahrr\u00e4der mit 250W bis 500W Motoren. Sicher, zuverl\u00e4ssig und umweltfreundlich.<\/p>","protected":false},"featured_media":2250,"comment_status":"open","ping_status":"closed","template":"","meta":{"_uag_custom_page_level_css":"","neve_meta_sidebar":"","neve_meta_container":"","neve_meta_enable_content_width":"off","neve_meta_content_width":100,"neve_meta_title_alignment":"","neve_meta_author_avatar":"","neve_post_elements_order":"","neve_meta_disable_header":"","neve_meta_disable_footer":"","neve_meta_disable_title":""},"product_brand":[],"product_cat":[48,45,43],"product_tag":[],"class_list":{"0":"post-2257","1":"product","2":"type-product","3":"status-publish","4":"has-post-thumbnail","6":"product_cat-48v-e-bike-battery","7":"product_cat-e-bike-battery","8":"product_cat-power-battery","10":"first","11":"instock","12":"shipping-taxable","13":"product-type-simple"},"uagb_featured_image_src":{"full":["https:\/\/ecavix.com\/wp-content\/uploads\/2025\/07\/36V-Hailong-Downtube-Electric-Bike-Lithium-Ion-Battery2-800-800.webp",550,550,false],"thumbnail":["https:\/\/ecavix.com\/wp-content\/uploads\/2025\/07\/36V-Hailong-Downtube-Electric-Bike-Lithium-Ion-Battery2-800-800-150x150.webp",150,150,true],"medium":["https:\/\/ecavix.com\/wp-content\/uploads\/2025\/07\/36V-Hailong-Downtube-Electric-Bike-Lithium-Ion-Battery2-800-800-300x300.webp",300,300,true],"medium_large":["https:\/\/ecavix.com\/wp-content\/uploads\/2025\/07\/36V-Hailong-Downtube-Electric-Bike-Lithium-Ion-Battery2-800-800.webp",550,550,false],"large":["https:\/\/ecavix.com\/wp-content\/uploads\/2025\/07\/36V-Hailong-Downtube-Electric-Bike-Lithium-Ion-Battery2-800-800.webp",550,550,false],"1536x1536":["https:\/\/ecavix.com\/wp-content\/uploads\/2025\/07\/36V-Hailong-Downtube-Electric-Bike-Lithium-Ion-Battery2-800-800.webp",550,550,false],"2048x2048":["https:\/\/ecavix.com\/wp-content\/uploads\/2025\/07\/36V-Hailong-Downtube-Electric-Bike-Lithium-Ion-Battery2-800-800.webp",550,550,false],"trp-custom-language-flag":["https:\/\/ecavix.com\/wp-content\/uploads\/2025\/07\/36V-Hailong-Downtube-Electric-Bike-Lithium-Ion-Battery2-800-800.webp",12,12,false],"neve-blog":["https:\/\/ecavix.com\/wp-content\/uploads\/2025\/07\/36V-Hailong-Downtube-Electric-Bike-Lithium-Ion-Battery2-800-800.webp",550,550,false],"woocommerce_thumbnail":["https:\/\/ecavix.com\/wp-content\/uploads\/2025\/07\/36V-Hailong-Downtube-Electric-Bike-Lithium-Ion-Battery2-800-800-300x300.webp",300,300,true],"woocommerce_single":["https:\/\/ecavix.com\/wp-content\/uploads\/2025\/07\/36V-Hailong-Downtube-Electric-Bike-Lithium-Ion-Battery2-800-800.webp",550,550,false],"woocommerce_gallery_thumbnail":["https:\/\/ecavix.com\/wp-content\/uploads\/2025\/07\/36V-Hailong-Downtube-Electric-Bike-Lithium-Ion-Battery2-800-800-100x100.webp",100,100,true]},"uagb_author_info":{"display_name":"solvitaenergylimited@gmail.com","author_link":"https:\/\/ecavix.com\/de\/author\/"},"uagb_comment_info":0,"uagb_excerpt":"DL-4815 48V 15Ah Lithium-Ion Battery with advanced BMS protection, USB output, and long cycle life. Ideal for electric bikes with 250W to 500W motors. Safe, reliable, and environmental-friendly.","_links":{"self":[{"href":"https:\/\/ecavix.com\/de\/wp-json\/wp\/v2\/product\/2257","targetHints":{"allow":["GET"]}}],"collection":[{"href":"https:\/\/ecavix.com\/de\/wp-json\/wp\/v2\/product"}],"about":[{"href":"https:\/\/ecavix.com\/de\/wp-json\/wp\/v2\/types\/product"}],"replies":[{"embeddable":true,"href":"https:\/\/ecavix.com\/de\/wp-json\/wp\/v2\/comments?post=2257"}],"wp:featuredmedia":[{"embeddable":true,"href":"https:\/\/ecavix.com\/de\/wp-json\/wp\/v2\/media\/2250"}],"wp:attachment":[{"href":"https:\/\/ecavix.com\/de\/wp-json\/wp\/v2\/media?parent=2257"}],"wp:term":[{"taxonomy":"product_brand","embeddable":true,"href":"https:\/\/ecavix.com\/de\/wp-json\/wp\/v2\/product_brand?post=2257"},{"taxonomy":"product_cat","embeddable":true,"href":"https:\/\/ecavix.com\/de\/wp-json\/wp\/v2\/product_cat?post=2257"},{"taxonomy":"product_tag","embeddable":true,"href":"https:\/\/ecavix.com\/de\/wp-json\/wp\/v2\/product_tag?post=2257"}],"curies":[{"name":"wp","href":"https:\/\/api.w.org\/{rel}","templated":true}]}}