{"id":2185,"date":"2025-07-17T06:06:49","date_gmt":"2025-07-17T06:06:49","guid":{"rendered":"https:\/\/ecavix.com\/?post_type=product&#038;p=2185"},"modified":"2025-07-17T08:33:10","modified_gmt":"2025-07-17T08:33:10","slug":"24v-10ah-lithium-akkupack-fur-e-bike","status":"publish","type":"product","link":"https:\/\/ecavix.com\/de\/product\/24v-10ah-lithium-battery-pack-for-ebike\/","title":{"rendered":"24V 10ah Lithium Batterie Pack f\u00fcr Ebike"},"content":{"rendered":"<br \/>\n<style>\n<p>        h1, h2 {\n            color: #2c3e50;\n        }\n        h1 {\n            border-bottom: 2px solid #3ca860;\n            padding-bottom: 10px;\n        }\n        h2 {\n            background-color: #f8f9fa;\n            padding: 8px 12px;\n            border-left: 4px solid #3ca860;\n            margin-top: 30px;\n        }\n        table {\n            width: 100%;\n            border-collapse: collapse;\n            margin: 15px 0;\n            box-shadow: 0 1px 3px rgba(0,0,0,0.1);\n        }\n        th, td {\n            padding: 12px 15px;\n            text-align: left;\n            border: 1px solid #ddd;\n        }\n        th {\n            background-color: #3ca860;\n            color: white;\n            width: 25%;\n        }\n        tr:nth-child(even) {\n            background-color: #f2f2f2;\n        }\n        tr:hover {\n            background-color: #e8f5e9;\n        }\n        .specs-table th {\n            width: 30%;\n        }\n        .features {\n            display: grid;\n            grid-template-columns: repeat(2, 1fr);\n            gap: 15px;\n            margin: 20px 0;\n        }\n        .feature-card {\n            background-color: #e8f5e9;\n            padding: 15px;\n            border-radius: 5px;\n            border-left: 4px solid #3ca860;\n        }\n        @media (max-width: 768px) {\n            .features {\n                grid-template-columns: 1fr;\n            }\n        }\n    <\/style>\n<h1>Solvitaeco 24V 10Ah Lithium-Akku-Pack<\/h1>\n<h2>Grundlegende Informationen<\/h2>\n<table>\n<tr>\n<th>Hafen<\/th>\n<td>Shenzhen, China<\/td>\n<\/tr>\n<tr>\n<th>Produktionskapazit\u00e4t<\/th>\n<td>1.000 Packungen\/Woche<\/td>\n<\/tr>\n<tr>\n<th>Zahlungsbedingungen<\/th>\n<td>T\/T, Paypal<\/td>\n<\/tr>\n<tr>\n<th>Modell NO.<\/th>\n<td>DL-7S4P<\/td>\n<\/tr>\n<tr>\n<th>Markenzeichen<\/th>\n<td>Solvitaeco<\/td>\n<\/tr>\n<tr>\n<th>Transport-Paket<\/th>\n<td>Standard-Exportpaket<\/td>\n<\/tr>\n<tr>\n<th>Herkunft<\/th>\n<td>China<\/td>\n<\/tr>\n<tr>\n<th>HS-Code<\/th>\n<td>8507600090<\/td>\n<\/tr>\n<\/table>\n<h2>Technische Daten<\/h2>\n<table class=\"specs-table\">\n<tr>\n<th>Nennspannung<\/th>\n<td>24V<\/td>\n<\/tr>\n<tr>\n<th>Nennkapazit\u00e4t<\/th>\n<td>10Ah (\u00b11Ah bei 0,2C Entladerate)<\/td>\n<\/tr>\n<tr>\n<th>Akku-Typ<\/th>\n<td>18650 Li-Ion (LiNiCoMnO2)<\/td>\n<\/tr>\n<tr>\n<th>Konfiguration<\/th>\n<td>7S4P<\/td>\n<\/tr>\n<tr>\n<th>Abmessungen<\/th>\n<td>137*90*70mm (anpassbar)<\/td>\n<\/tr>\n<tr>\n<th>Nettogewicht<\/th>\n<td>1,5\u00b10,1kg<\/td>\n<\/tr>\n<tr>\n<th>Entladungsstrom<\/th>\n<td>Normal: 1C | Max. kontinuierlich: 2C (\u22645min)<\/td>\n<\/tr>\n<tr>\n<th>Entladeschlussspannung<\/th>\n<td>18.8V<\/td>\n<\/tr>\n<tr>\n<th>Ladung Strom<\/th>\n<td>0.5C<\/td>\n<\/tr>\n<tr>\n<th>Abschaltspannung der Ladung<\/th>\n<td>29.2\u00b10.1V<\/td>\n<\/tr>\n<tr>\n<th>Innerer Widerstand<\/th>\n<td>\u226480m\u03a9<\/td>\n<\/tr>\n<tr>\n<th>Ladung Temperatur<\/th>\n<td>0\u00baC~+45\u00baC<\/td>\n<\/tr>\n<tr>\n<th>Entladetemperatur<\/th>\n<td>-20\u00baC~+60\u00baC<\/td>\n<\/tr>\n<tr>\n<th>Luftfeuchtigkeitsbereich<\/th>\n<td>RH\u226485%<\/td>\n<\/tr>\n<tr>\n<th>Schutzfunktionen<\/th>\n<td>\u00dcberladung, \u00dcberentladung, \u00dcberstrom, Gleichgewichtsfunktion<\/td>\n<\/tr>\n<tr>\n<th>Material der Schale<\/th>\n<td>Blaue PVC-Verpackung<\/td>\n<\/tr>\n<tr>\n<th>Zyklus Leben<\/th>\n<td>\u2265500 Zyklen (Kapazit\u00e4tserhaltungsrate\u226580%)<\/td>\n<\/tr>\n<\/table>\n<h2>Wesentliche Merkmale<\/h2>\n<div class=\"features\">\n<div class=\"feature-card\">\n            <strong>Erweiterter BMS-Schutz<\/strong><\/p>\n<p>Kurzschluss-, \u00dcberladungs-, \u00dcberentladungs- und \u00dcberstromschutz<\/p>\n<\/p><\/div>\n<div class=\"feature-card\">\n            <strong>Lange Zyklusdauer<\/strong><\/p>\n<p>500+ Ladezyklen mit \u226580% Kapazit\u00e4tserhalt<\/p>\n<\/p><\/div>\n<div class=\"feature-card\">\n            <strong>Breiter Temperaturbereich<\/strong><\/p>\n<p>Stabile Leistung von -20\u00baC bis +60\u00baC<\/p>\n<\/p><\/div>\n<div class=\"feature-card\">\n            <strong>Kein Memory-Effekt<\/strong><\/p>\n<p>Jederzeit ohne Kapazit\u00e4tsverlust aufladen<\/p>\n<\/p><\/div>\n<div class=\"feature-card\">\n            <strong>Leichte Konstruktion<\/strong><\/p>\n<p>Nur 1,5 kg f\u00fcr einfache Handhabung und Installation<\/p>\n<\/p><\/div>\n<div class=\"feature-card\">\n            <strong>Vielseitige Anwendungen<\/strong><\/p>\n<p>Perfekt f\u00fcr E-Bikes, Elektrofahrr\u00e4der, Solarprodukte und Beleuchtungssysteme<\/p>\n<\/p><\/div>\n<\/p><\/div>\n<h2>Anwendungen<\/h2>\n<table>\n<tr>\n<th>Elektrischer Transport<\/th>\n<td>E-Bikes, Elektrofahrr\u00e4der, Motorroller<\/td>\n<\/tr>\n<tr>\n<th>Solaranlagen<\/th>\n<td>Solare Stra\u00dfenbeleuchtung, Solarstromspeicher<\/td>\n<\/tr>\n<tr>\n<th>Beleuchtungsl\u00f6sungen<\/th>\n<td>LED-Leuchten, Notbeleuchtung<\/td>\n<\/tr>\n<tr>\n<th>Tragbarer Strom<\/th>\n<td>Notstromsysteme, mobile Ger\u00e4te<\/td>\n<\/tr>\n<\/table>","protected":false},"excerpt":{"rendered":"<p>\u2714 Wichtige Merkmale:<\/p>\n<p>7S4P 18650 Li-Ionen-Zellen (LiNiCoMnO2)<\/p>\n<p>Abmessungen: 137\u00d790\u00d770mm | Gewicht: 1,5kg<\/p>\n<p>10Ah Kapazit\u00e4t | 500+ Zyklen (80% Speicherung)<\/p>\n<p>1C Entladung (2C max) | CC\/CV Laden<\/p>\n<p>\u2714 Sicherheit:<\/p>\n<p>BMS mit Schutz vor \u00dcberladung\/Entladung\/Strom\/Kurzschluss<\/p>\n<p>Blaues PVC-Geh\u00e4use | UN38.3-konform<\/p>\n<p>\u2714 Anwendungen:<br \/>\nElektrofahrr\u00e4der | Solaranlagen | LED-Beleuchtung<\/p>\n<p>\ud83d\udd27 Anpassbar | \ud83d\udea2 1.000 Einheiten\/Woche | \ud83d\udcb3 T\/T, PayPal<\/p>\n<p>Solvitaeco - L\u00f6sungen f\u00fcr gr\u00fcne Energie<\/p>","protected":false},"featured_media":2186,"comment_status":"open","ping_status":"closed","template":"","meta":{"_uag_custom_page_level_css":"","neve_meta_sidebar":"","neve_meta_container":"","neve_meta_enable_content_width":"off","neve_meta_content_width":100,"neve_meta_title_alignment":"","neve_meta_author_avatar":"","neve_post_elements_order":"","neve_meta_disable_header":"","neve_meta_disable_footer":"","neve_meta_disable_title":""},"product_brand":[],"product_cat":[46,45,43],"product_tag":[],"class_list":{"0":"post-2185","1":"product","2":"type-product","3":"status-publish","4":"has-post-thumbnail","6":"product_cat-24v-e-bike-battery","7":"product_cat-e-bike-battery","8":"product_cat-power-battery","10":"first","11":"instock","12":"shipping-taxable","13":"product-type-simple"},"uagb_featured_image_src":{"full":["https:\/\/ecavix.com\/wp-content\/uploads\/2025\/07\/24V-10ah-Lithium-Battery-Pack-for-Ebike0-800-800.webp",550,550,false],"thumbnail":["https:\/\/ecavix.com\/wp-content\/uploads\/2025\/07\/24V-10ah-Lithium-Battery-Pack-for-Ebike0-800-800-150x150.webp",150,150,true],"medium":["https:\/\/ecavix.com\/wp-content\/uploads\/2025\/07\/24V-10ah-Lithium-Battery-Pack-for-Ebike0-800-800-300x300.webp",300,300,true],"medium_large":["https:\/\/ecavix.com\/wp-content\/uploads\/2025\/07\/24V-10ah-Lithium-Battery-Pack-for-Ebike0-800-800.webp",550,550,false],"large":["https:\/\/ecavix.com\/wp-content\/uploads\/2025\/07\/24V-10ah-Lithium-Battery-Pack-for-Ebike0-800-800.webp",550,550,false],"1536x1536":["https:\/\/ecavix.com\/wp-content\/uploads\/2025\/07\/24V-10ah-Lithium-Battery-Pack-for-Ebike0-800-800.webp",550,550,false],"2048x2048":["https:\/\/ecavix.com\/wp-content\/uploads\/2025\/07\/24V-10ah-Lithium-Battery-Pack-for-Ebike0-800-800.webp",550,550,false],"trp-custom-language-flag":["https:\/\/ecavix.com\/wp-content\/uploads\/2025\/07\/24V-10ah-Lithium-Battery-Pack-for-Ebike0-800-800.webp",12,12,false],"neve-blog":["https:\/\/ecavix.com\/wp-content\/uploads\/2025\/07\/24V-10ah-Lithium-Battery-Pack-for-Ebike0-800-800.webp",550,550,false],"woocommerce_thumbnail":["https:\/\/ecavix.com\/wp-content\/uploads\/2025\/07\/24V-10ah-Lithium-Battery-Pack-for-Ebike0-800-800-300x300.webp",300,300,true],"woocommerce_single":["https:\/\/ecavix.com\/wp-content\/uploads\/2025\/07\/24V-10ah-Lithium-Battery-Pack-for-Ebike0-800-800.webp",550,550,false],"woocommerce_gallery_thumbnail":["https:\/\/ecavix.com\/wp-content\/uploads\/2025\/07\/24V-10ah-Lithium-Battery-Pack-for-Ebike0-800-800-100x100.webp",100,100,true]},"uagb_author_info":{"display_name":"solvitaenergylimited@gmail.com","author_link":"https:\/\/ecavix.com\/de\/author\/"},"uagb_comment_info":0,"uagb_excerpt":"\u2714 Key Specs: 7S4P 18650 Li-ion cells (LiNiCoMnO2) Dimensions: 137\u00d790\u00d770mm | Weight: 1.5kg 10Ah capacity | 500+ cycles (80% retention) 1C discharge (2C max) | CC\/CV charging \u2714 Safety: BMS with overcharge\/discharge\/current\/short-circuit protection Blue PVC casing | UN38.3 compliant \u2714 Applications: E-bikes | Solar systems | LED lighting \ud83d\udd27 Customizable | \ud83d\udea2 1,000 units\/week |&hellip;","_links":{"self":[{"href":"https:\/\/ecavix.com\/de\/wp-json\/wp\/v2\/product\/2185","targetHints":{"allow":["GET"]}}],"collection":[{"href":"https:\/\/ecavix.com\/de\/wp-json\/wp\/v2\/product"}],"about":[{"href":"https:\/\/ecavix.com\/de\/wp-json\/wp\/v2\/types\/product"}],"replies":[{"embeddable":true,"href":"https:\/\/ecavix.com\/de\/wp-json\/wp\/v2\/comments?post=2185"}],"wp:featuredmedia":[{"embeddable":true,"href":"https:\/\/ecavix.com\/de\/wp-json\/wp\/v2\/media\/2186"}],"wp:attachment":[{"href":"https:\/\/ecavix.com\/de\/wp-json\/wp\/v2\/media?parent=2185"}],"wp:term":[{"taxonomy":"product_brand","embeddable":true,"href":"https:\/\/ecavix.com\/de\/wp-json\/wp\/v2\/product_brand?post=2185"},{"taxonomy":"product_cat","embeddable":true,"href":"https:\/\/ecavix.com\/de\/wp-json\/wp\/v2\/product_cat?post=2185"},{"taxonomy":"product_tag","embeddable":true,"href":"https:\/\/ecavix.com\/de\/wp-json\/wp\/v2\/product_tag?post=2185"}],"curies":[{"name":"wp","href":"https:\/\/api.w.org\/{rel}","templated":true}]}}