{"id":2175,"date":"2025-07-17T05:51:38","date_gmt":"2025-07-17T05:51:38","guid":{"rendered":"https:\/\/ecavix.com\/?post_type=product&#038;p=2175"},"modified":"2025-07-17T08:32:49","modified_gmt":"2025-07-17T08:32:49","slug":"kundenspezifische-24v-li-ion-akku-pack-fur-elektrofahrrad","status":"publish","type":"product","link":"https:\/\/ecavix.com\/de\/product\/customized-24v-li-ion-battery-pack-for-electric-bike\/","title":{"rendered":"Kundenspezifisches 24V Li Ion Akku-Pack f\u00fcr Elektrofahrr\u00e4der"},"content":{"rendered":"<br \/>\n<style>\n<p>        h1, h2 {\n            color: #2c3e50;\n        }\n        h1 {\n            border-bottom: 2px solid #3ca860;\n            padding-bottom: 10px;\n        }\n        h2 {\n            background-color: #f8f9fa;\n            padding: 8px 12px;\n            border-left: 4px solid #3ca860;\n            margin-top: 30px;\n        }\n        table {\n            width: 100%;\n            border-collapse: collapse;\n            margin: 15px 0;\n            box-shadow: 0 1px 3px rgba(0,0,0,0.1);\n        }\n        th, td {\n            padding: 12px 15px;\n            text-align: left;\n            border: 1px solid #ddd;\n        }\n        th {\n            background-color: #3ca860;\n            color: white;\n            width: 25%;\n        }\n        tr:nth-child(even) {\n            background-color: #f2f2f2;\n        }\n        tr:hover {\n            background-color: #e9f7fe;\n        }\n        .specs-table th {\n            width: 30%;\n        }\n        .advantages {\n            display: grid;\n            grid-template-columns: repeat(4, 1fr);\n            gap: 15px;\n            margin: 20px 0;\n        }\n        .advantage-card {\n            background-color: #e3f2fd;\n            padding: 15px;\n            border-radius: 5px;\n            border-left: 4px solid #3ca860;\n        }\n        @media (max-width: 768px) {\n            .advantages {\n                grid-template-columns: 1fr;\n            }\n        }\n    <\/style>\n<h1>Solvitaeco 24V 15Ah Lithium-Akku-Pack<\/h1>\n<h2>Grundlegende Informationen<\/h2>\n<table>\n<tr>\n<th>Hafen<\/th>\n<td>Shenzhen, China<\/td>\n<\/tr>\n<tr>\n<th>Produktionskapazit\u00e4t<\/th>\n<td>4.000 Packungen\/Woche<\/td>\n<\/tr>\n<tr>\n<th>Zahlungsbedingungen<\/th>\n<td>L\/C, T\/T, Paypal, Money Gram<\/td>\n<\/tr>\n<tr>\n<th>Modell NO.<\/th>\n<td>DEL-2415<\/td>\n<\/tr>\n<tr>\n<th>Farbe<\/th>\n<td>Blau<\/td>\n<\/tr>\n<tr>\n<th>Markenzeichen<\/th>\n<td>Solvitaeco<\/td>\n<\/tr>\n<tr>\n<th>Transport-Paket<\/th>\n<td>Standard-Exportkarton<\/td>\n<\/tr>\n<tr>\n<th>Herkunft<\/th>\n<td>China<\/td>\n<\/tr>\n<tr>\n<th>HS-Code<\/th>\n<td>8507600090<\/td>\n<\/tr>\n<\/table>\n<h2>Technische Daten<\/h2>\n<table class=\"specs-table\">\n<tr>\n<th>Nennspannung<\/th>\n<td>24V<\/td>\n<\/tr>\n<tr>\n<th>Nennkapazit\u00e4t<\/th>\n<td>15Ah<\/td>\n<\/tr>\n<tr>\n<th>Akku-Typ<\/th>\n<td>18650 Lithium-Ion<\/td>\n<\/tr>\n<tr>\n<th>Konfiguration<\/th>\n<td>7S6P<\/td>\n<\/tr>\n<tr>\n<th>Abmessungen<\/th>\n<td>142*115*68mm<\/td>\n<\/tr>\n<tr>\n<th>Nettogewicht<\/th>\n<td>2.1KG<\/td>\n<\/tr>\n<tr>\n<th>Ladung Spannung<\/th>\n<td>29.4V<\/td>\n<\/tr>\n<tr>\n<th>Standard-Ladestrom<\/th>\n<td>3A<\/td>\n<\/tr>\n<tr>\n<th>Kontinuierlicher Entladestrom<\/th>\n<td>20A<\/td>\n<\/tr>\n<tr>\n<th>Kurzzeitiger Entladestrom<\/th>\n<td>60A<\/td>\n<\/tr>\n<tr>\n<th>Entladeschlussspannung<\/th>\n<td>19.6V<\/td>\n<\/tr>\n<tr>\n<th>Methode der Aufladung<\/th>\n<td>CC\/CV<\/td>\n<\/tr>\n<tr>\n<th>Lebenszyklus<\/th>\n<td>500 Mal<\/td>\n<\/tr>\n<tr>\n<th>Garantie<\/th>\n<td>Ein Jahr<\/td>\n<\/tr>\n<tr>\n<th>Ladung Temperatur<\/th>\n<td>0\u00baC~+45\u00baC<\/td>\n<\/tr>\n<tr>\n<th>Entladetemperatur<\/th>\n<td>-20\u00baC~+60\u00baC<\/td>\n<\/tr>\n<tr>\n<th>BMS-Schutz<\/th>\n<td>\u00dcberladung, \u00dcberentladung, \u00dcberstrom, Kurzschluss<\/td>\n<\/tr>\n<\/table>\n<h2>Produktvorteile<\/h2>\n<div class=\"advantages\">\n<div class=\"advantage-card\">\n            <strong>Umweltfreundlich<\/strong><\/p>\n<p>Kein Quecksilber, nicht umweltsch\u00e4dlich<\/p>\n<\/p><\/div>\n<div class=\"advantage-card\">\n            <strong>Hohe Energiedichte<\/strong><\/p>\n<p>Mehr Leistung bei kompakter Gr\u00f6\u00dfe<\/p>\n<\/p><\/div>\n<div class=\"advantage-card\">\n            <strong>Leichtes Gewicht<\/strong><\/p>\n<p>Nur 2,1 kg f\u00fcr einfache Handhabung<\/p>\n<\/p><\/div>\n<div class=\"advantage-card\">\n            <strong>Geringe Selbstentladung<\/strong><\/p>\n<p>H\u00e4lt die Ladung l\u00e4nger aufrecht<\/p>\n<\/p><\/div>\n<div class=\"advantage-card\">\n            <strong>Lange Zyklusdauer<\/strong><\/p>\n<p>500+ Ladezyklen<\/p>\n<\/p><\/div>\n<div class=\"advantage-card\">\n            <strong>Kein Memory-Effekt<\/strong><\/p>\n<p>Jederzeit ohne Kapazit\u00e4tsverlust aufladen<\/p>\n<\/p><\/div>\n<div class=\"advantage-card\">\n            <strong>Garantierte Sicherheit<\/strong><\/p>\n<p>Kein Feuer, keine Explosion, keine Leckage<\/p>\n<\/p><\/div>\n<div class=\"advantage-card\">\n            <strong>Breite Kompatibilit\u00e4t<\/strong><\/p>\n<p>F\u00fcr verschiedene Elektrofahrzeuge<\/p>\n<\/p><\/div>\n<\/p><\/div>\n<h2>Anwendungen<\/h2>\n<table>\n<tr>\n<th>Elektrisch betriebene Fahrzeuge<\/th>\n<td>Elektrische Fahrr\u00e4der, Motorroller, Autos<\/td>\n<\/tr>\n<tr>\n<th>Notstrom<\/th>\n<td>LED-Leuchten, Taschenlampen, Scheinwerfer<\/td>\n<\/tr>\n<tr>\n<th>Haushaltsger\u00e4te<\/th>\n<td>Staubsauger, elektrisches Spielzeug<\/td>\n<\/tr>\n<tr>\n<th>Unterhaltungselektronik<\/th>\n<td>Powerbanks, Laptops, Kameras<\/td>\n<\/tr>\n<tr>\n<th>Outdoor-Ausr\u00fcstung<\/th>\n<td>Campingbeleuchtung, Fahrradbeleuchtung<\/td>\n<\/tr>\n<tr>\n<th>Werkzeuge<\/th>\n<td>Elektrowerkzeuge, Rasenm\u00e4her<\/td>\n<\/tr>\n<\/table>","protected":false},"excerpt":{"rendered":"<p>\u2714 Hauptmerkmale: 18650 Zellen | 7S6P Konfiguration | 142\u00d7115\u00d768mm | 2.1kg<br \/>\n\u2714 Hohe Leistung: 20A Dauerentladung | 500 Zyklen | -20\u2103~60\u2103 Betriebsbereich<br \/>\n\u2714 Sicherheit: Vierfach-Schutz BMS (\u00dcberladung\/Entladung\/Strom\/Kurzschluss) | CE\/UN38.3 zertifiziert<br \/>\n\u2714 Anwendungen: E-Bikes\/Roller\/Energiespeicher\/Elektrowerkzeuge<\/p>","protected":false},"featured_media":2179,"comment_status":"open","ping_status":"closed","template":"","meta":{"_uag_custom_page_level_css":"","neve_meta_sidebar":"","neve_meta_container":"","neve_meta_enable_content_width":"off","neve_meta_content_width":100,"neve_meta_title_alignment":"","neve_meta_author_avatar":"","neve_post_elements_order":"","neve_meta_disable_header":"","neve_meta_disable_footer":"","neve_meta_disable_title":""},"product_brand":[],"product_cat":[46,45,43],"product_tag":[],"class_list":{"0":"post-2175","1":"product","2":"type-product","3":"status-publish","4":"has-post-thumbnail","6":"product_cat-24v-e-bike-battery","7":"product_cat-e-bike-battery","8":"product_cat-power-battery","10":"first","11":"instock","12":"shipping-taxable","13":"product-type-simple"},"uagb_featured_image_src":{"full":["https:\/\/ecavix.com\/wp-content\/uploads\/2025\/07\/Customized-24V-Li-Ion-Battery-Pack-for-Electric-Bike5-800-800.webp",550,550,false],"thumbnail":["https:\/\/ecavix.com\/wp-content\/uploads\/2025\/07\/Customized-24V-Li-Ion-Battery-Pack-for-Electric-Bike5-800-800-150x150.webp",150,150,true],"medium":["https:\/\/ecavix.com\/wp-content\/uploads\/2025\/07\/Customized-24V-Li-Ion-Battery-Pack-for-Electric-Bike5-800-800-300x300.webp",300,300,true],"medium_large":["https:\/\/ecavix.com\/wp-content\/uploads\/2025\/07\/Customized-24V-Li-Ion-Battery-Pack-for-Electric-Bike5-800-800.webp",550,550,false],"large":["https:\/\/ecavix.com\/wp-content\/uploads\/2025\/07\/Customized-24V-Li-Ion-Battery-Pack-for-Electric-Bike5-800-800.webp",550,550,false],"1536x1536":["https:\/\/ecavix.com\/wp-content\/uploads\/2025\/07\/Customized-24V-Li-Ion-Battery-Pack-for-Electric-Bike5-800-800.webp",550,550,false],"2048x2048":["https:\/\/ecavix.com\/wp-content\/uploads\/2025\/07\/Customized-24V-Li-Ion-Battery-Pack-for-Electric-Bike5-800-800.webp",550,550,false],"trp-custom-language-flag":["https:\/\/ecavix.com\/wp-content\/uploads\/2025\/07\/Customized-24V-Li-Ion-Battery-Pack-for-Electric-Bike5-800-800.webp",12,12,false],"neve-blog":["https:\/\/ecavix.com\/wp-content\/uploads\/2025\/07\/Customized-24V-Li-Ion-Battery-Pack-for-Electric-Bike5-800-800.webp",550,550,false],"woocommerce_thumbnail":["https:\/\/ecavix.com\/wp-content\/uploads\/2025\/07\/Customized-24V-Li-Ion-Battery-Pack-for-Electric-Bike5-800-800-300x300.webp",300,300,true],"woocommerce_single":["https:\/\/ecavix.com\/wp-content\/uploads\/2025\/07\/Customized-24V-Li-Ion-Battery-Pack-for-Electric-Bike5-800-800.webp",550,550,false],"woocommerce_gallery_thumbnail":["https:\/\/ecavix.com\/wp-content\/uploads\/2025\/07\/Customized-24V-Li-Ion-Battery-Pack-for-Electric-Bike5-800-800-100x100.webp",100,100,true]},"uagb_author_info":{"display_name":"solvitaenergylimited@gmail.com","author_link":"https:\/\/ecavix.com\/de\/author\/"},"uagb_comment_info":0,"uagb_excerpt":"\u2714 Key Specs: 18650 cells | 7S6P configuration | 142\u00d7115\u00d768mm | 2.1kg \u2714 High Performance: 20A continuous discharge | 500 cycles | -20\u2103~60\u2103 operating range \u2714 Safety: Quad-protection BMS (overcharge\/discharge\/current\/short circuit) | CE\/UN38.3 certified \u2714 Applications: E-bikes\/scooters\/energy storage\/power tools","_links":{"self":[{"href":"https:\/\/ecavix.com\/de\/wp-json\/wp\/v2\/product\/2175","targetHints":{"allow":["GET"]}}],"collection":[{"href":"https:\/\/ecavix.com\/de\/wp-json\/wp\/v2\/product"}],"about":[{"href":"https:\/\/ecavix.com\/de\/wp-json\/wp\/v2\/types\/product"}],"replies":[{"embeddable":true,"href":"https:\/\/ecavix.com\/de\/wp-json\/wp\/v2\/comments?post=2175"}],"wp:featuredmedia":[{"embeddable":true,"href":"https:\/\/ecavix.com\/de\/wp-json\/wp\/v2\/media\/2179"}],"wp:attachment":[{"href":"https:\/\/ecavix.com\/de\/wp-json\/wp\/v2\/media?parent=2175"}],"wp:term":[{"taxonomy":"product_brand","embeddable":true,"href":"https:\/\/ecavix.com\/de\/wp-json\/wp\/v2\/product_brand?post=2175"},{"taxonomy":"product_cat","embeddable":true,"href":"https:\/\/ecavix.com\/de\/wp-json\/wp\/v2\/product_cat?post=2175"},{"taxonomy":"product_tag","embeddable":true,"href":"https:\/\/ecavix.com\/de\/wp-json\/wp\/v2\/product_tag?post=2175"}],"curies":[{"name":"wp","href":"https:\/\/api.w.org\/{rel}","templated":true}]}}