{"id":3773,"date":"2025-09-25T08:49:45","date_gmt":"2025-09-25T08:49:45","guid":{"rendered":"https:\/\/ecavix.com\/?page_id=3773"},"modified":"2025-11-04T10:12:18","modified_gmt":"2025-11-04T10:12:18","slug":"haufig-gestellte-fragen-faq","status":"publish","type":"page","link":"https:\/\/ecavix.com\/de\/frequently-asked-questions-faq\/","title":{"rendered":"H\u00e4ufig gestellte Fragen (FAQ)"},"content":{"rendered":"<div class=\"wp-block-uagb-container uagb-block-7c77acf5 alignfull uagb-is-root-container\">\n    <style>\n        \/* Scoped Root Element and Reset (Assuming this is an embedded section) *\/\n        #ecavix-faq-embed *, \n        #ecavix-faq-embed *::before, \n        #ecavix-faq-embed *::after {\n            margin: 0;\n            padding: 0;\n            box-sizing: border-box;\n        }\n\n        #ecavix-faq-embed {\n            font-family: 'Inter', -apple-system, BlinkMacSystemFont, sans-serif;\n            background: #000;\n            color: #fff;\n            padding: 120px 60px; \/* Section Padding *\/\n            min-height: 80vh;\n        }\n\n        \/* General Section Header *\/\n        #ecavix-faq-embed .ecavix-section-header {\n            text-align: center;\n            margin-bottom: 80px;\n            padding: 0 20px;\n        }\n\n        #ecavix-faq-embed .ecavix-section-label {\n            font-size: 0.875rem;\n            font-weight: 600;\n            text-transform: uppercase;\n            letter-spacing: 2px;\n            color: #0066FF; \/* Accent color *\/\n            margin-bottom: 16px;\n        }\n\n        #ecavix-faq-embed .ecavix-section-title {\n            font-size: 3.5rem;\n            font-weight: 800;\n            letter-spacing: -2px;\n            margin-bottom: 20px;\n            line-height: 1.1;\n            \/* Gradient for high-end look *\/\n            background: linear-gradient(135deg, #fff 0%, #a0a0a0 100%);\n            -webkit-background-clip: text;\n            -webkit-text-fill-color: transparent;\n            background-clip: text;\n        }\n\n        #ecavix-faq-embed .ecavix-section-description {\n            font-size: 1.25rem;\n            color: #808080;\n            max-width: 900px;\n            margin: 0 auto;\n        }\n\n        \/* FAQ Container and Grid *\/\n        #ecavix-faq-embed .ecavix-faq-container {\n            max-width: 1100px;\n            margin: 0 auto;\n        }\n        \n        #ecavix-faq-embed .ecavix-faq-grid {\n            grid-template-columns: 280px 1fr; \/* Title column and FAQ list column *\/\n            gap: 40px;\n            display: grid;\n        }\n        \n        \/* Sidebar Navigation\/Category List *\/\n        #ecavix-faq-embed .ecavix-faq-sidebar h3 {\n            font-size: 1.5rem;\n            font-weight: 700;\n            margin-bottom: 25px;\n            color: #00d4ff; \/* Secondary accent color *\/\n            border-bottom: 2px solid #00d4ff;\n            padding-bottom: 8px;\n            display: inline-block;\n        }\n        \n        #ecavix-faq-embed .ecavix-faq-sidebar ul {\n            list-style: none;\n            display: flex;\n            flex-direction: column;\n            gap: 15px;\n        }\n\n        #ecavix-faq-embed .ecavix-faq-sidebar ul li a {\n            font-size: 1.05rem;\n            font-weight: 500;\n            color: #b0b0b0;\n            text-decoration: none;\n            display: block;\n            padding: 10px 15px;\n            border-radius: 8px;\n            transition: all 0.3s ease;\n            border-left: 3px solid transparent;\n        }\n        \n        #ecavix-faq-embed .ecavix-faq-sidebar ul li a.active,\n        #ecavix-faq-embed .ecavix-faq-sidebar ul li a:hover {\n            color: #fff;\n            background: #1a1a1a;\n            border-left: 3px solid #0066FF;\n            transform: translateX(5px);\n        }\n\n        \/* FAQ List (Accordion Style) *\/\n        #ecavix-faq-embed .ecavix-faq-list {\n            display: flex;\n            flex-direction: column;\n            gap: 15px;\n        }\n\n        #ecavix-faq-embed .ecavix-faq-group {\n            border-top: 2px solid #1a1a1a;\n            padding-top: 30px;\n        }\n        \n        #ecavix-faq-embed .ecavix-faq-group:first-child {\n            border-top: none;\n            padding-top: 0;\n        }\n\n        #ecavix-faq-embed .ecavix-faq-group h4 {\n            font-size: 1.75rem;\n            font-weight: 700;\n            margin-bottom: 25px;\n            color: #fff;\n            letter-spacing: -0.5px;\n            padding-bottom: 5px;\n            border-bottom: 1px solid #1a1a1a;\n        }\n\n        \/* Individual FAQ Item *\/\n        #ecavix-faq-embed .ecavix-faq-item {\n            background: #0a0a0a;\n            border-radius: 12px;\n            border: 1px solid #1a1a1a;\n            margin-bottom: 15px;\n            overflow: hidden;\n            transition: border-color 0.3s ease;\n        }\n        \n        #ecavix-faq-embed .ecavix-faq-item:hover {\n            border-color: #2a2a2a;\n        }\n\n        #ecavix-faq-embed .ecavix-faq-question {\n            display: flex;\n            justify-content: space-between;\n            align-items: center;\n            padding: 20px 30px;\n            cursor: pointer;\n            font-size: 1.15rem;\n            font-weight: 600;\n            color: #fff;\n            transition: background 0.3s ease;\n        }\n\n        #ecavix-faq-embed .ecavix-faq-question:hover {\n            background: #151515;\n        }\n\n        #ecavix-faq-embed .ecavix-faq-question.active {\n            color: #0066FF;\n            background: #1a1a1a;\n        }\n\n        #ecavix-faq-embed .ecavix-faq-question .ecavix-toggle-icon {\n            font-size: 1.5rem;\n            transition: transform 0.3s ease;\n        }\n\n        #ecavix-faq-embed .ecavix-faq-question.active .ecavix-toggle-icon {\n            transform: rotate(45deg); \/* Plus sign becomes an X *\/\n        }\n        \n        #ecavix-faq-embed .ecavix-faq-answer {\n            max-height: 0;\n            padding: 0 30px;\n            overflow: hidden;\n            transition: max-height 0.4s ease-out, padding 0.4s ease-out;\n            background: #1a1a1a;\n        }\n\n        #ecavix-faq-embed .ecavix-faq-answer.open {\n            max-height: 500px; \/* Increased max-height for longer answers *\/\n            padding: 20px 30px 30px;\n            border-top: 1px solid #2a2a2a;\n        }\n\n        #ecavix-faq-embed .ecavix-faq-answer p {\n            font-size: 1rem;\n            line-height: 1.8;\n            color: #b0b0b0;\n        }\n\n        \/* Responsive Adjustments *\/\n        @media (max-width: 1024px) {\n            #ecavix-faq-embed {\n                padding: 80px 20px;\n            }\n            #ecavix-faq-embed .ecavix-faq-grid {\n                grid-template-columns: 1fr; \/* Stack columns *\/\n                gap: 40px;\n            }\n            #ecavix-faq-embed .ecavix-faq-sidebar {\n                display: none; \/* Hide sidebar on smaller screens, rely on section titles *\/\n            }\n            #ecavix-faq-embed .ecavix-section-title {\n                font-size: 3rem;\n            }\n        }\n        \n        @media (max-width: 768px) {\n             #ecavix-faq-embed .ecavix-section-title {\n                font-size: 2.25rem;\n            }\n             #ecavix-faq-embed .ecavix-faq-question {\n                font-size: 1rem;\n                padding: 15px 20px;\n            }\n             #ecavix-faq-embed .ecavix-faq-answer p {\n                font-size: 0.95rem;\n            }\n            #ecavix-faq-embed .ecavix-faq-group h4 {\n                font-size: 1.5rem;\n            }\n        }\n    <\/style>\n\n\n\n <div id=\"ecavix-faq-embed\">\n\n        <div class=\"ecavix-section-header\">\n            <div class=\"ecavix-section-label\">Antworten auf Ihre wichtigsten Fragen<\/div>\n            <h2 class=\"ecavix-section-title\">Ecavix H\u00e4ufig gestellte Fragen (FAQ)<\/h2>\n            <p class=\"ecavix-section-description\">\n                Wir bieten unseren globalen Partnern und Kunden klare Antworten zu den technischen Spezifikationen, Preismodellen, Zertifizierungen und Anpassungsdienstleistungen f\u00fcr Ecavix LiFePO\u2084-Batterien. Dieser Abschnitt ist f\u00fcr den effizienten Zugriff auf projektkritische Informationen konzipiert.\n            <\/p>\n        <\/div>\n\n        <div class=\"ecavix-faq-container\">\n            <div class=\"ecavix-faq-grid\">\n                \n                <div class=\"ecavix-faq-sidebar\">\n                    <h3>Schnellnavigation<\/h3>\n                    <ul>\n                        <li><a href=\"#tech\" class=\"active\">Technologie &amp; Sicherheit<\/a><\/li>\n                        <li><a href=\"#deploy\">Kompatibilit\u00e4t und Bereitstellung<\/a><\/li>\n                        <li><a href=\"#procurement\">Beschaffung und Anpassung<\/a><\/li>\n                        <li><a href=\"#warranty\">Garantie &amp; Service<\/a><\/li>\n                    <\/ul>\n                <\/div>\n\n                <div class=\"ecavix-faq-list\">\n                    \n                    <div class=\"ecavix-faq-group\" id=\"tech\">\n                        <h4>Technologie &amp; Sicherheit: Die wichtigsten Vorteile von Ecavix<\/h4>\n                        \n                        <div class=\"ecavix-faq-item\">\n                            <div class=\"ecavix-faq-question\" onclick=\"toggleFaq(this)\">\n                                Was ist das BMS und wie gew\u00e4hrleistet es die Systemsicherheit?\n                                <span class=\"ecavix-toggle-icon\">+<\/span>\n                            <\/div>\n                            <div class=\"ecavix-faq-answer\">\n                                <p>Das BMS (Battery Management System) ist das Herzst\u00fcck des Ecavix-Akkupacks. Es \u00fcberwacht wichtige Parameter wie Zellspannung, Stromst\u00e4rke und Temperatur in Echtzeit. Es bietet umfassenden Schutz vor \u00dcberladung, \u00dcberentladung, Kurzschl\u00fcssen und thermischen Ereignissen und sorgt durch intelligentes Zellausgleichen daf\u00fcr, dass der Akku unter allen Bedingungen sicher und zuverl\u00e4ssig funktioniert.<\/p>\n                            <\/div>\n                        <\/div>\n                        \n                        <div class=\"ecavix-faq-item\">\n                            <div class=\"ecavix-faq-question\" onclick=\"toggleFaq(this)\">\n                                Welche Zelltechnologie verwendet Ecavix und wie lang ist die Lebensdauer?\n                                <span class=\"ecavix-toggle-icon\">+<\/span>\n                            <\/div>\n                            <div class=\"ecavix-faq-answer\">\n                                <p>Wir verwenden ausschlie\u00dflich **LiFePO\u2084-Zellen (Lithium-Eisenphosphat) in Automobilqualit\u00e4t**. Diese Chemie bietet \u00fcberlegene thermische Stabilit\u00e4t, inh\u00e4rente Sicherheit und eine extrem lange Lebensdauer von **\u00fcber 6000 Zyklen** bei einer Entladetiefe (DOD) von 80% und garantiert so langfristige Leistung und Zuverl\u00e4ssigkeit f\u00fcr Ihre ESS-Investition.<\/p>\n                            <\/div>\n                        <\/div>\n                        \n                        <div class=\"ecavix-faq-item\">\n                            <div class=\"ecavix-faq-question\" onclick=\"toggleFaq(this)\">\n                                Was ist der sichere Betriebstemperaturbereich f\u00fcr die Rack-Mount-Serie?\n                                <span class=\"ecavix-toggle-icon\">+<\/span>\n                            <\/div>\n                            <div class=\"ecavix-faq-answer\">\n                                <p>Unsere Rack-Mount-Batterien sind auf robuste Leistung ausgelegt. Der empfohlene Betriebstemperaturbereich f\u00fcr die Entladung liegt in der Regel zwischen **-20 \u00b0C und 60 \u00b0C**, f\u00fcr die Ladung zwischen **0 \u00b0C und 45 \u00b0C**. Das intelligente BMS begrenzt automatisch den Strom oder schaltet das System ab, wenn die Temperaturen die Sicherheitsgrenzen \u00fcberschreiten, um die Integrit\u00e4t der Zellen zu gew\u00e4hrleisten.<\/p>\n                            <\/div>\n                        <\/div>\n\n                        <div class=\"ecavix-faq-item\">\n                            <div class=\"ecavix-faq-question\" onclick=\"toggleFaq(this)\">\n                                Aus welchem Material besteht das Geh\u00e4use und welche IP-Schutzart haben die Module?\n                                <span class=\"ecavix-toggle-icon\">+<\/span>\n                            <\/div>\n                            <div class=\"ecavix-faq-answer\">\n                                <p>Die Module verf\u00fcgen \u00fcber ein robustes Metallgeh\u00e4use, das f\u00fcr die 19-Zoll-Rackmontage ausgelegt ist und f\u00fcr eine optimale W\u00e4rmeableitung und robusten Schutz sorgt. Die Standard-Rackmount-Serie verf\u00fcgt \u00fcber die Schutzart **IP20** und eignet sich f\u00fcr die Installation in Innenr\u00e4umen in einer kontrollierten Schrankumgebung. F\u00fcr spezielle Au\u00dfenanwendungen kontaktieren Sie uns bitte, damit wir Ihnen eine ma\u00dfgeschneiderte Geh\u00e4usel\u00f6sung anbieten k\u00f6nnen.<\/p>\n                            <\/div>\n                        <\/div>\n\n                    <\/div>\n                    \n                    <div class=\"ecavix-faq-group\" id=\"deploy\">\n                        <h4>Kompatibilit\u00e4t und Bereitstellung: Nahtlose Integration und Flexibilit\u00e4t<\/h4>\n                        \n                        <div class=\"ecavix-faq-item\">\n                            <div class=\"ecavix-faq-question\" onclick=\"toggleFaq(this)\">\n                                Mit welchen gro\u00dfen Wechselrichtermarken ist die Rack Mount-Serie kompatibel?\n                                <span class=\"ecavix-toggle-icon\">+<\/span>\n                            <\/div>\n                            <div class=\"ecavix-faq-answer\">\n                                <p>Unser intelligentes BMS verf\u00fcgt \u00fcber integrierte **CAN\/RS485-Kommunikationsprotokolle**, die mit den meisten branchenf\u00fchrenden Wechselrichtermarken kompatibel sind, darunter Victron, Deye, Growatt, Solis, SMA und viele mehr. Dies gew\u00e4hrleistet echte Plug-and-Play-Funktionalit\u00e4t, zentralisierte Verwaltung und Systemintegration. Spezifische Kompatibilit\u00e4tslisten sind auf Anfrage erh\u00e4ltlich.<\/p>\n                            <\/div>\n                        <\/div>\n\n                        <div class=\"ecavix-faq-item\">\n                            <div class=\"ecavix-faq-question\" onclick=\"toggleFaq(this)\">\n                                Ist die Systemkapazit\u00e4t flexibel und skalierbar f\u00fcr gro\u00dfe Projekte?\n                                <span class=\"ecavix-toggle-icon\">+<\/span>\n                            <\/div>\n                            <div class=\"ecavix-faq-answer\">\n                                <p>Auf jeden Fall. Die Ecavix Rack Mount-Serie ist f\u00fcr modulare Skalierbarkeit ausgelegt. Sie k\u00f6nnen problemlos bis zu **16 oder mehr Module** (z. B. 5,12-kWh-Module) parallel schalten, um die Kapazit\u00e4t Ihres Systems von einstelligen Kilowattstunden auf Hunderte von Kilowattstunden zu erweitern, wodurch die Anforderungen gro\u00dfer gewerblicher oder industrieller ESS-Projekte perfekt erf\u00fcllt werden.<\/p>\n                            <\/div>\n                        <\/div>\n                        \n                        <div class=\"ecavix-faq-item\">\n                            <div class=\"ecavix-faq-question\" onclick=\"toggleFaq(this)\">\n                                Kann ich Module mit unterschiedlichen Kapazit\u00e4ten (100 Ah, 200 Ah) in einem System kombinieren?\n                                <span class=\"ecavix-toggle-icon\">+<\/span>\n                            <\/div>\n                            <div class=\"ecavix-faq-answer\">\n                                <p>F\u00fcr optimale Leistung, Langlebigkeit und Kommunikationsstabilit\u00e4t empfehlen wir dringend, Module mit unterschiedlichen Amperestunden (Ah)-Werten (z. B. 100 Ah und 200 Ah) nicht innerhalb derselben Parallelgruppe zu mischen. Alle Module in einem einzelnen System sollten dieselbe Kapazit\u00e4t und Modellnummer aufweisen.<\/p>\n                            <\/div>\n                        <\/div>\n\n                    <\/div>\n\n                    <div class=\"ecavix-faq-group\" id=\"procurement\">\n                        <h4>Beschaffung und Anpassung: Partnerschaft und Bestellvorgang<\/h4>\n                        \n                        <div class=\"ecavix-faq-item\">\n                            <div class=\"ecavix-faq-question\" onclick=\"toggleFaq(this)\">\n                                Verf\u00fcgen Ecavix-Batterien \u00fcber internationale Zertifizierungen?\n                                <span class=\"ecavix-toggle-icon\">+<\/span>\n                            <\/div>\n                            <div class=\"ecavix-faq-answer\">\n                                <p>Ja. Alle unsere Produkte unterliegen strengen Qualit\u00e4tskontrollen und verf\u00fcgen \u00fcber wichtige globale Zertifizierungen, darunter **UL, CE, IEC 62619, FCC, UN38.3** (f\u00fcr den Transport) und weitere. Diese Zertifizierungen best\u00e4tigen, dass unsere Produkte den h\u00f6chsten internationalen Sicherheits- und Qualit\u00e4tsstandards f\u00fcr den weltweiten Einsatz und Vertrieb entsprechen.<\/p>\n                            <\/div>\n                        <\/div>\n\n                        <div class=\"ecavix-faq-item\">\n                            <div class=\"ecavix-faq-question\" onclick=\"toggleFaq(this)\">\n                                Bieten Sie ma\u00dfgeschneiderte Batteriel\u00f6sungen (OEM\/ODM) an?\n                                <span class=\"ecavix-toggle-icon\">+<\/span>\n                            <\/div>\n                            <div class=\"ecavix-faq-answer\">\n                                <p>Wir begr\u00fc\u00dfen OEM\/ODM-Partnerschaften. Unsere Anpassungsdienstleistungen umfassen umfassende Modifikationen, von der Optimierung der Zellkonfiguration \u00fcber die Entwicklung propriet\u00e4rer BMS-Firmware und spezifische Anpassungen des Wechselrichterprotokolls bis hin zu ma\u00dfgeschneiderten Geh\u00e4useabmessungen und Steckverbinderkonstruktionen, um eine perfekte \u00dcbereinstimmung mit Ihren individuellen Projektspezifikationen und Ihrem Branding zu gew\u00e4hrleisten.<\/p>\n                            <\/div>\n                        <\/div>\n                        \n                         <div class=\"ecavix-faq-item\">\n                            <div class=\"ecavix-faq-question\" onclick=\"toggleFaq(this)\">\n                                Was ist die Mindestbestellmenge (MOQ) und die Lieferzeit?\n                                <span class=\"ecavix-toggle-icon\">+<\/span>\n                            <\/div>\n                            <div class=\"ecavix-faq-answer\">\n                                <p>F\u00fcr Standardmodelle betr\u00e4gt die Mindestbestellmenge in der Regel **10 Einheiten** pro Kapazit\u00e4tsmodell. Die Lieferzeiten variieren je nach Auftragsgr\u00f6\u00dfe und aktueller Produktionskapazit\u00e4t und liegen in der Regel zwischen **4 und 6 Wochen** nach Best\u00e4tigung der Anzahlung und der endg\u00fcltigen Spezifikationen. Bei Gro\u00dfauftr\u00e4gen oder kundenspezifischen L\u00f6sungen wenden Sie sich bitte direkt an unser Vertriebsteam, um ein genaues Angebot und einen genauen Zeitplan zu erhalten.<\/p>\n                            <\/div>\n                        <\/div>\n\n                    <\/div>\n                    \n                    <div class=\"ecavix-faq-group\" id=\"warranty\">\n                        <h4>Garantie &amp; Service: Unser Engagement f\u00fcr Zuverl\u00e4ssigkeit<\/h4>\n                        \n                        <div class=\"ecavix-faq-item\">\n                            <div class=\"ecavix-faq-question\" onclick=\"toggleFaq(this)\">\n                                Wie lang ist die Garantiezeit f\u00fcr Ecavix-Produkte?\n                                <span class=\"ecavix-toggle-icon\">+<\/span>\n                            <\/div>\n                            <div class=\"ecavix-faq-answer\">\n                                <p>Wir bieten eine branchenf\u00fchrende **10-j\u00e4hrige beschr\u00e4nkte Garantie**. Dieses Vertrauen basiert auf der Verwendung hochwertiger Zellen der Klasse A und fortschrittlicher BMS-Technologie, die eine langfristig zuverl\u00e4ssige Leistung und maximale Rendite Ihrer Investition \u00fcber die gesamte Lebensdauer des Systems gew\u00e4hrleisten.<\/p>\n                            <\/div>\n                        <\/div>\n\n                        <div class=\"ecavix-faq-item\">\n                            <div class=\"ecavix-faq-question\" onclick=\"toggleFaq(this)\">\n                                Welche Art von technischem Support steht nach dem Kauf zur Verf\u00fcgung?\n                                <span class=\"ecavix-toggle-icon\">+<\/span>\n                            <\/div>\n                            <div class=\"ecavix-faq-answer\">\n                                <p>Wir bieten unseren Partnern mehrstufigen technischen Support, darunter professionelle Beratung zum Systemdesign vor dem Kauf, detaillierte Installationsanleitungen und Handb\u00fccher, Remote-BMS-Diagnosen und Over-the-Air-Firmware-Update-Services. Unser mehrsprachiges Technikteam gew\u00e4hrleistet einen effizienten und zeitnahen Support f\u00fcr Kunden weltweit.<\/p>\n                            <\/div>\n                        <\/div>\n                    <\/div>\n\n                <\/div>\n            <\/div>\n        <\/div>\n\n    <\/div> \n    \n    <script>\n        \/\/ JavaScript for Accordion Toggle functionality\n        function toggleFaq(element) {\n            const item = element.closest('.ecavix-faq-item');\n            const answer = item.querySelector('.ecavix-faq-answer');\n            \n            \/\/ Check if it's already open\n            const isOpen = answer.classList.contains('open');\n\n            \/\/ Close all other open answers\n            document.querySelectorAll('.ecavix-faq-answer.open').forEach(openAnswer => {\n                if (openAnswer !== answer) {\n                    openAnswer.classList.remove('open');\n                    openAnswer.closest('.ecavix-faq-item').querySelector('.ecavix-faq-question').classList.remove('active');\n                }\n            });\n\n            \/\/ Toggle the current one\n            element.classList.toggle('active', !isOpen);\n            answer.classList.toggle('open', !isOpen);\n        }\n        \n        \/\/ Optional: Sidebar smooth scroll & active state logic (simplified for FAQ context)\n        document.querySelectorAll('.ecavix-faq-sidebar ul li a').forEach(anchor => {\n            anchor.addEventListener('click', function (e) {\n                e.preventDefault();\n                const targetId = this.getAttribute('href');\n                const targetElement = document.querySelector(targetId);\n                \n                \/\/ Scroll the main content wrapper (or window) to the target group\n                if (targetElement) {\n                    window.scrollTo({\n                        top: targetElement.offsetTop,\n                        behavior: 'smooth'\n                    });\n                }\n                \n                \/\/ Update active state (optional, visual only)\n                document.querySelectorAll('.ecavix-faq-sidebar ul li a').forEach(item => item.classList.remove('active'));\n                this.classList.add('active');\n            });\n        });\n    <\/script>\n<\/div>","protected":false},"excerpt":{"rendered":"<p>Your Core Questions Answered Ecavix Frequently Asked Questions (FAQ) Providing our global partners and clients with crystal-clear answers regarding the technical specifications, pricing models, certifications, and customization services for Ecavix LiFePO\u2084 batteries. This section is designed for efficient, project-critical information access. Quick Navigation Technology &#038; Safety Compatibility &#038; Deployment Procurement &#038; Customization Warranty &#038; Service&hellip;&nbsp;<a href=\"https:\/\/ecavix.com\/de\/frequently-asked-questions-faq\/\" rel=\"bookmark\"><span class=\"screen-reader-text\">H\u00e4ufig gestellte Fragen (FAQ)<\/span><\/a><\/p>","protected":false},"author":1,"featured_media":0,"parent":0,"menu_order":0,"comment_status":"closed","ping_status":"closed","template":"","meta":{"_uag_custom_page_level_css":"","neve_meta_sidebar":"","neve_meta_container":"","neve_meta_enable_content_width":"","neve_meta_content_width":0,"neve_meta_title_alignment":"","neve_meta_author_avatar":"","neve_post_elements_order":"","neve_meta_disable_header":"","neve_meta_disable_footer":"","neve_meta_disable_title":"","footnotes":""},"class_list":["post-3773","page","type-page","status-publish","hentry"],"uagb_featured_image_src":{"full":false,"thumbnail":false,"medium":false,"medium_large":false,"large":false,"1536x1536":false,"2048x2048":false,"trp-custom-language-flag":false,"neve-blog":false,"woocommerce_thumbnail":false,"woocommerce_single":false,"woocommerce_gallery_thumbnail":false},"uagb_author_info":{"display_name":"solvitaenergylimited@gmail.com","author_link":"https:\/\/ecavix.com\/de\/author\/solvitaenergylimitedgmail-com\/"},"uagb_comment_info":0,"uagb_excerpt":"Your Core Questions Answered Ecavix Frequently Asked Questions (FAQ) Providing our global partners and clients with crystal-clear answers regarding the technical specifications, pricing models, certifications, and customization services for Ecavix LiFePO\u2084 batteries. This section is designed for efficient, project-critical information access. Quick Navigation Technology &#038; Safety Compatibility &#038; Deployment Procurement &#038; Customization Warranty &#038; Service&hellip;&nbsp;Frequently&hellip;","_links":{"self":[{"href":"https:\/\/ecavix.com\/de\/wp-json\/wp\/v2\/pages\/3773","targetHints":{"allow":["GET"]}}],"collection":[{"href":"https:\/\/ecavix.com\/de\/wp-json\/wp\/v2\/pages"}],"about":[{"href":"https:\/\/ecavix.com\/de\/wp-json\/wp\/v2\/types\/page"}],"author":[{"embeddable":true,"href":"https:\/\/ecavix.com\/de\/wp-json\/wp\/v2\/users\/1"}],"replies":[{"embeddable":true,"href":"https:\/\/ecavix.com\/de\/wp-json\/wp\/v2\/comments?post=3773"}],"version-history":[{"count":1,"href":"https:\/\/ecavix.com\/de\/wp-json\/wp\/v2\/pages\/3773\/revisions"}],"predecessor-version":[{"id":4642,"href":"https:\/\/ecavix.com\/de\/wp-json\/wp\/v2\/pages\/3773\/revisions\/4642"}],"wp:attachment":[{"href":"https:\/\/ecavix.com\/de\/wp-json\/wp\/v2\/media?parent=3773"}],"curies":[{"name":"wp","href":"https:\/\/api.w.org\/{rel}","templated":true}]}}