{"id":3548,"date":"2025-09-05T09:42:08","date_gmt":"2025-09-05T09:42:08","guid":{"rendered":"https:\/\/ecavix.com\/?page_id=3548"},"modified":"2025-09-05T09:44:44","modified_gmt":"2025-09-05T09:44:44","slug":"welche-solarbatterie-ist-die-beste-2025-anleitung","status":"publish","type":"page","link":"https:\/\/ecavix.com\/de\/which-solar-battery-is-the-best-2025-guide\/","title":{"rendered":"Which solar battery is the best &#8211; 2025 Guide"},"content":{"rendered":"<div class=\"wp-block-uagb-container uagb-block-b129d934 default uagb-is-root-container\">\n<h2 class=\"wp-block-heading\" style=\"padding-top:0;padding-right:var(--wp--preset--spacing--40);padding-bottom:0;padding-left:var(--wp--preset--spacing--40)\">Einf\u00fchrung<\/h2>\n\n\n\n<p>Die Solarenergie entwickelt sich zu einer der am schnellsten wachsenden erneuerbaren Energiequellen der Welt. Da immer mehr Hausbesitzer, Unternehmen und netzunabh\u00e4ngige Nutzer in Solarmodule investieren, stellt sich oft die Frage: <strong>Welche Solarbatterie ist die beste?<\/strong><\/p>\n\n\n\n<p>Die Wahl der richtigen Solarbatterie kann eine Herausforderung sein, da es verschiedene Typen gibt, die jeweils ihre Vor- und Nachteile haben. Welche Solarbatterie f\u00fcr Sie die beste ist, h\u00e4ngt von Ihren <strong>Budget, Energiebedarf, Bauraum und langfristige Ziele<\/strong>.<\/p>\n\n\n\n<p>In diesem Leitfaden werden die g\u00e4ngigsten Optionen f\u00fcr Solarbatterien beschrieben.<strong>Blei-S\u00e4ure-, AGM-, Gel- und Lithium-Eisen-Phosphat-Batterien (LiFePO4)<\/strong>-um Ihnen zu helfen, die richtige Entscheidung zu treffen.<\/p>\n<\/div>\n\n\n\n<h2 class=\"wp-block-heading\">1. Warum brauchen Sie eine Solarbatterie?<\/h2>\n\n\n\n<p>Mit Solarbatterien k\u00f6nnen Sie <strong>\u00dcberschuss speichern <a href=\"https:\/\/ecavix.com\/de\/\">Energie<\/a><\/strong> die tags\u00fcber erzeugt wird, f\u00fcr die Nutzung in der Nacht oder bei Stromausf\u00e4llen. Die Vorteile umfassen:<\/p>\n\n\n\n<ul class=\"wp-block-list\">\n<li><strong>Energieunabh\u00e4ngigkeit<\/strong>: Verringerung der Abh\u00e4ngigkeit vom Stromnetz.<\/li>\n\n\n\n<li><strong>Reservestrom<\/strong>: Sch\u00fctzen Sie sich vor Stromausf\u00e4llen und Stromknappheit.<\/li>\n\n\n\n<li><strong>Kosteneinsparungen<\/strong>: Speichern Sie Solarstrom, wenn er im \u00dcberfluss vorhanden ist, und nutzen Sie ihn bei Spitzenbedarf.<\/li>\n\n\n\n<li><strong>Nachhaltigkeit<\/strong>: Ein Schritt zu einem saubereren, gr\u00fcneren Lebensstil.<\/li>\n<\/ul>\n\n\n\n<p>Ohne Batterie funktioniert Ihre Solaranlage nur, wenn die Sonne scheint. Mit der richtigen Batterie k\u00f6nnen Sie genie\u00dfen <strong>24\/7 saubere Energie<\/strong>.<\/p>\n\n\n\n<p><\/p>\n\n\n<div class=\"wp-block-image\">\n<figure class=\"aligncenter size-large\"><img decoding=\"async\" width=\"1024\" height=\"768\" src=\"https:\/\/ecavix.com\/wp-content\/uploads\/2025\/09\/pexels-photo-9875683-9875683-1024x768.jpg\" alt=\"Die Solarenergie wird zu einer der am schnellsten wachsenden erneuerbaren Energiequellen der Welt. Da immer mehr Hausbesitzer, Unternehmen und netzunabh\u00e4ngige Nutzer in Solarmodule investieren, stellt sich oft die Frage: Welche Solarbatterie ist die beste?\" class=\"wp-image-3549\" srcset=\"https:\/\/ecavix.com\/wp-content\/uploads\/2025\/09\/pexels-photo-9875683-9875683-1024x768.jpg 1024w, https:\/\/ecavix.com\/wp-content\/uploads\/2025\/09\/pexels-photo-9875683-9875683-300x225.jpg 300w, https:\/\/ecavix.com\/wp-content\/uploads\/2025\/09\/pexels-photo-9875683-9875683-768x576.jpg 768w, https:\/\/ecavix.com\/wp-content\/uploads\/2025\/09\/pexels-photo-9875683-9875683-1536x1152.jpg 1536w, https:\/\/ecavix.com\/wp-content\/uploads\/2025\/09\/pexels-photo-9875683-9875683-2048x1536.jpg 2048w, https:\/\/ecavix.com\/wp-content\/uploads\/2025\/09\/pexels-photo-9875683-9875683-600x450.jpg 600w\" sizes=\"(max-width: 1024px) 100vw, 1024px\" \/><\/figure>\n<\/div>\n\n\n<p><\/p>\n\n\n\n<h2 class=\"wp-block-heading\">2. Arten von Solarbatterien<\/h2>\n\n\n\n<h3 class=\"wp-block-heading\">2.1 <a href=\"https:\/\/ecavix.com\/de\/product-category\/wohnbatterie\/blei-saure-ersatz\/\">Blei-S\u00e4ure-Batterien<\/a><\/h3>\n\n\n\n<p>Blei-S\u00e4ure-Batterien sind die <strong>\u00e4lteste und g\u00fcnstigste<\/strong> Option der Solarspeicherung.<\/p>\n\n\n\n<ul class=\"wp-block-list\">\n<li><strong>Profis<\/strong>: Geringe Anfangskosten, weithin verf\u00fcgbar, bew\u00e4hrte Technologie.<\/li>\n\n\n\n<li><strong>Nachteile<\/strong>: K\u00fcrzere Lebensdauer, geringerer Wirkungsgrad, schwer, wartungsintensiv.<\/li>\n\n\n\n<li><strong>Am besten f\u00fcr<\/strong>: Kleine netzunabh\u00e4ngige Systeme mit begrenztem Budget.<\/li>\n<\/ul>\n\n\n\n<h3 class=\"wp-block-heading\">2.2 AGM-Batterien (Absorbierende Glasmatte)<\/h3>\n\n\n\n<p>AGM ist eine Art verschlossener Blei-S\u00e4ure-Batterie, die <strong>wartungsfrei<\/strong>.<\/p>\n\n\n\n<ul class=\"wp-block-list\">\n<li><strong>Profis<\/strong>: Sicherer als herk\u00f6mmliche Blei-S\u00e4ure-Akkus, auslaufsicher, bessere Lebensdauer.<\/li>\n\n\n\n<li><strong>Nachteile<\/strong>: Immer noch schwer, k\u00fcrzere Lebensdauer als Lithium.<\/li>\n\n\n\n<li><strong>Am besten f\u00fcr<\/strong>: Wohnmobile, Boote und Reservelager.<\/li>\n<\/ul>\n\n\n\n<h3 class=\"wp-block-heading\">2.3 Gel-Batterien<\/h3>\n\n\n\n<p>Gel-Batterien sind ein weiterer verschlossener Blei-S\u00e4ure-Typ, der einen Gel-Elektrolyt verwendet.<\/p>\n\n\n\n<ul class=\"wp-block-list\">\n<li><strong>Profis<\/strong>: Gute Deep-Cycle-Leistung, sicher, minimale Wartung.<\/li>\n\n\n\n<li><strong>Nachteile<\/strong>: Empfindlich gegen\u00fcber hohen Lade-\/Entladeraten, nicht ideal f\u00fcr schwere Lasten.<\/li>\n\n\n\n<li><strong>Am besten f\u00fcr<\/strong>: Kleine Solaranlagen in milden Klimazonen.<\/li>\n<\/ul>\n\n\n\n<h3 class=\"wp-block-heading\">2.4 Lithium-Eisenphosphat-Batterien (LiFePO4)<\/h3>\n\n\n\n<p>LiFePO4-Batterien sind die <strong>am fortschrittlichsten und effizientesten<\/strong> Solarspeicheroption heute.<\/p>\n\n\n\n<ul class=\"wp-block-list\">\n<li><strong>Profis<\/strong>:\n<ul class=\"wp-block-list\">\n<li>Lange Lebensdauer (\u00fcber 4.000-6.000 Zyklen)<\/li>\n\n\n\n<li>Hohe Energiedichte (leicht, kompakt)<\/li>\n\n\n\n<li>Sichere und stabile Chemie<\/li>\n\n\n\n<li>Schnelles Laden und Entladen<\/li>\n\n\n\n<li>Wartungsfrei<\/li>\n<\/ul>\n<\/li>\n\n\n\n<li><strong>Nachteile<\/strong>: H\u00f6here Anfangskosten (aber billiger \u00fcber die Lebensdauer).<\/li>\n\n\n\n<li><strong>Am besten f\u00fcr<\/strong>: Energiespeicherung zu Hause, netzunabh\u00e4ngige Systeme, Wohnmobile, Solarparks.<\/li>\n<\/ul>\n\n\n\n<p><\/p>\n\n\n\n<div class=\"wp-block-uagb-image uagb-block-ac5c7928 wp-block-uagb-image--layout-default wp-block-uagb-image--effect-static wp-block-uagb-image--align-none\"><figure class=\"wp-block-uagb-image__figure\"><img decoding=\"async\" srcset=\"https:\/\/ecavix.com\/wp-content\/uploads\/2025\/09\/ga05e2a24434298a52720d5252c4bbcfb71a68135adbbc6fbe8a83b9b6dde503f5d7650e9845a7390faaaad16e4cc1d26cf5366e5647080b3df65c1da9cf0b44b_1280-2138992-1024x674.jpg ,https:\/\/ecavix.com\/wp-content\/uploads\/2025\/09\/ga05e2a24434298a52720d5252c4bbcfb71a68135adbbc6fbe8a83b9b6dde503f5d7650e9845a7390faaaad16e4cc1d26cf5366e5647080b3df65c1da9cf0b44b_1280-2138992.jpg 780w, https:\/\/ecavix.com\/wp-content\/uploads\/2025\/09\/ga05e2a24434298a52720d5252c4bbcfb71a68135adbbc6fbe8a83b9b6dde503f5d7650e9845a7390faaaad16e4cc1d26cf5366e5647080b3df65c1da9cf0b44b_1280-2138992.jpg 360w\" sizes=\"auto, (max-width: 480px) 150px\" src=\"https:\/\/ecavix.com\/wp-content\/uploads\/2025\/09\/ga05e2a24434298a52720d5252c4bbcfb71a68135adbbc6fbe8a83b9b6dde503f5d7650e9845a7390faaaad16e4cc1d26cf5366e5647080b3df65c1da9cf0b44b_1280-2138992-1024x674.jpg\" alt=\"Photovoltaik, Photovoltaikanlage, Solaranlage, Solar, Solarenergie, Solarzelle, Stromerzeugung, Solarmodul, Energiewende, Energie, Strom, Solarstrom, erneuerbar, Solarfeld, Solarzellen, Sonne, Himmel, Spannung, Natur, Technik, Umwelt, Stromversorgung, Licht, Wolken, erneuerbare Energie\" class=\"uag-image-3550\" width=\"1024\" height=\"674\" title=\"ga05e2a24434298a52720d5252c4bbcfb71a68135adbbc6fbe8a83b9b6dde503f5d7650e9845a7390faaaad16e4cc1d26cf5366e5647080b3df65c1da9cf0b44b_1280-2138992\" loading=\"lazy\" role=\"img\"\/><\/figure><\/div>\n\n\n\n<p><\/p>\n\n\n\n<h2 class=\"wp-block-heading\">3. Wichtige Faktoren, die bei der Auswahl einer Solarbatterie zu ber\u00fccksichtigen sind<\/h2>\n\n\n\n<h3 class=\"wp-block-heading\">3.1 Kapazit\u00e4t (kWh)<\/h3>\n\n\n\n<p>Die Kapazit\u00e4t bestimmt, wie viel Energie Ihre Batterie speichern kann. Gr\u00f6\u00dfere Haushalte oder Unternehmen ben\u00f6tigen m\u00f6glicherweise <strong>10kWh+<\/strong>, w\u00e4hrend f\u00fcr Wohnmobile oder H\u00fctten m\u00f6glicherweise nur <strong>2-5kWh<\/strong>.<\/p>\n\n\n\n<h3 class=\"wp-block-heading\">3.2 Entladungstiefe (DoD)<\/h3>\n\n\n\n<p>DoD gibt an, wie viel von der Kapazit\u00e4t des Akkus genutzt werden kann. LiFePO4-Batterien bieten bis zu <strong>90-100% DoD<\/strong>, w\u00e4hrend Blei-S\u00e4ure normalerweise <strong>50%<\/strong>.<\/p>\n\n\n\n<h3 class=\"wp-block-heading\">3.3 Lebensdauer (Cycle Life)<\/h3>\n\n\n\n<p>Die Anzahl der Lade-\/Entladezyklen, die eine Batterie bew\u00e4ltigen kann.<\/p>\n\n\n\n<ul class=\"wp-block-list\">\n<li>Blei-S\u00e4ure: ~500-1.000 Zyklen<\/li>\n\n\n\n<li>AGM\/Gel: ~1.000-1.500 Zyklen<\/li>\n\n\n\n<li>LiFePO4: ~4.000-6.000 Zyklen<\/li>\n<\/ul>\n\n\n\n<h3 class=\"wp-block-heading\">3.4 Wirkungsgrad<\/h3>\n\n\n\n<p>Wie viel gespeicherte Energie kann genutzt werden.<\/p>\n\n\n\n<ul class=\"wp-block-list\">\n<li>Blei-S\u00e4ure: 70-80%<\/li>\n\n\n\n<li>LiFePO4: 95-98%<\/li>\n<\/ul>\n\n\n\n<h3 class=\"wp-block-heading\">3.5 Sicherheit<\/h3>\n\n\n\n<p>LiFePO4 gilt als die sicherste Chemie f\u00fcr Solarspeicher mit ausgezeichneter thermischer Stabilit\u00e4t.<\/p>\n\n\n\n<p><\/p>\n\n\n<div class=\"wp-block-image\">\n<figure class=\"aligncenter size-large\"><img decoding=\"async\" width=\"1024\" height=\"768\" src=\"https:\/\/ecavix.com\/wp-content\/uploads\/2025\/09\/pexels-photo-9875439-9875439-1024x768.jpg\" alt=\"Nahaufnahme eines Solarmoduls auf einem Ziegeldach, das saubere Energie einf\u00e4ngt.\" class=\"wp-image-3551\" srcset=\"https:\/\/ecavix.com\/wp-content\/uploads\/2025\/09\/pexels-photo-9875439-9875439-1024x768.jpg 1024w, https:\/\/ecavix.com\/wp-content\/uploads\/2025\/09\/pexels-photo-9875439-9875439-300x225.jpg 300w, https:\/\/ecavix.com\/wp-content\/uploads\/2025\/09\/pexels-photo-9875439-9875439-768x576.jpg 768w, https:\/\/ecavix.com\/wp-content\/uploads\/2025\/09\/pexels-photo-9875439-9875439-1536x1152.jpg 1536w, https:\/\/ecavix.com\/wp-content\/uploads\/2025\/09\/pexels-photo-9875439-9875439-2048x1536.jpg 2048w, https:\/\/ecavix.com\/wp-content\/uploads\/2025\/09\/pexels-photo-9875439-9875439-600x450.jpg 600w\" sizes=\"(max-width: 1024px) 100vw, 1024px\" \/><\/figure>\n<\/div>\n\n\n<p><\/p>\n\n\n\n<h2 class=\"wp-block-heading\">4. Beste Solarbatterie f\u00fcr verschiedene Anwendungsf\u00e4lle<\/h2>\n\n\n\n<ul class=\"wp-block-list\">\n<li><strong>Beste Gesamtleistung<\/strong>: LiFePO4-Akku (lange Lebensdauer, effizient, sicher)<\/li>\n\n\n\n<li><strong>Beste Budget-Option<\/strong>: Blei-S\u00e4ure-Batterie (niedrige Anfangskosten)<\/li>\n\n\n\n<li><strong>Am besten f\u00fcr Off-Grid-H\u00fctten\/RVs<\/strong>: LiFePO4-Akku (leicht, zuverl\u00e4ssig)<\/li>\n\n\n\n<li><strong>Am besten f\u00fcr kleine Solarprojekte<\/strong>: Gel- oder AGM-Batterie (kosteng\u00fcnstig und wartungsarm)<\/li>\n\n\n\n<li><strong>Am besten f\u00fcr langfristige Investitionen<\/strong>: LiFePO4-Akku (niedrigste Lebensdauerkosten)<\/li>\n<\/ul>\n\n\n\n<hr class=\"wp-block-separator has-alpha-channel-opacity\"\/>\n\n\n\n<h2 class=\"wp-block-heading\">5. Warum LiFePO4-Batterien die Zukunft der Solarspeicherung sind<\/h2>\n\n\n\n<p>W\u00e4hrend in der Vergangenheit Blei-S\u00e4ure-Batterien den Markt beherrschten, verschiebt sich der Trend in Richtung <strong>LiFePO4-Technologie<\/strong> wegen seiner:<\/p>\n\n\n\n<ul class=\"wp-block-list\">\n<li><strong>Haltbarkeit<\/strong> (10+ Jahre Lebensdauer)<\/li>\n\n\n\n<li><strong>Hohe Effizienz<\/strong> (bessere Energieausnutzung)<\/li>\n\n\n\n<li><strong>Umweltfreundlichkeit<\/strong> (keine sch\u00e4dlichen Schwermetalle)<\/li>\n\n\n\n<li><strong>Niedrigere Kosten pro Zyklus<\/strong> (am billigsten bei langfristiger Nutzung)<\/li>\n<\/ul>\n\n\n\n<p>Viele f\u00fchrende Solarspeichersysteme (wie die Tesla Powerwall-Alternativen) verwenden jetzt <strong>LiFePO4-Batterien<\/strong>.<\/p>\n\n\n\n<p><\/p>\n\n\n<div class=\"wp-block-image\">\n<figure class=\"aligncenter size-large\"><img decoding=\"async\" width=\"768\" height=\"1024\" src=\"https:\/\/ecavix.com\/wp-content\/uploads\/2025\/09\/pexels-photo-9875407-9875407-768x1024.jpg\" alt=\"Ein Arbeiter installiert ein Solarmodul auf dem Dach eines Wohnhauses, um die Technologie der erneuerbaren Energien zu demonstrieren.\" class=\"wp-image-3552\" srcset=\"https:\/\/ecavix.com\/wp-content\/uploads\/2025\/09\/pexels-photo-9875407-9875407-768x1024.jpg 768w, https:\/\/ecavix.com\/wp-content\/uploads\/2025\/09\/pexels-photo-9875407-9875407-225x300.jpg 225w, https:\/\/ecavix.com\/wp-content\/uploads\/2025\/09\/pexels-photo-9875407-9875407-1152x1536.jpg 1152w, https:\/\/ecavix.com\/wp-content\/uploads\/2025\/09\/pexels-photo-9875407-9875407-1536x2048.jpg 1536w, https:\/\/ecavix.com\/wp-content\/uploads\/2025\/09\/pexels-photo-9875407-9875407-600x800.jpg 600w, https:\/\/ecavix.com\/wp-content\/uploads\/2025\/09\/pexels-photo-9875407-9875407-scaled.jpg 1920w\" sizes=\"(max-width: 768px) 100vw, 768px\" \/><\/figure>\n<\/div>\n\n\n<p><\/p>\n\n\n\n<hr class=\"wp-block-separator has-alpha-channel-opacity\"\/>\n\n\n\n<h2 class=\"wp-block-heading\">6. Kostenvergleich (Lifetime Value)<\/h2>\n\n\n\n<figure class=\"wp-block-table\"><table class=\"has-fixed-layout\"><thead><tr><th>Akku-Typ<\/th><th>Vorabkosten<\/th><th>Lebenserwartung<\/th><th>Kosten pro kWh (Lebensdauer)<\/th><\/tr><\/thead><tbody><tr><td>Blei-S\u00e4ure<\/td><td>Niedrig<\/td><td>3\u20135 Jahre<\/td><td>Hoch<\/td><\/tr><tr><td>AGM<\/td><td>M\u00e4\u00dfig<\/td><td>4-6 Jahre<\/td><td>Mittel<\/td><\/tr><tr><td>Gel<\/td><td>M\u00e4\u00dfig<\/td><td>5\u20137 Jahre<\/td><td>Mittel<\/td><\/tr><tr><td>LiFePO4<\/td><td>H\u00f6her<\/td><td>10\u201315 Jahre<\/td><td>Niedrigste<\/td><\/tr><\/tbody><\/table><\/figure>\n\n\n\n<p>Obwohl <strong>LiFePO4 hat eine h\u00f6here Anfangsinvestition<\/strong>, wird er zum <strong>am kosteng\u00fcnstigsten<\/strong> Option im Laufe der Zeit.<\/p>\n\n\n\n<hr class=\"wp-block-separator has-alpha-channel-opacity\"\/>\n\n\n\n<h2 class=\"wp-block-heading\">Schlussfolgerung<\/h2>\n\n\n\n<p>Also, <strong>Welche Solarbatterie ist die beste?<\/strong><\/p>\n\n\n\n<ul class=\"wp-block-list\">\n<li>Wenn Sie wollen <strong>die zuverl\u00e4ssigste, langlebigste und effizienteste Option<\/strong> \u2192 <strong>LiFePO4-Batterien<\/strong> sind die beste Wahl.<\/li>\n\n\n\n<li>Wenn Sie in einem <strong>knappes Budget<\/strong> und ben\u00f6tigen nur eine kurzfristige Speicherung \u2192 <strong>Blei-S\u00e4ure oder AGM<\/strong> kann funktionieren.<\/li>\n\n\n\n<li>F\u00fcr alle, die sich f\u00fcr <strong>langfristige Energieunabh\u00e4ngigkeit<\/strong> und <strong>Nachhaltigkeit<\/strong>, ist LiFePO4 der klare Sieger.<\/li>\n<\/ul>\n\n\n\n<p>Die Investition in die richtige Solarbatterie bedeutet mehr als nur die Speicherung von Energie - sie bedeutet, dass Sie Ihr Haus, Ihr Wohnmobil oder Ihr Unternehmen mit Strom versorgen k\u00f6nnen. <strong>saubere, zuverl\u00e4ssige und zukunftssichere Technologie<\/strong>.<\/p>","protected":false},"excerpt":{"rendered":"<p>Introduction Solar energy is becoming one of the fastest-growing renewable power sources in the world. As more homeowners, businesses, and off-grid users invest in solar panels, the question often arises: which solar battery is the best? Choosing the right solar battery can be challenging because there are several types available, each with its pros and&hellip;&nbsp;<a href=\"https:\/\/ecavix.com\/de\/which-solar-battery-is-the-best-2025-guide\/\" rel=\"bookmark\"><span class=\"screen-reader-text\">Which solar battery is the best &#8211; 2025 Guide<\/span><\/a><\/p>","protected":false},"author":1,"featured_media":3551,"parent":0,"menu_order":0,"comment_status":"closed","ping_status":"closed","template":"","meta":{"_uag_custom_page_level_css":"","neve_meta_sidebar":"","neve_meta_container":"","neve_meta_enable_content_width":"","neve_meta_content_width":0,"neve_meta_title_alignment":"","neve_meta_author_avatar":"","neve_post_elements_order":"","neve_meta_disable_header":"","neve_meta_disable_footer":"","neve_meta_disable_title":"","footnotes":""},"class_list":["post-3548","page","type-page","status-publish","has-post-thumbnail","hentry"],"uagb_featured_image_src":{"full":["https:\/\/ecavix.com\/wp-content\/uploads\/2025\/09\/pexels-photo-9875439-9875439-scaled.jpg",2560,1920,false],"thumbnail":["https:\/\/ecavix.com\/wp-content\/uploads\/2025\/09\/pexels-photo-9875439-9875439-150x150.jpg",150,150,true],"medium":["https:\/\/ecavix.com\/wp-content\/uploads\/2025\/09\/pexels-photo-9875439-9875439-300x225.jpg",300,225,true],"medium_large":["https:\/\/ecavix.com\/wp-content\/uploads\/2025\/09\/pexels-photo-9875439-9875439-768x576.jpg",768,576,true],"large":["https:\/\/ecavix.com\/wp-content\/uploads\/2025\/09\/pexels-photo-9875439-9875439-1024x768.jpg",1024,768,true],"1536x1536":["https:\/\/ecavix.com\/wp-content\/uploads\/2025\/09\/pexels-photo-9875439-9875439-1536x1152.jpg",1536,1152,true],"2048x2048":["https:\/\/ecavix.com\/wp-content\/uploads\/2025\/09\/pexels-photo-9875439-9875439-2048x1536.jpg",2048,1536,true],"trp-custom-language-flag":["https:\/\/ecavix.com\/wp-content\/uploads\/2025\/09\/pexels-photo-9875439-9875439-scaled.jpg",16,12,false],"neve-blog":["https:\/\/ecavix.com\/wp-content\/uploads\/2025\/09\/pexels-photo-9875439-9875439-930x620.jpg",930,620,true],"woocommerce_thumbnail":["https:\/\/ecavix.com\/wp-content\/uploads\/2025\/09\/pexels-photo-9875439-9875439-300x300.jpg",300,300,true],"woocommerce_single":["https:\/\/ecavix.com\/wp-content\/uploads\/2025\/09\/pexels-photo-9875439-9875439-600x450.jpg",600,450,true],"woocommerce_gallery_thumbnail":["https:\/\/ecavix.com\/wp-content\/uploads\/2025\/09\/pexels-photo-9875439-9875439-100x100.jpg",100,100,true]},"uagb_author_info":{"display_name":"solvitaenergylimited@gmail.com","author_link":"https:\/\/ecavix.com\/de\/author\/solvitaenergylimitedgmail-com\/"},"uagb_comment_info":0,"uagb_excerpt":"Introduction Solar energy is becoming one of the fastest-growing renewable power sources in the world. As more homeowners, businesses, and off-grid users invest in solar panels, the question often arises: which solar battery is the best? Choosing the right solar battery can be challenging because there are several types available, each with its pros and&hellip;&nbsp;Which&hellip;","_links":{"self":[{"href":"https:\/\/ecavix.com\/de\/wp-json\/wp\/v2\/pages\/3548","targetHints":{"allow":["GET"]}}],"collection":[{"href":"https:\/\/ecavix.com\/de\/wp-json\/wp\/v2\/pages"}],"about":[{"href":"https:\/\/ecavix.com\/de\/wp-json\/wp\/v2\/types\/page"}],"author":[{"embeddable":true,"href":"https:\/\/ecavix.com\/de\/wp-json\/wp\/v2\/users\/1"}],"replies":[{"embeddable":true,"href":"https:\/\/ecavix.com\/de\/wp-json\/wp\/v2\/comments?post=3548"}],"version-history":[{"count":0,"href":"https:\/\/ecavix.com\/de\/wp-json\/wp\/v2\/pages\/3548\/revisions"}],"wp:featuredmedia":[{"embeddable":true,"href":"https:\/\/ecavix.com\/de\/wp-json\/wp\/v2\/media\/3551"}],"wp:attachment":[{"href":"https:\/\/ecavix.com\/de\/wp-json\/wp\/v2\/media?parent=3548"}],"curies":[{"name":"wp","href":"https:\/\/api.w.org\/{rel}","templated":true}]}}